{"id":545,"date":"2023-03-08T15:08:58","date_gmt":"2023-03-08T13:08:58","guid":{"rendered":"https:\/\/xlg-heattransfer.com\/carcasa-y-tubos-beu\/"},"modified":"2024-10-14T12:02:18","modified_gmt":"2024-10-14T10:02:18","slug":"echangeur-a-tubes-et-calandre-beu","status":"publish","type":"page","link":"https:\/\/xlg-heattransfer.com\/fr\/echangeur-a-tubes-et-calandre-beu\/","title":{"rendered":"\u00c9changeur \u00e0 tubes et calandre BEU"},"content":{"rendered":"<div class=\"page\" title=\"Page 2\">\n<div class=\"layoutArea\">\n<div class=\"column\">\n<p class=\"p1\">\u00c9changeur de chaleur multitubulaire selon la norme TEMA, \u00e0 tubes ondul\u00e9s en \u00ab\u00a0U\u00a0\u00bb, lisses ou autres. Conditions de temp\u00e9rature 350\u00baC et conditions de pression 200 bar (autres sur demande). Fabriqu\u00e9 en acier inoxydable, Duplex, Titane, alliages sp\u00e9ciaux (Hastelloy, Incolloy, Inconel, etc.), acier au carbone et autres m\u00e9taux (sauf le Tantale).<\/p>\n<\/div>\n<\/div>\n<\/div>\n","protected":false},"excerpt":{"rendered":"<p>\u00c9changeur de chaleur multitubulaire selon la norme TEMA, \u00e0 tubes ondul\u00e9s en \u00ab\u00a0U\u00a0\u00bb, lisses ou autres. Conditions de temp\u00e9rature 350\u00baC &hellip; <a href=\"https:\/\/xlg-heattransfer.com\/fr\/echangeur-a-tubes-et-calandre-beu\/\" class=\"more-link\">Continue reading <span class=\"screen-reader-text\">\u00c9changeur \u00e0 tubes et calandre BEU<\/span><\/a><\/p>\n","protected":false},"author":2,"featured_media":294,"parent":0,"menu_order":13,"comment_status":"closed","ping_status":"closed","template":"page-product.php","meta":{"footnotes":""},"class_list":["post-545","page","type-page","status-publish","has-post-thumbnail","hentry"],"acf":[],"yoast_head":"<!-- This site is optimized with the Yoast SEO plugin v26.8 - https:\/\/yoast.com\/product\/yoast-seo-wordpress\/ -->\n<title>\u00c9changeur \u00e0 tubes et calandre BEU - XLG Heat Transfer<\/title>\n<meta name=\"description\" content=\"\u00c9changeur de chaleur \u00e0 g\u00e9om\u00e9trie multitubulaire selon la norme TEMA BEU, avec tubes en \u00ab U \u00bb ondul\u00e9s et lisses ou autres profils.\" \/>\n<meta name=\"robots\" content=\"index, follow, max-snippet:-1, max-image-preview:large, max-video-preview:-1\" \/>\n<link rel=\"canonical\" href=\"https:\/\/xlg-heattransfer.com\/fr\/echangeur-a-tubes-et-calandre-beu\/\" \/>\n<meta property=\"og:locale\" content=\"fr_FR\" \/>\n<meta property=\"og:type\" content=\"article\" \/>\n<meta property=\"og:title\" content=\"\u00c9changeur \u00e0 tubes et calandre BEU - XLG Heat Transfer\" \/>\n<meta property=\"og:description\" content=\"\u00c9changeur de chaleur \u00e0 g\u00e9om\u00e9trie multitubulaire selon la norme TEMA BEU, avec tubes en \u00ab U \u00bb ondul\u00e9s et lisses ou autres profils.\" \/>\n<meta property=\"og:url\" content=\"https:\/\/xlg-heattransfer.com\/fr\/echangeur-a-tubes-et-calandre-beu\/\" \/>\n<meta property=\"og:site_name\" content=\"XLG Heat Transfer\" \/>\n<meta property=\"article:modified_time\" content=\"2024-10-14T10:02:18+00:00\" \/>\n<meta property=\"og:image\" content=\"https:\/\/xlg-heattransfer.com\/wp-content\/uploads\/2022\/10\/BEU_Exterior.png\" \/>\n\t<meta property=\"og:image:width\" content=\"893\" \/>\n\t<meta property=\"og:image:height\" content=\"900\" \/>\n\t<meta property=\"og:image:type\" content=\"image\/png\" \/>\n<meta name=\"twitter:card\" content=\"summary_large_image\" \/>\n<meta name=\"twitter:label1\" content=\"Dur\u00e9e de lecture estim\u00e9e\" \/>\n\t<meta name=\"twitter:data1\" content=\"1 minute\" \/>\n<script type=\"application\/ld+json\" class=\"yoast-schema-graph\">{\"@context\":\"https:\/\/schema.org\",\"@graph\":[{\"@type\":\"WebPage\",\"@id\":\"https:\/\/xlg-heattransfer.com\/fr\/echangeur-a-tubes-et-calandre-beu\/\",\"url\":\"https:\/\/xlg-heattransfer.com\/fr\/echangeur-a-tubes-et-calandre-beu\/\",\"name\":\"\u00c9changeur \u00e0 tubes et calandre BEU - XLG Heat Transfer\",\"isPartOf\":{\"@id\":\"https:\/\/xlg-heattransfer.com\/fr\/#website\"},\"primaryImageOfPage\":{\"@id\":\"https:\/\/xlg-heattransfer.com\/fr\/echangeur-a-tubes-et-calandre-beu\/#primaryimage\"},\"image\":{\"@id\":\"https:\/\/xlg-heattransfer.com\/fr\/echangeur-a-tubes-et-calandre-beu\/#primaryimage\"},\"thumbnailUrl\":\"https:\/\/xlg-heattransfer.com\/wp-content\/uploads\/2022\/10\/BEU_Exterior.png\",\"datePublished\":\"2023-03-08T13:08:58+00:00\",\"dateModified\":\"2024-10-14T10:02:18+00:00\",\"description\":\"\u00c9changeur de chaleur \u00e0 g\u00e9om\u00e9trie multitubulaire selon la norme TEMA BEU, avec tubes en \u00ab U \u00bb ondul\u00e9s et lisses ou autres profils.\",\"breadcrumb\":{\"@id\":\"https:\/\/xlg-heattransfer.com\/fr\/echangeur-a-tubes-et-calandre-beu\/#breadcrumb\"},\"inLanguage\":\"fr-FR\",\"potentialAction\":[{\"@type\":\"ReadAction\",\"target\":[\"https:\/\/xlg-heattransfer.com\/fr\/echangeur-a-tubes-et-calandre-beu\/\"]}]},{\"@type\":\"ImageObject\",\"inLanguage\":\"fr-FR\",\"@id\":\"https:\/\/xlg-heattransfer.com\/fr\/echangeur-a-tubes-et-calandre-beu\/#primaryimage\",\"url\":\"https:\/\/xlg-heattransfer.com\/wp-content\/uploads\/2022\/10\/BEU_Exterior.png\",\"contentUrl\":\"https:\/\/xlg-heattransfer.com\/wp-content\/uploads\/2022\/10\/BEU_Exterior.png\",\"width\":893,\"height\":900,\"caption\":\"BEU Shell and Tubes Heat Exchanger\"},{\"@type\":\"BreadcrumbList\",\"@id\":\"https:\/\/xlg-heattransfer.com\/fr\/echangeur-a-tubes-et-calandre-beu\/#breadcrumb\",\"itemListElement\":[{\"@type\":\"ListItem\",\"position\":1,\"name\":\"Home\",\"item\":\"https:\/\/xlg-heattransfer.com\/fr\/\"},{\"@type\":\"ListItem\",\"position\":2,\"name\":\"\u00c9changeur \u00e0 tubes et calandre BEU\"}]},{\"@type\":\"WebSite\",\"@id\":\"https:\/\/xlg-heattransfer.com\/fr\/#website\",\"url\":\"https:\/\/xlg-heattransfer.com\/fr\/\",\"name\":\"XLG Heat Transfer\",\"description\":\"\",\"publisher\":{\"@id\":\"https:\/\/xlg-heattransfer.com\/fr\/#organization\"},\"potentialAction\":[{\"@type\":\"SearchAction\",\"target\":{\"@type\":\"EntryPoint\",\"urlTemplate\":\"https:\/\/xlg-heattransfer.com\/fr\/?s={search_term_string}\"},\"query-input\":{\"@type\":\"PropertyValueSpecification\",\"valueRequired\":true,\"valueName\":\"search_term_string\"}}],\"inLanguage\":\"fr-FR\"},{\"@type\":\"Organization\",\"@id\":\"https:\/\/xlg-heattransfer.com\/fr\/#organization\",\"name\":\"XLG Heat Transfer\",\"url\":\"https:\/\/xlg-heattransfer.com\/fr\/\",\"logo\":{\"@type\":\"ImageObject\",\"inLanguage\":\"fr-FR\",\"@id\":\"https:\/\/xlg-heattransfer.com\/fr\/#\/schema\/logo\/image\/\",\"url\":\"https:\/\/xlg-heattransfer.com\/wp-content\/uploads\/2024\/06\/XLG-logo.png\",\"contentUrl\":\"https:\/\/xlg-heattransfer.com\/wp-content\/uploads\/2024\/06\/XLG-logo.png\",\"width\":945,\"height\":280,\"caption\":\"XLG Heat Transfer\"},\"image\":{\"@id\":\"https:\/\/xlg-heattransfer.com\/fr\/#\/schema\/logo\/image\/\"}}]}<\/script>\n<!-- \/ Yoast SEO plugin. -->","yoast_head_json":{"title":"\u00c9changeur \u00e0 tubes et calandre BEU - XLG Heat Transfer","description":"\u00c9changeur de chaleur \u00e0 g\u00e9om\u00e9trie multitubulaire selon la norme TEMA BEU, avec tubes en \u00ab U \u00bb ondul\u00e9s et lisses ou autres profils.","robots":{"index":"index","follow":"follow","max-snippet":"max-snippet:-1","max-image-preview":"max-image-preview:large","max-video-preview":"max-video-preview:-1"},"canonical":"https:\/\/xlg-heattransfer.com\/fr\/echangeur-a-tubes-et-calandre-beu\/","og_locale":"fr_FR","og_type":"article","og_title":"\u00c9changeur \u00e0 tubes et calandre BEU - XLG Heat Transfer","og_description":"\u00c9changeur de chaleur \u00e0 g\u00e9om\u00e9trie multitubulaire selon la norme TEMA BEU, avec tubes en \u00ab U \u00bb ondul\u00e9s et lisses ou autres profils.","og_url":"https:\/\/xlg-heattransfer.com\/fr\/echangeur-a-tubes-et-calandre-beu\/","og_site_name":"XLG Heat Transfer","article_modified_time":"2024-10-14T10:02:18+00:00","og_image":[{"width":893,"height":900,"url":"https:\/\/xlg-heattransfer.com\/wp-content\/uploads\/2022\/10\/BEU_Exterior.png","type":"image\/png"}],"twitter_card":"summary_large_image","twitter_misc":{"Dur\u00e9e de lecture estim\u00e9e":"1 minute"},"schema":{"@context":"https:\/\/schema.org","@graph":[{"@type":"WebPage","@id":"https:\/\/xlg-heattransfer.com\/fr\/echangeur-a-tubes-et-calandre-beu\/","url":"https:\/\/xlg-heattransfer.com\/fr\/echangeur-a-tubes-et-calandre-beu\/","name":"\u00c9changeur \u00e0 tubes et calandre BEU - XLG Heat Transfer","isPartOf":{"@id":"https:\/\/xlg-heattransfer.com\/fr\/#website"},"primaryImageOfPage":{"@id":"https:\/\/xlg-heattransfer.com\/fr\/echangeur-a-tubes-et-calandre-beu\/#primaryimage"},"image":{"@id":"https:\/\/xlg-heattransfer.com\/fr\/echangeur-a-tubes-et-calandre-beu\/#primaryimage"},"thumbnailUrl":"https:\/\/xlg-heattransfer.com\/wp-content\/uploads\/2022\/10\/BEU_Exterior.png","datePublished":"2023-03-08T13:08:58+00:00","dateModified":"2024-10-14T10:02:18+00:00","description":"\u00c9changeur de chaleur \u00e0 g\u00e9om\u00e9trie multitubulaire selon la norme TEMA BEU, avec tubes en \u00ab U \u00bb ondul\u00e9s et lisses ou autres profils.","breadcrumb":{"@id":"https:\/\/xlg-heattransfer.com\/fr\/echangeur-a-tubes-et-calandre-beu\/#breadcrumb"},"inLanguage":"fr-FR","potentialAction":[{"@type":"ReadAction","target":["https:\/\/xlg-heattransfer.com\/fr\/echangeur-a-tubes-et-calandre-beu\/"]}]},{"@type":"ImageObject","inLanguage":"fr-FR","@id":"https:\/\/xlg-heattransfer.com\/fr\/echangeur-a-tubes-et-calandre-beu\/#primaryimage","url":"https:\/\/xlg-heattransfer.com\/wp-content\/uploads\/2022\/10\/BEU_Exterior.png","contentUrl":"https:\/\/xlg-heattransfer.com\/wp-content\/uploads\/2022\/10\/BEU_Exterior.png","width":893,"height":900,"caption":"BEU Shell and Tubes Heat Exchanger"},{"@type":"BreadcrumbList","@id":"https:\/\/xlg-heattransfer.com\/fr\/echangeur-a-tubes-et-calandre-beu\/#breadcrumb","itemListElement":[{"@type":"ListItem","position":1,"name":"Home","item":"https:\/\/xlg-heattransfer.com\/fr\/"},{"@type":"ListItem","position":2,"name":"\u00c9changeur \u00e0 tubes et calandre BEU"}]},{"@type":"WebSite","@id":"https:\/\/xlg-heattransfer.com\/fr\/#website","url":"https:\/\/xlg-heattransfer.com\/fr\/","name":"XLG Heat Transfer","description":"","publisher":{"@id":"https:\/\/xlg-heattransfer.com\/fr\/#organization"},"potentialAction":[{"@type":"SearchAction","target":{"@type":"EntryPoint","urlTemplate":"https:\/\/xlg-heattransfer.com\/fr\/?s={search_term_string}"},"query-input":{"@type":"PropertyValueSpecification","valueRequired":true,"valueName":"search_term_string"}}],"inLanguage":"fr-FR"},{"@type":"Organization","@id":"https:\/\/xlg-heattransfer.com\/fr\/#organization","name":"XLG Heat Transfer","url":"https:\/\/xlg-heattransfer.com\/fr\/","logo":{"@type":"ImageObject","inLanguage":"fr-FR","@id":"https:\/\/xlg-heattransfer.com\/fr\/#\/schema\/logo\/image\/","url":"https:\/\/xlg-heattransfer.com\/wp-content\/uploads\/2024\/06\/XLG-logo.png","contentUrl":"https:\/\/xlg-heattransfer.com\/wp-content\/uploads\/2024\/06\/XLG-logo.png","width":945,"height":280,"caption":"XLG Heat Transfer"},"image":{"@id":"https:\/\/xlg-heattransfer.com\/fr\/#\/schema\/logo\/image\/"}}]}},"_links":{"self":[{"href":"https:\/\/xlg-heattransfer.com\/fr\/wp-json\/wp\/v2\/pages\/545","targetHints":{"allow":["GET"]}}],"collection":[{"href":"https:\/\/xlg-heattransfer.com\/fr\/wp-json\/wp\/v2\/pages"}],"about":[{"href":"https:\/\/xlg-heattransfer.com\/fr\/wp-json\/wp\/v2\/types\/page"}],"author":[{"embeddable":true,"href":"https:\/\/xlg-heattransfer.com\/fr\/wp-json\/wp\/v2\/users\/2"}],"replies":[{"embeddable":true,"href":"https:\/\/xlg-heattransfer.com\/fr\/wp-json\/wp\/v2\/comments?post=545"}],"version-history":[{"count":2,"href":"https:\/\/xlg-heattransfer.com\/fr\/wp-json\/wp\/v2\/pages\/545\/revisions"}],"predecessor-version":[{"id":1357,"href":"https:\/\/xlg-heattransfer.com\/fr\/wp-json\/wp\/v2\/pages\/545\/revisions\/1357"}],"wp:featuredmedia":[{"embeddable":true,"href":"https:\/\/xlg-heattransfer.com\/fr\/wp-json\/wp\/v2\/media\/294"}],"wp:attachment":[{"href":"https:\/\/xlg-heattransfer.com\/fr\/wp-json\/wp\/v2\/media?parent=545"}],"curies":[{"name":"wp","href":"https:\/\/api.w.org\/{rel}","templated":true}]}}