{"id":474,"date":"2022-10-24T11:11:40","date_gmt":"2022-10-24T09:11:40","guid":{"rendered":"https:\/\/xlg-heattransfer.com\/gama-industrial\/"},"modified":"2024-10-18T11:29:37","modified_gmt":"2024-10-18T09:29:37","slug":"gamme-industrielle","status":"publish","type":"page","link":"https:\/\/xlg-heattransfer.com\/fr\/gamme-industrielle\/","title":{"rendered":"Gamme industrielle"},"content":{"rendered":"<p class=\"p1\">Nous fabriquons des \u00e9changeurs de chaleur \u00e0 calandre et \u00e0 tubes conform\u00e9ment aux normes TEMA (Tubular Exchangers Manufacturers Association), ainsi que des \u00e9changeurs de chaleur monotubes, \u00e0 \u00e9pingle \u00e0 cheveux, \u00e0 serpentin et \u00e0 double paroi. Des tubes de transfert de chaleur am\u00e9lior\u00e9s (ondul\u00e9s, alv\u00e9ol\u00e9s, torsad\u00e9s) et des tubes lisses sont utilis\u00e9s en fonction des caract\u00e9ristiques du fluide. \u00c9tant de type tubulaire, ils peuvent r\u00e9sister \u00e0 des conditions de temp\u00e9rature et de pression \u00e9lev\u00e9es et sont fabriqu\u00e9s dans tous les mat\u00e9riaux tels que : aciers inoxydables aust\u00e9nitiques, duplex, aciers r\u00e9sistants aux hautes temp\u00e9ratures, superaust\u00e9nitiques, alliages exotiques (Inconel, Incolloy, Monel, Hastelloy), alliages de titane (grades 1, 2, 3, 4, 7 et 11), coppernickel Cu\/Ni 90\/10 et 70\/30, laiton Admiralty, cuivre et acier au carbone.<\/p>\n","protected":false},"excerpt":{"rendered":"<p>Nous fabriquons des \u00e9changeurs de chaleur \u00e0 calandre et \u00e0 tubes conform\u00e9ment aux normes TEMA (Tubular Exchangers Manufacturers Association), ainsi &hellip; <a href=\"https:\/\/xlg-heattransfer.com\/fr\/gamme-industrielle\/\" class=\"more-link\">Continue reading <span class=\"screen-reader-text\">Gamme industrielle<\/span><\/a><\/p>\n","protected":false},"author":2,"featured_media":0,"parent":0,"menu_order":23,"comment_status":"closed","ping_status":"closed","template":"page-gama.php","meta":{"footnotes":""},"class_list":["post-474","page","type-page","status-publish","hentry"],"acf":[],"yoast_head":"<!-- This site is optimized with the Yoast SEO plugin v26.8 - https:\/\/yoast.com\/product\/yoast-seo-wordpress\/ -->\n<title>Gamme industrielle - XLG Heat Transfer<\/title>\n<meta name=\"description\" content=\"\u00c9changeurs \u00e0 calandre et \u00e0 tubes conform\u00e9ment aux normes TEMA, ainsi que des monotube, \u00e0 \u00e9pingle \u00e0 cheveux, \u00e0 bobine et \u00e0 double paroi.\" \/>\n<meta name=\"robots\" content=\"index, follow, max-snippet:-1, max-image-preview:large, max-video-preview:-1\" \/>\n<link rel=\"canonical\" href=\"https:\/\/xlg-heattransfer.com\/fr\/gamme-industrielle\/\" \/>\n<meta property=\"og:locale\" content=\"fr_FR\" \/>\n<meta property=\"og:type\" content=\"article\" \/>\n<meta property=\"og:title\" content=\"Gamme industrielle - XLG Heat Transfer\" \/>\n<meta property=\"og:description\" content=\"\u00c9changeurs \u00e0 calandre et \u00e0 tubes conform\u00e9ment aux normes TEMA, ainsi que des monotube, \u00e0 \u00e9pingle \u00e0 cheveux, \u00e0 bobine et \u00e0 double paroi.\" \/>\n<meta property=\"og:url\" content=\"https:\/\/xlg-heattransfer.com\/fr\/gamme-industrielle\/\" \/>\n<meta property=\"og:site_name\" content=\"XLG Heat Transfer\" \/>\n<meta property=\"article:modified_time\" content=\"2024-10-18T09:29:37+00:00\" \/>\n<meta name=\"twitter:card\" content=\"summary_large_image\" \/>\n<meta name=\"twitter:label1\" content=\"Dur\u00e9e de lecture estim\u00e9e\" \/>\n\t<meta name=\"twitter:data1\" content=\"1 minute\" \/>\n<script type=\"application\/ld+json\" class=\"yoast-schema-graph\">{\"@context\":\"https:\/\/schema.org\",\"@graph\":[{\"@type\":\"WebPage\",\"@id\":\"https:\/\/xlg-heattransfer.com\/fr\/gamme-industrielle\/\",\"url\":\"https:\/\/xlg-heattransfer.com\/fr\/gamme-industrielle\/\",\"name\":\"Gamme industrielle - XLG Heat Transfer\",\"isPartOf\":{\"@id\":\"https:\/\/xlg-heattransfer.com\/fr\/#website\"},\"datePublished\":\"2022-10-24T09:11:40+00:00\",\"dateModified\":\"2024-10-18T09:29:37+00:00\",\"description\":\"\u00c9changeurs \u00e0 calandre et \u00e0 tubes conform\u00e9ment aux normes TEMA, ainsi que des monotube, \u00e0 \u00e9pingle \u00e0 cheveux, \u00e0 bobine et \u00e0 double paroi.\",\"breadcrumb\":{\"@id\":\"https:\/\/xlg-heattransfer.com\/fr\/gamme-industrielle\/#breadcrumb\"},\"inLanguage\":\"fr-FR\",\"potentialAction\":[{\"@type\":\"ReadAction\",\"target\":[\"https:\/\/xlg-heattransfer.com\/fr\/gamme-industrielle\/\"]}]},{\"@type\":\"BreadcrumbList\",\"@id\":\"https:\/\/xlg-heattransfer.com\/fr\/gamme-industrielle\/#breadcrumb\",\"itemListElement\":[{\"@type\":\"ListItem\",\"position\":1,\"name\":\"Home\",\"item\":\"https:\/\/xlg-heattransfer.com\/fr\/\"},{\"@type\":\"ListItem\",\"position\":2,\"name\":\"Gamme industrielle\"}]},{\"@type\":\"WebSite\",\"@id\":\"https:\/\/xlg-heattransfer.com\/fr\/#website\",\"url\":\"https:\/\/xlg-heattransfer.com\/fr\/\",\"name\":\"XLG Heat Transfer\",\"description\":\"\",\"publisher\":{\"@id\":\"https:\/\/xlg-heattransfer.com\/fr\/#organization\"},\"potentialAction\":[{\"@type\":\"SearchAction\",\"target\":{\"@type\":\"EntryPoint\",\"urlTemplate\":\"https:\/\/xlg-heattransfer.com\/fr\/?s={search_term_string}\"},\"query-input\":{\"@type\":\"PropertyValueSpecification\",\"valueRequired\":true,\"valueName\":\"search_term_string\"}}],\"inLanguage\":\"fr-FR\"},{\"@type\":\"Organization\",\"@id\":\"https:\/\/xlg-heattransfer.com\/fr\/#organization\",\"name\":\"XLG Heat Transfer\",\"url\":\"https:\/\/xlg-heattransfer.com\/fr\/\",\"logo\":{\"@type\":\"ImageObject\",\"inLanguage\":\"fr-FR\",\"@id\":\"https:\/\/xlg-heattransfer.com\/fr\/#\/schema\/logo\/image\/\",\"url\":\"https:\/\/xlg-heattransfer.com\/wp-content\/uploads\/2024\/06\/XLG-logo.png\",\"contentUrl\":\"https:\/\/xlg-heattransfer.com\/wp-content\/uploads\/2024\/06\/XLG-logo.png\",\"width\":945,\"height\":280,\"caption\":\"XLG Heat Transfer\"},\"image\":{\"@id\":\"https:\/\/xlg-heattransfer.com\/fr\/#\/schema\/logo\/image\/\"}}]}<\/script>\n<!-- \/ Yoast SEO plugin. -->","yoast_head_json":{"title":"Gamme industrielle - XLG Heat Transfer","description":"\u00c9changeurs \u00e0 calandre et \u00e0 tubes conform\u00e9ment aux normes TEMA, ainsi que des monotube, \u00e0 \u00e9pingle \u00e0 cheveux, \u00e0 bobine et \u00e0 double paroi.","robots":{"index":"index","follow":"follow","max-snippet":"max-snippet:-1","max-image-preview":"max-image-preview:large","max-video-preview":"max-video-preview:-1"},"canonical":"https:\/\/xlg-heattransfer.com\/fr\/gamme-industrielle\/","og_locale":"fr_FR","og_type":"article","og_title":"Gamme industrielle - XLG Heat Transfer","og_description":"\u00c9changeurs \u00e0 calandre et \u00e0 tubes conform\u00e9ment aux normes TEMA, ainsi que des monotube, \u00e0 \u00e9pingle \u00e0 cheveux, \u00e0 bobine et \u00e0 double paroi.","og_url":"https:\/\/xlg-heattransfer.com\/fr\/gamme-industrielle\/","og_site_name":"XLG Heat Transfer","article_modified_time":"2024-10-18T09:29:37+00:00","twitter_card":"summary_large_image","twitter_misc":{"Dur\u00e9e de lecture estim\u00e9e":"1 minute"},"schema":{"@context":"https:\/\/schema.org","@graph":[{"@type":"WebPage","@id":"https:\/\/xlg-heattransfer.com\/fr\/gamme-industrielle\/","url":"https:\/\/xlg-heattransfer.com\/fr\/gamme-industrielle\/","name":"Gamme industrielle - XLG Heat Transfer","isPartOf":{"@id":"https:\/\/xlg-heattransfer.com\/fr\/#website"},"datePublished":"2022-10-24T09:11:40+00:00","dateModified":"2024-10-18T09:29:37+00:00","description":"\u00c9changeurs \u00e0 calandre et \u00e0 tubes conform\u00e9ment aux normes TEMA, ainsi que des monotube, \u00e0 \u00e9pingle \u00e0 cheveux, \u00e0 bobine et \u00e0 double paroi.","breadcrumb":{"@id":"https:\/\/xlg-heattransfer.com\/fr\/gamme-industrielle\/#breadcrumb"},"inLanguage":"fr-FR","potentialAction":[{"@type":"ReadAction","target":["https:\/\/xlg-heattransfer.com\/fr\/gamme-industrielle\/"]}]},{"@type":"BreadcrumbList","@id":"https:\/\/xlg-heattransfer.com\/fr\/gamme-industrielle\/#breadcrumb","itemListElement":[{"@type":"ListItem","position":1,"name":"Home","item":"https:\/\/xlg-heattransfer.com\/fr\/"},{"@type":"ListItem","position":2,"name":"Gamme industrielle"}]},{"@type":"WebSite","@id":"https:\/\/xlg-heattransfer.com\/fr\/#website","url":"https:\/\/xlg-heattransfer.com\/fr\/","name":"XLG Heat Transfer","description":"","publisher":{"@id":"https:\/\/xlg-heattransfer.com\/fr\/#organization"},"potentialAction":[{"@type":"SearchAction","target":{"@type":"EntryPoint","urlTemplate":"https:\/\/xlg-heattransfer.com\/fr\/?s={search_term_string}"},"query-input":{"@type":"PropertyValueSpecification","valueRequired":true,"valueName":"search_term_string"}}],"inLanguage":"fr-FR"},{"@type":"Organization","@id":"https:\/\/xlg-heattransfer.com\/fr\/#organization","name":"XLG Heat Transfer","url":"https:\/\/xlg-heattransfer.com\/fr\/","logo":{"@type":"ImageObject","inLanguage":"fr-FR","@id":"https:\/\/xlg-heattransfer.com\/fr\/#\/schema\/logo\/image\/","url":"https:\/\/xlg-heattransfer.com\/wp-content\/uploads\/2024\/06\/XLG-logo.png","contentUrl":"https:\/\/xlg-heattransfer.com\/wp-content\/uploads\/2024\/06\/XLG-logo.png","width":945,"height":280,"caption":"XLG Heat Transfer"},"image":{"@id":"https:\/\/xlg-heattransfer.com\/fr\/#\/schema\/logo\/image\/"}}]}},"_links":{"self":[{"href":"https:\/\/xlg-heattransfer.com\/fr\/wp-json\/wp\/v2\/pages\/474","targetHints":{"allow":["GET"]}}],"collection":[{"href":"https:\/\/xlg-heattransfer.com\/fr\/wp-json\/wp\/v2\/pages"}],"about":[{"href":"https:\/\/xlg-heattransfer.com\/fr\/wp-json\/wp\/v2\/types\/page"}],"author":[{"embeddable":true,"href":"https:\/\/xlg-heattransfer.com\/fr\/wp-json\/wp\/v2\/users\/2"}],"replies":[{"embeddable":true,"href":"https:\/\/xlg-heattransfer.com\/fr\/wp-json\/wp\/v2\/comments?post=474"}],"version-history":[{"count":6,"href":"https:\/\/xlg-heattransfer.com\/fr\/wp-json\/wp\/v2\/pages\/474\/revisions"}],"predecessor-version":[{"id":1465,"href":"https:\/\/xlg-heattransfer.com\/fr\/wp-json\/wp\/v2\/pages\/474\/revisions\/1465"}],"wp:attachment":[{"href":"https:\/\/xlg-heattransfer.com\/fr\/wp-json\/wp\/v2\/media?parent=474"}],"curies":[{"name":"wp","href":"https:\/\/api.w.org\/{rel}","templated":true}]}}