{"id":471,"date":"2022-10-24T11:17:26","date_gmt":"2022-10-24T09:17:26","guid":{"rendered":"https:\/\/xlg-heattransfer.com\/hygienic-line\/"},"modified":"2024-10-18T10:39:15","modified_gmt":"2024-10-18T08:39:15","slug":"ligne-hygienique-et-sanitaire","status":"publish","type":"page","link":"https:\/\/xlg-heattransfer.com\/fr\/ligne-hygienique-et-sanitaire\/","title":{"rendered":"Ligne hygi\u00e9nique et sanitaire"},"content":{"rendered":"<p class=\"p1\">Nous sommes fabricants d&rsquo;\u00e9changeurs de chaleur tubulaires ondul\u00e9s sp\u00e9cialement con\u00e7us pour les applications hygi\u00e9niques dans les industries alimentaires, pharmaceutiques, cosm\u00e9tiques, etc.<\/p>\n","protected":false},"excerpt":{"rendered":"<p>Nous sommes fabricants d&rsquo;\u00e9changeurs de chaleur tubulaires ondul\u00e9s sp\u00e9cialement con\u00e7us pour les applications hygi\u00e9niques dans les industries alimentaires, pharmaceutiques, cosm\u00e9tiques, &hellip; <a href=\"https:\/\/xlg-heattransfer.com\/fr\/ligne-hygienique-et-sanitaire\/\" class=\"more-link\">Continue reading <span class=\"screen-reader-text\">Ligne hygi\u00e9nique et sanitaire<\/span><\/a><\/p>\n","protected":false},"author":2,"featured_media":0,"parent":0,"menu_order":22,"comment_status":"closed","ping_status":"closed","template":"page-gama.php","meta":{"footnotes":""},"class_list":["post-471","page","type-page","status-publish","hentry"],"acf":[],"yoast_head":"<!-- This site is optimized with the Yoast SEO plugin v26.8 - https:\/\/yoast.com\/product\/yoast-seo-wordpress\/ -->\n<title>Ligne hygi\u00e9nique et sanitaire - XLG Heat Transfer<\/title>\n<meta name=\"description\" content=\"\u00c9changeurs de chaleur sp\u00e9cialement con\u00e7us pour les applications hygi\u00e9niques dans les industries alimentaires, pharmaceutiques, cosm\u00e9tiques.\" \/>\n<meta name=\"robots\" content=\"index, follow, max-snippet:-1, max-image-preview:large, max-video-preview:-1\" \/>\n<link rel=\"canonical\" href=\"https:\/\/xlg-heattransfer.com\/fr\/ligne-hygienique-et-sanitaire\/\" \/>\n<meta property=\"og:locale\" content=\"fr_FR\" \/>\n<meta property=\"og:type\" content=\"article\" \/>\n<meta property=\"og:title\" content=\"Ligne hygi\u00e9nique et sanitaire - XLG Heat Transfer\" \/>\n<meta property=\"og:description\" content=\"\u00c9changeurs de chaleur sp\u00e9cialement con\u00e7us pour les applications hygi\u00e9niques dans les industries alimentaires, pharmaceutiques, cosm\u00e9tiques.\" \/>\n<meta property=\"og:url\" content=\"https:\/\/xlg-heattransfer.com\/fr\/ligne-hygienique-et-sanitaire\/\" \/>\n<meta property=\"og:site_name\" content=\"XLG Heat Transfer\" \/>\n<meta property=\"article:modified_time\" content=\"2024-10-18T08:39:15+00:00\" \/>\n<meta name=\"twitter:card\" content=\"summary_large_image\" \/>\n<meta name=\"twitter:label1\" content=\"Dur\u00e9e de lecture estim\u00e9e\" \/>\n\t<meta name=\"twitter:data1\" content=\"1 minute\" \/>\n<script type=\"application\/ld+json\" class=\"yoast-schema-graph\">{\"@context\":\"https:\/\/schema.org\",\"@graph\":[{\"@type\":\"WebPage\",\"@id\":\"https:\/\/xlg-heattransfer.com\/fr\/ligne-hygienique-et-sanitaire\/\",\"url\":\"https:\/\/xlg-heattransfer.com\/fr\/ligne-hygienique-et-sanitaire\/\",\"name\":\"Ligne hygi\u00e9nique et sanitaire - XLG Heat Transfer\",\"isPartOf\":{\"@id\":\"https:\/\/xlg-heattransfer.com\/fr\/#website\"},\"datePublished\":\"2022-10-24T09:17:26+00:00\",\"dateModified\":\"2024-10-18T08:39:15+00:00\",\"description\":\"\u00c9changeurs de chaleur sp\u00e9cialement con\u00e7us pour les applications hygi\u00e9niques dans les industries alimentaires, pharmaceutiques, cosm\u00e9tiques.\",\"breadcrumb\":{\"@id\":\"https:\/\/xlg-heattransfer.com\/fr\/ligne-hygienique-et-sanitaire\/#breadcrumb\"},\"inLanguage\":\"fr-FR\",\"potentialAction\":[{\"@type\":\"ReadAction\",\"target\":[\"https:\/\/xlg-heattransfer.com\/fr\/ligne-hygienique-et-sanitaire\/\"]}]},{\"@type\":\"BreadcrumbList\",\"@id\":\"https:\/\/xlg-heattransfer.com\/fr\/ligne-hygienique-et-sanitaire\/#breadcrumb\",\"itemListElement\":[{\"@type\":\"ListItem\",\"position\":1,\"name\":\"Home\",\"item\":\"https:\/\/xlg-heattransfer.com\/fr\/\"},{\"@type\":\"ListItem\",\"position\":2,\"name\":\"Ligne hygi\u00e9nique et sanitaire\"}]},{\"@type\":\"WebSite\",\"@id\":\"https:\/\/xlg-heattransfer.com\/fr\/#website\",\"url\":\"https:\/\/xlg-heattransfer.com\/fr\/\",\"name\":\"XLG Heat Transfer\",\"description\":\"\",\"publisher\":{\"@id\":\"https:\/\/xlg-heattransfer.com\/fr\/#organization\"},\"potentialAction\":[{\"@type\":\"SearchAction\",\"target\":{\"@type\":\"EntryPoint\",\"urlTemplate\":\"https:\/\/xlg-heattransfer.com\/fr\/?s={search_term_string}\"},\"query-input\":{\"@type\":\"PropertyValueSpecification\",\"valueRequired\":true,\"valueName\":\"search_term_string\"}}],\"inLanguage\":\"fr-FR\"},{\"@type\":\"Organization\",\"@id\":\"https:\/\/xlg-heattransfer.com\/fr\/#organization\",\"name\":\"XLG Heat Transfer\",\"url\":\"https:\/\/xlg-heattransfer.com\/fr\/\",\"logo\":{\"@type\":\"ImageObject\",\"inLanguage\":\"fr-FR\",\"@id\":\"https:\/\/xlg-heattransfer.com\/fr\/#\/schema\/logo\/image\/\",\"url\":\"https:\/\/xlg-heattransfer.com\/wp-content\/uploads\/2024\/06\/XLG-logo.png\",\"contentUrl\":\"https:\/\/xlg-heattransfer.com\/wp-content\/uploads\/2024\/06\/XLG-logo.png\",\"width\":945,\"height\":280,\"caption\":\"XLG Heat Transfer\"},\"image\":{\"@id\":\"https:\/\/xlg-heattransfer.com\/fr\/#\/schema\/logo\/image\/\"}}]}<\/script>\n<!-- \/ Yoast SEO plugin. -->","yoast_head_json":{"title":"Ligne hygi\u00e9nique et sanitaire - XLG Heat Transfer","description":"\u00c9changeurs de chaleur sp\u00e9cialement con\u00e7us pour les applications hygi\u00e9niques dans les industries alimentaires, pharmaceutiques, cosm\u00e9tiques.","robots":{"index":"index","follow":"follow","max-snippet":"max-snippet:-1","max-image-preview":"max-image-preview:large","max-video-preview":"max-video-preview:-1"},"canonical":"https:\/\/xlg-heattransfer.com\/fr\/ligne-hygienique-et-sanitaire\/","og_locale":"fr_FR","og_type":"article","og_title":"Ligne hygi\u00e9nique et sanitaire - XLG Heat Transfer","og_description":"\u00c9changeurs de chaleur sp\u00e9cialement con\u00e7us pour les applications hygi\u00e9niques dans les industries alimentaires, pharmaceutiques, cosm\u00e9tiques.","og_url":"https:\/\/xlg-heattransfer.com\/fr\/ligne-hygienique-et-sanitaire\/","og_site_name":"XLG Heat Transfer","article_modified_time":"2024-10-18T08:39:15+00:00","twitter_card":"summary_large_image","twitter_misc":{"Dur\u00e9e de lecture estim\u00e9e":"1 minute"},"schema":{"@context":"https:\/\/schema.org","@graph":[{"@type":"WebPage","@id":"https:\/\/xlg-heattransfer.com\/fr\/ligne-hygienique-et-sanitaire\/","url":"https:\/\/xlg-heattransfer.com\/fr\/ligne-hygienique-et-sanitaire\/","name":"Ligne hygi\u00e9nique et sanitaire - XLG Heat Transfer","isPartOf":{"@id":"https:\/\/xlg-heattransfer.com\/fr\/#website"},"datePublished":"2022-10-24T09:17:26+00:00","dateModified":"2024-10-18T08:39:15+00:00","description":"\u00c9changeurs de chaleur sp\u00e9cialement con\u00e7us pour les applications hygi\u00e9niques dans les industries alimentaires, pharmaceutiques, cosm\u00e9tiques.","breadcrumb":{"@id":"https:\/\/xlg-heattransfer.com\/fr\/ligne-hygienique-et-sanitaire\/#breadcrumb"},"inLanguage":"fr-FR","potentialAction":[{"@type":"ReadAction","target":["https:\/\/xlg-heattransfer.com\/fr\/ligne-hygienique-et-sanitaire\/"]}]},{"@type":"BreadcrumbList","@id":"https:\/\/xlg-heattransfer.com\/fr\/ligne-hygienique-et-sanitaire\/#breadcrumb","itemListElement":[{"@type":"ListItem","position":1,"name":"Home","item":"https:\/\/xlg-heattransfer.com\/fr\/"},{"@type":"ListItem","position":2,"name":"Ligne hygi\u00e9nique et sanitaire"}]},{"@type":"WebSite","@id":"https:\/\/xlg-heattransfer.com\/fr\/#website","url":"https:\/\/xlg-heattransfer.com\/fr\/","name":"XLG Heat Transfer","description":"","publisher":{"@id":"https:\/\/xlg-heattransfer.com\/fr\/#organization"},"potentialAction":[{"@type":"SearchAction","target":{"@type":"EntryPoint","urlTemplate":"https:\/\/xlg-heattransfer.com\/fr\/?s={search_term_string}"},"query-input":{"@type":"PropertyValueSpecification","valueRequired":true,"valueName":"search_term_string"}}],"inLanguage":"fr-FR"},{"@type":"Organization","@id":"https:\/\/xlg-heattransfer.com\/fr\/#organization","name":"XLG Heat Transfer","url":"https:\/\/xlg-heattransfer.com\/fr\/","logo":{"@type":"ImageObject","inLanguage":"fr-FR","@id":"https:\/\/xlg-heattransfer.com\/fr\/#\/schema\/logo\/image\/","url":"https:\/\/xlg-heattransfer.com\/wp-content\/uploads\/2024\/06\/XLG-logo.png","contentUrl":"https:\/\/xlg-heattransfer.com\/wp-content\/uploads\/2024\/06\/XLG-logo.png","width":945,"height":280,"caption":"XLG Heat Transfer"},"image":{"@id":"https:\/\/xlg-heattransfer.com\/fr\/#\/schema\/logo\/image\/"}}]}},"_links":{"self":[{"href":"https:\/\/xlg-heattransfer.com\/fr\/wp-json\/wp\/v2\/pages\/471","targetHints":{"allow":["GET"]}}],"collection":[{"href":"https:\/\/xlg-heattransfer.com\/fr\/wp-json\/wp\/v2\/pages"}],"about":[{"href":"https:\/\/xlg-heattransfer.com\/fr\/wp-json\/wp\/v2\/types\/page"}],"author":[{"embeddable":true,"href":"https:\/\/xlg-heattransfer.com\/fr\/wp-json\/wp\/v2\/users\/2"}],"replies":[{"embeddable":true,"href":"https:\/\/xlg-heattransfer.com\/fr\/wp-json\/wp\/v2\/comments?post=471"}],"version-history":[{"count":3,"href":"https:\/\/xlg-heattransfer.com\/fr\/wp-json\/wp\/v2\/pages\/471\/revisions"}],"predecessor-version":[{"id":1457,"href":"https:\/\/xlg-heattransfer.com\/fr\/wp-json\/wp\/v2\/pages\/471\/revisions\/1457"}],"wp:attachment":[{"href":"https:\/\/xlg-heattransfer.com\/fr\/wp-json\/wp\/v2\/media?parent=471"}],"curies":[{"name":"wp","href":"https:\/\/api.w.org\/{rel}","templated":true}]}}