{"id":457,"date":"2023-01-09T13:49:51","date_gmt":"2023-01-09T11:49:51","guid":{"rendered":"https:\/\/xlg-heattransfer.com\/politica-de-calidad\/"},"modified":"2024-10-21T08:57:57","modified_gmt":"2024-10-21T06:57:57","slug":"politique-qualite","status":"publish","type":"page","link":"https:\/\/xlg-heattransfer.com\/fr\/politique-qualite\/","title":{"rendered":"Politique qualit\u00e9"},"content":{"rendered":"<p class=\"p1\"><span style=\"font-family: helvetica, arial, sans-serif;\">La Direction de XLG HEAT TRANSFER est consciente que la r\u00e9alisation de la Qualit\u00e9, de l&rsquo;Environnement, de la S\u00e9curit\u00e9 et de la Sant\u00e9 dans la gestion de l&rsquo;entreprise est un objectif primordial et son propre engagement, c&rsquo;est pourquoi elle assume la responsabilit\u00e9 de mettre en \u0153uvre et de maintenir le plus haut degr\u00e9 de Qualit\u00e9. , Environnement, S\u00e9curit\u00e9 et Sant\u00e9 dans le produit et dans le service offert dans le cadre de r\u00e9f\u00e9rence des Normes UNE-EN-ISO 9001:2015, UNE-EN-ISO 14001:2015 UNE-EN-ISO 45001\u00a0:2018. Le p\u00e9rim\u00e8tre de l&rsquo;entreprise est :<\/span><\/p>\n","protected":false},"excerpt":{"rendered":"<p>La Direction de XLG HEAT TRANSFER est consciente que la r\u00e9alisation de la Qualit\u00e9, de l&rsquo;Environnement, de la S\u00e9curit\u00e9 et &hellip; <a href=\"https:\/\/xlg-heattransfer.com\/fr\/politique-qualite\/\" class=\"more-link\">Continue reading <span class=\"screen-reader-text\">Politique qualit\u00e9<\/span><\/a><\/p>\n","protected":false},"author":2,"featured_media":0,"parent":0,"menu_order":13,"comment_status":"closed","ping_status":"closed","template":"page-quality.php","meta":{"footnotes":""},"class_list":["post-457","page","type-page","status-publish","hentry"],"acf":[],"yoast_head":"<!-- This site is optimized with the Yoast SEO plugin v26.8 - https:\/\/yoast.com\/product\/yoast-seo-wordpress\/ -->\n<title>Politique qualit\u00e9 - XLG Heat Transfer<\/title>\n<meta name=\"description\" content=\"Notre objectif principal mettre en \u0153uvre et de maintenir le plus haut degr\u00e9 de Qualit\u00e9. , Environnement, S\u00e9curit\u00e9 et Sant\u00e9 dans le produit.\" \/>\n<meta name=\"robots\" content=\"index, follow, max-snippet:-1, max-image-preview:large, max-video-preview:-1\" \/>\n<link rel=\"canonical\" href=\"https:\/\/xlg-heattransfer.com\/fr\/politique-qualite\/\" \/>\n<meta property=\"og:locale\" content=\"fr_FR\" \/>\n<meta property=\"og:type\" content=\"article\" \/>\n<meta property=\"og:title\" content=\"Politique qualit\u00e9 - XLG Heat Transfer\" \/>\n<meta property=\"og:description\" content=\"Notre objectif principal mettre en \u0153uvre et de maintenir le plus haut degr\u00e9 de Qualit\u00e9. , Environnement, S\u00e9curit\u00e9 et Sant\u00e9 dans le produit.\" \/>\n<meta property=\"og:url\" content=\"https:\/\/xlg-heattransfer.com\/fr\/politique-qualite\/\" \/>\n<meta property=\"og:site_name\" content=\"XLG Heat Transfer\" \/>\n<meta property=\"article:modified_time\" content=\"2024-10-21T06:57:57+00:00\" \/>\n<meta name=\"twitter:card\" content=\"summary_large_image\" \/>\n<meta name=\"twitter:label1\" content=\"Dur\u00e9e de lecture estim\u00e9e\" \/>\n\t<meta name=\"twitter:data1\" content=\"1 minute\" \/>\n<script type=\"application\/ld+json\" class=\"yoast-schema-graph\">{\"@context\":\"https:\/\/schema.org\",\"@graph\":[{\"@type\":\"WebPage\",\"@id\":\"https:\/\/xlg-heattransfer.com\/fr\/politique-qualite\/\",\"url\":\"https:\/\/xlg-heattransfer.com\/fr\/politique-qualite\/\",\"name\":\"Politique qualit\u00e9 - XLG Heat Transfer\",\"isPartOf\":{\"@id\":\"https:\/\/xlg-heattransfer.com\/fr\/#website\"},\"datePublished\":\"2023-01-09T11:49:51+00:00\",\"dateModified\":\"2024-10-21T06:57:57+00:00\",\"description\":\"Notre objectif principal mettre en \u0153uvre et de maintenir le plus haut degr\u00e9 de Qualit\u00e9. , Environnement, S\u00e9curit\u00e9 et Sant\u00e9 dans le produit.\",\"breadcrumb\":{\"@id\":\"https:\/\/xlg-heattransfer.com\/fr\/politique-qualite\/#breadcrumb\"},\"inLanguage\":\"fr-FR\",\"potentialAction\":[{\"@type\":\"ReadAction\",\"target\":[\"https:\/\/xlg-heattransfer.com\/fr\/politique-qualite\/\"]}]},{\"@type\":\"BreadcrumbList\",\"@id\":\"https:\/\/xlg-heattransfer.com\/fr\/politique-qualite\/#breadcrumb\",\"itemListElement\":[{\"@type\":\"ListItem\",\"position\":1,\"name\":\"Home\",\"item\":\"https:\/\/xlg-heattransfer.com\/fr\/\"},{\"@type\":\"ListItem\",\"position\":2,\"name\":\"Politique qualit\u00e9\"}]},{\"@type\":\"WebSite\",\"@id\":\"https:\/\/xlg-heattransfer.com\/fr\/#website\",\"url\":\"https:\/\/xlg-heattransfer.com\/fr\/\",\"name\":\"XLG Heat Transfer\",\"description\":\"\",\"publisher\":{\"@id\":\"https:\/\/xlg-heattransfer.com\/fr\/#organization\"},\"potentialAction\":[{\"@type\":\"SearchAction\",\"target\":{\"@type\":\"EntryPoint\",\"urlTemplate\":\"https:\/\/xlg-heattransfer.com\/fr\/?s={search_term_string}\"},\"query-input\":{\"@type\":\"PropertyValueSpecification\",\"valueRequired\":true,\"valueName\":\"search_term_string\"}}],\"inLanguage\":\"fr-FR\"},{\"@type\":\"Organization\",\"@id\":\"https:\/\/xlg-heattransfer.com\/fr\/#organization\",\"name\":\"XLG Heat Transfer\",\"url\":\"https:\/\/xlg-heattransfer.com\/fr\/\",\"logo\":{\"@type\":\"ImageObject\",\"inLanguage\":\"fr-FR\",\"@id\":\"https:\/\/xlg-heattransfer.com\/fr\/#\/schema\/logo\/image\/\",\"url\":\"https:\/\/xlg-heattransfer.com\/wp-content\/uploads\/2024\/06\/XLG-logo.png\",\"contentUrl\":\"https:\/\/xlg-heattransfer.com\/wp-content\/uploads\/2024\/06\/XLG-logo.png\",\"width\":945,\"height\":280,\"caption\":\"XLG Heat Transfer\"},\"image\":{\"@id\":\"https:\/\/xlg-heattransfer.com\/fr\/#\/schema\/logo\/image\/\"}}]}<\/script>\n<!-- \/ Yoast SEO plugin. -->","yoast_head_json":{"title":"Politique qualit\u00e9 - XLG Heat Transfer","description":"Notre objectif principal mettre en \u0153uvre et de maintenir le plus haut degr\u00e9 de Qualit\u00e9. , Environnement, S\u00e9curit\u00e9 et Sant\u00e9 dans le produit.","robots":{"index":"index","follow":"follow","max-snippet":"max-snippet:-1","max-image-preview":"max-image-preview:large","max-video-preview":"max-video-preview:-1"},"canonical":"https:\/\/xlg-heattransfer.com\/fr\/politique-qualite\/","og_locale":"fr_FR","og_type":"article","og_title":"Politique qualit\u00e9 - XLG Heat Transfer","og_description":"Notre objectif principal mettre en \u0153uvre et de maintenir le plus haut degr\u00e9 de Qualit\u00e9. , Environnement, S\u00e9curit\u00e9 et Sant\u00e9 dans le produit.","og_url":"https:\/\/xlg-heattransfer.com\/fr\/politique-qualite\/","og_site_name":"XLG Heat Transfer","article_modified_time":"2024-10-21T06:57:57+00:00","twitter_card":"summary_large_image","twitter_misc":{"Dur\u00e9e de lecture estim\u00e9e":"1 minute"},"schema":{"@context":"https:\/\/schema.org","@graph":[{"@type":"WebPage","@id":"https:\/\/xlg-heattransfer.com\/fr\/politique-qualite\/","url":"https:\/\/xlg-heattransfer.com\/fr\/politique-qualite\/","name":"Politique qualit\u00e9 - XLG Heat Transfer","isPartOf":{"@id":"https:\/\/xlg-heattransfer.com\/fr\/#website"},"datePublished":"2023-01-09T11:49:51+00:00","dateModified":"2024-10-21T06:57:57+00:00","description":"Notre objectif principal mettre en \u0153uvre et de maintenir le plus haut degr\u00e9 de Qualit\u00e9. , Environnement, S\u00e9curit\u00e9 et Sant\u00e9 dans le produit.","breadcrumb":{"@id":"https:\/\/xlg-heattransfer.com\/fr\/politique-qualite\/#breadcrumb"},"inLanguage":"fr-FR","potentialAction":[{"@type":"ReadAction","target":["https:\/\/xlg-heattransfer.com\/fr\/politique-qualite\/"]}]},{"@type":"BreadcrumbList","@id":"https:\/\/xlg-heattransfer.com\/fr\/politique-qualite\/#breadcrumb","itemListElement":[{"@type":"ListItem","position":1,"name":"Home","item":"https:\/\/xlg-heattransfer.com\/fr\/"},{"@type":"ListItem","position":2,"name":"Politique qualit\u00e9"}]},{"@type":"WebSite","@id":"https:\/\/xlg-heattransfer.com\/fr\/#website","url":"https:\/\/xlg-heattransfer.com\/fr\/","name":"XLG Heat Transfer","description":"","publisher":{"@id":"https:\/\/xlg-heattransfer.com\/fr\/#organization"},"potentialAction":[{"@type":"SearchAction","target":{"@type":"EntryPoint","urlTemplate":"https:\/\/xlg-heattransfer.com\/fr\/?s={search_term_string}"},"query-input":{"@type":"PropertyValueSpecification","valueRequired":true,"valueName":"search_term_string"}}],"inLanguage":"fr-FR"},{"@type":"Organization","@id":"https:\/\/xlg-heattransfer.com\/fr\/#organization","name":"XLG Heat Transfer","url":"https:\/\/xlg-heattransfer.com\/fr\/","logo":{"@type":"ImageObject","inLanguage":"fr-FR","@id":"https:\/\/xlg-heattransfer.com\/fr\/#\/schema\/logo\/image\/","url":"https:\/\/xlg-heattransfer.com\/wp-content\/uploads\/2024\/06\/XLG-logo.png","contentUrl":"https:\/\/xlg-heattransfer.com\/wp-content\/uploads\/2024\/06\/XLG-logo.png","width":945,"height":280,"caption":"XLG Heat Transfer"},"image":{"@id":"https:\/\/xlg-heattransfer.com\/fr\/#\/schema\/logo\/image\/"}}]}},"_links":{"self":[{"href":"https:\/\/xlg-heattransfer.com\/fr\/wp-json\/wp\/v2\/pages\/457","targetHints":{"allow":["GET"]}}],"collection":[{"href":"https:\/\/xlg-heattransfer.com\/fr\/wp-json\/wp\/v2\/pages"}],"about":[{"href":"https:\/\/xlg-heattransfer.com\/fr\/wp-json\/wp\/v2\/types\/page"}],"author":[{"embeddable":true,"href":"https:\/\/xlg-heattransfer.com\/fr\/wp-json\/wp\/v2\/users\/2"}],"replies":[{"embeddable":true,"href":"https:\/\/xlg-heattransfer.com\/fr\/wp-json\/wp\/v2\/comments?post=457"}],"version-history":[{"count":10,"href":"https:\/\/xlg-heattransfer.com\/fr\/wp-json\/wp\/v2\/pages\/457\/revisions"}],"predecessor-version":[{"id":990,"href":"https:\/\/xlg-heattransfer.com\/fr\/wp-json\/wp\/v2\/pages\/457\/revisions\/990"}],"wp:attachment":[{"href":"https:\/\/xlg-heattransfer.com\/fr\/wp-json\/wp\/v2\/media?parent=457"}],"curies":[{"name":"wp","href":"https:\/\/api.w.org\/{rel}","templated":true}]}}