{"id":446,"date":"2022-10-24T11:02:17","date_gmt":"2022-10-24T09:02:17","guid":{"rendered":"https:\/\/xlg-heattransfer.com\/planta-de-proceso\/"},"modified":"2024-10-14T11:44:37","modified_gmt":"2024-10-14T09:44:37","slug":"usine-de-traitement","status":"publish","type":"page","link":"https:\/\/xlg-heattransfer.com\/fr\/usine-de-traitement\/","title":{"rendered":"Usine de traitement"},"content":{"rendered":"<p class=\"p1\">Installations compl\u00e8tes de pasteurisation ou de st\u00e9rilisation pour l&rsquo;industrie alimentaire, laiti\u00e8re, etc., avec des \u00e9changeurs de chaleur XLG\u00ae ainsi que des \u00e9quipements de haute qualit\u00e9 (pompes, vannes, d\u00e9bitm\u00e8tres, homog\u00e9n\u00e9isateurs, etc.), des r\u00e9servoirs, une armoire \u00e9lectrique et un syst\u00e8me de contr\u00f4le, le tout mont\u00e9 sur une structure autoportante.<\/p>\n","protected":false},"excerpt":{"rendered":"<p>Installations compl\u00e8tes de pasteurisation ou de st\u00e9rilisation pour l&rsquo;industrie alimentaire, laiti\u00e8re, etc., avec des \u00e9changeurs de chaleur XLG\u00ae ainsi que &hellip; <a href=\"https:\/\/xlg-heattransfer.com\/fr\/usine-de-traitement\/\" class=\"more-link\">Continue reading <span class=\"screen-reader-text\">Usine de traitement<\/span><\/a><\/p>\n","protected":false},"author":2,"featured_media":314,"parent":0,"menu_order":12,"comment_status":"closed","ping_status":"closed","template":"page-product.php","meta":{"footnotes":""},"class_list":["post-446","page","type-page","status-publish","has-post-thumbnail","hentry"],"acf":[],"yoast_head":"<!-- This site is optimized with the Yoast SEO plugin v26.8 - https:\/\/yoast.com\/product\/yoast-seo-wordpress\/ -->\n<title>Usine de traitement - XLG Heat Transfer<\/title>\n<meta name=\"description\" content=\"Installations compl\u00e8tes de pasteurisation ou de st\u00e9rilisation pour l&#039;industrie alimentaire, avec \u00e9quipements de haute qualit\u00e9\" \/>\n<meta name=\"robots\" content=\"index, follow, max-snippet:-1, max-image-preview:large, max-video-preview:-1\" \/>\n<link rel=\"canonical\" href=\"https:\/\/xlg-heattransfer.com\/fr\/usine-de-traitement\/\" \/>\n<meta property=\"og:locale\" content=\"fr_FR\" \/>\n<meta property=\"og:type\" content=\"article\" \/>\n<meta property=\"og:title\" content=\"Usine de traitement - XLG Heat Transfer\" \/>\n<meta property=\"og:description\" content=\"Installations compl\u00e8tes de pasteurisation ou de st\u00e9rilisation pour l&#039;industrie alimentaire, avec \u00e9quipements de haute qualit\u00e9\" \/>\n<meta property=\"og:url\" content=\"https:\/\/xlg-heattransfer.com\/fr\/usine-de-traitement\/\" \/>\n<meta property=\"og:site_name\" content=\"XLG Heat Transfer\" \/>\n<meta property=\"article:modified_time\" content=\"2024-10-14T09:44:37+00:00\" \/>\n<meta property=\"og:image\" content=\"https:\/\/xlg-heattransfer.com\/wp-content\/uploads\/2022\/10\/Planta_Exterior.png\" \/>\n\t<meta property=\"og:image:width\" content=\"893\" \/>\n\t<meta property=\"og:image:height\" content=\"900\" \/>\n\t<meta property=\"og:image:type\" content=\"image\/png\" \/>\n<meta name=\"twitter:card\" content=\"summary_large_image\" \/>\n<meta name=\"twitter:label1\" content=\"Dur\u00e9e de lecture estim\u00e9e\" \/>\n\t<meta name=\"twitter:data1\" content=\"1 minute\" \/>\n<script type=\"application\/ld+json\" class=\"yoast-schema-graph\">{\"@context\":\"https:\/\/schema.org\",\"@graph\":[{\"@type\":\"WebPage\",\"@id\":\"https:\/\/xlg-heattransfer.com\/fr\/usine-de-traitement\/\",\"url\":\"https:\/\/xlg-heattransfer.com\/fr\/usine-de-traitement\/\",\"name\":\"Usine de traitement - XLG Heat Transfer\",\"isPartOf\":{\"@id\":\"https:\/\/xlg-heattransfer.com\/fr\/#website\"},\"primaryImageOfPage\":{\"@id\":\"https:\/\/xlg-heattransfer.com\/fr\/usine-de-traitement\/#primaryimage\"},\"image\":{\"@id\":\"https:\/\/xlg-heattransfer.com\/fr\/usine-de-traitement\/#primaryimage\"},\"thumbnailUrl\":\"https:\/\/xlg-heattransfer.com\/wp-content\/uploads\/2022\/10\/Planta_Exterior.png\",\"datePublished\":\"2022-10-24T09:02:17+00:00\",\"dateModified\":\"2024-10-14T09:44:37+00:00\",\"description\":\"Installations compl\u00e8tes de pasteurisation ou de st\u00e9rilisation pour l'industrie alimentaire, avec \u00e9quipements de haute qualit\u00e9\",\"breadcrumb\":{\"@id\":\"https:\/\/xlg-heattransfer.com\/fr\/usine-de-traitement\/#breadcrumb\"},\"inLanguage\":\"fr-FR\",\"potentialAction\":[{\"@type\":\"ReadAction\",\"target\":[\"https:\/\/xlg-heattransfer.com\/fr\/usine-de-traitement\/\"]}]},{\"@type\":\"ImageObject\",\"inLanguage\":\"fr-FR\",\"@id\":\"https:\/\/xlg-heattransfer.com\/fr\/usine-de-traitement\/#primaryimage\",\"url\":\"https:\/\/xlg-heattransfer.com\/wp-content\/uploads\/2022\/10\/Planta_Exterior.png\",\"contentUrl\":\"https:\/\/xlg-heattransfer.com\/wp-content\/uploads\/2022\/10\/Planta_Exterior.png\",\"width\":893,\"height\":900,\"caption\":\"Processing Plant\"},{\"@type\":\"BreadcrumbList\",\"@id\":\"https:\/\/xlg-heattransfer.com\/fr\/usine-de-traitement\/#breadcrumb\",\"itemListElement\":[{\"@type\":\"ListItem\",\"position\":1,\"name\":\"Home\",\"item\":\"https:\/\/xlg-heattransfer.com\/fr\/\"},{\"@type\":\"ListItem\",\"position\":2,\"name\":\"Usine de traitement\"}]},{\"@type\":\"WebSite\",\"@id\":\"https:\/\/xlg-heattransfer.com\/fr\/#website\",\"url\":\"https:\/\/xlg-heattransfer.com\/fr\/\",\"name\":\"XLG Heat Transfer\",\"description\":\"\",\"publisher\":{\"@id\":\"https:\/\/xlg-heattransfer.com\/fr\/#organization\"},\"potentialAction\":[{\"@type\":\"SearchAction\",\"target\":{\"@type\":\"EntryPoint\",\"urlTemplate\":\"https:\/\/xlg-heattransfer.com\/fr\/?s={search_term_string}\"},\"query-input\":{\"@type\":\"PropertyValueSpecification\",\"valueRequired\":true,\"valueName\":\"search_term_string\"}}],\"inLanguage\":\"fr-FR\"},{\"@type\":\"Organization\",\"@id\":\"https:\/\/xlg-heattransfer.com\/fr\/#organization\",\"name\":\"XLG Heat Transfer\",\"url\":\"https:\/\/xlg-heattransfer.com\/fr\/\",\"logo\":{\"@type\":\"ImageObject\",\"inLanguage\":\"fr-FR\",\"@id\":\"https:\/\/xlg-heattransfer.com\/fr\/#\/schema\/logo\/image\/\",\"url\":\"https:\/\/xlg-heattransfer.com\/wp-content\/uploads\/2024\/06\/XLG-logo.png\",\"contentUrl\":\"https:\/\/xlg-heattransfer.com\/wp-content\/uploads\/2024\/06\/XLG-logo.png\",\"width\":945,\"height\":280,\"caption\":\"XLG Heat Transfer\"},\"image\":{\"@id\":\"https:\/\/xlg-heattransfer.com\/fr\/#\/schema\/logo\/image\/\"}}]}<\/script>\n<!-- \/ Yoast SEO plugin. -->","yoast_head_json":{"title":"Usine de traitement - XLG Heat Transfer","description":"Installations compl\u00e8tes de pasteurisation ou de st\u00e9rilisation pour l'industrie alimentaire, avec \u00e9quipements de haute qualit\u00e9","robots":{"index":"index","follow":"follow","max-snippet":"max-snippet:-1","max-image-preview":"max-image-preview:large","max-video-preview":"max-video-preview:-1"},"canonical":"https:\/\/xlg-heattransfer.com\/fr\/usine-de-traitement\/","og_locale":"fr_FR","og_type":"article","og_title":"Usine de traitement - XLG Heat Transfer","og_description":"Installations compl\u00e8tes de pasteurisation ou de st\u00e9rilisation pour l'industrie alimentaire, avec \u00e9quipements de haute qualit\u00e9","og_url":"https:\/\/xlg-heattransfer.com\/fr\/usine-de-traitement\/","og_site_name":"XLG Heat Transfer","article_modified_time":"2024-10-14T09:44:37+00:00","og_image":[{"width":893,"height":900,"url":"https:\/\/xlg-heattransfer.com\/wp-content\/uploads\/2022\/10\/Planta_Exterior.png","type":"image\/png"}],"twitter_card":"summary_large_image","twitter_misc":{"Dur\u00e9e de lecture estim\u00e9e":"1 minute"},"schema":{"@context":"https:\/\/schema.org","@graph":[{"@type":"WebPage","@id":"https:\/\/xlg-heattransfer.com\/fr\/usine-de-traitement\/","url":"https:\/\/xlg-heattransfer.com\/fr\/usine-de-traitement\/","name":"Usine de traitement - XLG Heat Transfer","isPartOf":{"@id":"https:\/\/xlg-heattransfer.com\/fr\/#website"},"primaryImageOfPage":{"@id":"https:\/\/xlg-heattransfer.com\/fr\/usine-de-traitement\/#primaryimage"},"image":{"@id":"https:\/\/xlg-heattransfer.com\/fr\/usine-de-traitement\/#primaryimage"},"thumbnailUrl":"https:\/\/xlg-heattransfer.com\/wp-content\/uploads\/2022\/10\/Planta_Exterior.png","datePublished":"2022-10-24T09:02:17+00:00","dateModified":"2024-10-14T09:44:37+00:00","description":"Installations compl\u00e8tes de pasteurisation ou de st\u00e9rilisation pour l'industrie alimentaire, avec \u00e9quipements de haute qualit\u00e9","breadcrumb":{"@id":"https:\/\/xlg-heattransfer.com\/fr\/usine-de-traitement\/#breadcrumb"},"inLanguage":"fr-FR","potentialAction":[{"@type":"ReadAction","target":["https:\/\/xlg-heattransfer.com\/fr\/usine-de-traitement\/"]}]},{"@type":"ImageObject","inLanguage":"fr-FR","@id":"https:\/\/xlg-heattransfer.com\/fr\/usine-de-traitement\/#primaryimage","url":"https:\/\/xlg-heattransfer.com\/wp-content\/uploads\/2022\/10\/Planta_Exterior.png","contentUrl":"https:\/\/xlg-heattransfer.com\/wp-content\/uploads\/2022\/10\/Planta_Exterior.png","width":893,"height":900,"caption":"Processing Plant"},{"@type":"BreadcrumbList","@id":"https:\/\/xlg-heattransfer.com\/fr\/usine-de-traitement\/#breadcrumb","itemListElement":[{"@type":"ListItem","position":1,"name":"Home","item":"https:\/\/xlg-heattransfer.com\/fr\/"},{"@type":"ListItem","position":2,"name":"Usine de traitement"}]},{"@type":"WebSite","@id":"https:\/\/xlg-heattransfer.com\/fr\/#website","url":"https:\/\/xlg-heattransfer.com\/fr\/","name":"XLG Heat Transfer","description":"","publisher":{"@id":"https:\/\/xlg-heattransfer.com\/fr\/#organization"},"potentialAction":[{"@type":"SearchAction","target":{"@type":"EntryPoint","urlTemplate":"https:\/\/xlg-heattransfer.com\/fr\/?s={search_term_string}"},"query-input":{"@type":"PropertyValueSpecification","valueRequired":true,"valueName":"search_term_string"}}],"inLanguage":"fr-FR"},{"@type":"Organization","@id":"https:\/\/xlg-heattransfer.com\/fr\/#organization","name":"XLG Heat Transfer","url":"https:\/\/xlg-heattransfer.com\/fr\/","logo":{"@type":"ImageObject","inLanguage":"fr-FR","@id":"https:\/\/xlg-heattransfer.com\/fr\/#\/schema\/logo\/image\/","url":"https:\/\/xlg-heattransfer.com\/wp-content\/uploads\/2024\/06\/XLG-logo.png","contentUrl":"https:\/\/xlg-heattransfer.com\/wp-content\/uploads\/2024\/06\/XLG-logo.png","width":945,"height":280,"caption":"XLG Heat Transfer"},"image":{"@id":"https:\/\/xlg-heattransfer.com\/fr\/#\/schema\/logo\/image\/"}}]}},"_links":{"self":[{"href":"https:\/\/xlg-heattransfer.com\/fr\/wp-json\/wp\/v2\/pages\/446","targetHints":{"allow":["GET"]}}],"collection":[{"href":"https:\/\/xlg-heattransfer.com\/fr\/wp-json\/wp\/v2\/pages"}],"about":[{"href":"https:\/\/xlg-heattransfer.com\/fr\/wp-json\/wp\/v2\/types\/page"}],"author":[{"embeddable":true,"href":"https:\/\/xlg-heattransfer.com\/fr\/wp-json\/wp\/v2\/users\/2"}],"replies":[{"embeddable":true,"href":"https:\/\/xlg-heattransfer.com\/fr\/wp-json\/wp\/v2\/comments?post=446"}],"version-history":[{"count":5,"href":"https:\/\/xlg-heattransfer.com\/fr\/wp-json\/wp\/v2\/pages\/446\/revisions"}],"predecessor-version":[{"id":1354,"href":"https:\/\/xlg-heattransfer.com\/fr\/wp-json\/wp\/v2\/pages\/446\/revisions\/1354"}],"wp:featuredmedia":[{"embeddable":true,"href":"https:\/\/xlg-heattransfer.com\/fr\/wp-json\/wp\/v2\/media\/314"}],"wp:attachment":[{"href":"https:\/\/xlg-heattransfer.com\/fr\/wp-json\/wp\/v2\/media?parent=446"}],"curies":[{"name":"wp","href":"https:\/\/api.w.org\/{rel}","templated":true}]}}