{"id":437,"date":"2022-10-24T16:25:13","date_gmt":"2022-10-24T14:25:13","guid":{"rendered":"https:\/\/xlg-heattransfer.com\/products\/"},"modified":"2024-10-18T10:21:00","modified_gmt":"2024-10-18T08:21:00","slug":"echangeurs-de-chaleur","status":"publish","type":"page","link":"https:\/\/xlg-heattransfer.com\/fr\/echangeurs-de-chaleur\/","title":{"rendered":"\u00c9changeurs de chaleur"},"content":{"rendered":"<p class=\"p1\">Les <strong>\u00e9changeurs de chaleur XLG<\/strong> sont des \u00e9changeurs de chaleur \u00e0 <strong>haute efficacit\u00e9<\/strong> qui incorporent des tubes sp\u00e9cialement construits pour <strong>augmenter le transfert de chaleur<\/strong> et minimiser l&rsquo;encrassement. Nous <strong>s\u00e9lectionnons toujours le type de tube<\/strong> le plus adapt\u00e9 aux conditions de fonctionnement en termes de performance et de perte de pression. Notre gamme de produits comprend des <strong>tubes ondul\u00e9s, aplatis, \u00ab\u00a0dimple\u00a0\u00bb, ovales, tordus et lisses, entre autres<\/strong>.<\/p>\n","protected":false},"excerpt":{"rendered":"<p>Les \u00e9changeurs de chaleur XLG sont des \u00e9changeurs de chaleur \u00e0 haute efficacit\u00e9 qui incorporent des tubes sp\u00e9cialement construits pour &hellip; <a href=\"https:\/\/xlg-heattransfer.com\/fr\/echangeurs-de-chaleur\/\" class=\"more-link\">Continue reading <span class=\"screen-reader-text\">\u00c9changeurs de chaleur<\/span><\/a><\/p>\n","protected":false},"author":2,"featured_media":0,"parent":0,"menu_order":18,"comment_status":"closed","ping_status":"closed","template":"page-carousel.php","meta":{"footnotes":""},"class_list":["post-437","page","type-page","status-publish","hentry"],"acf":[],"yoast_head":"<!-- This site is optimized with the Yoast SEO plugin v26.8 - https:\/\/yoast.com\/product\/yoast-seo-wordpress\/ -->\n<title>\u00c9changeurs de chaleur - XLG Heat Transfer<\/title>\n<meta name=\"description\" content=\"Nos \u00e9changeurs de chaleur sont des produits \u00e0 haute efficacit\u00e9 construits pour augmenter le transfert de chaleur et minimiser l&#039;encrassement.\" \/>\n<meta name=\"robots\" content=\"index, follow, max-snippet:-1, max-image-preview:large, max-video-preview:-1\" \/>\n<link rel=\"canonical\" href=\"https:\/\/xlg-heattransfer.com\/fr\/echangeurs-de-chaleur\/\" \/>\n<meta property=\"og:locale\" content=\"fr_FR\" \/>\n<meta property=\"og:type\" content=\"article\" \/>\n<meta property=\"og:title\" content=\"\u00c9changeurs de chaleur - XLG Heat Transfer\" \/>\n<meta property=\"og:description\" content=\"Nos \u00e9changeurs de chaleur sont des produits \u00e0 haute efficacit\u00e9 construits pour augmenter le transfert de chaleur et minimiser l&#039;encrassement.\" \/>\n<meta property=\"og:url\" content=\"https:\/\/xlg-heattransfer.com\/fr\/echangeurs-de-chaleur\/\" \/>\n<meta property=\"og:site_name\" content=\"XLG Heat Transfer\" \/>\n<meta property=\"article:modified_time\" content=\"2024-10-18T08:21:00+00:00\" \/>\n<meta name=\"twitter:card\" content=\"summary_large_image\" \/>\n<meta name=\"twitter:label1\" content=\"Dur\u00e9e de lecture estim\u00e9e\" \/>\n\t<meta name=\"twitter:data1\" content=\"1 minute\" \/>\n<script type=\"application\/ld+json\" class=\"yoast-schema-graph\">{\"@context\":\"https:\/\/schema.org\",\"@graph\":[{\"@type\":\"WebPage\",\"@id\":\"https:\/\/xlg-heattransfer.com\/fr\/echangeurs-de-chaleur\/\",\"url\":\"https:\/\/xlg-heattransfer.com\/fr\/echangeurs-de-chaleur\/\",\"name\":\"\u00c9changeurs de chaleur - XLG Heat Transfer\",\"isPartOf\":{\"@id\":\"https:\/\/xlg-heattransfer.com\/fr\/#website\"},\"datePublished\":\"2022-10-24T14:25:13+00:00\",\"dateModified\":\"2024-10-18T08:21:00+00:00\",\"description\":\"Nos \u00e9changeurs de chaleur sont des produits \u00e0 haute efficacit\u00e9 construits pour augmenter le transfert de chaleur et minimiser l'encrassement.\",\"breadcrumb\":{\"@id\":\"https:\/\/xlg-heattransfer.com\/fr\/echangeurs-de-chaleur\/#breadcrumb\"},\"inLanguage\":\"fr-FR\",\"potentialAction\":[{\"@type\":\"ReadAction\",\"target\":[\"https:\/\/xlg-heattransfer.com\/fr\/echangeurs-de-chaleur\/\"]}]},{\"@type\":\"BreadcrumbList\",\"@id\":\"https:\/\/xlg-heattransfer.com\/fr\/echangeurs-de-chaleur\/#breadcrumb\",\"itemListElement\":[{\"@type\":\"ListItem\",\"position\":1,\"name\":\"Home\",\"item\":\"https:\/\/xlg-heattransfer.com\/fr\/\"},{\"@type\":\"ListItem\",\"position\":2,\"name\":\"\u00c9changeurs de chaleur\"}]},{\"@type\":\"WebSite\",\"@id\":\"https:\/\/xlg-heattransfer.com\/fr\/#website\",\"url\":\"https:\/\/xlg-heattransfer.com\/fr\/\",\"name\":\"XLG Heat Transfer\",\"description\":\"\",\"publisher\":{\"@id\":\"https:\/\/xlg-heattransfer.com\/fr\/#organization\"},\"potentialAction\":[{\"@type\":\"SearchAction\",\"target\":{\"@type\":\"EntryPoint\",\"urlTemplate\":\"https:\/\/xlg-heattransfer.com\/fr\/?s={search_term_string}\"},\"query-input\":{\"@type\":\"PropertyValueSpecification\",\"valueRequired\":true,\"valueName\":\"search_term_string\"}}],\"inLanguage\":\"fr-FR\"},{\"@type\":\"Organization\",\"@id\":\"https:\/\/xlg-heattransfer.com\/fr\/#organization\",\"name\":\"XLG Heat Transfer\",\"url\":\"https:\/\/xlg-heattransfer.com\/fr\/\",\"logo\":{\"@type\":\"ImageObject\",\"inLanguage\":\"fr-FR\",\"@id\":\"https:\/\/xlg-heattransfer.com\/fr\/#\/schema\/logo\/image\/\",\"url\":\"https:\/\/xlg-heattransfer.com\/wp-content\/uploads\/2024\/06\/XLG-logo.png\",\"contentUrl\":\"https:\/\/xlg-heattransfer.com\/wp-content\/uploads\/2024\/06\/XLG-logo.png\",\"width\":945,\"height\":280,\"caption\":\"XLG Heat Transfer\"},\"image\":{\"@id\":\"https:\/\/xlg-heattransfer.com\/fr\/#\/schema\/logo\/image\/\"}}]}<\/script>\n<!-- \/ Yoast SEO plugin. -->","yoast_head_json":{"title":"\u00c9changeurs de chaleur - XLG Heat Transfer","description":"Nos \u00e9changeurs de chaleur sont des produits \u00e0 haute efficacit\u00e9 construits pour augmenter le transfert de chaleur et minimiser l'encrassement.","robots":{"index":"index","follow":"follow","max-snippet":"max-snippet:-1","max-image-preview":"max-image-preview:large","max-video-preview":"max-video-preview:-1"},"canonical":"https:\/\/xlg-heattransfer.com\/fr\/echangeurs-de-chaleur\/","og_locale":"fr_FR","og_type":"article","og_title":"\u00c9changeurs de chaleur - XLG Heat Transfer","og_description":"Nos \u00e9changeurs de chaleur sont des produits \u00e0 haute efficacit\u00e9 construits pour augmenter le transfert de chaleur et minimiser l'encrassement.","og_url":"https:\/\/xlg-heattransfer.com\/fr\/echangeurs-de-chaleur\/","og_site_name":"XLG Heat Transfer","article_modified_time":"2024-10-18T08:21:00+00:00","twitter_card":"summary_large_image","twitter_misc":{"Dur\u00e9e de lecture estim\u00e9e":"1 minute"},"schema":{"@context":"https:\/\/schema.org","@graph":[{"@type":"WebPage","@id":"https:\/\/xlg-heattransfer.com\/fr\/echangeurs-de-chaleur\/","url":"https:\/\/xlg-heattransfer.com\/fr\/echangeurs-de-chaleur\/","name":"\u00c9changeurs de chaleur - XLG Heat Transfer","isPartOf":{"@id":"https:\/\/xlg-heattransfer.com\/fr\/#website"},"datePublished":"2022-10-24T14:25:13+00:00","dateModified":"2024-10-18T08:21:00+00:00","description":"Nos \u00e9changeurs de chaleur sont des produits \u00e0 haute efficacit\u00e9 construits pour augmenter le transfert de chaleur et minimiser l'encrassement.","breadcrumb":{"@id":"https:\/\/xlg-heattransfer.com\/fr\/echangeurs-de-chaleur\/#breadcrumb"},"inLanguage":"fr-FR","potentialAction":[{"@type":"ReadAction","target":["https:\/\/xlg-heattransfer.com\/fr\/echangeurs-de-chaleur\/"]}]},{"@type":"BreadcrumbList","@id":"https:\/\/xlg-heattransfer.com\/fr\/echangeurs-de-chaleur\/#breadcrumb","itemListElement":[{"@type":"ListItem","position":1,"name":"Home","item":"https:\/\/xlg-heattransfer.com\/fr\/"},{"@type":"ListItem","position":2,"name":"\u00c9changeurs de chaleur"}]},{"@type":"WebSite","@id":"https:\/\/xlg-heattransfer.com\/fr\/#website","url":"https:\/\/xlg-heattransfer.com\/fr\/","name":"XLG Heat Transfer","description":"","publisher":{"@id":"https:\/\/xlg-heattransfer.com\/fr\/#organization"},"potentialAction":[{"@type":"SearchAction","target":{"@type":"EntryPoint","urlTemplate":"https:\/\/xlg-heattransfer.com\/fr\/?s={search_term_string}"},"query-input":{"@type":"PropertyValueSpecification","valueRequired":true,"valueName":"search_term_string"}}],"inLanguage":"fr-FR"},{"@type":"Organization","@id":"https:\/\/xlg-heattransfer.com\/fr\/#organization","name":"XLG Heat Transfer","url":"https:\/\/xlg-heattransfer.com\/fr\/","logo":{"@type":"ImageObject","inLanguage":"fr-FR","@id":"https:\/\/xlg-heattransfer.com\/fr\/#\/schema\/logo\/image\/","url":"https:\/\/xlg-heattransfer.com\/wp-content\/uploads\/2024\/06\/XLG-logo.png","contentUrl":"https:\/\/xlg-heattransfer.com\/wp-content\/uploads\/2024\/06\/XLG-logo.png","width":945,"height":280,"caption":"XLG Heat Transfer"},"image":{"@id":"https:\/\/xlg-heattransfer.com\/fr\/#\/schema\/logo\/image\/"}}]}},"_links":{"self":[{"href":"https:\/\/xlg-heattransfer.com\/fr\/wp-json\/wp\/v2\/pages\/437","targetHints":{"allow":["GET"]}}],"collection":[{"href":"https:\/\/xlg-heattransfer.com\/fr\/wp-json\/wp\/v2\/pages"}],"about":[{"href":"https:\/\/xlg-heattransfer.com\/fr\/wp-json\/wp\/v2\/types\/page"}],"author":[{"embeddable":true,"href":"https:\/\/xlg-heattransfer.com\/fr\/wp-json\/wp\/v2\/users\/2"}],"replies":[{"embeddable":true,"href":"https:\/\/xlg-heattransfer.com\/fr\/wp-json\/wp\/v2\/comments?post=437"}],"version-history":[{"count":5,"href":"https:\/\/xlg-heattransfer.com\/fr\/wp-json\/wp\/v2\/pages\/437\/revisions"}],"predecessor-version":[{"id":1452,"href":"https:\/\/xlg-heattransfer.com\/fr\/wp-json\/wp\/v2\/pages\/437\/revisions\/1452"}],"wp:attachment":[{"href":"https:\/\/xlg-heattransfer.com\/fr\/wp-json\/wp\/v2\/media?parent=437"}],"curies":[{"name":"wp","href":"https:\/\/api.w.org\/{rel}","templated":true}]}}