{"id":418,"date":"2022-10-24T10:40:50","date_gmt":"2022-10-24T08:40:50","guid":{"rendered":"https:\/\/xlg-heattransfer.com\/superficie-rascada-boxer\/"},"modified":"2024-10-16T11:11:15","modified_gmt":"2024-10-16T09:11:15","slug":"echangeur-de-chaleur-a-surface-raclee-boxer","status":"publish","type":"page","link":"https:\/\/xlg-heattransfer.com\/fr\/echangeur-de-chaleur-a-surface-raclee-boxer\/","title":{"rendered":"\u00c9changeur de chaleur \u00e0 surface racl\u00e9e BOXER"},"content":{"rendered":"<p class=\"p1\">\u00c9changeur de chaleur \u00e0 surface racl\u00e9e, \u00e0 multi-tubes, recommand\u00e9 pour les fluides \u00e0 haute viscosit\u00e9 et\/ou les applications \u00e0 fort encrassement.<\/p>\n<p class=\"p1\">Processus de chauffage, refroidissement, condensation et \u00e9vaporation.<\/p>\n<p class=\"p1\">Conditions de temp\u00e9rature 250\u00baC et de pression 25 (autres sur demande). Fabriqu\u00e9 en acier inoxydable et Duplex.<\/p>\n","protected":false},"excerpt":{"rendered":"<p>\u00c9changeur de chaleur \u00e0 surface racl\u00e9e, \u00e0 multi-tubes, recommand\u00e9 pour les fluides \u00e0 haute viscosit\u00e9 et\/ou les applications \u00e0 fort &hellip; <a href=\"https:\/\/xlg-heattransfer.com\/fr\/echangeur-de-chaleur-a-surface-raclee-boxer\/\" class=\"more-link\">Continue reading <span class=\"screen-reader-text\">\u00c9changeur de chaleur \u00e0 surface racl\u00e9e BOXER<\/span><\/a><\/p>\n","protected":false},"author":2,"featured_media":300,"parent":0,"menu_order":21,"comment_status":"closed","ping_status":"closed","template":"page-product.php","meta":{"footnotes":""},"class_list":["post-418","page","type-page","status-publish","has-post-thumbnail","hentry"],"acf":[],"yoast_head":"<!-- This site is optimized with the Yoast SEO plugin v26.8 - https:\/\/yoast.com\/product\/yoast-seo-wordpress\/ -->\n<title>\u00c9changeur de chaleur \u00e0 surface racl\u00e9e BOXER - XLG Heat Transfer<\/title>\n<meta name=\"description\" content=\"\u00c9changeur de chaleur multitubulaire \u00e0 surface racl\u00e9e. Parfait pour les fluides \u00e0 haute viscosit\u00e9 et\/ou les applications \u00e0 fort encrassement.\" \/>\n<meta name=\"robots\" content=\"index, follow, max-snippet:-1, max-image-preview:large, max-video-preview:-1\" \/>\n<link rel=\"canonical\" href=\"https:\/\/xlg-heattransfer.com\/fr\/echangeur-de-chaleur-a-surface-raclee-boxer\/\" \/>\n<meta property=\"og:locale\" content=\"fr_FR\" \/>\n<meta property=\"og:type\" content=\"article\" \/>\n<meta property=\"og:title\" content=\"\u00c9changeur de chaleur \u00e0 surface racl\u00e9e BOXER - XLG Heat Transfer\" \/>\n<meta property=\"og:description\" content=\"\u00c9changeur de chaleur multitubulaire \u00e0 surface racl\u00e9e. Parfait pour les fluides \u00e0 haute viscosit\u00e9 et\/ou les applications \u00e0 fort encrassement.\" \/>\n<meta property=\"og:url\" content=\"https:\/\/xlg-heattransfer.com\/fr\/echangeur-de-chaleur-a-surface-raclee-boxer\/\" \/>\n<meta property=\"og:site_name\" content=\"XLG Heat Transfer\" \/>\n<meta property=\"article:modified_time\" content=\"2024-10-16T09:11:15+00:00\" \/>\n<meta property=\"og:image\" content=\"https:\/\/xlg-heattransfer.com\/wp-content\/uploads\/2022\/10\/Boxer_Exterior.png\" \/>\n\t<meta property=\"og:image:width\" content=\"893\" \/>\n\t<meta property=\"og:image:height\" content=\"900\" \/>\n\t<meta property=\"og:image:type\" content=\"image\/png\" \/>\n<meta name=\"twitter:card\" content=\"summary_large_image\" \/>\n<meta name=\"twitter:label1\" content=\"Dur\u00e9e de lecture estim\u00e9e\" \/>\n\t<meta name=\"twitter:data1\" content=\"1 minute\" \/>\n<script type=\"application\/ld+json\" class=\"yoast-schema-graph\">{\"@context\":\"https:\/\/schema.org\",\"@graph\":[{\"@type\":\"WebPage\",\"@id\":\"https:\/\/xlg-heattransfer.com\/fr\/echangeur-de-chaleur-a-surface-raclee-boxer\/\",\"url\":\"https:\/\/xlg-heattransfer.com\/fr\/echangeur-de-chaleur-a-surface-raclee-boxer\/\",\"name\":\"\u00c9changeur de chaleur \u00e0 surface racl\u00e9e BOXER - XLG Heat Transfer\",\"isPartOf\":{\"@id\":\"https:\/\/xlg-heattransfer.com\/fr\/#website\"},\"primaryImageOfPage\":{\"@id\":\"https:\/\/xlg-heattransfer.com\/fr\/echangeur-de-chaleur-a-surface-raclee-boxer\/#primaryimage\"},\"image\":{\"@id\":\"https:\/\/xlg-heattransfer.com\/fr\/echangeur-de-chaleur-a-surface-raclee-boxer\/#primaryimage\"},\"thumbnailUrl\":\"https:\/\/xlg-heattransfer.com\/wp-content\/uploads\/2022\/10\/Boxer_Exterior.png\",\"datePublished\":\"2022-10-24T08:40:50+00:00\",\"dateModified\":\"2024-10-16T09:11:15+00:00\",\"description\":\"\u00c9changeur de chaleur multitubulaire \u00e0 surface racl\u00e9e. Parfait pour les fluides \u00e0 haute viscosit\u00e9 et\/ou les applications \u00e0 fort encrassement.\",\"breadcrumb\":{\"@id\":\"https:\/\/xlg-heattransfer.com\/fr\/echangeur-de-chaleur-a-surface-raclee-boxer\/#breadcrumb\"},\"inLanguage\":\"fr-FR\",\"potentialAction\":[{\"@type\":\"ReadAction\",\"target\":[\"https:\/\/xlg-heattransfer.com\/fr\/echangeur-de-chaleur-a-surface-raclee-boxer\/\"]}]},{\"@type\":\"ImageObject\",\"inLanguage\":\"fr-FR\",\"@id\":\"https:\/\/xlg-heattransfer.com\/fr\/echangeur-de-chaleur-a-surface-raclee-boxer\/#primaryimage\",\"url\":\"https:\/\/xlg-heattransfer.com\/wp-content\/uploads\/2022\/10\/Boxer_Exterior.png\",\"contentUrl\":\"https:\/\/xlg-heattransfer.com\/wp-content\/uploads\/2022\/10\/Boxer_Exterior.png\",\"width\":893,\"height\":900,\"caption\":\"Boxer Scrapped Surface Heat Exchanger\"},{\"@type\":\"BreadcrumbList\",\"@id\":\"https:\/\/xlg-heattransfer.com\/fr\/echangeur-de-chaleur-a-surface-raclee-boxer\/#breadcrumb\",\"itemListElement\":[{\"@type\":\"ListItem\",\"position\":1,\"name\":\"Home\",\"item\":\"https:\/\/xlg-heattransfer.com\/fr\/\"},{\"@type\":\"ListItem\",\"position\":2,\"name\":\"\u00c9changeur de chaleur \u00e0 surface racl\u00e9e BOXER\"}]},{\"@type\":\"WebSite\",\"@id\":\"https:\/\/xlg-heattransfer.com\/fr\/#website\",\"url\":\"https:\/\/xlg-heattransfer.com\/fr\/\",\"name\":\"XLG Heat Transfer\",\"description\":\"\",\"publisher\":{\"@id\":\"https:\/\/xlg-heattransfer.com\/fr\/#organization\"},\"potentialAction\":[{\"@type\":\"SearchAction\",\"target\":{\"@type\":\"EntryPoint\",\"urlTemplate\":\"https:\/\/xlg-heattransfer.com\/fr\/?s={search_term_string}\"},\"query-input\":{\"@type\":\"PropertyValueSpecification\",\"valueRequired\":true,\"valueName\":\"search_term_string\"}}],\"inLanguage\":\"fr-FR\"},{\"@type\":\"Organization\",\"@id\":\"https:\/\/xlg-heattransfer.com\/fr\/#organization\",\"name\":\"XLG Heat Transfer\",\"url\":\"https:\/\/xlg-heattransfer.com\/fr\/\",\"logo\":{\"@type\":\"ImageObject\",\"inLanguage\":\"fr-FR\",\"@id\":\"https:\/\/xlg-heattransfer.com\/fr\/#\/schema\/logo\/image\/\",\"url\":\"https:\/\/xlg-heattransfer.com\/wp-content\/uploads\/2024\/06\/XLG-logo.png\",\"contentUrl\":\"https:\/\/xlg-heattransfer.com\/wp-content\/uploads\/2024\/06\/XLG-logo.png\",\"width\":945,\"height\":280,\"caption\":\"XLG Heat Transfer\"},\"image\":{\"@id\":\"https:\/\/xlg-heattransfer.com\/fr\/#\/schema\/logo\/image\/\"}}]}<\/script>\n<!-- \/ Yoast SEO plugin. -->","yoast_head_json":{"title":"\u00c9changeur de chaleur \u00e0 surface racl\u00e9e BOXER - XLG Heat Transfer","description":"\u00c9changeur de chaleur multitubulaire \u00e0 surface racl\u00e9e. Parfait pour les fluides \u00e0 haute viscosit\u00e9 et\/ou les applications \u00e0 fort encrassement.","robots":{"index":"index","follow":"follow","max-snippet":"max-snippet:-1","max-image-preview":"max-image-preview:large","max-video-preview":"max-video-preview:-1"},"canonical":"https:\/\/xlg-heattransfer.com\/fr\/echangeur-de-chaleur-a-surface-raclee-boxer\/","og_locale":"fr_FR","og_type":"article","og_title":"\u00c9changeur de chaleur \u00e0 surface racl\u00e9e BOXER - XLG Heat Transfer","og_description":"\u00c9changeur de chaleur multitubulaire \u00e0 surface racl\u00e9e. Parfait pour les fluides \u00e0 haute viscosit\u00e9 et\/ou les applications \u00e0 fort encrassement.","og_url":"https:\/\/xlg-heattransfer.com\/fr\/echangeur-de-chaleur-a-surface-raclee-boxer\/","og_site_name":"XLG Heat Transfer","article_modified_time":"2024-10-16T09:11:15+00:00","og_image":[{"width":893,"height":900,"url":"https:\/\/xlg-heattransfer.com\/wp-content\/uploads\/2022\/10\/Boxer_Exterior.png","type":"image\/png"}],"twitter_card":"summary_large_image","twitter_misc":{"Dur\u00e9e de lecture estim\u00e9e":"1 minute"},"schema":{"@context":"https:\/\/schema.org","@graph":[{"@type":"WebPage","@id":"https:\/\/xlg-heattransfer.com\/fr\/echangeur-de-chaleur-a-surface-raclee-boxer\/","url":"https:\/\/xlg-heattransfer.com\/fr\/echangeur-de-chaleur-a-surface-raclee-boxer\/","name":"\u00c9changeur de chaleur \u00e0 surface racl\u00e9e BOXER - XLG Heat Transfer","isPartOf":{"@id":"https:\/\/xlg-heattransfer.com\/fr\/#website"},"primaryImageOfPage":{"@id":"https:\/\/xlg-heattransfer.com\/fr\/echangeur-de-chaleur-a-surface-raclee-boxer\/#primaryimage"},"image":{"@id":"https:\/\/xlg-heattransfer.com\/fr\/echangeur-de-chaleur-a-surface-raclee-boxer\/#primaryimage"},"thumbnailUrl":"https:\/\/xlg-heattransfer.com\/wp-content\/uploads\/2022\/10\/Boxer_Exterior.png","datePublished":"2022-10-24T08:40:50+00:00","dateModified":"2024-10-16T09:11:15+00:00","description":"\u00c9changeur de chaleur multitubulaire \u00e0 surface racl\u00e9e. Parfait pour les fluides \u00e0 haute viscosit\u00e9 et\/ou les applications \u00e0 fort encrassement.","breadcrumb":{"@id":"https:\/\/xlg-heattransfer.com\/fr\/echangeur-de-chaleur-a-surface-raclee-boxer\/#breadcrumb"},"inLanguage":"fr-FR","potentialAction":[{"@type":"ReadAction","target":["https:\/\/xlg-heattransfer.com\/fr\/echangeur-de-chaleur-a-surface-raclee-boxer\/"]}]},{"@type":"ImageObject","inLanguage":"fr-FR","@id":"https:\/\/xlg-heattransfer.com\/fr\/echangeur-de-chaleur-a-surface-raclee-boxer\/#primaryimage","url":"https:\/\/xlg-heattransfer.com\/wp-content\/uploads\/2022\/10\/Boxer_Exterior.png","contentUrl":"https:\/\/xlg-heattransfer.com\/wp-content\/uploads\/2022\/10\/Boxer_Exterior.png","width":893,"height":900,"caption":"Boxer Scrapped Surface Heat Exchanger"},{"@type":"BreadcrumbList","@id":"https:\/\/xlg-heattransfer.com\/fr\/echangeur-de-chaleur-a-surface-raclee-boxer\/#breadcrumb","itemListElement":[{"@type":"ListItem","position":1,"name":"Home","item":"https:\/\/xlg-heattransfer.com\/fr\/"},{"@type":"ListItem","position":2,"name":"\u00c9changeur de chaleur \u00e0 surface racl\u00e9e BOXER"}]},{"@type":"WebSite","@id":"https:\/\/xlg-heattransfer.com\/fr\/#website","url":"https:\/\/xlg-heattransfer.com\/fr\/","name":"XLG Heat Transfer","description":"","publisher":{"@id":"https:\/\/xlg-heattransfer.com\/fr\/#organization"},"potentialAction":[{"@type":"SearchAction","target":{"@type":"EntryPoint","urlTemplate":"https:\/\/xlg-heattransfer.com\/fr\/?s={search_term_string}"},"query-input":{"@type":"PropertyValueSpecification","valueRequired":true,"valueName":"search_term_string"}}],"inLanguage":"fr-FR"},{"@type":"Organization","@id":"https:\/\/xlg-heattransfer.com\/fr\/#organization","name":"XLG Heat Transfer","url":"https:\/\/xlg-heattransfer.com\/fr\/","logo":{"@type":"ImageObject","inLanguage":"fr-FR","@id":"https:\/\/xlg-heattransfer.com\/fr\/#\/schema\/logo\/image\/","url":"https:\/\/xlg-heattransfer.com\/wp-content\/uploads\/2024\/06\/XLG-logo.png","contentUrl":"https:\/\/xlg-heattransfer.com\/wp-content\/uploads\/2024\/06\/XLG-logo.png","width":945,"height":280,"caption":"XLG Heat Transfer"},"image":{"@id":"https:\/\/xlg-heattransfer.com\/fr\/#\/schema\/logo\/image\/"}}]}},"_links":{"self":[{"href":"https:\/\/xlg-heattransfer.com\/fr\/wp-json\/wp\/v2\/pages\/418","targetHints":{"allow":["GET"]}}],"collection":[{"href":"https:\/\/xlg-heattransfer.com\/fr\/wp-json\/wp\/v2\/pages"}],"about":[{"href":"https:\/\/xlg-heattransfer.com\/fr\/wp-json\/wp\/v2\/types\/page"}],"author":[{"embeddable":true,"href":"https:\/\/xlg-heattransfer.com\/fr\/wp-json\/wp\/v2\/users\/2"}],"replies":[{"embeddable":true,"href":"https:\/\/xlg-heattransfer.com\/fr\/wp-json\/wp\/v2\/comments?post=418"}],"version-history":[{"count":5,"href":"https:\/\/xlg-heattransfer.com\/fr\/wp-json\/wp\/v2\/pages\/418\/revisions"}],"predecessor-version":[{"id":1403,"href":"https:\/\/xlg-heattransfer.com\/fr\/wp-json\/wp\/v2\/pages\/418\/revisions\/1403"}],"wp:featuredmedia":[{"embeddable":true,"href":"https:\/\/xlg-heattransfer.com\/fr\/wp-json\/wp\/v2\/media\/300"}],"wp:attachment":[{"href":"https:\/\/xlg-heattransfer.com\/fr\/wp-json\/wp\/v2\/media?parent=418"}],"curies":[{"name":"wp","href":"https:\/\/api.w.org\/{rel}","templated":true}]}}