{"id":405,"date":"2022-10-24T16:25:56","date_gmt":"2022-10-24T14:25:56","guid":{"rendered":"https:\/\/xlg-heattransfer.com\/contacto\/"},"modified":"2026-03-11T10:04:27","modified_gmt":"2026-03-11T08:04:27","slug":"contact","status":"publish","type":"page","link":"https:\/\/xlg-heattransfer.com\/fr\/contact\/","title":{"rendered":"Contact"},"content":{"rendered":"<p><strong>XLG Heat Transfer S.L.<\/strong><br \/>\nC\/ Magallanes, 5 Pol\u00edgono Industrial La Estrella<br \/>\n30500 Molina de Segura (Murcia) \/ Espa\u00f1a \/ Spain<\/p>\n<p>Par mail: <span \n                data-original-string='PDbM\/hpwi0LexXKa9GYmRw==d6dpb5aGhRZA5kYP8cSdsnv3KoLwsIVoV0ZlK901OL7abA='\n                class='apbct-email-encoder'\n                title='This contact has been encoded by Anti-Spam by CleanTalk. Click to decode. To finish the decoding make sure that JavaScript is enabled in your browser.'>in<span class=\"apbct-blur\">**<\/span>@<span class=\"apbct-blur\">**************<\/span>er.com<\/span><\/p>\n<p class=\"p1\">Par t\u00e9l\u00e9phone: <strong><a href=\"tel:868000085\">(34) 868 000 085<\/a><\/strong><\/p>\n<p class=\"p1\"><span class=\"s1\">Vous avez des questions, un besoin ? <\/span>Notre \u00e9quipe est \u00e0 votre disposition pour r\u00e9pondre \u00e0 toutes vos interrogations. Afin de mieux vous servir, merci de remplir ce formulaire ci-dessous, nous y r\u00e9pondrons dans les meilleurs d\u00e9lais.<\/p>\n<p>_<\/p>\n","protected":false},"excerpt":{"rendered":"<p>XLG Heat Transfer S.L. C\/ Magallanes, 5 Pol\u00edgono Industrial La Estrella 30500 Molina de Segura (Murcia) \/ Espa\u00f1a \/ Spain &hellip; <a href=\"https:\/\/xlg-heattransfer.com\/fr\/contact\/\" class=\"more-link\">Continue reading <span class=\"screen-reader-text\">Contact<\/span><\/a><\/p>\n","protected":false},"author":2,"featured_media":0,"parent":0,"menu_order":17,"comment_status":"closed","ping_status":"closed","template":"page-contacto.php","meta":{"footnotes":""},"class_list":["post-405","page","type-page","status-publish","hentry"],"acf":[],"yoast_head":"<!-- This site is optimized with the Yoast SEO plugin v26.8 - https:\/\/yoast.com\/product\/yoast-seo-wordpress\/ -->\n<title>Contact et devis | XLG Heat Transfer<\/title>\n<meta name=\"description\" content=\"Contactez XLG Heat Transfer pour demander des informations, un devis ou une solution en \u00e9changeurs thermiques et process.\" \/>\n<meta name=\"robots\" content=\"index, follow, max-snippet:-1, max-image-preview:large, max-video-preview:-1\" \/>\n<link rel=\"canonical\" href=\"https:\/\/xlg-heattransfer.com\/fr\/contact\/\" \/>\n<meta property=\"og:locale\" content=\"fr_FR\" \/>\n<meta property=\"og:type\" content=\"article\" \/>\n<meta property=\"og:title\" content=\"Contact et devis | XLG Heat Transfer\" \/>\n<meta property=\"og:description\" content=\"Contactez XLG Heat Transfer pour demander des informations, un devis ou une solution en \u00e9changeurs thermiques et process.\" \/>\n<meta property=\"og:url\" content=\"https:\/\/xlg-heattransfer.com\/fr\/contact\/\" \/>\n<meta property=\"og:site_name\" content=\"XLG Heat Transfer\" \/>\n<meta property=\"article:modified_time\" content=\"2026-03-11T08:04:27+00:00\" \/>\n<meta name=\"twitter:card\" content=\"summary_large_image\" \/>\n<meta name=\"twitter:label1\" content=\"Dur\u00e9e de lecture estim\u00e9e\" \/>\n\t<meta name=\"twitter:data1\" content=\"1 minute\" \/>\n<script type=\"application\/ld+json\" class=\"yoast-schema-graph\">{\"@context\":\"https:\/\/schema.org\",\"@graph\":[{\"@type\":\"WebPage\",\"@id\":\"https:\/\/xlg-heattransfer.com\/fr\/contact\/\",\"url\":\"https:\/\/xlg-heattransfer.com\/fr\/contact\/\",\"name\":\"Contact et devis | XLG Heat Transfer\",\"isPartOf\":{\"@id\":\"https:\/\/xlg-heattransfer.com\/fr\/#website\"},\"datePublished\":\"2022-10-24T14:25:56+00:00\",\"dateModified\":\"2026-03-11T08:04:27+00:00\",\"description\":\"Contactez XLG Heat Transfer pour demander des informations, un devis ou une solution en \u00e9changeurs thermiques et process.\",\"breadcrumb\":{\"@id\":\"https:\/\/xlg-heattransfer.com\/fr\/contact\/#breadcrumb\"},\"inLanguage\":\"fr-FR\",\"potentialAction\":[{\"@type\":\"ReadAction\",\"target\":[\"https:\/\/xlg-heattransfer.com\/fr\/contact\/\"]}]},{\"@type\":\"BreadcrumbList\",\"@id\":\"https:\/\/xlg-heattransfer.com\/fr\/contact\/#breadcrumb\",\"itemListElement\":[{\"@type\":\"ListItem\",\"position\":1,\"name\":\"Home\",\"item\":\"https:\/\/xlg-heattransfer.com\/fr\/\"},{\"@type\":\"ListItem\",\"position\":2,\"name\":\"Contact\"}]},{\"@type\":\"WebSite\",\"@id\":\"https:\/\/xlg-heattransfer.com\/fr\/#website\",\"url\":\"https:\/\/xlg-heattransfer.com\/fr\/\",\"name\":\"XLG Heat Transfer\",\"description\":\"\",\"publisher\":{\"@id\":\"https:\/\/xlg-heattransfer.com\/fr\/#organization\"},\"potentialAction\":[{\"@type\":\"SearchAction\",\"target\":{\"@type\":\"EntryPoint\",\"urlTemplate\":\"https:\/\/xlg-heattransfer.com\/fr\/?s={search_term_string}\"},\"query-input\":{\"@type\":\"PropertyValueSpecification\",\"valueRequired\":true,\"valueName\":\"search_term_string\"}}],\"inLanguage\":\"fr-FR\"},{\"@type\":\"Organization\",\"@id\":\"https:\/\/xlg-heattransfer.com\/fr\/#organization\",\"name\":\"XLG Heat Transfer\",\"url\":\"https:\/\/xlg-heattransfer.com\/fr\/\",\"logo\":{\"@type\":\"ImageObject\",\"inLanguage\":\"fr-FR\",\"@id\":\"https:\/\/xlg-heattransfer.com\/fr\/#\/schema\/logo\/image\/\",\"url\":\"https:\/\/xlg-heattransfer.com\/wp-content\/uploads\/2024\/06\/XLG-logo.png\",\"contentUrl\":\"https:\/\/xlg-heattransfer.com\/wp-content\/uploads\/2024\/06\/XLG-logo.png\",\"width\":945,\"height\":280,\"caption\":\"XLG Heat Transfer\"},\"image\":{\"@id\":\"https:\/\/xlg-heattransfer.com\/fr\/#\/schema\/logo\/image\/\"}}]}<\/script>\n<!-- \/ Yoast SEO plugin. -->","yoast_head_json":{"title":"Contact et devis | XLG Heat Transfer","description":"Contactez XLG Heat Transfer pour demander des informations, un devis ou une solution en \u00e9changeurs thermiques et process.","robots":{"index":"index","follow":"follow","max-snippet":"max-snippet:-1","max-image-preview":"max-image-preview:large","max-video-preview":"max-video-preview:-1"},"canonical":"https:\/\/xlg-heattransfer.com\/fr\/contact\/","og_locale":"fr_FR","og_type":"article","og_title":"Contact et devis | XLG Heat Transfer","og_description":"Contactez XLG Heat Transfer pour demander des informations, un devis ou une solution en \u00e9changeurs thermiques et process.","og_url":"https:\/\/xlg-heattransfer.com\/fr\/contact\/","og_site_name":"XLG Heat Transfer","article_modified_time":"2026-03-11T08:04:27+00:00","twitter_card":"summary_large_image","twitter_misc":{"Dur\u00e9e de lecture estim\u00e9e":"1 minute"},"schema":{"@context":"https:\/\/schema.org","@graph":[{"@type":"WebPage","@id":"https:\/\/xlg-heattransfer.com\/fr\/contact\/","url":"https:\/\/xlg-heattransfer.com\/fr\/contact\/","name":"Contact et devis | XLG Heat Transfer","isPartOf":{"@id":"https:\/\/xlg-heattransfer.com\/fr\/#website"},"datePublished":"2022-10-24T14:25:56+00:00","dateModified":"2026-03-11T08:04:27+00:00","description":"Contactez XLG Heat Transfer pour demander des informations, un devis ou une solution en \u00e9changeurs thermiques et process.","breadcrumb":{"@id":"https:\/\/xlg-heattransfer.com\/fr\/contact\/#breadcrumb"},"inLanguage":"fr-FR","potentialAction":[{"@type":"ReadAction","target":["https:\/\/xlg-heattransfer.com\/fr\/contact\/"]}]},{"@type":"BreadcrumbList","@id":"https:\/\/xlg-heattransfer.com\/fr\/contact\/#breadcrumb","itemListElement":[{"@type":"ListItem","position":1,"name":"Home","item":"https:\/\/xlg-heattransfer.com\/fr\/"},{"@type":"ListItem","position":2,"name":"Contact"}]},{"@type":"WebSite","@id":"https:\/\/xlg-heattransfer.com\/fr\/#website","url":"https:\/\/xlg-heattransfer.com\/fr\/","name":"XLG Heat Transfer","description":"","publisher":{"@id":"https:\/\/xlg-heattransfer.com\/fr\/#organization"},"potentialAction":[{"@type":"SearchAction","target":{"@type":"EntryPoint","urlTemplate":"https:\/\/xlg-heattransfer.com\/fr\/?s={search_term_string}"},"query-input":{"@type":"PropertyValueSpecification","valueRequired":true,"valueName":"search_term_string"}}],"inLanguage":"fr-FR"},{"@type":"Organization","@id":"https:\/\/xlg-heattransfer.com\/fr\/#organization","name":"XLG Heat Transfer","url":"https:\/\/xlg-heattransfer.com\/fr\/","logo":{"@type":"ImageObject","inLanguage":"fr-FR","@id":"https:\/\/xlg-heattransfer.com\/fr\/#\/schema\/logo\/image\/","url":"https:\/\/xlg-heattransfer.com\/wp-content\/uploads\/2024\/06\/XLG-logo.png","contentUrl":"https:\/\/xlg-heattransfer.com\/wp-content\/uploads\/2024\/06\/XLG-logo.png","width":945,"height":280,"caption":"XLG Heat Transfer"},"image":{"@id":"https:\/\/xlg-heattransfer.com\/fr\/#\/schema\/logo\/image\/"}}]}},"_links":{"self":[{"href":"https:\/\/xlg-heattransfer.com\/fr\/wp-json\/wp\/v2\/pages\/405","targetHints":{"allow":["GET"]}}],"collection":[{"href":"https:\/\/xlg-heattransfer.com\/fr\/wp-json\/wp\/v2\/pages"}],"about":[{"href":"https:\/\/xlg-heattransfer.com\/fr\/wp-json\/wp\/v2\/types\/page"}],"author":[{"embeddable":true,"href":"https:\/\/xlg-heattransfer.com\/fr\/wp-json\/wp\/v2\/users\/2"}],"replies":[{"embeddable":true,"href":"https:\/\/xlg-heattransfer.com\/fr\/wp-json\/wp\/v2\/comments?post=405"}],"version-history":[{"count":4,"href":"https:\/\/xlg-heattransfer.com\/fr\/wp-json\/wp\/v2\/pages\/405\/revisions"}],"predecessor-version":[{"id":1507,"href":"https:\/\/xlg-heattransfer.com\/fr\/wp-json\/wp\/v2\/pages\/405\/revisions\/1507"}],"wp:attachment":[{"href":"https:\/\/xlg-heattransfer.com\/fr\/wp-json\/wp\/v2\/media?parent=405"}],"curies":[{"name":"wp","href":"https:\/\/api.w.org\/{rel}","templated":true}]}}