{"id":394,"date":"2022-10-24T10:50:57","date_gmt":"2022-10-24T08:50:57","guid":{"rendered":"https:\/\/xlg-heattransfer.com\/multitubo-mrddp\/"},"modified":"2024-10-16T11:25:06","modified_gmt":"2024-10-16T09:25:06","slug":"multitube-mrddp","status":"publish","type":"page","link":"https:\/\/xlg-heattransfer.com\/fr\/multitube-mrddp\/","title":{"rendered":"\u00c9changeur de chaleur multitube MRDDP"},"content":{"rendered":"<p class=\"p1\">\u00c9changeur de chaleur multitubulaire, \u00e0 faisceau tubulaire soud\u00e9 ou d\u00e9montable, conception hygi\u00e9nique selon les normes sanitaires 3A, \u00e0 tubes ondul\u00e9s ou lisses, recommand\u00e9 pour le traitement de fluides \u00e0 basse et moyenne viscosit\u00e9, de fluides homog\u00e8nes ou de fluides avec de petites particules en suspension.<\/p>\n","protected":false},"excerpt":{"rendered":"<p>\u00c9changeur de chaleur multitubulaire, \u00e0 faisceau tubulaire soud\u00e9 ou d\u00e9montable, conception hygi\u00e9nique selon les normes sanitaires 3A, \u00e0 tubes ondul\u00e9s &hellip; <a href=\"https:\/\/xlg-heattransfer.com\/fr\/multitube-mrddp\/\" class=\"more-link\">Continue reading <span class=\"screen-reader-text\">\u00c9changeur de chaleur multitube MRDDP<\/span><\/a><\/p>\n","protected":false},"author":2,"featured_media":306,"parent":0,"menu_order":1,"comment_status":"closed","ping_status":"closed","template":"page-product.php","meta":{"footnotes":""},"class_list":["post-394","page","type-page","status-publish","has-post-thumbnail","hentry"],"acf":[],"yoast_head":"<!-- This site is optimized with the Yoast SEO plugin v26.8 - https:\/\/yoast.com\/product\/yoast-seo-wordpress\/ -->\n<title>\u00c9changeur de chaleur multitube MRDDP - XLG Heat Transfer<\/title>\n<meta name=\"description\" content=\"\u00c9changeur de chaleur multitubulaire, \u00e0 faisceau tubulaire amovible, double plaque, auto-videur, hygi\u00e9nique\/sanitaire selon les normes 3A.\" \/>\n<meta name=\"robots\" content=\"index, follow, max-snippet:-1, max-image-preview:large, max-video-preview:-1\" \/>\n<link rel=\"canonical\" href=\"https:\/\/xlg-heattransfer.com\/fr\/multitube-mrddp\/\" \/>\n<meta property=\"og:locale\" content=\"fr_FR\" \/>\n<meta property=\"og:type\" content=\"article\" \/>\n<meta property=\"og:title\" content=\"\u00c9changeur de chaleur multitube MRDDP - XLG Heat Transfer\" \/>\n<meta property=\"og:description\" content=\"\u00c9changeur de chaleur multitubulaire, \u00e0 faisceau tubulaire amovible, double plaque, auto-videur, hygi\u00e9nique\/sanitaire selon les normes 3A.\" \/>\n<meta property=\"og:url\" content=\"https:\/\/xlg-heattransfer.com\/fr\/multitube-mrddp\/\" \/>\n<meta property=\"og:site_name\" content=\"XLG Heat Transfer\" \/>\n<meta property=\"article:modified_time\" content=\"2024-10-16T09:25:06+00:00\" \/>\n<meta property=\"og:image\" content=\"https:\/\/xlg-heattransfer.com\/wp-content\/uploads\/2022\/10\/MRDDP_Exterior.png\" \/>\n\t<meta property=\"og:image:width\" content=\"893\" \/>\n\t<meta property=\"og:image:height\" content=\"900\" \/>\n\t<meta property=\"og:image:type\" content=\"image\/png\" \/>\n<meta name=\"twitter:card\" content=\"summary_large_image\" \/>\n<meta name=\"twitter:label1\" content=\"Dur\u00e9e de lecture estim\u00e9e\" \/>\n\t<meta name=\"twitter:data1\" content=\"1 minute\" \/>\n<script type=\"application\/ld+json\" class=\"yoast-schema-graph\">{\"@context\":\"https:\/\/schema.org\",\"@graph\":[{\"@type\":\"WebPage\",\"@id\":\"https:\/\/xlg-heattransfer.com\/fr\/multitube-mrddp\/\",\"url\":\"https:\/\/xlg-heattransfer.com\/fr\/multitube-mrddp\/\",\"name\":\"\u00c9changeur de chaleur multitube MRDDP - XLG Heat Transfer\",\"isPartOf\":{\"@id\":\"https:\/\/xlg-heattransfer.com\/fr\/#website\"},\"primaryImageOfPage\":{\"@id\":\"https:\/\/xlg-heattransfer.com\/fr\/multitube-mrddp\/#primaryimage\"},\"image\":{\"@id\":\"https:\/\/xlg-heattransfer.com\/fr\/multitube-mrddp\/#primaryimage\"},\"thumbnailUrl\":\"https:\/\/xlg-heattransfer.com\/wp-content\/uploads\/2022\/10\/MRDDP_Exterior.png\",\"datePublished\":\"2022-10-24T08:50:57+00:00\",\"dateModified\":\"2024-10-16T09:25:06+00:00\",\"description\":\"\u00c9changeur de chaleur multitubulaire, \u00e0 faisceau tubulaire amovible, double plaque, auto-videur, hygi\u00e9nique\/sanitaire selon les normes 3A.\",\"breadcrumb\":{\"@id\":\"https:\/\/xlg-heattransfer.com\/fr\/multitube-mrddp\/#breadcrumb\"},\"inLanguage\":\"fr-FR\",\"potentialAction\":[{\"@type\":\"ReadAction\",\"target\":[\"https:\/\/xlg-heattransfer.com\/fr\/multitube-mrddp\/\"]}]},{\"@type\":\"ImageObject\",\"inLanguage\":\"fr-FR\",\"@id\":\"https:\/\/xlg-heattransfer.com\/fr\/multitube-mrddp\/#primaryimage\",\"url\":\"https:\/\/xlg-heattransfer.com\/wp-content\/uploads\/2022\/10\/MRDDP_Exterior.png\",\"contentUrl\":\"https:\/\/xlg-heattransfer.com\/wp-content\/uploads\/2022\/10\/MRDDP_Exterior.png\",\"width\":893,\"height\":900,\"caption\":\"Multitube MRDDP Heat Exchanger\"},{\"@type\":\"BreadcrumbList\",\"@id\":\"https:\/\/xlg-heattransfer.com\/fr\/multitube-mrddp\/#breadcrumb\",\"itemListElement\":[{\"@type\":\"ListItem\",\"position\":1,\"name\":\"Home\",\"item\":\"https:\/\/xlg-heattransfer.com\/fr\/\"},{\"@type\":\"ListItem\",\"position\":2,\"name\":\"\u00c9changeur de chaleur multitube MRDDP\"}]},{\"@type\":\"WebSite\",\"@id\":\"https:\/\/xlg-heattransfer.com\/fr\/#website\",\"url\":\"https:\/\/xlg-heattransfer.com\/fr\/\",\"name\":\"XLG Heat Transfer\",\"description\":\"\",\"publisher\":{\"@id\":\"https:\/\/xlg-heattransfer.com\/fr\/#organization\"},\"potentialAction\":[{\"@type\":\"SearchAction\",\"target\":{\"@type\":\"EntryPoint\",\"urlTemplate\":\"https:\/\/xlg-heattransfer.com\/fr\/?s={search_term_string}\"},\"query-input\":{\"@type\":\"PropertyValueSpecification\",\"valueRequired\":true,\"valueName\":\"search_term_string\"}}],\"inLanguage\":\"fr-FR\"},{\"@type\":\"Organization\",\"@id\":\"https:\/\/xlg-heattransfer.com\/fr\/#organization\",\"name\":\"XLG Heat Transfer\",\"url\":\"https:\/\/xlg-heattransfer.com\/fr\/\",\"logo\":{\"@type\":\"ImageObject\",\"inLanguage\":\"fr-FR\",\"@id\":\"https:\/\/xlg-heattransfer.com\/fr\/#\/schema\/logo\/image\/\",\"url\":\"https:\/\/xlg-heattransfer.com\/wp-content\/uploads\/2024\/06\/XLG-logo.png\",\"contentUrl\":\"https:\/\/xlg-heattransfer.com\/wp-content\/uploads\/2024\/06\/XLG-logo.png\",\"width\":945,\"height\":280,\"caption\":\"XLG Heat Transfer\"},\"image\":{\"@id\":\"https:\/\/xlg-heattransfer.com\/fr\/#\/schema\/logo\/image\/\"}}]}<\/script>\n<!-- \/ Yoast SEO plugin. -->","yoast_head_json":{"title":"\u00c9changeur de chaleur multitube MRDDP - XLG Heat Transfer","description":"\u00c9changeur de chaleur multitubulaire, \u00e0 faisceau tubulaire amovible, double plaque, auto-videur, hygi\u00e9nique\/sanitaire selon les normes 3A.","robots":{"index":"index","follow":"follow","max-snippet":"max-snippet:-1","max-image-preview":"max-image-preview:large","max-video-preview":"max-video-preview:-1"},"canonical":"https:\/\/xlg-heattransfer.com\/fr\/multitube-mrddp\/","og_locale":"fr_FR","og_type":"article","og_title":"\u00c9changeur de chaleur multitube MRDDP - XLG Heat Transfer","og_description":"\u00c9changeur de chaleur multitubulaire, \u00e0 faisceau tubulaire amovible, double plaque, auto-videur, hygi\u00e9nique\/sanitaire selon les normes 3A.","og_url":"https:\/\/xlg-heattransfer.com\/fr\/multitube-mrddp\/","og_site_name":"XLG Heat Transfer","article_modified_time":"2024-10-16T09:25:06+00:00","og_image":[{"width":893,"height":900,"url":"https:\/\/xlg-heattransfer.com\/wp-content\/uploads\/2022\/10\/MRDDP_Exterior.png","type":"image\/png"}],"twitter_card":"summary_large_image","twitter_misc":{"Dur\u00e9e de lecture estim\u00e9e":"1 minute"},"schema":{"@context":"https:\/\/schema.org","@graph":[{"@type":"WebPage","@id":"https:\/\/xlg-heattransfer.com\/fr\/multitube-mrddp\/","url":"https:\/\/xlg-heattransfer.com\/fr\/multitube-mrddp\/","name":"\u00c9changeur de chaleur multitube MRDDP - XLG Heat Transfer","isPartOf":{"@id":"https:\/\/xlg-heattransfer.com\/fr\/#website"},"primaryImageOfPage":{"@id":"https:\/\/xlg-heattransfer.com\/fr\/multitube-mrddp\/#primaryimage"},"image":{"@id":"https:\/\/xlg-heattransfer.com\/fr\/multitube-mrddp\/#primaryimage"},"thumbnailUrl":"https:\/\/xlg-heattransfer.com\/wp-content\/uploads\/2022\/10\/MRDDP_Exterior.png","datePublished":"2022-10-24T08:50:57+00:00","dateModified":"2024-10-16T09:25:06+00:00","description":"\u00c9changeur de chaleur multitubulaire, \u00e0 faisceau tubulaire amovible, double plaque, auto-videur, hygi\u00e9nique\/sanitaire selon les normes 3A.","breadcrumb":{"@id":"https:\/\/xlg-heattransfer.com\/fr\/multitube-mrddp\/#breadcrumb"},"inLanguage":"fr-FR","potentialAction":[{"@type":"ReadAction","target":["https:\/\/xlg-heattransfer.com\/fr\/multitube-mrddp\/"]}]},{"@type":"ImageObject","inLanguage":"fr-FR","@id":"https:\/\/xlg-heattransfer.com\/fr\/multitube-mrddp\/#primaryimage","url":"https:\/\/xlg-heattransfer.com\/wp-content\/uploads\/2022\/10\/MRDDP_Exterior.png","contentUrl":"https:\/\/xlg-heattransfer.com\/wp-content\/uploads\/2022\/10\/MRDDP_Exterior.png","width":893,"height":900,"caption":"Multitube MRDDP Heat Exchanger"},{"@type":"BreadcrumbList","@id":"https:\/\/xlg-heattransfer.com\/fr\/multitube-mrddp\/#breadcrumb","itemListElement":[{"@type":"ListItem","position":1,"name":"Home","item":"https:\/\/xlg-heattransfer.com\/fr\/"},{"@type":"ListItem","position":2,"name":"\u00c9changeur de chaleur multitube MRDDP"}]},{"@type":"WebSite","@id":"https:\/\/xlg-heattransfer.com\/fr\/#website","url":"https:\/\/xlg-heattransfer.com\/fr\/","name":"XLG Heat Transfer","description":"","publisher":{"@id":"https:\/\/xlg-heattransfer.com\/fr\/#organization"},"potentialAction":[{"@type":"SearchAction","target":{"@type":"EntryPoint","urlTemplate":"https:\/\/xlg-heattransfer.com\/fr\/?s={search_term_string}"},"query-input":{"@type":"PropertyValueSpecification","valueRequired":true,"valueName":"search_term_string"}}],"inLanguage":"fr-FR"},{"@type":"Organization","@id":"https:\/\/xlg-heattransfer.com\/fr\/#organization","name":"XLG Heat Transfer","url":"https:\/\/xlg-heattransfer.com\/fr\/","logo":{"@type":"ImageObject","inLanguage":"fr-FR","@id":"https:\/\/xlg-heattransfer.com\/fr\/#\/schema\/logo\/image\/","url":"https:\/\/xlg-heattransfer.com\/wp-content\/uploads\/2024\/06\/XLG-logo.png","contentUrl":"https:\/\/xlg-heattransfer.com\/wp-content\/uploads\/2024\/06\/XLG-logo.png","width":945,"height":280,"caption":"XLG Heat Transfer"},"image":{"@id":"https:\/\/xlg-heattransfer.com\/fr\/#\/schema\/logo\/image\/"}}]}},"_links":{"self":[{"href":"https:\/\/xlg-heattransfer.com\/fr\/wp-json\/wp\/v2\/pages\/394","targetHints":{"allow":["GET"]}}],"collection":[{"href":"https:\/\/xlg-heattransfer.com\/fr\/wp-json\/wp\/v2\/pages"}],"about":[{"href":"https:\/\/xlg-heattransfer.com\/fr\/wp-json\/wp\/v2\/types\/page"}],"author":[{"embeddable":true,"href":"https:\/\/xlg-heattransfer.com\/fr\/wp-json\/wp\/v2\/users\/2"}],"replies":[{"embeddable":true,"href":"https:\/\/xlg-heattransfer.com\/fr\/wp-json\/wp\/v2\/comments?post=394"}],"version-history":[{"count":5,"href":"https:\/\/xlg-heattransfer.com\/fr\/wp-json\/wp\/v2\/pages\/394\/revisions"}],"predecessor-version":[{"id":1408,"href":"https:\/\/xlg-heattransfer.com\/fr\/wp-json\/wp\/v2\/pages\/394\/revisions\/1408"}],"wp:featuredmedia":[{"embeddable":true,"href":"https:\/\/xlg-heattransfer.com\/fr\/wp-json\/wp\/v2\/media\/306"}],"wp:attachment":[{"href":"https:\/\/xlg-heattransfer.com\/fr\/wp-json\/wp\/v2\/media?parent=394"}],"curies":[{"name":"wp","href":"https:\/\/api.w.org\/{rel}","templated":true}]}}