{"id":385,"date":"2022-10-24T15:59:03","date_gmt":"2022-10-24T13:59:03","guid":{"rendered":"https:\/\/xlg-heattransfer.com\/legal-notice\/"},"modified":"2026-03-11T10:04:52","modified_gmt":"2026-03-11T08:04:52","slug":"legal-notice","status":"publish","type":"page","link":"https:\/\/xlg-heattransfer.com\/fr\/legal-notice\/","title":{"rendered":"Legal notice"},"content":{"rendered":"<p><span style=\"font-family: helvetica, arial, sans-serif; font-size: 10pt;\">XLG Heat Transfer, S.L., ci-apr\u00e8s LA SOCI\u00c9T\u00c9, vous recommande de lire les mentions l\u00e9gales de ce site Web, qui appartient \u00e0 l&rsquo;entreprise XLG Heat Transfer, S.L., de mani\u00e8re responsable et attentive. Ci-apr\u00e8s Conditions d&rsquo;Utilisation, pour bien comprendre les conditions qui r\u00e9gissent la navigation sur le Site Internet susmentionn\u00e9. Le site Web\u00a0http:\/\/www.xlg-heattransfer.com\/es\/,\u00a0ci-apr\u00e8s le site Web, appartient \u00e0\u00a0XLG Heat Transfer, S.L. CIF B \u2013 73386500, dont le si\u00e8ge social est situ\u00e9 Calle Magallanes (poligono Industrial la Estrella), 6, Molina de Segura, 30500, Murcie. L&rsquo;ENTREPRISE s&rsquo;engage \u00e0 respecter les crit\u00e8res de clart\u00e9 et de transparence, c&rsquo;est pourquoi, pour clarifier tout doute ou r\u00e9pondre \u00e0 toute suggestion, nous mettons \u00e0 la disposition des utilisateurs le num\u00e9ro de t\u00e9l\u00e9phone\u00a0+34 868 000 085\u00a0ou l&rsquo;adresse e-mail\u00a0<span \n                data-original-string='Uu8uAxAi5GCOLKKkcQZCvA==d6dsh9ZSx1tcU1zLA3bPr0ADr8NSvVND7F+lrntjWOQrHA='\n                class='apbct-email-encoder'\n                title='This contact has been encoded by Anti-Spam by CleanTalk. Click to decode. To finish the decoding make sure that JavaScript is enabled in your browser.'>in<span class=\"apbct-blur\">**<\/span>@<span class=\"apbct-blur\">**************<\/span>er.com<\/span>\u00a0 . Par cons\u00e9quent, LA SOCI\u00c9T\u00c9 met \u00e0 disposition les contenus et les services du Site Web, conform\u00e9ment aux Conditions d&rsquo;Utilisation qui sont \u00e9tablies ici et \u00e0 la politique de protection des donn\u00e9es personnelles incluse dans les pr\u00e9sentes. Nous vous informons que la qualit\u00e9 d&rsquo;Utilisateur s&rsquo;acquiert par le simple acc\u00e8s \u00e0 ce Site Internet ou par son utilisation sous quelque forme que ce soit, ce qui implique l&rsquo;acceptation, sans r\u00e9serve, des pr\u00e9sentes Conditions d&rsquo;Utilisation. La SOCI\u00c9T\u00c9 se r\u00e9serve le droit de modifier \u00e0 tout moment les Conditions d\u2019Utilisation susvis\u00e9es. Gr\u00e2ce \u00e0 ce site Web, LA SOCI\u00c9T\u00c9 peut offrir aux utilisateurs l&rsquo;acc\u00e8s aux informations d&rsquo;autres soci\u00e9t\u00e9s, \u00e0 des produits et services. Ces informations n\u2019engagent pas LA SOCI\u00c9T\u00c9 et ne constituent aucun avis, conseil ou \u00e9valuation juridique de quelque nature que ce soit, car il s\u2019agit simplement d\u2019un service propos\u00e9 \u00e0 des fins d\u2019information et d\u2019int\u00e9r\u00eat g\u00e9n\u00e9ral. Tous les textes, images, fichiers audio, graphiques et tout autre type de contenu inclus dans ce site Web sont la propri\u00e9t\u00e9 exclusive de LA SOCI\u00c9T\u00c9 ou de ses conc\u00e9dants de licence. La transmission, la distribution, la cession, la reproduction, le stockage ou la communication au public de tout \u00e9l\u00e9ment de ce contenu, que ce soit partiellement ou int\u00e9gralement, doivent \u00eatre express\u00e9ment accept\u00e9es par LA SOCI\u00c9T\u00c9. La confidentialit\u00e9 et le traitement des donn\u00e9es que vous pourriez avoir besoin de fournir pour acc\u00e9der \u00e0 certains types de contenus ou services seront consid\u00e9r\u00e9s comme authentiques, v\u00e9ridiques et exacts, caract\u00e9ristiques dont l&rsquo;utilisateur est responsable. De son c\u00f4t\u00e9, LA SOCI\u00c9T\u00c9 traite ces donn\u00e9es de mani\u00e8re appropri\u00e9e et automatique, en fonction de leur nature et de leur finalit\u00e9, conform\u00e9ment \u00e0 la politique de confidentialit\u00e9 des donn\u00e9es. L&rsquo;Utilisateur assume la responsabilit\u00e9 de ne pas utiliser le Site Web et son contenu de mani\u00e8re inappropri\u00e9e ou ill\u00e9gale, ainsi que de fournir des informations v\u00e9ridiques sur ses donn\u00e9es personnelles dans les formulaires du Site Web et de les tenir \u00e0 jour \u00e0 tout moment, car l&rsquo;Utilisateur est le responsable de leur exactitude et des \u00e9ventuelles fausset\u00e9s ou inexactitudes ainsi que des dommages et cons\u00e9quences qu&rsquo;ils pourraient causer \u00e0 LA SOCI\u00c9T\u00c9. L&rsquo;utilisateur utilisera \u00e9galement correctement tout type de mot de passe qui pourrait lui \u00eatre fourni pour acc\u00e9der aux services et contenus du Site. Le mot de passe sera gard\u00e9 secret et l&rsquo;utilisateur sera responsable de sa confidentialit\u00e9 et de sa conservation. En outre, il ne pourra pas le c\u00e9der \u00e0 des tiers, quelle que soit la p\u00e9riode pendant laquelle ledit mot de passe permettra \u00e0 des tiers d&rsquo;acc\u00e9der aux services et aux contenus du site Web, exon\u00e9rant explicitement LA SOCI\u00c9T\u00c9 de toute responsabilit\u00e9 en cas d&rsquo;utilisation ill\u00e9gale du mot de passe. Pour acc\u00e9der \u00e0 certains des services que LA SOCI\u00c9T\u00c9 propose via son site Internet, vous devez fournir certaines donn\u00e9es personnelles. Conform\u00e9ment au r\u00e8glement UE 2016\/679 du Parlement europ\u00e9en et du Conseil du 27 avril 2016 relatif \u00e0 la protection des personnes physiques \u00e0 l&rsquo;\u00e9gard du traitement des donn\u00e9es \u00e0 caract\u00e8re personnel et \u00e0 la libre circulation de ces donn\u00e9es, comme pr\u00e9vu dans la loi organique 3\/2018 du 5 d\u00e9cembre. sur la protection des donn\u00e9es personnelles et la garantie des droits num\u00e9riques (LOPD-GDD), nous vous informons qu&rsquo;en remplissant ces formulaires, vos donn\u00e9es personnelles seront incluses et trait\u00e9es dans les fichiers de L&rsquo;ENTREPRISE dans le but de fournir et vous proposer nos services, et pour vous informer de toute mise \u00e0 jour du Site Internet. De m\u00eame, nous vous informons que vous pouvez exercer librement votre droit d&rsquo;acc\u00e8s, de rectification, d&rsquo;annulation, d&rsquo;opposition ou de limitation au traitement de vos donn\u00e9es personnelles (droits ARCO), en nous adressant un email \u00e0 &#8212; ou \u00e0 l&rsquo;adresse postale mentionn\u00e9e ci-dessus, nous fournir une pi\u00e8ce d\u2019identit\u00e9 nationale et indiquer le droit que vous souhaitez exercer. LA SOCI\u00c9T\u00c9 ne peut garantir l&rsquo;acc\u00e8s continu, l&rsquo;affichage correct, le t\u00e9l\u00e9chargement ou l&rsquo;utilisation des \u00e9l\u00e9ments et informations contenus dans le site Web car ils peuvent \u00eatre d\u00e9sactiv\u00e9s, entrav\u00e9s ou interrompus par des facteurs ou des circonstances ind\u00e9pendantes de notre volont\u00e9. Par cons\u00e9quent, LA SOCI\u00c9T\u00c9 ne pourra \u00eatre tenue responsable de tous dommages ou pr\u00e9judices que l&rsquo;Utilisateur pourrait subir du fait d&rsquo;une d\u00e9connexion ou d&rsquo;erreurs dans les r\u00e9seaux de t\u00e9l\u00e9communication et qui affecteraient le bon fonctionnement du service. Plus pr\u00e9cis\u00e9ment, LA SOCI\u00c9T\u00c9 n&rsquo;est pas responsable des dommages qui pourraient en r\u00e9sulter, sans pr\u00e9judice d&rsquo;autres motifs, du fait de : Pannes et erreurs dans le fonctionnement du syst\u00e8me \u00e9lectronique dues \u00e0 des d\u00e9ficiences, surcharges et\/ou dysfonctionnements des voies et r\u00e9seaux de t\u00e9l\u00e9communication, qui \u00e9chappent au contr\u00f4le de L\u2019ENTREPRISE. L&rsquo;interf\u00e9rence, ext\u00e9rieure \u00e0 LA SOCI\u00c9T\u00c9, par des programmes nuisibles, tels que des virus informatiques. Utilisation inappropri\u00e9e et inad\u00e9quate du site Web. LA SOCI\u00c9T\u00c9 est exon\u00e9r\u00e9e de toute responsabilit\u00e9 quant au contenu qui peut \u00eatre re\u00e7u via les formulaires de collecte de donn\u00e9es propos\u00e9s dans le seul but de fournir des services et des demandes de renseignements li\u00e9s \u00e0 LA SOCI\u00c9T\u00c9. Les contenus inclus sur le site Internet de LA SOCI\u00c9T\u00c9 ont g\u00e9n\u00e9ralement uniquement un but informatif. Pour cette raison, LA SOCI\u00c9T\u00c9 ne fournit aucune garantie concernant ce contenu, sauf dans la mesure o\u00f9 de telles d\u00e9clarations et garanties ne peuvent \u00eatre exclues par la loi.<\/span><\/p>\n","protected":false},"excerpt":{"rendered":"<p>XLG Heat Transfer, S.L., ci-apr\u00e8s LA SOCI\u00c9T\u00c9, vous recommande de lire les mentions l\u00e9gales de ce site Web, qui appartient &hellip; <a href=\"https:\/\/xlg-heattransfer.com\/fr\/legal-notice\/\" class=\"more-link\">Continue reading <span class=\"screen-reader-text\">Legal notice<\/span><\/a><\/p>\n","protected":false},"author":2,"featured_media":0,"parent":0,"menu_order":21,"comment_status":"closed","ping_status":"closed","template":"","meta":{"footnotes":""},"class_list":["post-385","page","type-page","status-publish","hentry"],"acf":[],"yoast_head":"<!-- This site is optimized with the Yoast SEO plugin v26.8 - https:\/\/yoast.com\/product\/yoast-seo-wordpress\/ -->\n<title>Mentions l\u00e9gales | XLG Heat Transfer<\/title>\n<meta name=\"description\" content=\"Consultez les mentions l\u00e9gales de XLG Heat Transfer : informations sur l\u2019entreprise, conditions d\u2019utilisation et cadre juridique du site.\" \/>\n<meta name=\"robots\" content=\"index, follow, max-snippet:-1, max-image-preview:large, max-video-preview:-1\" \/>\n<link rel=\"canonical\" href=\"https:\/\/xlg-heattransfer.com\/fr\/legal-notice\/\" \/>\n<meta property=\"og:locale\" content=\"fr_FR\" \/>\n<meta property=\"og:type\" content=\"article\" \/>\n<meta property=\"og:title\" content=\"Mentions l\u00e9gales | XLG Heat Transfer\" \/>\n<meta property=\"og:description\" content=\"Consultez les mentions l\u00e9gales de XLG Heat Transfer : informations sur l\u2019entreprise, conditions d\u2019utilisation et cadre juridique du site.\" \/>\n<meta property=\"og:url\" content=\"https:\/\/xlg-heattransfer.com\/fr\/legal-notice\/\" \/>\n<meta property=\"og:site_name\" content=\"XLG Heat Transfer\" \/>\n<meta property=\"article:modified_time\" content=\"2026-03-11T08:04:52+00:00\" \/>\n<meta name=\"twitter:card\" content=\"summary_large_image\" \/>\n<meta name=\"twitter:label1\" content=\"Dur\u00e9e de lecture estim\u00e9e\" \/>\n\t<meta name=\"twitter:data1\" content=\"5 minutes\" \/>\n<script type=\"application\/ld+json\" class=\"yoast-schema-graph\">{\"@context\":\"https:\/\/schema.org\",\"@graph\":[{\"@type\":\"WebPage\",\"@id\":\"https:\/\/xlg-heattransfer.com\/fr\/legal-notice\/\",\"url\":\"https:\/\/xlg-heattransfer.com\/fr\/legal-notice\/\",\"name\":\"Mentions l\u00e9gales | XLG Heat Transfer\",\"isPartOf\":{\"@id\":\"https:\/\/xlg-heattransfer.com\/fr\/#website\"},\"datePublished\":\"2022-10-24T13:59:03+00:00\",\"dateModified\":\"2026-03-11T08:04:52+00:00\",\"description\":\"Consultez les mentions l\u00e9gales de XLG Heat Transfer : informations sur l\u2019entreprise, conditions d\u2019utilisation et cadre juridique du site.\",\"breadcrumb\":{\"@id\":\"https:\/\/xlg-heattransfer.com\/fr\/legal-notice\/#breadcrumb\"},\"inLanguage\":\"fr-FR\",\"potentialAction\":[{\"@type\":\"ReadAction\",\"target\":[\"https:\/\/xlg-heattransfer.com\/fr\/legal-notice\/\"]}]},{\"@type\":\"BreadcrumbList\",\"@id\":\"https:\/\/xlg-heattransfer.com\/fr\/legal-notice\/#breadcrumb\",\"itemListElement\":[{\"@type\":\"ListItem\",\"position\":1,\"name\":\"Home\",\"item\":\"https:\/\/xlg-heattransfer.com\/fr\/\"},{\"@type\":\"ListItem\",\"position\":2,\"name\":\"Legal notice\"}]},{\"@type\":\"WebSite\",\"@id\":\"https:\/\/xlg-heattransfer.com\/fr\/#website\",\"url\":\"https:\/\/xlg-heattransfer.com\/fr\/\",\"name\":\"XLG Heat Transfer\",\"description\":\"\",\"publisher\":{\"@id\":\"https:\/\/xlg-heattransfer.com\/fr\/#organization\"},\"potentialAction\":[{\"@type\":\"SearchAction\",\"target\":{\"@type\":\"EntryPoint\",\"urlTemplate\":\"https:\/\/xlg-heattransfer.com\/fr\/?s={search_term_string}\"},\"query-input\":{\"@type\":\"PropertyValueSpecification\",\"valueRequired\":true,\"valueName\":\"search_term_string\"}}],\"inLanguage\":\"fr-FR\"},{\"@type\":\"Organization\",\"@id\":\"https:\/\/xlg-heattransfer.com\/fr\/#organization\",\"name\":\"XLG Heat Transfer\",\"url\":\"https:\/\/xlg-heattransfer.com\/fr\/\",\"logo\":{\"@type\":\"ImageObject\",\"inLanguage\":\"fr-FR\",\"@id\":\"https:\/\/xlg-heattransfer.com\/fr\/#\/schema\/logo\/image\/\",\"url\":\"https:\/\/xlg-heattransfer.com\/wp-content\/uploads\/2024\/06\/XLG-logo.png\",\"contentUrl\":\"https:\/\/xlg-heattransfer.com\/wp-content\/uploads\/2024\/06\/XLG-logo.png\",\"width\":945,\"height\":280,\"caption\":\"XLG Heat Transfer\"},\"image\":{\"@id\":\"https:\/\/xlg-heattransfer.com\/fr\/#\/schema\/logo\/image\/\"}}]}<\/script>\n<!-- \/ Yoast SEO plugin. -->","yoast_head_json":{"title":"Mentions l\u00e9gales | XLG Heat Transfer","description":"Consultez les mentions l\u00e9gales de XLG Heat Transfer : informations sur l\u2019entreprise, conditions d\u2019utilisation et cadre juridique du site.","robots":{"index":"index","follow":"follow","max-snippet":"max-snippet:-1","max-image-preview":"max-image-preview:large","max-video-preview":"max-video-preview:-1"},"canonical":"https:\/\/xlg-heattransfer.com\/fr\/legal-notice\/","og_locale":"fr_FR","og_type":"article","og_title":"Mentions l\u00e9gales | XLG Heat Transfer","og_description":"Consultez les mentions l\u00e9gales de XLG Heat Transfer : informations sur l\u2019entreprise, conditions d\u2019utilisation et cadre juridique du site.","og_url":"https:\/\/xlg-heattransfer.com\/fr\/legal-notice\/","og_site_name":"XLG Heat Transfer","article_modified_time":"2026-03-11T08:04:52+00:00","twitter_card":"summary_large_image","twitter_misc":{"Dur\u00e9e de lecture estim\u00e9e":"5 minutes"},"schema":{"@context":"https:\/\/schema.org","@graph":[{"@type":"WebPage","@id":"https:\/\/xlg-heattransfer.com\/fr\/legal-notice\/","url":"https:\/\/xlg-heattransfer.com\/fr\/legal-notice\/","name":"Mentions l\u00e9gales | XLG Heat Transfer","isPartOf":{"@id":"https:\/\/xlg-heattransfer.com\/fr\/#website"},"datePublished":"2022-10-24T13:59:03+00:00","dateModified":"2026-03-11T08:04:52+00:00","description":"Consultez les mentions l\u00e9gales de XLG Heat Transfer : informations sur l\u2019entreprise, conditions d\u2019utilisation et cadre juridique du site.","breadcrumb":{"@id":"https:\/\/xlg-heattransfer.com\/fr\/legal-notice\/#breadcrumb"},"inLanguage":"fr-FR","potentialAction":[{"@type":"ReadAction","target":["https:\/\/xlg-heattransfer.com\/fr\/legal-notice\/"]}]},{"@type":"BreadcrumbList","@id":"https:\/\/xlg-heattransfer.com\/fr\/legal-notice\/#breadcrumb","itemListElement":[{"@type":"ListItem","position":1,"name":"Home","item":"https:\/\/xlg-heattransfer.com\/fr\/"},{"@type":"ListItem","position":2,"name":"Legal notice"}]},{"@type":"WebSite","@id":"https:\/\/xlg-heattransfer.com\/fr\/#website","url":"https:\/\/xlg-heattransfer.com\/fr\/","name":"XLG Heat Transfer","description":"","publisher":{"@id":"https:\/\/xlg-heattransfer.com\/fr\/#organization"},"potentialAction":[{"@type":"SearchAction","target":{"@type":"EntryPoint","urlTemplate":"https:\/\/xlg-heattransfer.com\/fr\/?s={search_term_string}"},"query-input":{"@type":"PropertyValueSpecification","valueRequired":true,"valueName":"search_term_string"}}],"inLanguage":"fr-FR"},{"@type":"Organization","@id":"https:\/\/xlg-heattransfer.com\/fr\/#organization","name":"XLG Heat Transfer","url":"https:\/\/xlg-heattransfer.com\/fr\/","logo":{"@type":"ImageObject","inLanguage":"fr-FR","@id":"https:\/\/xlg-heattransfer.com\/fr\/#\/schema\/logo\/image\/","url":"https:\/\/xlg-heattransfer.com\/wp-content\/uploads\/2024\/06\/XLG-logo.png","contentUrl":"https:\/\/xlg-heattransfer.com\/wp-content\/uploads\/2024\/06\/XLG-logo.png","width":945,"height":280,"caption":"XLG Heat Transfer"},"image":{"@id":"https:\/\/xlg-heattransfer.com\/fr\/#\/schema\/logo\/image\/"}}]}},"_links":{"self":[{"href":"https:\/\/xlg-heattransfer.com\/fr\/wp-json\/wp\/v2\/pages\/385","targetHints":{"allow":["GET"]}}],"collection":[{"href":"https:\/\/xlg-heattransfer.com\/fr\/wp-json\/wp\/v2\/pages"}],"about":[{"href":"https:\/\/xlg-heattransfer.com\/fr\/wp-json\/wp\/v2\/types\/page"}],"author":[{"embeddable":true,"href":"https:\/\/xlg-heattransfer.com\/fr\/wp-json\/wp\/v2\/users\/2"}],"replies":[{"embeddable":true,"href":"https:\/\/xlg-heattransfer.com\/fr\/wp-json\/wp\/v2\/comments?post=385"}],"version-history":[{"count":3,"href":"https:\/\/xlg-heattransfer.com\/fr\/wp-json\/wp\/v2\/pages\/385\/revisions"}],"predecessor-version":[{"id":1034,"href":"https:\/\/xlg-heattransfer.com\/fr\/wp-json\/wp\/v2\/pages\/385\/revisions\/1034"}],"wp:attachment":[{"href":"https:\/\/xlg-heattransfer.com\/fr\/wp-json\/wp\/v2\/media?parent=385"}],"curies":[{"name":"wp","href":"https:\/\/api.w.org\/{rel}","templated":true}]}}