{"id":370,"date":"2022-10-24T10:51:40","date_gmt":"2022-10-24T08:51:40","guid":{"rendered":"https:\/\/xlg-heattransfer.com\/monotubo-higienico-sd\/"},"modified":"2024-10-17T08:55:06","modified_gmt":"2024-10-17T06:55:06","slug":"monotube-hygienique-sd","status":"publish","type":"page","link":"https:\/\/xlg-heattransfer.com\/fr\/monotube-hygienique-sd\/","title":{"rendered":"\u00c9changeur de chaleur monotube DD"},"content":{"rendered":"<p class=\"p1\">Echangeur de chaleur tube-in-tube, soud\u00e9 ou d\u00e9montable, conception hygi\u00e9nique selon les normes sanitaires 3A, \u00e0 tube ondul\u00e9 ou lisse, recommand\u00e9 pour le traitement de boues ou de fluides avec des solides en suspension de toute taille.<\/p>\n<p class=\"p1\">Conditions de temp\u00e9rature 180\u00baC et pression 25 bar (autres sur demande). Fabriqu\u00e9s en acier inoxydable, Duplex et Titane.<\/p>\n","protected":false},"excerpt":{"rendered":"<p>Echangeur de chaleur tube-in-tube, soud\u00e9 ou d\u00e9montable, conception hygi\u00e9nique selon les normes sanitaires 3A, \u00e0 tube ondul\u00e9 ou lisse, recommand\u00e9 &hellip; <a href=\"https:\/\/xlg-heattransfer.com\/fr\/monotube-hygienique-sd\/\" class=\"more-link\">Continue reading <span class=\"screen-reader-text\">\u00c9changeur de chaleur monotube DD<\/span><\/a><\/p>\n","protected":false},"author":2,"featured_media":308,"parent":0,"menu_order":7,"comment_status":"closed","ping_status":"closed","template":"page-product.php","meta":{"footnotes":""},"class_list":["post-370","page","type-page","status-publish","has-post-thumbnail","hentry"],"acf":[],"yoast_head":"<!-- This site is optimized with the Yoast SEO plugin v26.8 - https:\/\/yoast.com\/product\/yoast-seo-wordpress\/ -->\n<title>\u00c9changeur de chaleur monotube DD - XLG Heat Transfer<\/title>\n<meta name=\"description\" content=\"Echangeur de chaleur dessin\u00e9 pour le traitement de boues ou de fluides avec des solides en suspension de toute taille.\" \/>\n<meta name=\"robots\" content=\"index, follow, max-snippet:-1, max-image-preview:large, max-video-preview:-1\" \/>\n<link rel=\"canonical\" href=\"https:\/\/xlg-heattransfer.com\/fr\/monotube-hygienique-sd\/\" \/>\n<meta property=\"og:locale\" content=\"fr_FR\" \/>\n<meta property=\"og:type\" content=\"article\" \/>\n<meta property=\"og:title\" content=\"\u00c9changeur de chaleur monotube DD - XLG Heat Transfer\" \/>\n<meta property=\"og:description\" content=\"Echangeur de chaleur dessin\u00e9 pour le traitement de boues ou de fluides avec des solides en suspension de toute taille.\" \/>\n<meta property=\"og:url\" content=\"https:\/\/xlg-heattransfer.com\/fr\/monotube-hygienique-sd\/\" \/>\n<meta property=\"og:site_name\" content=\"XLG Heat Transfer\" \/>\n<meta property=\"article:modified_time\" content=\"2024-10-17T06:55:06+00:00\" \/>\n<meta property=\"og:image\" content=\"https:\/\/xlg-heattransfer.com\/wp-content\/uploads\/2022\/10\/SD_Exterior.png\" \/>\n\t<meta property=\"og:image:width\" content=\"893\" \/>\n\t<meta property=\"og:image:height\" content=\"900\" \/>\n\t<meta property=\"og:image:type\" content=\"image\/png\" \/>\n<meta name=\"twitter:card\" content=\"summary_large_image\" \/>\n<meta name=\"twitter:label1\" content=\"Dur\u00e9e de lecture estim\u00e9e\" \/>\n\t<meta name=\"twitter:data1\" content=\"1 minute\" \/>\n<script type=\"application\/ld+json\" class=\"yoast-schema-graph\">{\"@context\":\"https:\/\/schema.org\",\"@graph\":[{\"@type\":\"WebPage\",\"@id\":\"https:\/\/xlg-heattransfer.com\/fr\/monotube-hygienique-sd\/\",\"url\":\"https:\/\/xlg-heattransfer.com\/fr\/monotube-hygienique-sd\/\",\"name\":\"\u00c9changeur de chaleur monotube DD - XLG Heat Transfer\",\"isPartOf\":{\"@id\":\"https:\/\/xlg-heattransfer.com\/fr\/#website\"},\"primaryImageOfPage\":{\"@id\":\"https:\/\/xlg-heattransfer.com\/fr\/monotube-hygienique-sd\/#primaryimage\"},\"image\":{\"@id\":\"https:\/\/xlg-heattransfer.com\/fr\/monotube-hygienique-sd\/#primaryimage\"},\"thumbnailUrl\":\"https:\/\/xlg-heattransfer.com\/wp-content\/uploads\/2022\/10\/SD_Exterior.png\",\"datePublished\":\"2022-10-24T08:51:40+00:00\",\"dateModified\":\"2024-10-17T06:55:06+00:00\",\"description\":\"Echangeur de chaleur dessin\u00e9 pour le traitement de boues ou de fluides avec des solides en suspension de toute taille.\",\"breadcrumb\":{\"@id\":\"https:\/\/xlg-heattransfer.com\/fr\/monotube-hygienique-sd\/#breadcrumb\"},\"inLanguage\":\"fr-FR\",\"potentialAction\":[{\"@type\":\"ReadAction\",\"target\":[\"https:\/\/xlg-heattransfer.com\/fr\/monotube-hygienique-sd\/\"]}]},{\"@type\":\"ImageObject\",\"inLanguage\":\"fr-FR\",\"@id\":\"https:\/\/xlg-heattransfer.com\/fr\/monotube-hygienique-sd\/#primaryimage\",\"url\":\"https:\/\/xlg-heattransfer.com\/wp-content\/uploads\/2022\/10\/SD_Exterior.png\",\"contentUrl\":\"https:\/\/xlg-heattransfer.com\/wp-content\/uploads\/2022\/10\/SD_Exterior.png\",\"width\":893,\"height\":900,\"caption\":\"SD Heat Exchanger\"},{\"@type\":\"BreadcrumbList\",\"@id\":\"https:\/\/xlg-heattransfer.com\/fr\/monotube-hygienique-sd\/#breadcrumb\",\"itemListElement\":[{\"@type\":\"ListItem\",\"position\":1,\"name\":\"Home\",\"item\":\"https:\/\/xlg-heattransfer.com\/fr\/\"},{\"@type\":\"ListItem\",\"position\":2,\"name\":\"\u00c9changeur de chaleur monotube DD\"}]},{\"@type\":\"WebSite\",\"@id\":\"https:\/\/xlg-heattransfer.com\/fr\/#website\",\"url\":\"https:\/\/xlg-heattransfer.com\/fr\/\",\"name\":\"XLG Heat Transfer\",\"description\":\"\",\"publisher\":{\"@id\":\"https:\/\/xlg-heattransfer.com\/fr\/#organization\"},\"potentialAction\":[{\"@type\":\"SearchAction\",\"target\":{\"@type\":\"EntryPoint\",\"urlTemplate\":\"https:\/\/xlg-heattransfer.com\/fr\/?s={search_term_string}\"},\"query-input\":{\"@type\":\"PropertyValueSpecification\",\"valueRequired\":true,\"valueName\":\"search_term_string\"}}],\"inLanguage\":\"fr-FR\"},{\"@type\":\"Organization\",\"@id\":\"https:\/\/xlg-heattransfer.com\/fr\/#organization\",\"name\":\"XLG Heat Transfer\",\"url\":\"https:\/\/xlg-heattransfer.com\/fr\/\",\"logo\":{\"@type\":\"ImageObject\",\"inLanguage\":\"fr-FR\",\"@id\":\"https:\/\/xlg-heattransfer.com\/fr\/#\/schema\/logo\/image\/\",\"url\":\"https:\/\/xlg-heattransfer.com\/wp-content\/uploads\/2024\/06\/XLG-logo.png\",\"contentUrl\":\"https:\/\/xlg-heattransfer.com\/wp-content\/uploads\/2024\/06\/XLG-logo.png\",\"width\":945,\"height\":280,\"caption\":\"XLG Heat Transfer\"},\"image\":{\"@id\":\"https:\/\/xlg-heattransfer.com\/fr\/#\/schema\/logo\/image\/\"}}]}<\/script>\n<!-- \/ Yoast SEO plugin. -->","yoast_head_json":{"title":"\u00c9changeur de chaleur monotube DD - XLG Heat Transfer","description":"Echangeur de chaleur dessin\u00e9 pour le traitement de boues ou de fluides avec des solides en suspension de toute taille.","robots":{"index":"index","follow":"follow","max-snippet":"max-snippet:-1","max-image-preview":"max-image-preview:large","max-video-preview":"max-video-preview:-1"},"canonical":"https:\/\/xlg-heattransfer.com\/fr\/monotube-hygienique-sd\/","og_locale":"fr_FR","og_type":"article","og_title":"\u00c9changeur de chaleur monotube DD - XLG Heat Transfer","og_description":"Echangeur de chaleur dessin\u00e9 pour le traitement de boues ou de fluides avec des solides en suspension de toute taille.","og_url":"https:\/\/xlg-heattransfer.com\/fr\/monotube-hygienique-sd\/","og_site_name":"XLG Heat Transfer","article_modified_time":"2024-10-17T06:55:06+00:00","og_image":[{"width":893,"height":900,"url":"https:\/\/xlg-heattransfer.com\/wp-content\/uploads\/2022\/10\/SD_Exterior.png","type":"image\/png"}],"twitter_card":"summary_large_image","twitter_misc":{"Dur\u00e9e de lecture estim\u00e9e":"1 minute"},"schema":{"@context":"https:\/\/schema.org","@graph":[{"@type":"WebPage","@id":"https:\/\/xlg-heattransfer.com\/fr\/monotube-hygienique-sd\/","url":"https:\/\/xlg-heattransfer.com\/fr\/monotube-hygienique-sd\/","name":"\u00c9changeur de chaleur monotube DD - XLG Heat Transfer","isPartOf":{"@id":"https:\/\/xlg-heattransfer.com\/fr\/#website"},"primaryImageOfPage":{"@id":"https:\/\/xlg-heattransfer.com\/fr\/monotube-hygienique-sd\/#primaryimage"},"image":{"@id":"https:\/\/xlg-heattransfer.com\/fr\/monotube-hygienique-sd\/#primaryimage"},"thumbnailUrl":"https:\/\/xlg-heattransfer.com\/wp-content\/uploads\/2022\/10\/SD_Exterior.png","datePublished":"2022-10-24T08:51:40+00:00","dateModified":"2024-10-17T06:55:06+00:00","description":"Echangeur de chaleur dessin\u00e9 pour le traitement de boues ou de fluides avec des solides en suspension de toute taille.","breadcrumb":{"@id":"https:\/\/xlg-heattransfer.com\/fr\/monotube-hygienique-sd\/#breadcrumb"},"inLanguage":"fr-FR","potentialAction":[{"@type":"ReadAction","target":["https:\/\/xlg-heattransfer.com\/fr\/monotube-hygienique-sd\/"]}]},{"@type":"ImageObject","inLanguage":"fr-FR","@id":"https:\/\/xlg-heattransfer.com\/fr\/monotube-hygienique-sd\/#primaryimage","url":"https:\/\/xlg-heattransfer.com\/wp-content\/uploads\/2022\/10\/SD_Exterior.png","contentUrl":"https:\/\/xlg-heattransfer.com\/wp-content\/uploads\/2022\/10\/SD_Exterior.png","width":893,"height":900,"caption":"SD Heat Exchanger"},{"@type":"BreadcrumbList","@id":"https:\/\/xlg-heattransfer.com\/fr\/monotube-hygienique-sd\/#breadcrumb","itemListElement":[{"@type":"ListItem","position":1,"name":"Home","item":"https:\/\/xlg-heattransfer.com\/fr\/"},{"@type":"ListItem","position":2,"name":"\u00c9changeur de chaleur monotube DD"}]},{"@type":"WebSite","@id":"https:\/\/xlg-heattransfer.com\/fr\/#website","url":"https:\/\/xlg-heattransfer.com\/fr\/","name":"XLG Heat Transfer","description":"","publisher":{"@id":"https:\/\/xlg-heattransfer.com\/fr\/#organization"},"potentialAction":[{"@type":"SearchAction","target":{"@type":"EntryPoint","urlTemplate":"https:\/\/xlg-heattransfer.com\/fr\/?s={search_term_string}"},"query-input":{"@type":"PropertyValueSpecification","valueRequired":true,"valueName":"search_term_string"}}],"inLanguage":"fr-FR"},{"@type":"Organization","@id":"https:\/\/xlg-heattransfer.com\/fr\/#organization","name":"XLG Heat Transfer","url":"https:\/\/xlg-heattransfer.com\/fr\/","logo":{"@type":"ImageObject","inLanguage":"fr-FR","@id":"https:\/\/xlg-heattransfer.com\/fr\/#\/schema\/logo\/image\/","url":"https:\/\/xlg-heattransfer.com\/wp-content\/uploads\/2024\/06\/XLG-logo.png","contentUrl":"https:\/\/xlg-heattransfer.com\/wp-content\/uploads\/2024\/06\/XLG-logo.png","width":945,"height":280,"caption":"XLG Heat Transfer"},"image":{"@id":"https:\/\/xlg-heattransfer.com\/fr\/#\/schema\/logo\/image\/"}}]}},"_links":{"self":[{"href":"https:\/\/xlg-heattransfer.com\/fr\/wp-json\/wp\/v2\/pages\/370","targetHints":{"allow":["GET"]}}],"collection":[{"href":"https:\/\/xlg-heattransfer.com\/fr\/wp-json\/wp\/v2\/pages"}],"about":[{"href":"https:\/\/xlg-heattransfer.com\/fr\/wp-json\/wp\/v2\/types\/page"}],"author":[{"embeddable":true,"href":"https:\/\/xlg-heattransfer.com\/fr\/wp-json\/wp\/v2\/users\/2"}],"replies":[{"embeddable":true,"href":"https:\/\/xlg-heattransfer.com\/fr\/wp-json\/wp\/v2\/comments?post=370"}],"version-history":[{"count":5,"href":"https:\/\/xlg-heattransfer.com\/fr\/wp-json\/wp\/v2\/pages\/370\/revisions"}],"predecessor-version":[{"id":1432,"href":"https:\/\/xlg-heattransfer.com\/fr\/wp-json\/wp\/v2\/pages\/370\/revisions\/1432"}],"wp:featuredmedia":[{"embeddable":true,"href":"https:\/\/xlg-heattransfer.com\/fr\/wp-json\/wp\/v2\/media\/308"}],"wp:attachment":[{"href":"https:\/\/xlg-heattransfer.com\/fr\/wp-json\/wp\/v2\/media?parent=370"}],"curies":[{"name":"wp","href":"https:\/\/api.w.org\/{rel}","templated":true}]}}