{"id":350,"date":"2022-10-24T16:17:14","date_gmt":"2022-10-24T14:17:14","guid":{"rendered":"https:\/\/xlg-heattransfer.com\/compania\/"},"modified":"2024-10-18T10:27:59","modified_gmt":"2024-10-18T08:27:59","slug":"enteprise","status":"publish","type":"page","link":"https:\/\/xlg-heattransfer.com\/fr\/enteprise\/","title":{"rendered":"Enteprise"},"content":{"rendered":"<p class=\"p1\">Depuis sa cr\u00e9ation en <strong>2005<\/strong>, <strong>XLG Heat Transfer<\/strong> con\u00e7oit et fabrique des \u00e9changeurs de chaleur tubulaires \u00e0 <strong>haut rendement<\/strong>.<\/p>\n<p class=\"p1\">XLG est d\u00e9sormais une r\u00e9f\u00e9rence internationale gr\u00e2ce \u00e0 <strong>notre exp\u00e9rience<\/strong> dans le secteur et \u00e0 d&rsquo;autres caract\u00e9ristiques : <strong>innovation, fiabilit\u00e9, rapidit\u00e9, capacit\u00e9 technique et s\u00e9curit\u00e9<\/strong>.<\/p>\n","protected":false},"excerpt":{"rendered":"<p>Depuis sa cr\u00e9ation en 2005, XLG Heat Transfer con\u00e7oit et fabrique des \u00e9changeurs de chaleur tubulaires \u00e0 haut rendement. XLG &hellip; <a href=\"https:\/\/xlg-heattransfer.com\/fr\/enteprise\/\" class=\"more-link\">Continue reading <span class=\"screen-reader-text\">Enteprise<\/span><\/a><\/p>\n","protected":false},"author":2,"featured_media":0,"parent":0,"menu_order":19,"comment_status":"closed","ping_status":"closed","template":"page-carousel.php","meta":{"footnotes":""},"class_list":["post-350","page","type-page","status-publish","hentry"],"acf":[],"yoast_head":"<!-- This site is optimized with the Yoast SEO plugin v26.8 - https:\/\/yoast.com\/product\/yoast-seo-wordpress\/ -->\n<title>Enteprise - XLG Heat Transfer<\/title>\n<meta name=\"description\" content=\"Depuis sa cr\u00e9ation en 2005, XLG Heat Transfer con\u00e7oit et fabrique des \u00e9changeurs de chaleur tubulaires \u00e0 haut rendement.\" \/>\n<meta name=\"robots\" content=\"index, follow, max-snippet:-1, max-image-preview:large, max-video-preview:-1\" \/>\n<link rel=\"canonical\" href=\"https:\/\/xlg-heattransfer.com\/fr\/enteprise\/\" \/>\n<meta property=\"og:locale\" content=\"fr_FR\" \/>\n<meta property=\"og:type\" content=\"article\" \/>\n<meta property=\"og:title\" content=\"Enteprise - XLG Heat Transfer\" \/>\n<meta property=\"og:description\" content=\"Depuis sa cr\u00e9ation en 2005, XLG Heat Transfer con\u00e7oit et fabrique des \u00e9changeurs de chaleur tubulaires \u00e0 haut rendement.\" \/>\n<meta property=\"og:url\" content=\"https:\/\/xlg-heattransfer.com\/fr\/enteprise\/\" \/>\n<meta property=\"og:site_name\" content=\"XLG Heat Transfer\" \/>\n<meta property=\"article:modified_time\" content=\"2024-10-18T08:27:59+00:00\" \/>\n<meta name=\"twitter:card\" content=\"summary_large_image\" \/>\n<meta name=\"twitter:label1\" content=\"Dur\u00e9e de lecture estim\u00e9e\" \/>\n\t<meta name=\"twitter:data1\" content=\"1 minute\" \/>\n<script type=\"application\/ld+json\" class=\"yoast-schema-graph\">{\"@context\":\"https:\/\/schema.org\",\"@graph\":[{\"@type\":\"WebPage\",\"@id\":\"https:\/\/xlg-heattransfer.com\/fr\/enteprise\/\",\"url\":\"https:\/\/xlg-heattransfer.com\/fr\/enteprise\/\",\"name\":\"Enteprise - XLG Heat Transfer\",\"isPartOf\":{\"@id\":\"https:\/\/xlg-heattransfer.com\/fr\/#website\"},\"datePublished\":\"2022-10-24T14:17:14+00:00\",\"dateModified\":\"2024-10-18T08:27:59+00:00\",\"description\":\"Depuis sa cr\u00e9ation en 2005, XLG Heat Transfer con\u00e7oit et fabrique des \u00e9changeurs de chaleur tubulaires \u00e0 haut rendement.\",\"breadcrumb\":{\"@id\":\"https:\/\/xlg-heattransfer.com\/fr\/enteprise\/#breadcrumb\"},\"inLanguage\":\"fr-FR\",\"potentialAction\":[{\"@type\":\"ReadAction\",\"target\":[\"https:\/\/xlg-heattransfer.com\/fr\/enteprise\/\"]}]},{\"@type\":\"BreadcrumbList\",\"@id\":\"https:\/\/xlg-heattransfer.com\/fr\/enteprise\/#breadcrumb\",\"itemListElement\":[{\"@type\":\"ListItem\",\"position\":1,\"name\":\"Home\",\"item\":\"https:\/\/xlg-heattransfer.com\/fr\/\"},{\"@type\":\"ListItem\",\"position\":2,\"name\":\"Enteprise\"}]},{\"@type\":\"WebSite\",\"@id\":\"https:\/\/xlg-heattransfer.com\/fr\/#website\",\"url\":\"https:\/\/xlg-heattransfer.com\/fr\/\",\"name\":\"XLG Heat Transfer\",\"description\":\"\",\"publisher\":{\"@id\":\"https:\/\/xlg-heattransfer.com\/fr\/#organization\"},\"potentialAction\":[{\"@type\":\"SearchAction\",\"target\":{\"@type\":\"EntryPoint\",\"urlTemplate\":\"https:\/\/xlg-heattransfer.com\/fr\/?s={search_term_string}\"},\"query-input\":{\"@type\":\"PropertyValueSpecification\",\"valueRequired\":true,\"valueName\":\"search_term_string\"}}],\"inLanguage\":\"fr-FR\"},{\"@type\":\"Organization\",\"@id\":\"https:\/\/xlg-heattransfer.com\/fr\/#organization\",\"name\":\"XLG Heat Transfer\",\"url\":\"https:\/\/xlg-heattransfer.com\/fr\/\",\"logo\":{\"@type\":\"ImageObject\",\"inLanguage\":\"fr-FR\",\"@id\":\"https:\/\/xlg-heattransfer.com\/fr\/#\/schema\/logo\/image\/\",\"url\":\"https:\/\/xlg-heattransfer.com\/wp-content\/uploads\/2024\/06\/XLG-logo.png\",\"contentUrl\":\"https:\/\/xlg-heattransfer.com\/wp-content\/uploads\/2024\/06\/XLG-logo.png\",\"width\":945,\"height\":280,\"caption\":\"XLG Heat Transfer\"},\"image\":{\"@id\":\"https:\/\/xlg-heattransfer.com\/fr\/#\/schema\/logo\/image\/\"}}]}<\/script>\n<!-- \/ Yoast SEO plugin. -->","yoast_head_json":{"title":"Enteprise - XLG Heat Transfer","description":"Depuis sa cr\u00e9ation en 2005, XLG Heat Transfer con\u00e7oit et fabrique des \u00e9changeurs de chaleur tubulaires \u00e0 haut rendement.","robots":{"index":"index","follow":"follow","max-snippet":"max-snippet:-1","max-image-preview":"max-image-preview:large","max-video-preview":"max-video-preview:-1"},"canonical":"https:\/\/xlg-heattransfer.com\/fr\/enteprise\/","og_locale":"fr_FR","og_type":"article","og_title":"Enteprise - XLG Heat Transfer","og_description":"Depuis sa cr\u00e9ation en 2005, XLG Heat Transfer con\u00e7oit et fabrique des \u00e9changeurs de chaleur tubulaires \u00e0 haut rendement.","og_url":"https:\/\/xlg-heattransfer.com\/fr\/enteprise\/","og_site_name":"XLG Heat Transfer","article_modified_time":"2024-10-18T08:27:59+00:00","twitter_card":"summary_large_image","twitter_misc":{"Dur\u00e9e de lecture estim\u00e9e":"1 minute"},"schema":{"@context":"https:\/\/schema.org","@graph":[{"@type":"WebPage","@id":"https:\/\/xlg-heattransfer.com\/fr\/enteprise\/","url":"https:\/\/xlg-heattransfer.com\/fr\/enteprise\/","name":"Enteprise - XLG Heat Transfer","isPartOf":{"@id":"https:\/\/xlg-heattransfer.com\/fr\/#website"},"datePublished":"2022-10-24T14:17:14+00:00","dateModified":"2024-10-18T08:27:59+00:00","description":"Depuis sa cr\u00e9ation en 2005, XLG Heat Transfer con\u00e7oit et fabrique des \u00e9changeurs de chaleur tubulaires \u00e0 haut rendement.","breadcrumb":{"@id":"https:\/\/xlg-heattransfer.com\/fr\/enteprise\/#breadcrumb"},"inLanguage":"fr-FR","potentialAction":[{"@type":"ReadAction","target":["https:\/\/xlg-heattransfer.com\/fr\/enteprise\/"]}]},{"@type":"BreadcrumbList","@id":"https:\/\/xlg-heattransfer.com\/fr\/enteprise\/#breadcrumb","itemListElement":[{"@type":"ListItem","position":1,"name":"Home","item":"https:\/\/xlg-heattransfer.com\/fr\/"},{"@type":"ListItem","position":2,"name":"Enteprise"}]},{"@type":"WebSite","@id":"https:\/\/xlg-heattransfer.com\/fr\/#website","url":"https:\/\/xlg-heattransfer.com\/fr\/","name":"XLG Heat Transfer","description":"","publisher":{"@id":"https:\/\/xlg-heattransfer.com\/fr\/#organization"},"potentialAction":[{"@type":"SearchAction","target":{"@type":"EntryPoint","urlTemplate":"https:\/\/xlg-heattransfer.com\/fr\/?s={search_term_string}"},"query-input":{"@type":"PropertyValueSpecification","valueRequired":true,"valueName":"search_term_string"}}],"inLanguage":"fr-FR"},{"@type":"Organization","@id":"https:\/\/xlg-heattransfer.com\/fr\/#organization","name":"XLG Heat Transfer","url":"https:\/\/xlg-heattransfer.com\/fr\/","logo":{"@type":"ImageObject","inLanguage":"fr-FR","@id":"https:\/\/xlg-heattransfer.com\/fr\/#\/schema\/logo\/image\/","url":"https:\/\/xlg-heattransfer.com\/wp-content\/uploads\/2024\/06\/XLG-logo.png","contentUrl":"https:\/\/xlg-heattransfer.com\/wp-content\/uploads\/2024\/06\/XLG-logo.png","width":945,"height":280,"caption":"XLG Heat Transfer"},"image":{"@id":"https:\/\/xlg-heattransfer.com\/fr\/#\/schema\/logo\/image\/"}}]}},"_links":{"self":[{"href":"https:\/\/xlg-heattransfer.com\/fr\/wp-json\/wp\/v2\/pages\/350","targetHints":{"allow":["GET"]}}],"collection":[{"href":"https:\/\/xlg-heattransfer.com\/fr\/wp-json\/wp\/v2\/pages"}],"about":[{"href":"https:\/\/xlg-heattransfer.com\/fr\/wp-json\/wp\/v2\/types\/page"}],"author":[{"embeddable":true,"href":"https:\/\/xlg-heattransfer.com\/fr\/wp-json\/wp\/v2\/users\/2"}],"replies":[{"embeddable":true,"href":"https:\/\/xlg-heattransfer.com\/fr\/wp-json\/wp\/v2\/comments?post=350"}],"version-history":[{"count":4,"href":"https:\/\/xlg-heattransfer.com\/fr\/wp-json\/wp\/v2\/pages\/350\/revisions"}],"predecessor-version":[{"id":354,"href":"https:\/\/xlg-heattransfer.com\/fr\/wp-json\/wp\/v2\/pages\/350\/revisions\/354"}],"wp:attachment":[{"href":"https:\/\/xlg-heattransfer.com\/fr\/wp-json\/wp\/v2\/media?parent=350"}],"curies":[{"name":"wp","href":"https:\/\/api.w.org\/{rel}","templated":true}]}}