{"id":1389,"date":"2024-04-05T11:23:43","date_gmt":"2024-04-05T09:23:43","guid":{"rendered":"https:\/\/xlg-heattransfer.com\/coil-multitube\/"},"modified":"2024-10-16T10:37:19","modified_gmt":"2024-10-16T08:37:19","slug":"coil-multitube","status":"publish","type":"page","link":"https:\/\/xlg-heattransfer.com\/fr\/coil-multitube\/","title":{"rendered":"\u00c9changeur de chaleur \u00e0 serpentin de calandre CC"},"content":{"rendered":"<p>Un tube int\u00e9rieur spiral\u00e9 est contenu dans une calandre. Le produit s&rsquo;\u00e9coule \u00e0 l&rsquo;int\u00e9rieur du tube tandis que le fluide de service s&rsquo;\u00e9coule \u00e0 l&rsquo;ext\u00e9rieur.<\/p>\n<p>Il n&rsquo;a pas d&rsquo;interconnexions ni de joints, ce qui le rend id\u00e9al pour les applications \u00e0 haute pression. Le tube int\u00e9rieur peut \u00eatre ondul\u00e9, alv\u00e9ol\u00e9 ou lisse.<\/p>\n<p>Conditions de conception : temp\u00e9rature max. 180 \u00baC, pression max. 25 bar(g) (conditions plus \u00e9lev\u00e9es sur demande).<\/p>\n<p>Mat\u00e9riaux de construction : aciers inoxydables aust\u00e9nitiques, duplex, aciers r\u00e9sistants aux hautes temp\u00e9ratures, superaust\u00e9nitiques, alliages exotiques (Inconel, Incolloy, Monel, Hastelloy) et alliages de titane (grades 1, 2, 3, 4, 7 et 11).<\/p>\n","protected":false},"excerpt":{"rendered":"<p>Un tube int\u00e9rieur spiral\u00e9 est contenu dans une calandre. Le produit s&rsquo;\u00e9coule \u00e0 l&rsquo;int\u00e9rieur du tube tandis que le fluide &hellip; <a href=\"https:\/\/xlg-heattransfer.com\/fr\/coil-multitube\/\" class=\"more-link\">Continue reading <span class=\"screen-reader-text\">\u00c9changeur de chaleur \u00e0 serpentin de calandre CC<\/span><\/a><\/p>\n","protected":false},"author":2,"featured_media":814,"parent":0,"menu_order":20,"comment_status":"closed","ping_status":"closed","template":"page-product.php","meta":{"footnotes":""},"class_list":["post-1389","page","type-page","status-publish","has-post-thumbnail","hentry"],"acf":[],"yoast_head":"<!-- This site is optimized with the Yoast SEO plugin v26.8 - https:\/\/yoast.com\/product\/yoast-seo-wordpress\/ -->\n<title>\u00c9changeur de chaleur \u00e0 serpentin de calandre CC - XLG Heat Transfer<\/title>\n<meta name=\"description\" content=\"Form\u00e9 par une bobine de tube \u00e0 l\u2019int\u00e9rieur d\u2019une calandre. Il manque d\u2019interconnexions, ce qui le rend id\u00e9al pour haute pression.\" \/>\n<meta name=\"robots\" content=\"index, follow, max-snippet:-1, max-image-preview:large, max-video-preview:-1\" \/>\n<link rel=\"canonical\" href=\"https:\/\/xlg-heattransfer.com\/fr\/coil-multitube\/\" \/>\n<meta property=\"og:locale\" content=\"fr_FR\" \/>\n<meta property=\"og:type\" content=\"article\" \/>\n<meta property=\"og:title\" content=\"\u00c9changeur de chaleur \u00e0 serpentin de calandre CC - XLG Heat Transfer\" \/>\n<meta property=\"og:description\" content=\"Form\u00e9 par une bobine de tube \u00e0 l\u2019int\u00e9rieur d\u2019une calandre. Il manque d\u2019interconnexions, ce qui le rend id\u00e9al pour haute pression.\" \/>\n<meta property=\"og:url\" content=\"https:\/\/xlg-heattransfer.com\/fr\/coil-multitube\/\" \/>\n<meta property=\"og:site_name\" content=\"XLG Heat Transfer\" \/>\n<meta property=\"article:modified_time\" content=\"2024-10-16T08:37:19+00:00\" \/>\n<meta property=\"og:image\" content=\"https:\/\/xlg-heattransfer.com\/wp-content\/uploads\/2024\/04\/Coil_Calandria_1.png\" \/>\n\t<meta property=\"og:image:width\" content=\"2000\" \/>\n\t<meta property=\"og:image:height\" content=\"2000\" \/>\n\t<meta property=\"og:image:type\" content=\"image\/png\" \/>\n<meta name=\"twitter:card\" content=\"summary_large_image\" \/>\n<meta name=\"twitter:label1\" content=\"Dur\u00e9e de lecture estim\u00e9e\" \/>\n\t<meta name=\"twitter:data1\" content=\"1 minute\" \/>\n<script type=\"application\/ld+json\" class=\"yoast-schema-graph\">{\"@context\":\"https:\/\/schema.org\",\"@graph\":[{\"@type\":\"WebPage\",\"@id\":\"https:\/\/xlg-heattransfer.com\/fr\/coil-multitube\/\",\"url\":\"https:\/\/xlg-heattransfer.com\/fr\/coil-multitube\/\",\"name\":\"\u00c9changeur de chaleur \u00e0 serpentin de calandre CC - XLG Heat Transfer\",\"isPartOf\":{\"@id\":\"https:\/\/xlg-heattransfer.com\/fr\/#website\"},\"primaryImageOfPage\":{\"@id\":\"https:\/\/xlg-heattransfer.com\/fr\/coil-multitube\/#primaryimage\"},\"image\":{\"@id\":\"https:\/\/xlg-heattransfer.com\/fr\/coil-multitube\/#primaryimage\"},\"thumbnailUrl\":\"https:\/\/xlg-heattransfer.com\/wp-content\/uploads\/2024\/04\/Coil_Calandria_1.png\",\"datePublished\":\"2024-04-05T09:23:43+00:00\",\"dateModified\":\"2024-10-16T08:37:19+00:00\",\"description\":\"Form\u00e9 par une bobine de tube \u00e0 l\u2019int\u00e9rieur d\u2019une calandre. Il manque d\u2019interconnexions, ce qui le rend id\u00e9al pour haute pression.\",\"breadcrumb\":{\"@id\":\"https:\/\/xlg-heattransfer.com\/fr\/coil-multitube\/#breadcrumb\"},\"inLanguage\":\"fr-FR\",\"potentialAction\":[{\"@type\":\"ReadAction\",\"target\":[\"https:\/\/xlg-heattransfer.com\/fr\/coil-multitube\/\"]}]},{\"@type\":\"ImageObject\",\"inLanguage\":\"fr-FR\",\"@id\":\"https:\/\/xlg-heattransfer.com\/fr\/coil-multitube\/#primaryimage\",\"url\":\"https:\/\/xlg-heattransfer.com\/wp-content\/uploads\/2024\/04\/Coil_Calandria_1.png\",\"contentUrl\":\"https:\/\/xlg-heattransfer.com\/wp-content\/uploads\/2024\/04\/Coil_Calandria_1.png\",\"width\":2000,\"height\":2000,\"caption\":\"Exterior view of the COIL CALANDRIA heat exchanger by XLG Heat Transfer.\"},{\"@type\":\"BreadcrumbList\",\"@id\":\"https:\/\/xlg-heattransfer.com\/fr\/coil-multitube\/#breadcrumb\",\"itemListElement\":[{\"@type\":\"ListItem\",\"position\":1,\"name\":\"Home\",\"item\":\"https:\/\/xlg-heattransfer.com\/fr\/\"},{\"@type\":\"ListItem\",\"position\":2,\"name\":\"\u00c9changeur de chaleur \u00e0 serpentin de calandre CC\"}]},{\"@type\":\"WebSite\",\"@id\":\"https:\/\/xlg-heattransfer.com\/fr\/#website\",\"url\":\"https:\/\/xlg-heattransfer.com\/fr\/\",\"name\":\"XLG Heat Transfer\",\"description\":\"\",\"publisher\":{\"@id\":\"https:\/\/xlg-heattransfer.com\/fr\/#organization\"},\"potentialAction\":[{\"@type\":\"SearchAction\",\"target\":{\"@type\":\"EntryPoint\",\"urlTemplate\":\"https:\/\/xlg-heattransfer.com\/fr\/?s={search_term_string}\"},\"query-input\":{\"@type\":\"PropertyValueSpecification\",\"valueRequired\":true,\"valueName\":\"search_term_string\"}}],\"inLanguage\":\"fr-FR\"},{\"@type\":\"Organization\",\"@id\":\"https:\/\/xlg-heattransfer.com\/fr\/#organization\",\"name\":\"XLG Heat Transfer\",\"url\":\"https:\/\/xlg-heattransfer.com\/fr\/\",\"logo\":{\"@type\":\"ImageObject\",\"inLanguage\":\"fr-FR\",\"@id\":\"https:\/\/xlg-heattransfer.com\/fr\/#\/schema\/logo\/image\/\",\"url\":\"https:\/\/xlg-heattransfer.com\/wp-content\/uploads\/2024\/06\/XLG-logo.png\",\"contentUrl\":\"https:\/\/xlg-heattransfer.com\/wp-content\/uploads\/2024\/06\/XLG-logo.png\",\"width\":945,\"height\":280,\"caption\":\"XLG Heat Transfer\"},\"image\":{\"@id\":\"https:\/\/xlg-heattransfer.com\/fr\/#\/schema\/logo\/image\/\"}}]}<\/script>\n<!-- \/ Yoast SEO plugin. -->","yoast_head_json":{"title":"\u00c9changeur de chaleur \u00e0 serpentin de calandre CC - XLG Heat Transfer","description":"Form\u00e9 par une bobine de tube \u00e0 l\u2019int\u00e9rieur d\u2019une calandre. Il manque d\u2019interconnexions, ce qui le rend id\u00e9al pour haute pression.","robots":{"index":"index","follow":"follow","max-snippet":"max-snippet:-1","max-image-preview":"max-image-preview:large","max-video-preview":"max-video-preview:-1"},"canonical":"https:\/\/xlg-heattransfer.com\/fr\/coil-multitube\/","og_locale":"fr_FR","og_type":"article","og_title":"\u00c9changeur de chaleur \u00e0 serpentin de calandre CC - XLG Heat Transfer","og_description":"Form\u00e9 par une bobine de tube \u00e0 l\u2019int\u00e9rieur d\u2019une calandre. Il manque d\u2019interconnexions, ce qui le rend id\u00e9al pour haute pression.","og_url":"https:\/\/xlg-heattransfer.com\/fr\/coil-multitube\/","og_site_name":"XLG Heat Transfer","article_modified_time":"2024-10-16T08:37:19+00:00","og_image":[{"width":2000,"height":2000,"url":"https:\/\/xlg-heattransfer.com\/wp-content\/uploads\/2024\/04\/Coil_Calandria_1.png","type":"image\/png"}],"twitter_card":"summary_large_image","twitter_misc":{"Dur\u00e9e de lecture estim\u00e9e":"1 minute"},"schema":{"@context":"https:\/\/schema.org","@graph":[{"@type":"WebPage","@id":"https:\/\/xlg-heattransfer.com\/fr\/coil-multitube\/","url":"https:\/\/xlg-heattransfer.com\/fr\/coil-multitube\/","name":"\u00c9changeur de chaleur \u00e0 serpentin de calandre CC - XLG Heat Transfer","isPartOf":{"@id":"https:\/\/xlg-heattransfer.com\/fr\/#website"},"primaryImageOfPage":{"@id":"https:\/\/xlg-heattransfer.com\/fr\/coil-multitube\/#primaryimage"},"image":{"@id":"https:\/\/xlg-heattransfer.com\/fr\/coil-multitube\/#primaryimage"},"thumbnailUrl":"https:\/\/xlg-heattransfer.com\/wp-content\/uploads\/2024\/04\/Coil_Calandria_1.png","datePublished":"2024-04-05T09:23:43+00:00","dateModified":"2024-10-16T08:37:19+00:00","description":"Form\u00e9 par une bobine de tube \u00e0 l\u2019int\u00e9rieur d\u2019une calandre. Il manque d\u2019interconnexions, ce qui le rend id\u00e9al pour haute pression.","breadcrumb":{"@id":"https:\/\/xlg-heattransfer.com\/fr\/coil-multitube\/#breadcrumb"},"inLanguage":"fr-FR","potentialAction":[{"@type":"ReadAction","target":["https:\/\/xlg-heattransfer.com\/fr\/coil-multitube\/"]}]},{"@type":"ImageObject","inLanguage":"fr-FR","@id":"https:\/\/xlg-heattransfer.com\/fr\/coil-multitube\/#primaryimage","url":"https:\/\/xlg-heattransfer.com\/wp-content\/uploads\/2024\/04\/Coil_Calandria_1.png","contentUrl":"https:\/\/xlg-heattransfer.com\/wp-content\/uploads\/2024\/04\/Coil_Calandria_1.png","width":2000,"height":2000,"caption":"Exterior view of the COIL CALANDRIA heat exchanger by XLG Heat Transfer."},{"@type":"BreadcrumbList","@id":"https:\/\/xlg-heattransfer.com\/fr\/coil-multitube\/#breadcrumb","itemListElement":[{"@type":"ListItem","position":1,"name":"Home","item":"https:\/\/xlg-heattransfer.com\/fr\/"},{"@type":"ListItem","position":2,"name":"\u00c9changeur de chaleur \u00e0 serpentin de calandre CC"}]},{"@type":"WebSite","@id":"https:\/\/xlg-heattransfer.com\/fr\/#website","url":"https:\/\/xlg-heattransfer.com\/fr\/","name":"XLG Heat Transfer","description":"","publisher":{"@id":"https:\/\/xlg-heattransfer.com\/fr\/#organization"},"potentialAction":[{"@type":"SearchAction","target":{"@type":"EntryPoint","urlTemplate":"https:\/\/xlg-heattransfer.com\/fr\/?s={search_term_string}"},"query-input":{"@type":"PropertyValueSpecification","valueRequired":true,"valueName":"search_term_string"}}],"inLanguage":"fr-FR"},{"@type":"Organization","@id":"https:\/\/xlg-heattransfer.com\/fr\/#organization","name":"XLG Heat Transfer","url":"https:\/\/xlg-heattransfer.com\/fr\/","logo":{"@type":"ImageObject","inLanguage":"fr-FR","@id":"https:\/\/xlg-heattransfer.com\/fr\/#\/schema\/logo\/image\/","url":"https:\/\/xlg-heattransfer.com\/wp-content\/uploads\/2024\/06\/XLG-logo.png","contentUrl":"https:\/\/xlg-heattransfer.com\/wp-content\/uploads\/2024\/06\/XLG-logo.png","width":945,"height":280,"caption":"XLG Heat Transfer"},"image":{"@id":"https:\/\/xlg-heattransfer.com\/fr\/#\/schema\/logo\/image\/"}}]}},"_links":{"self":[{"href":"https:\/\/xlg-heattransfer.com\/fr\/wp-json\/wp\/v2\/pages\/1389","targetHints":{"allow":["GET"]}}],"collection":[{"href":"https:\/\/xlg-heattransfer.com\/fr\/wp-json\/wp\/v2\/pages"}],"about":[{"href":"https:\/\/xlg-heattransfer.com\/fr\/wp-json\/wp\/v2\/types\/page"}],"author":[{"embeddable":true,"href":"https:\/\/xlg-heattransfer.com\/fr\/wp-json\/wp\/v2\/users\/2"}],"replies":[{"embeddable":true,"href":"https:\/\/xlg-heattransfer.com\/fr\/wp-json\/wp\/v2\/comments?post=1389"}],"version-history":[{"count":4,"href":"https:\/\/xlg-heattransfer.com\/fr\/wp-json\/wp\/v2\/pages\/1389\/revisions"}],"predecessor-version":[{"id":1397,"href":"https:\/\/xlg-heattransfer.com\/fr\/wp-json\/wp\/v2\/pages\/1389\/revisions\/1397"}],"wp:featuredmedia":[{"embeddable":true,"href":"https:\/\/xlg-heattransfer.com\/fr\/wp-json\/wp\/v2\/media\/814"}],"wp:attachment":[{"href":"https:\/\/xlg-heattransfer.com\/fr\/wp-json\/wp\/v2\/media?parent=1389"}],"curies":[{"name":"wp","href":"https:\/\/api.w.org\/{rel}","templated":true}]}}