{"id":1294,"date":"2024-04-05T11:43:29","date_gmt":"2024-04-05T09:43:29","guid":{"rendered":"https:\/\/xlg-heattransfer.com\/hairpin-multitube\/"},"modified":"2024-10-14T12:32:18","modified_gmt":"2024-10-14T10:32:18","slug":"hairpin-multitube","status":"publish","type":"page","link":"https:\/\/xlg-heattransfer.com\/fr\/hairpin-multitube\/","title":{"rendered":"\u00c9changeur \u00e9pingle \u00e0 cheveux multitube HS"},"content":{"rendered":"<p>Cet \u00e9changeur de chaleur comprend un faisceau de tubes en U \u00e0 l&rsquo;int\u00e9rieur d&rsquo;une calandre en U. Tubes ondul\u00e9s ou lisses. Le flux est \u00e0 contre-courant pur et permet un passage \u00e0 tr\u00e8s haute temp\u00e9rature entre les fluides c\u00f4t\u00e9 tube et c\u00f4t\u00e9 calandre.<\/p>\n<p>En fonction des conditions de temp\u00e9rature et de pression de conception et du proc\u00e9d\u00e9 de fabrication des fluides, les mat\u00e9riaux sont s\u00e9lectionn\u00e9s parmi tous les m\u00e9taux disponibles tels que : aciers inoxydables aust\u00e9nitiques, duplex, aciers r\u00e9sistants aux hautes temp\u00e9ratures, superaust\u00e9nitiques, alliages exotiques (Inconel, Incolloy, Monel, Hastelloy), alliages de titane (grades 1, 2, 3, 4, 7 et 11), coppernickel Cu\/Ni 90\/10 et 70\/30, laiton Admiralty, cuivre et acier au carbone.<\/p>\n","protected":false},"excerpt":{"rendered":"<p>Cet \u00e9changeur de chaleur comprend un faisceau de tubes en U \u00e0 l&rsquo;int\u00e9rieur d&rsquo;une calandre en U. Tubes ondul\u00e9s ou &hellip; <a href=\"https:\/\/xlg-heattransfer.com\/fr\/hairpin-multitube\/\" class=\"more-link\">Continue reading <span class=\"screen-reader-text\">\u00c9changeur \u00e9pingle \u00e0 cheveux multitube HS<\/span><\/a><\/p>\n","protected":false},"author":2,"featured_media":844,"parent":0,"menu_order":17,"comment_status":"closed","ping_status":"closed","template":"page-product.php","meta":{"footnotes":""},"class_list":["post-1294","page","type-page","status-publish","has-post-thumbnail","hentry"],"acf":[],"yoast_head":"<!-- This site is optimized with the Yoast SEO plugin v26.8 - https:\/\/yoast.com\/product\/yoast-seo-wordpress\/ -->\n<title>\u00c9changeur \u00e9pingle \u00e0 cheveux multitube HS - XLG Heat Transfer<\/title>\n<meta name=\"description\" content=\"Il comprend un faisceau de tubes en U \u00e0 l&#039;int\u00e9rieur d&#039;une coque en U. Flux \u00e0 contre-courant permettant des temp\u00e9ratures de croisement \u00e9lev\u00e9es.\" \/>\n<meta name=\"robots\" content=\"index, follow, max-snippet:-1, max-image-preview:large, max-video-preview:-1\" \/>\n<link rel=\"canonical\" href=\"https:\/\/xlg-heattransfer.com\/fr\/hairpin-multitube\/\" \/>\n<meta property=\"og:locale\" content=\"fr_FR\" \/>\n<meta property=\"og:type\" content=\"article\" \/>\n<meta property=\"og:title\" content=\"\u00c9changeur \u00e9pingle \u00e0 cheveux multitube HS - XLG Heat Transfer\" \/>\n<meta property=\"og:description\" content=\"Il comprend un faisceau de tubes en U \u00e0 l&#039;int\u00e9rieur d&#039;une coque en U. Flux \u00e0 contre-courant permettant des temp\u00e9ratures de croisement \u00e9lev\u00e9es.\" \/>\n<meta property=\"og:url\" content=\"https:\/\/xlg-heattransfer.com\/fr\/hairpin-multitube\/\" \/>\n<meta property=\"og:site_name\" content=\"XLG Heat Transfer\" \/>\n<meta property=\"article:modified_time\" content=\"2024-10-14T10:32:18+00:00\" \/>\n<meta property=\"og:image\" content=\"https:\/\/xlg-heattransfer.com\/wp-content\/uploads\/2024\/04\/Hairpin_Multitubo_1.png\" \/>\n\t<meta property=\"og:image:width\" content=\"2000\" \/>\n\t<meta property=\"og:image:height\" content=\"2000\" \/>\n\t<meta property=\"og:image:type\" content=\"image\/png\" \/>\n<meta name=\"twitter:card\" content=\"summary_large_image\" \/>\n<meta name=\"twitter:label1\" content=\"Dur\u00e9e de lecture estim\u00e9e\" \/>\n\t<meta name=\"twitter:data1\" content=\"1 minute\" \/>\n<script type=\"application\/ld+json\" class=\"yoast-schema-graph\">{\"@context\":\"https:\/\/schema.org\",\"@graph\":[{\"@type\":\"WebPage\",\"@id\":\"https:\/\/xlg-heattransfer.com\/fr\/hairpin-multitube\/\",\"url\":\"https:\/\/xlg-heattransfer.com\/fr\/hairpin-multitube\/\",\"name\":\"\u00c9changeur \u00e9pingle \u00e0 cheveux multitube HS - XLG Heat Transfer\",\"isPartOf\":{\"@id\":\"https:\/\/xlg-heattransfer.com\/fr\/#website\"},\"primaryImageOfPage\":{\"@id\":\"https:\/\/xlg-heattransfer.com\/fr\/hairpin-multitube\/#primaryimage\"},\"image\":{\"@id\":\"https:\/\/xlg-heattransfer.com\/fr\/hairpin-multitube\/#primaryimage\"},\"thumbnailUrl\":\"https:\/\/xlg-heattransfer.com\/wp-content\/uploads\/2024\/04\/Hairpin_Multitubo_1.png\",\"datePublished\":\"2024-04-05T09:43:29+00:00\",\"dateModified\":\"2024-10-14T10:32:18+00:00\",\"description\":\"Il comprend un faisceau de tubes en U \u00e0 l'int\u00e9rieur d'une coque en U. Flux \u00e0 contre-courant permettant des temp\u00e9ratures de croisement \u00e9lev\u00e9es.\",\"breadcrumb\":{\"@id\":\"https:\/\/xlg-heattransfer.com\/fr\/hairpin-multitube\/#breadcrumb\"},\"inLanguage\":\"fr-FR\",\"potentialAction\":[{\"@type\":\"ReadAction\",\"target\":[\"https:\/\/xlg-heattransfer.com\/fr\/hairpin-multitube\/\"]}]},{\"@type\":\"ImageObject\",\"inLanguage\":\"fr-FR\",\"@id\":\"https:\/\/xlg-heattransfer.com\/fr\/hairpin-multitube\/#primaryimage\",\"url\":\"https:\/\/xlg-heattransfer.com\/wp-content\/uploads\/2024\/04\/Hairpin_Multitubo_1.png\",\"contentUrl\":\"https:\/\/xlg-heattransfer.com\/wp-content\/uploads\/2024\/04\/Hairpin_Multitubo_1.png\",\"width\":2000,\"height\":2000,\"caption\":\"Side view of the HAIRPIN multitube heat exchanger by XLG Heat Transfer for industrial applications.\"},{\"@type\":\"BreadcrumbList\",\"@id\":\"https:\/\/xlg-heattransfer.com\/fr\/hairpin-multitube\/#breadcrumb\",\"itemListElement\":[{\"@type\":\"ListItem\",\"position\":1,\"name\":\"Home\",\"item\":\"https:\/\/xlg-heattransfer.com\/fr\/\"},{\"@type\":\"ListItem\",\"position\":2,\"name\":\"\u00c9changeur \u00e9pingle \u00e0 cheveux multitube HS\"}]},{\"@type\":\"WebSite\",\"@id\":\"https:\/\/xlg-heattransfer.com\/fr\/#website\",\"url\":\"https:\/\/xlg-heattransfer.com\/fr\/\",\"name\":\"XLG Heat Transfer\",\"description\":\"\",\"publisher\":{\"@id\":\"https:\/\/xlg-heattransfer.com\/fr\/#organization\"},\"potentialAction\":[{\"@type\":\"SearchAction\",\"target\":{\"@type\":\"EntryPoint\",\"urlTemplate\":\"https:\/\/xlg-heattransfer.com\/fr\/?s={search_term_string}\"},\"query-input\":{\"@type\":\"PropertyValueSpecification\",\"valueRequired\":true,\"valueName\":\"search_term_string\"}}],\"inLanguage\":\"fr-FR\"},{\"@type\":\"Organization\",\"@id\":\"https:\/\/xlg-heattransfer.com\/fr\/#organization\",\"name\":\"XLG Heat Transfer\",\"url\":\"https:\/\/xlg-heattransfer.com\/fr\/\",\"logo\":{\"@type\":\"ImageObject\",\"inLanguage\":\"fr-FR\",\"@id\":\"https:\/\/xlg-heattransfer.com\/fr\/#\/schema\/logo\/image\/\",\"url\":\"https:\/\/xlg-heattransfer.com\/wp-content\/uploads\/2024\/06\/XLG-logo.png\",\"contentUrl\":\"https:\/\/xlg-heattransfer.com\/wp-content\/uploads\/2024\/06\/XLG-logo.png\",\"width\":945,\"height\":280,\"caption\":\"XLG Heat Transfer\"},\"image\":{\"@id\":\"https:\/\/xlg-heattransfer.com\/fr\/#\/schema\/logo\/image\/\"}}]}<\/script>\n<!-- \/ Yoast SEO plugin. -->","yoast_head_json":{"title":"\u00c9changeur \u00e9pingle \u00e0 cheveux multitube HS - XLG Heat Transfer","description":"Il comprend un faisceau de tubes en U \u00e0 l'int\u00e9rieur d'une coque en U. Flux \u00e0 contre-courant permettant des temp\u00e9ratures de croisement \u00e9lev\u00e9es.","robots":{"index":"index","follow":"follow","max-snippet":"max-snippet:-1","max-image-preview":"max-image-preview:large","max-video-preview":"max-video-preview:-1"},"canonical":"https:\/\/xlg-heattransfer.com\/fr\/hairpin-multitube\/","og_locale":"fr_FR","og_type":"article","og_title":"\u00c9changeur \u00e9pingle \u00e0 cheveux multitube HS - XLG Heat Transfer","og_description":"Il comprend un faisceau de tubes en U \u00e0 l'int\u00e9rieur d'une coque en U. Flux \u00e0 contre-courant permettant des temp\u00e9ratures de croisement \u00e9lev\u00e9es.","og_url":"https:\/\/xlg-heattransfer.com\/fr\/hairpin-multitube\/","og_site_name":"XLG Heat Transfer","article_modified_time":"2024-10-14T10:32:18+00:00","og_image":[{"width":2000,"height":2000,"url":"https:\/\/xlg-heattransfer.com\/wp-content\/uploads\/2024\/04\/Hairpin_Multitubo_1.png","type":"image\/png"}],"twitter_card":"summary_large_image","twitter_misc":{"Dur\u00e9e de lecture estim\u00e9e":"1 minute"},"schema":{"@context":"https:\/\/schema.org","@graph":[{"@type":"WebPage","@id":"https:\/\/xlg-heattransfer.com\/fr\/hairpin-multitube\/","url":"https:\/\/xlg-heattransfer.com\/fr\/hairpin-multitube\/","name":"\u00c9changeur \u00e9pingle \u00e0 cheveux multitube HS - XLG Heat Transfer","isPartOf":{"@id":"https:\/\/xlg-heattransfer.com\/fr\/#website"},"primaryImageOfPage":{"@id":"https:\/\/xlg-heattransfer.com\/fr\/hairpin-multitube\/#primaryimage"},"image":{"@id":"https:\/\/xlg-heattransfer.com\/fr\/hairpin-multitube\/#primaryimage"},"thumbnailUrl":"https:\/\/xlg-heattransfer.com\/wp-content\/uploads\/2024\/04\/Hairpin_Multitubo_1.png","datePublished":"2024-04-05T09:43:29+00:00","dateModified":"2024-10-14T10:32:18+00:00","description":"Il comprend un faisceau de tubes en U \u00e0 l'int\u00e9rieur d'une coque en U. Flux \u00e0 contre-courant permettant des temp\u00e9ratures de croisement \u00e9lev\u00e9es.","breadcrumb":{"@id":"https:\/\/xlg-heattransfer.com\/fr\/hairpin-multitube\/#breadcrumb"},"inLanguage":"fr-FR","potentialAction":[{"@type":"ReadAction","target":["https:\/\/xlg-heattransfer.com\/fr\/hairpin-multitube\/"]}]},{"@type":"ImageObject","inLanguage":"fr-FR","@id":"https:\/\/xlg-heattransfer.com\/fr\/hairpin-multitube\/#primaryimage","url":"https:\/\/xlg-heattransfer.com\/wp-content\/uploads\/2024\/04\/Hairpin_Multitubo_1.png","contentUrl":"https:\/\/xlg-heattransfer.com\/wp-content\/uploads\/2024\/04\/Hairpin_Multitubo_1.png","width":2000,"height":2000,"caption":"Side view of the HAIRPIN multitube heat exchanger by XLG Heat Transfer for industrial applications."},{"@type":"BreadcrumbList","@id":"https:\/\/xlg-heattransfer.com\/fr\/hairpin-multitube\/#breadcrumb","itemListElement":[{"@type":"ListItem","position":1,"name":"Home","item":"https:\/\/xlg-heattransfer.com\/fr\/"},{"@type":"ListItem","position":2,"name":"\u00c9changeur \u00e9pingle \u00e0 cheveux multitube HS"}]},{"@type":"WebSite","@id":"https:\/\/xlg-heattransfer.com\/fr\/#website","url":"https:\/\/xlg-heattransfer.com\/fr\/","name":"XLG Heat Transfer","description":"","publisher":{"@id":"https:\/\/xlg-heattransfer.com\/fr\/#organization"},"potentialAction":[{"@type":"SearchAction","target":{"@type":"EntryPoint","urlTemplate":"https:\/\/xlg-heattransfer.com\/fr\/?s={search_term_string}"},"query-input":{"@type":"PropertyValueSpecification","valueRequired":true,"valueName":"search_term_string"}}],"inLanguage":"fr-FR"},{"@type":"Organization","@id":"https:\/\/xlg-heattransfer.com\/fr\/#organization","name":"XLG Heat Transfer","url":"https:\/\/xlg-heattransfer.com\/fr\/","logo":{"@type":"ImageObject","inLanguage":"fr-FR","@id":"https:\/\/xlg-heattransfer.com\/fr\/#\/schema\/logo\/image\/","url":"https:\/\/xlg-heattransfer.com\/wp-content\/uploads\/2024\/06\/XLG-logo.png","contentUrl":"https:\/\/xlg-heattransfer.com\/wp-content\/uploads\/2024\/06\/XLG-logo.png","width":945,"height":280,"caption":"XLG Heat Transfer"},"image":{"@id":"https:\/\/xlg-heattransfer.com\/fr\/#\/schema\/logo\/image\/"}}]}},"_links":{"self":[{"href":"https:\/\/xlg-heattransfer.com\/fr\/wp-json\/wp\/v2\/pages\/1294","targetHints":{"allow":["GET"]}}],"collection":[{"href":"https:\/\/xlg-heattransfer.com\/fr\/wp-json\/wp\/v2\/pages"}],"about":[{"href":"https:\/\/xlg-heattransfer.com\/fr\/wp-json\/wp\/v2\/types\/page"}],"author":[{"embeddable":true,"href":"https:\/\/xlg-heattransfer.com\/fr\/wp-json\/wp\/v2\/users\/2"}],"replies":[{"embeddable":true,"href":"https:\/\/xlg-heattransfer.com\/fr\/wp-json\/wp\/v2\/comments?post=1294"}],"version-history":[{"count":3,"href":"https:\/\/xlg-heattransfer.com\/fr\/wp-json\/wp\/v2\/pages\/1294\/revisions"}],"predecessor-version":[{"id":1375,"href":"https:\/\/xlg-heattransfer.com\/fr\/wp-json\/wp\/v2\/pages\/1294\/revisions\/1375"}],"wp:featuredmedia":[{"embeddable":true,"href":"https:\/\/xlg-heattransfer.com\/fr\/wp-json\/wp\/v2\/media\/844"}],"wp:attachment":[{"href":"https:\/\/xlg-heattransfer.com\/fr\/wp-json\/wp\/v2\/media?parent=1294"}],"curies":[{"name":"wp","href":"https:\/\/api.w.org\/{rel}","templated":true}]}}