{"id":1272,"date":"2024-04-05T11:34:08","date_gmt":"2024-04-05T09:34:08","guid":{"rendered":"https:\/\/xlg-heattransfer.com\/double-wall\/"},"modified":"2024-10-14T12:12:32","modified_gmt":"2024-10-14T10:12:32","slug":"double-wall","status":"publish","type":"page","link":"https:\/\/xlg-heattransfer.com\/fr\/double-wall\/","title":{"rendered":"\u00c9changeur de chaleur \u00e0 tubes et calandre DOUBLE WALL"},"content":{"rendered":"<p>Cet \u00e9changeur de chaleur comprend des tubes concentriques doubles au lieu d&rsquo;un seul (comme les tubes et calandres standard), de sorte qu&rsquo;il y a deux parois s\u00e9parant le produit et le fluide de service. De cette fa\u00e7on, un syst\u00e8me ultra s\u00e9curis\u00e9 est cr\u00e9\u00e9 pour \u00e9viter la contamination crois\u00e9e entre les deux fluides. Un syst\u00e8me de d\u00e9tection de fuite surveille tout changement de pression dans la chambre de s\u00e9paration et avertit de toute fissure dans le tube ou le joint. Selon les conditions de temp\u00e9rature et de pression de conception et le processus des fluides, les mat\u00e9riaux peuvent \u00eatre : aciers inoxydables aust\u00e9nitiques, duplex, aciers r\u00e9sistants aux hautes temp\u00e9ratures, superaust\u00e9nitiques, alliages exotiques (Inconel, Incolloy, Monel, Hastelloy), titane, coppernickel et acier au carbone.<\/p>\n","protected":false},"excerpt":{"rendered":"<p>Cet \u00e9changeur de chaleur comprend des tubes concentriques doubles au lieu d&rsquo;un seul (comme les tubes et calandres standard), de &hellip; <a href=\"https:\/\/xlg-heattransfer.com\/fr\/double-wall\/\" class=\"more-link\">Continue reading <span class=\"screen-reader-text\">\u00c9changeur de chaleur \u00e0 tubes et calandre DOUBLE WALL<\/span><\/a><\/p>\n","protected":false},"author":2,"featured_media":832,"parent":0,"menu_order":14,"comment_status":"closed","ping_status":"closed","template":"page-product.php","meta":{"footnotes":""},"class_list":["post-1272","page","type-page","status-publish","has-post-thumbnail","hentry"],"acf":[],"yoast_head":"<!-- This site is optimized with the Yoast SEO plugin v26.8 - https:\/\/yoast.com\/product\/yoast-seo-wordpress\/ -->\n<title>\u00c9changeur de chaleur \u00e0 tubes et calandre DOUBLE WALL - XLG Heat Transfer<\/title>\n<meta name=\"description\" content=\"Cet \u00e9changeur comprend des tubes doubles concentriques, il y a donc deux parois qui s\u00e9parent le produit et le milieu de service.\" \/>\n<meta name=\"robots\" content=\"index, follow, max-snippet:-1, max-image-preview:large, max-video-preview:-1\" \/>\n<link rel=\"canonical\" href=\"https:\/\/xlg-heattransfer.com\/fr\/double-wall\/\" \/>\n<meta property=\"og:locale\" content=\"fr_FR\" \/>\n<meta property=\"og:type\" content=\"article\" \/>\n<meta property=\"og:title\" content=\"\u00c9changeur de chaleur \u00e0 tubes et calandre DOUBLE WALL - XLG Heat Transfer\" \/>\n<meta property=\"og:description\" content=\"Cet \u00e9changeur comprend des tubes doubles concentriques, il y a donc deux parois qui s\u00e9parent le produit et le milieu de service.\" \/>\n<meta property=\"og:url\" content=\"https:\/\/xlg-heattransfer.com\/fr\/double-wall\/\" \/>\n<meta property=\"og:site_name\" content=\"XLG Heat Transfer\" \/>\n<meta property=\"article:modified_time\" content=\"2024-10-14T10:12:32+00:00\" \/>\n<meta property=\"og:image\" content=\"https:\/\/xlg-heattransfer.com\/wp-content\/uploads\/2024\/04\/Doublewall_1.png\" \/>\n\t<meta property=\"og:image:width\" content=\"2000\" \/>\n\t<meta property=\"og:image:height\" content=\"2000\" \/>\n\t<meta property=\"og:image:type\" content=\"image\/png\" \/>\n<meta name=\"twitter:card\" content=\"summary_large_image\" \/>\n<meta name=\"twitter:label1\" content=\"Dur\u00e9e de lecture estim\u00e9e\" \/>\n\t<meta name=\"twitter:data1\" content=\"1 minute\" \/>\n<script type=\"application\/ld+json\" class=\"yoast-schema-graph\">{\"@context\":\"https:\/\/schema.org\",\"@graph\":[{\"@type\":\"WebPage\",\"@id\":\"https:\/\/xlg-heattransfer.com\/fr\/double-wall\/\",\"url\":\"https:\/\/xlg-heattransfer.com\/fr\/double-wall\/\",\"name\":\"\u00c9changeur de chaleur \u00e0 tubes et calandre DOUBLE WALL - XLG Heat Transfer\",\"isPartOf\":{\"@id\":\"https:\/\/xlg-heattransfer.com\/fr\/#website\"},\"primaryImageOfPage\":{\"@id\":\"https:\/\/xlg-heattransfer.com\/fr\/double-wall\/#primaryimage\"},\"image\":{\"@id\":\"https:\/\/xlg-heattransfer.com\/fr\/double-wall\/#primaryimage\"},\"thumbnailUrl\":\"https:\/\/xlg-heattransfer.com\/wp-content\/uploads\/2024\/04\/Doublewall_1.png\",\"datePublished\":\"2024-04-05T09:34:08+00:00\",\"dateModified\":\"2024-10-14T10:12:32+00:00\",\"description\":\"Cet \u00e9changeur comprend des tubes doubles concentriques, il y a donc deux parois qui s\u00e9parent le produit et le milieu de service.\",\"breadcrumb\":{\"@id\":\"https:\/\/xlg-heattransfer.com\/fr\/double-wall\/#breadcrumb\"},\"inLanguage\":\"fr-FR\",\"potentialAction\":[{\"@type\":\"ReadAction\",\"target\":[\"https:\/\/xlg-heattransfer.com\/fr\/double-wall\/\"]}]},{\"@type\":\"ImageObject\",\"inLanguage\":\"fr-FR\",\"@id\":\"https:\/\/xlg-heattransfer.com\/fr\/double-wall\/#primaryimage\",\"url\":\"https:\/\/xlg-heattransfer.com\/wp-content\/uploads\/2024\/04\/Doublewall_1.png\",\"contentUrl\":\"https:\/\/xlg-heattransfer.com\/wp-content\/uploads\/2024\/04\/Doublewall_1.png\",\"width\":2000,\"height\":2000,\"caption\":\"Exterior view of the DOUBLE WALL shell and tube heat exchanger by XLG Heat Transfer.\"},{\"@type\":\"BreadcrumbList\",\"@id\":\"https:\/\/xlg-heattransfer.com\/fr\/double-wall\/#breadcrumb\",\"itemListElement\":[{\"@type\":\"ListItem\",\"position\":1,\"name\":\"Home\",\"item\":\"https:\/\/xlg-heattransfer.com\/fr\/\"},{\"@type\":\"ListItem\",\"position\":2,\"name\":\"\u00c9changeur de chaleur \u00e0 tubes et calandre DOUBLE WALL\"}]},{\"@type\":\"WebSite\",\"@id\":\"https:\/\/xlg-heattransfer.com\/fr\/#website\",\"url\":\"https:\/\/xlg-heattransfer.com\/fr\/\",\"name\":\"XLG Heat Transfer\",\"description\":\"\",\"publisher\":{\"@id\":\"https:\/\/xlg-heattransfer.com\/fr\/#organization\"},\"potentialAction\":[{\"@type\":\"SearchAction\",\"target\":{\"@type\":\"EntryPoint\",\"urlTemplate\":\"https:\/\/xlg-heattransfer.com\/fr\/?s={search_term_string}\"},\"query-input\":{\"@type\":\"PropertyValueSpecification\",\"valueRequired\":true,\"valueName\":\"search_term_string\"}}],\"inLanguage\":\"fr-FR\"},{\"@type\":\"Organization\",\"@id\":\"https:\/\/xlg-heattransfer.com\/fr\/#organization\",\"name\":\"XLG Heat Transfer\",\"url\":\"https:\/\/xlg-heattransfer.com\/fr\/\",\"logo\":{\"@type\":\"ImageObject\",\"inLanguage\":\"fr-FR\",\"@id\":\"https:\/\/xlg-heattransfer.com\/fr\/#\/schema\/logo\/image\/\",\"url\":\"https:\/\/xlg-heattransfer.com\/wp-content\/uploads\/2024\/06\/XLG-logo.png\",\"contentUrl\":\"https:\/\/xlg-heattransfer.com\/wp-content\/uploads\/2024\/06\/XLG-logo.png\",\"width\":945,\"height\":280,\"caption\":\"XLG Heat Transfer\"},\"image\":{\"@id\":\"https:\/\/xlg-heattransfer.com\/fr\/#\/schema\/logo\/image\/\"}}]}<\/script>\n<!-- \/ Yoast SEO plugin. -->","yoast_head_json":{"title":"\u00c9changeur de chaleur \u00e0 tubes et calandre DOUBLE WALL - XLG Heat Transfer","description":"Cet \u00e9changeur comprend des tubes doubles concentriques, il y a donc deux parois qui s\u00e9parent le produit et le milieu de service.","robots":{"index":"index","follow":"follow","max-snippet":"max-snippet:-1","max-image-preview":"max-image-preview:large","max-video-preview":"max-video-preview:-1"},"canonical":"https:\/\/xlg-heattransfer.com\/fr\/double-wall\/","og_locale":"fr_FR","og_type":"article","og_title":"\u00c9changeur de chaleur \u00e0 tubes et calandre DOUBLE WALL - XLG Heat Transfer","og_description":"Cet \u00e9changeur comprend des tubes doubles concentriques, il y a donc deux parois qui s\u00e9parent le produit et le milieu de service.","og_url":"https:\/\/xlg-heattransfer.com\/fr\/double-wall\/","og_site_name":"XLG Heat Transfer","article_modified_time":"2024-10-14T10:12:32+00:00","og_image":[{"width":2000,"height":2000,"url":"https:\/\/xlg-heattransfer.com\/wp-content\/uploads\/2024\/04\/Doublewall_1.png","type":"image\/png"}],"twitter_card":"summary_large_image","twitter_misc":{"Dur\u00e9e de lecture estim\u00e9e":"1 minute"},"schema":{"@context":"https:\/\/schema.org","@graph":[{"@type":"WebPage","@id":"https:\/\/xlg-heattransfer.com\/fr\/double-wall\/","url":"https:\/\/xlg-heattransfer.com\/fr\/double-wall\/","name":"\u00c9changeur de chaleur \u00e0 tubes et calandre DOUBLE WALL - XLG Heat Transfer","isPartOf":{"@id":"https:\/\/xlg-heattransfer.com\/fr\/#website"},"primaryImageOfPage":{"@id":"https:\/\/xlg-heattransfer.com\/fr\/double-wall\/#primaryimage"},"image":{"@id":"https:\/\/xlg-heattransfer.com\/fr\/double-wall\/#primaryimage"},"thumbnailUrl":"https:\/\/xlg-heattransfer.com\/wp-content\/uploads\/2024\/04\/Doublewall_1.png","datePublished":"2024-04-05T09:34:08+00:00","dateModified":"2024-10-14T10:12:32+00:00","description":"Cet \u00e9changeur comprend des tubes doubles concentriques, il y a donc deux parois qui s\u00e9parent le produit et le milieu de service.","breadcrumb":{"@id":"https:\/\/xlg-heattransfer.com\/fr\/double-wall\/#breadcrumb"},"inLanguage":"fr-FR","potentialAction":[{"@type":"ReadAction","target":["https:\/\/xlg-heattransfer.com\/fr\/double-wall\/"]}]},{"@type":"ImageObject","inLanguage":"fr-FR","@id":"https:\/\/xlg-heattransfer.com\/fr\/double-wall\/#primaryimage","url":"https:\/\/xlg-heattransfer.com\/wp-content\/uploads\/2024\/04\/Doublewall_1.png","contentUrl":"https:\/\/xlg-heattransfer.com\/wp-content\/uploads\/2024\/04\/Doublewall_1.png","width":2000,"height":2000,"caption":"Exterior view of the DOUBLE WALL shell and tube heat exchanger by XLG Heat Transfer."},{"@type":"BreadcrumbList","@id":"https:\/\/xlg-heattransfer.com\/fr\/double-wall\/#breadcrumb","itemListElement":[{"@type":"ListItem","position":1,"name":"Home","item":"https:\/\/xlg-heattransfer.com\/fr\/"},{"@type":"ListItem","position":2,"name":"\u00c9changeur de chaleur \u00e0 tubes et calandre DOUBLE WALL"}]},{"@type":"WebSite","@id":"https:\/\/xlg-heattransfer.com\/fr\/#website","url":"https:\/\/xlg-heattransfer.com\/fr\/","name":"XLG Heat Transfer","description":"","publisher":{"@id":"https:\/\/xlg-heattransfer.com\/fr\/#organization"},"potentialAction":[{"@type":"SearchAction","target":{"@type":"EntryPoint","urlTemplate":"https:\/\/xlg-heattransfer.com\/fr\/?s={search_term_string}"},"query-input":{"@type":"PropertyValueSpecification","valueRequired":true,"valueName":"search_term_string"}}],"inLanguage":"fr-FR"},{"@type":"Organization","@id":"https:\/\/xlg-heattransfer.com\/fr\/#organization","name":"XLG Heat Transfer","url":"https:\/\/xlg-heattransfer.com\/fr\/","logo":{"@type":"ImageObject","inLanguage":"fr-FR","@id":"https:\/\/xlg-heattransfer.com\/fr\/#\/schema\/logo\/image\/","url":"https:\/\/xlg-heattransfer.com\/wp-content\/uploads\/2024\/06\/XLG-logo.png","contentUrl":"https:\/\/xlg-heattransfer.com\/wp-content\/uploads\/2024\/06\/XLG-logo.png","width":945,"height":280,"caption":"XLG Heat Transfer"},"image":{"@id":"https:\/\/xlg-heattransfer.com\/fr\/#\/schema\/logo\/image\/"}}]}},"_links":{"self":[{"href":"https:\/\/xlg-heattransfer.com\/fr\/wp-json\/wp\/v2\/pages\/1272","targetHints":{"allow":["GET"]}}],"collection":[{"href":"https:\/\/xlg-heattransfer.com\/fr\/wp-json\/wp\/v2\/pages"}],"about":[{"href":"https:\/\/xlg-heattransfer.com\/fr\/wp-json\/wp\/v2\/types\/page"}],"author":[{"embeddable":true,"href":"https:\/\/xlg-heattransfer.com\/fr\/wp-json\/wp\/v2\/users\/2"}],"replies":[{"embeddable":true,"href":"https:\/\/xlg-heattransfer.com\/fr\/wp-json\/wp\/v2\/comments?post=1272"}],"version-history":[{"count":3,"href":"https:\/\/xlg-heattransfer.com\/fr\/wp-json\/wp\/v2\/pages\/1272\/revisions"}],"predecessor-version":[{"id":1362,"href":"https:\/\/xlg-heattransfer.com\/fr\/wp-json\/wp\/v2\/pages\/1272\/revisions\/1362"}],"wp:featuredmedia":[{"embeddable":true,"href":"https:\/\/xlg-heattransfer.com\/fr\/wp-json\/wp\/v2\/media\/832"}],"wp:attachment":[{"href":"https:\/\/xlg-heattransfer.com\/fr\/wp-json\/wp\/v2\/media?parent=1272"}],"curies":[{"name":"wp","href":"https:\/\/api.w.org\/{rel}","templated":true}]}}