{"id":1243,"date":"2024-04-05T11:08:42","date_gmt":"2024-04-05T09:08:42","guid":{"rendered":"https:\/\/xlg-heattransfer.com\/nen\/"},"modified":"2024-10-16T11:57:38","modified_gmt":"2024-10-16T09:57:38","slug":"nen","status":"publish","type":"page","link":"https:\/\/xlg-heattransfer.com\/fr\/nen\/","title":{"rendered":"\u00c9changeur de chaleur \u00e0 calandre et \u00e0 tubes NEN"},"content":{"rendered":"<p>\u00c9changeur de chaleur \u00e0 calandre et tubes selon la norme TEMA NEN. Cette conception avec brides arri\u00e8re amovibles permet une inspection c\u00f4t\u00e9 tube sans d\u00e9monter l&rsquo;\u00e9changeur de chaleur de la canalisation.<\/p>\n<p>En fonction des conditions de temp\u00e9rature et de pression de conception et du processus des fluides, les mat\u00e9riaux sont s\u00e9lectionn\u00e9s parmi tous les m\u00e9taux disponibles tels que : aciers inoxydables aust\u00e9nitiques, duplex, aciers r\u00e9sistants aux hautes temp\u00e9ratures, superaust\u00e9nitiques, alliages exotiques (Inconel, Incolloy, Monel, Hastelloy), alliages de titane (grades 1, 2, 3, 4, 7 et 11), coppernickel Cu\/Ni 90\/10 et 70\/30, laiton Admiralty, cuivre et acier au carbone.<\/p>\n","protected":false},"excerpt":{"rendered":"<p>\u00c9changeur de chaleur \u00e0 calandre et tubes selon la norme TEMA NEN. Cette conception avec brides arri\u00e8re amovibles permet une &hellip; <a href=\"https:\/\/xlg-heattransfer.com\/fr\/nen\/\" class=\"more-link\">Continue reading <span class=\"screen-reader-text\">\u00c9changeur de chaleur \u00e0 calandre et \u00e0 tubes NEN<\/span><\/a><\/p>\n","protected":false},"author":2,"featured_media":850,"parent":0,"menu_order":4,"comment_status":"closed","ping_status":"closed","template":"page-product.php","meta":{"footnotes":""},"class_list":["post-1243","page","type-page","status-publish","has-post-thumbnail","hentry"],"acf":[],"yoast_head":"<!-- This site is optimized with the Yoast SEO plugin v26.8 - https:\/\/yoast.com\/product\/yoast-seo-wordpress\/ -->\n<title>\u00c9changeur de chaleur \u00e0 calandre et \u00e0 tubes NEN - XLG Heat Transfer<\/title>\n<meta name=\"description\" content=\"\u00c9changeur tubulaire selon la norme TEMA NEN. Cette conception avec brides arri\u00e8re amovibles permet une inspection sans d\u00e9montage.\" \/>\n<meta name=\"robots\" content=\"index, follow, max-snippet:-1, max-image-preview:large, max-video-preview:-1\" \/>\n<link rel=\"canonical\" href=\"https:\/\/xlg-heattransfer.com\/fr\/nen\/\" \/>\n<meta property=\"og:locale\" content=\"fr_FR\" \/>\n<meta property=\"og:type\" content=\"article\" \/>\n<meta property=\"og:title\" content=\"\u00c9changeur de chaleur \u00e0 calandre et \u00e0 tubes NEN - XLG Heat Transfer\" \/>\n<meta property=\"og:description\" content=\"\u00c9changeur tubulaire selon la norme TEMA NEN. Cette conception avec brides arri\u00e8re amovibles permet une inspection sans d\u00e9montage.\" \/>\n<meta property=\"og:url\" content=\"https:\/\/xlg-heattransfer.com\/fr\/nen\/\" \/>\n<meta property=\"og:site_name\" content=\"XLG Heat Transfer\" \/>\n<meta property=\"article:modified_time\" content=\"2024-10-16T09:57:38+00:00\" \/>\n<meta property=\"og:image\" content=\"https:\/\/xlg-heattransfer.com\/wp-content\/uploads\/2024\/04\/NEN_1.png\" \/>\n\t<meta property=\"og:image:width\" content=\"2000\" \/>\n\t<meta property=\"og:image:height\" content=\"2000\" \/>\n\t<meta property=\"og:image:type\" content=\"image\/png\" \/>\n<meta name=\"twitter:card\" content=\"summary_large_image\" \/>\n<meta name=\"twitter:label1\" content=\"Dur\u00e9e de lecture estim\u00e9e\" \/>\n\t<meta name=\"twitter:data1\" content=\"1 minute\" \/>\n<script type=\"application\/ld+json\" class=\"yoast-schema-graph\">{\"@context\":\"https:\/\/schema.org\",\"@graph\":[{\"@type\":\"WebPage\",\"@id\":\"https:\/\/xlg-heattransfer.com\/fr\/nen\/\",\"url\":\"https:\/\/xlg-heattransfer.com\/fr\/nen\/\",\"name\":\"\u00c9changeur de chaleur \u00e0 calandre et \u00e0 tubes NEN - XLG Heat Transfer\",\"isPartOf\":{\"@id\":\"https:\/\/xlg-heattransfer.com\/fr\/#website\"},\"primaryImageOfPage\":{\"@id\":\"https:\/\/xlg-heattransfer.com\/fr\/nen\/#primaryimage\"},\"image\":{\"@id\":\"https:\/\/xlg-heattransfer.com\/fr\/nen\/#primaryimage\"},\"thumbnailUrl\":\"https:\/\/xlg-heattransfer.com\/wp-content\/uploads\/2024\/04\/NEN_1.png\",\"datePublished\":\"2024-04-05T09:08:42+00:00\",\"dateModified\":\"2024-10-16T09:57:38+00:00\",\"description\":\"\u00c9changeur tubulaire selon la norme TEMA NEN. Cette conception avec brides arri\u00e8re amovibles permet une inspection sans d\u00e9montage.\",\"breadcrumb\":{\"@id\":\"https:\/\/xlg-heattransfer.com\/fr\/nen\/#breadcrumb\"},\"inLanguage\":\"fr-FR\",\"potentialAction\":[{\"@type\":\"ReadAction\",\"target\":[\"https:\/\/xlg-heattransfer.com\/fr\/nen\/\"]}]},{\"@type\":\"ImageObject\",\"inLanguage\":\"fr-FR\",\"@id\":\"https:\/\/xlg-heattransfer.com\/fr\/nen\/#primaryimage\",\"url\":\"https:\/\/xlg-heattransfer.com\/wp-content\/uploads\/2024\/04\/NEN_1.png\",\"contentUrl\":\"https:\/\/xlg-heattransfer.com\/wp-content\/uploads\/2024\/04\/NEN_1.png\",\"width\":2000,\"height\":2000,\"caption\":\"Side view of the NEN shell and tube heat exchanger by XLG Heat Transfer for industrial applications.\"},{\"@type\":\"BreadcrumbList\",\"@id\":\"https:\/\/xlg-heattransfer.com\/fr\/nen\/#breadcrumb\",\"itemListElement\":[{\"@type\":\"ListItem\",\"position\":1,\"name\":\"Home\",\"item\":\"https:\/\/xlg-heattransfer.com\/fr\/\"},{\"@type\":\"ListItem\",\"position\":2,\"name\":\"\u00c9changeur de chaleur \u00e0 calandre et \u00e0 tubes NEN\"}]},{\"@type\":\"WebSite\",\"@id\":\"https:\/\/xlg-heattransfer.com\/fr\/#website\",\"url\":\"https:\/\/xlg-heattransfer.com\/fr\/\",\"name\":\"XLG Heat Transfer\",\"description\":\"\",\"publisher\":{\"@id\":\"https:\/\/xlg-heattransfer.com\/fr\/#organization\"},\"potentialAction\":[{\"@type\":\"SearchAction\",\"target\":{\"@type\":\"EntryPoint\",\"urlTemplate\":\"https:\/\/xlg-heattransfer.com\/fr\/?s={search_term_string}\"},\"query-input\":{\"@type\":\"PropertyValueSpecification\",\"valueRequired\":true,\"valueName\":\"search_term_string\"}}],\"inLanguage\":\"fr-FR\"},{\"@type\":\"Organization\",\"@id\":\"https:\/\/xlg-heattransfer.com\/fr\/#organization\",\"name\":\"XLG Heat Transfer\",\"url\":\"https:\/\/xlg-heattransfer.com\/fr\/\",\"logo\":{\"@type\":\"ImageObject\",\"inLanguage\":\"fr-FR\",\"@id\":\"https:\/\/xlg-heattransfer.com\/fr\/#\/schema\/logo\/image\/\",\"url\":\"https:\/\/xlg-heattransfer.com\/wp-content\/uploads\/2024\/06\/XLG-logo.png\",\"contentUrl\":\"https:\/\/xlg-heattransfer.com\/wp-content\/uploads\/2024\/06\/XLG-logo.png\",\"width\":945,\"height\":280,\"caption\":\"XLG Heat Transfer\"},\"image\":{\"@id\":\"https:\/\/xlg-heattransfer.com\/fr\/#\/schema\/logo\/image\/\"}}]}<\/script>\n<!-- \/ Yoast SEO plugin. -->","yoast_head_json":{"title":"\u00c9changeur de chaleur \u00e0 calandre et \u00e0 tubes NEN - XLG Heat Transfer","description":"\u00c9changeur tubulaire selon la norme TEMA NEN. Cette conception avec brides arri\u00e8re amovibles permet une inspection sans d\u00e9montage.","robots":{"index":"index","follow":"follow","max-snippet":"max-snippet:-1","max-image-preview":"max-image-preview:large","max-video-preview":"max-video-preview:-1"},"canonical":"https:\/\/xlg-heattransfer.com\/fr\/nen\/","og_locale":"fr_FR","og_type":"article","og_title":"\u00c9changeur de chaleur \u00e0 calandre et \u00e0 tubes NEN - XLG Heat Transfer","og_description":"\u00c9changeur tubulaire selon la norme TEMA NEN. Cette conception avec brides arri\u00e8re amovibles permet une inspection sans d\u00e9montage.","og_url":"https:\/\/xlg-heattransfer.com\/fr\/nen\/","og_site_name":"XLG Heat Transfer","article_modified_time":"2024-10-16T09:57:38+00:00","og_image":[{"width":2000,"height":2000,"url":"https:\/\/xlg-heattransfer.com\/wp-content\/uploads\/2024\/04\/NEN_1.png","type":"image\/png"}],"twitter_card":"summary_large_image","twitter_misc":{"Dur\u00e9e de lecture estim\u00e9e":"1 minute"},"schema":{"@context":"https:\/\/schema.org","@graph":[{"@type":"WebPage","@id":"https:\/\/xlg-heattransfer.com\/fr\/nen\/","url":"https:\/\/xlg-heattransfer.com\/fr\/nen\/","name":"\u00c9changeur de chaleur \u00e0 calandre et \u00e0 tubes NEN - XLG Heat Transfer","isPartOf":{"@id":"https:\/\/xlg-heattransfer.com\/fr\/#website"},"primaryImageOfPage":{"@id":"https:\/\/xlg-heattransfer.com\/fr\/nen\/#primaryimage"},"image":{"@id":"https:\/\/xlg-heattransfer.com\/fr\/nen\/#primaryimage"},"thumbnailUrl":"https:\/\/xlg-heattransfer.com\/wp-content\/uploads\/2024\/04\/NEN_1.png","datePublished":"2024-04-05T09:08:42+00:00","dateModified":"2024-10-16T09:57:38+00:00","description":"\u00c9changeur tubulaire selon la norme TEMA NEN. Cette conception avec brides arri\u00e8re amovibles permet une inspection sans d\u00e9montage.","breadcrumb":{"@id":"https:\/\/xlg-heattransfer.com\/fr\/nen\/#breadcrumb"},"inLanguage":"fr-FR","potentialAction":[{"@type":"ReadAction","target":["https:\/\/xlg-heattransfer.com\/fr\/nen\/"]}]},{"@type":"ImageObject","inLanguage":"fr-FR","@id":"https:\/\/xlg-heattransfer.com\/fr\/nen\/#primaryimage","url":"https:\/\/xlg-heattransfer.com\/wp-content\/uploads\/2024\/04\/NEN_1.png","contentUrl":"https:\/\/xlg-heattransfer.com\/wp-content\/uploads\/2024\/04\/NEN_1.png","width":2000,"height":2000,"caption":"Side view of the NEN shell and tube heat exchanger by XLG Heat Transfer for industrial applications."},{"@type":"BreadcrumbList","@id":"https:\/\/xlg-heattransfer.com\/fr\/nen\/#breadcrumb","itemListElement":[{"@type":"ListItem","position":1,"name":"Home","item":"https:\/\/xlg-heattransfer.com\/fr\/"},{"@type":"ListItem","position":2,"name":"\u00c9changeur de chaleur \u00e0 calandre et \u00e0 tubes NEN"}]},{"@type":"WebSite","@id":"https:\/\/xlg-heattransfer.com\/fr\/#website","url":"https:\/\/xlg-heattransfer.com\/fr\/","name":"XLG Heat Transfer","description":"","publisher":{"@id":"https:\/\/xlg-heattransfer.com\/fr\/#organization"},"potentialAction":[{"@type":"SearchAction","target":{"@type":"EntryPoint","urlTemplate":"https:\/\/xlg-heattransfer.com\/fr\/?s={search_term_string}"},"query-input":{"@type":"PropertyValueSpecification","valueRequired":true,"valueName":"search_term_string"}}],"inLanguage":"fr-FR"},{"@type":"Organization","@id":"https:\/\/xlg-heattransfer.com\/fr\/#organization","name":"XLG Heat Transfer","url":"https:\/\/xlg-heattransfer.com\/fr\/","logo":{"@type":"ImageObject","inLanguage":"fr-FR","@id":"https:\/\/xlg-heattransfer.com\/fr\/#\/schema\/logo\/image\/","url":"https:\/\/xlg-heattransfer.com\/wp-content\/uploads\/2024\/06\/XLG-logo.png","contentUrl":"https:\/\/xlg-heattransfer.com\/wp-content\/uploads\/2024\/06\/XLG-logo.png","width":945,"height":280,"caption":"XLG Heat Transfer"},"image":{"@id":"https:\/\/xlg-heattransfer.com\/fr\/#\/schema\/logo\/image\/"}}]}},"_links":{"self":[{"href":"https:\/\/xlg-heattransfer.com\/fr\/wp-json\/wp\/v2\/pages\/1243","targetHints":{"allow":["GET"]}}],"collection":[{"href":"https:\/\/xlg-heattransfer.com\/fr\/wp-json\/wp\/v2\/pages"}],"about":[{"href":"https:\/\/xlg-heattransfer.com\/fr\/wp-json\/wp\/v2\/types\/page"}],"author":[{"embeddable":true,"href":"https:\/\/xlg-heattransfer.com\/fr\/wp-json\/wp\/v2\/users\/2"}],"replies":[{"embeddable":true,"href":"https:\/\/xlg-heattransfer.com\/fr\/wp-json\/wp\/v2\/comments?post=1243"}],"version-history":[{"count":5,"href":"https:\/\/xlg-heattransfer.com\/fr\/wp-json\/wp\/v2\/pages\/1243\/revisions"}],"predecessor-version":[{"id":1420,"href":"https:\/\/xlg-heattransfer.com\/fr\/wp-json\/wp\/v2\/pages\/1243\/revisions\/1420"}],"wp:featuredmedia":[{"embeddable":true,"href":"https:\/\/xlg-heattransfer.com\/fr\/wp-json\/wp\/v2\/media\/850"}],"wp:attachment":[{"href":"https:\/\/xlg-heattransfer.com\/fr\/wp-json\/wp\/v2\/media?parent=1243"}],"curies":[{"name":"wp","href":"https:\/\/api.w.org\/{rel}","templated":true}]}}