{"id":411,"date":"2022-10-24T16:00:33","date_gmt":"2022-10-24T14:00:33","guid":{"rendered":"https:\/\/xlg-heattransfer.com\/cookies-policy\/"},"modified":"2026-03-11T09:47:18","modified_gmt":"2026-03-11T07:47:18","slug":"politica-de-cookies","status":"publish","type":"page","link":"https:\/\/xlg-heattransfer.com\/es\/politica-de-cookies\/","title":{"rendered":"Pol\u00edtica de cookies"},"content":{"rendered":"<p>En la web\u00a0<a href=\"https:\/\/xlg-heattransfer.com\/es\/\">http:\/\/www.xlg-heattransfer.com\/es\/<\/a>, propiedad de XLG Heat Transfer, S.L., C.I.F. B-73386500 y domicilio en Calle Magallanes (pol\u00edgono Industrial la Estrella), 6, Molina de Segura, 30500, Murcia, en adelante LA EMPRESA, utilizamos cookies para facilitar la relaci\u00f3n de los visitantes con nuestro contenido y para permitir elaborar estad\u00edsticas sobre las visitantes que recibimos.<\/p>\n<p>En cumplimiento de la Directiva 2009\/136\/CE, desarrollada en nuestro ordenamiento por el apartado segundo del art\u00edculo 22 de la Ley de Servicios de Sociedad de la Informaci\u00f3n, siguiendo las directrices de la Agencia Espa\u00f1ola de Protecci\u00f3n de Datos, as\u00ed como del Reglamento (UE) 2016\/679 del Parlamento Europeo y del Consejo, de 27 de abril de 2016, relativo a la protecci\u00f3n de las personas f\u00edsicas en lo que respecta al tratamiento de datos personales y a la libre circulaci\u00f3n de estos datos (RGPD), as\u00ed como lo previsto en la Ley Org\u00e1nica 3\/2018, de 5 de diciembre, de Protecci\u00f3n de Datos Personales y garant\u00eda de los derechos digitales (LOPD-GDD), procedemos a informarle detalladamente del uso que se realiza en nuestra web.<\/p>\n<p><strong>\u00bfQu\u00e9 son las cookies?<\/strong><\/p>\n<p>Se denominan cookies a unos peque\u00f1os archivos que se graban en el navegador utilizado por cada visitante de nuestra web para que el servidor pueda recordar la visita de ese usuario con posterioridad cuando vuelva a acceder a nuestros contenidos. Esta informaci\u00f3n no revela su identidad, ni dato personal alguno, ni accede al contenido almacenado en su pc, pero s\u00ed que permite a nuestro sistema identificarle a usted como un usuario determinado que ya visit\u00f3 la web con anterioridad, visualiz\u00f3 determinadas p\u00e1ginas, etc. y adem\u00e1s permite guardar sus preferencias personales e informaci\u00f3n t\u00e9cnica como por ejemplo las visitas realizadas o p\u00e1ginas concretas que visite.<\/p>\n<p>La finalidad de las cookies es la de facilitar al Usuario un acceso m\u00e1s r\u00e1pido a los Servicios seleccionados.<\/p>\n<p><strong>Cookies utilizadas en esta web<\/strong><\/p>\n<p>&nbsp;<\/p>\n<p>A continuaci\u00f3n se identifican las cookies que est\u00e1n siendo utilizadas en este portal as\u00ed como su tipolog\u00eda y funci\u00f3n:<\/p>\n<table border=\"0\" cellspacing=\"0\" cellpadding=\"0\">\n<tbody>\n<tr>\n<td valign=\"top\" width=\"104\"><strong>Nombre<\/strong><\/td>\n<td valign=\"top\" width=\"70\">Categor\u00eda<\/td>\n<td valign=\"top\" width=\"66\">Descripci\u00f3n<\/td>\n<td valign=\"top\" width=\"57\">Categor\u00eda<\/td>\n<td valign=\"top\" width=\"66\">Duraci\u00f3n<\/td>\n<td valign=\"top\" width=\"215\">Proveedor y m\u00e1s informaci\u00f3n<\/td>\n<\/tr>\n<tr>\n<td valign=\"top\" width=\"104\"><span class=\"gmail-apple-converted-space\"><strong>4fa23671b8cb5784bdabaa54566e55ba<\/strong><\/span><\/td>\n<td valign=\"top\" width=\"70\">Sesi\u00f3n<\/td>\n<td valign=\"top\" width=\"66\">Es necesaria para el funcionamiento de la p\u00e1gina<\/td>\n<td valign=\"top\" width=\"57\">Propia<\/td>\n<td valign=\"top\" width=\"66\">Sesi\u00f3n<\/td>\n<td valign=\"top\" width=\"215\"><\/td>\n<\/tr>\n<tr>\n<td valign=\"top\" width=\"104\"><strong>_ga<\/strong><\/td>\n<td valign=\"top\" width=\"70\">\u00c1nalisis<\/td>\n<td valign=\"top\" width=\"66\">Se usa para distinguir a los usuarios<\/td>\n<td valign=\"top\" width=\"57\">Terceros<\/td>\n<td valign=\"top\" width=\"66\">2 a\u00f1os<\/td>\n<td valign=\"top\" width=\"215\">Google.\u00a0<a href=\"https:\/\/developers.google.com\/analytics\/devguides\/collection\/analyticsjs\/cookie-usage?hl=es-419#analyticsjs\">https:\/\/developers.google.com\/analytics\/devguides\/collection\/analyticsjs\/cookie-usage?hl=es-419#analyticsjs<\/a><\/td>\n<\/tr>\n<tr>\n<td valign=\"top\" width=\"104\"><strong>_gid<\/strong><\/td>\n<td valign=\"top\" width=\"70\">\u00c1nalisis<\/td>\n<td valign=\"top\" width=\"66\">Se usa para distinguir a los usuarios<\/td>\n<td valign=\"top\" width=\"57\">Terceros<\/td>\n<td valign=\"top\" width=\"66\">1 d\u00eda<\/td>\n<td valign=\"top\" width=\"215\">Google.<\/p>\n<p><a href=\"https:\/\/developers.google.com\/analytics\/devguides\/collection\/gajs\/cookie-usage#analyticsjs\">https:\/\/developers.google.com\/analytics\/devguides\/collection\/gajs\/cookie-usage#analyticsjs<\/a><\/td>\n<\/tr>\n<tr>\n<td valign=\"top\" width=\"104\"><span class=\"gmail-apple-converted-space\"><strong>_gat<\/strong><\/span><\/td>\n<td valign=\"top\" width=\"70\">Funcionalidad<\/td>\n<td valign=\"top\" width=\"66\">Se usa para limitar el porcentaje de solicitudes.<\/td>\n<td valign=\"top\" width=\"57\">Terceros<\/td>\n<td valign=\"top\" width=\"66\">1 minuto<\/td>\n<td valign=\"top\" width=\"215\">Google.<\/p>\n<p><a href=\"https:\/\/developers.google.com\/analytics\/devguides\/collection\/analyticsjs\/cookie-usage?hl=es-419\">https:\/\/developers.google.com\/analytics\/devguides\/collection\/analyticsjs\/cookie-usage?hl=es-419<\/a><\/td>\n<\/tr>\n<tr>\n<td valign=\"top\" width=\"104\"><strong>cookieaccept<\/strong><\/td>\n<td valign=\"top\" width=\"70\">Funcionalidad<\/td>\n<td valign=\"top\" width=\"66\">Gestiona el consentimiento del usuario para el uso de las cookies en la p\u00e1gina web, con el objeto de recordar aquellos usuarios que las han aceptado y aquellos que no, de modo que a los primeros no se les muestre informaci\u00f3n al respecto.<\/td>\n<td valign=\"top\" width=\"57\">Propia<\/td>\n<td valign=\"top\" width=\"66\">27 a\u00f1os y 2 meses<\/td>\n<td valign=\"top\" width=\"215\"><\/td>\n<\/tr>\n<tr>\n<td valign=\"top\" width=\"104\"><strong>1P_JAR<\/strong><\/td>\n<td valign=\"top\" width=\"70\">Funcionalidad<\/td>\n<td valign=\"top\" width=\"66\">Transfiere datos a Google<\/td>\n<td valign=\"top\" width=\"57\">Terceros<\/td>\n<td valign=\"top\" width=\"66\">1 semana<\/td>\n<td valign=\"top\" width=\"215\">Google.<\/p>\n<p><a href=\"https:\/\/policies.google.com\/technologies\/types?hl=es\">https:\/\/policies.google.com\/technologies\/types?hl=es<\/a><\/td>\n<\/tr>\n<tr>\n<td valign=\"top\" width=\"104\"><span class=\"gmail-apple-converted-space\"><strong>CONSENT<\/strong><\/span><\/td>\n<td valign=\"top\" width=\"70\">An\u00e1lisis<\/td>\n<td valign=\"top\" width=\"66\">Almacenan informaci\u00f3n, identificadores y preferencias relacionados con Google<\/td>\n<td valign=\"top\" width=\"57\">Terceros<\/td>\n<td valign=\"top\" width=\"66\">Persistente<\/td>\n<td valign=\"top\" width=\"215\">Google.\u00a0<a href=\"https:\/\/policies.google.com\/technologies\/types?hl=es\">https:\/\/policies.google.com\/technologies\/types?hl=es<\/a><\/td>\n<\/tr>\n<tr>\n<td valign=\"top\" width=\"104\"><span class=\"gmail-apple-converted-space\"><strong>ANID<\/strong><\/span><\/td>\n<td valign=\"top\" width=\"70\">Publicidad<\/td>\n<td valign=\"top\" width=\"66\">Google<\/td>\n<td valign=\"top\" width=\"57\">Terceros<\/td>\n<td valign=\"top\" width=\"66\">68 d\u00edas<\/td>\n<td valign=\"top\" width=\"215\">Google.<\/p>\n<p><a href=\"https:\/\/policies.google.com\/technologies\/types?hl=es\">https:\/\/policies.google.com\/technologies\/types?hl=es<\/a><\/td>\n<\/tr>\n<tr>\n<td valign=\"top\" width=\"104\"><span class=\"gmail-apple-converted-space\"><strong>APISID<\/strong><\/span><\/td>\n<td valign=\"top\" width=\"70\">An\u00e1lsis<\/td>\n<td valign=\"top\" width=\"66\">Almacenamiento de las preferencias del usuario en Google<\/td>\n<td valign=\"top\" width=\"57\">Terceros<\/td>\n<td valign=\"top\" width=\"66\">24 meses<\/td>\n<td valign=\"top\" width=\"215\">Google.\u00a0<a href=\"https:\/\/policies.google.com\/technologies\/types?hl=es\">https:\/\/policies.google.com\/technologies\/types?hl=es<\/a><\/td>\n<\/tr>\n<tr>\n<td valign=\"top\" width=\"104\"><span class=\"gmail-apple-converted-space\"><strong>HSID<\/strong><\/span><\/td>\n<td valign=\"top\" width=\"70\">Sesi\u00f3n<\/td>\n<td valign=\"top\" width=\"66\">Almacenamiento de las preferencias del usuario en Google<\/td>\n<td valign=\"top\" width=\"57\">Tercero<\/td>\n<td valign=\"top\" width=\"66\">Sesi\u00f3n<\/td>\n<td valign=\"top\" width=\"215\">Google.\u00a0<a href=\"https:\/\/policies.google.com\/technologies\/types?hl=es\">https:\/\/policies.google.com\/technologies\/types?hl=es<\/a><\/td>\n<\/tr>\n<tr>\n<td valign=\"top\" width=\"104\"><span class=\"gmail-apple-converted-space\"><strong>NID<\/strong><\/span><\/td>\n<td valign=\"top\" width=\"70\">Funcionalidad<\/td>\n<td valign=\"top\" width=\"66\">Visualizaci\u00f3n de mapas mediante Google Maps<\/td>\n<td valign=\"top\" width=\"57\">Tercero<\/td>\n<td valign=\"top\" width=\"66\">6 meses<\/td>\n<td valign=\"top\" width=\"215\">Google.\u00a0<a href=\"https:\/\/policies.google.com\/technologies\/types?hl=es\">https:\/\/policies.google.com\/technologies\/types?hl=es<\/a><\/td>\n<\/tr>\n<tr>\n<td valign=\"top\" width=\"104\"><span class=\"gmail-apple-converted-space\"><strong>SID<\/strong><\/span><\/td>\n<td valign=\"top\" width=\"70\">Sesi\u00f3n<\/td>\n<td valign=\"top\" width=\"66\">Almacenan informaci\u00f3n, identificadores y preferencias relacionados con Google<\/td>\n<td valign=\"top\" width=\"57\">Tercero<\/td>\n<td valign=\"top\" width=\"66\">Sesi\u00f3n<\/td>\n<td valign=\"top\" width=\"215\">Google.\u00a0<a href=\"https:\/\/policies.google.com\/technologies\/types?hl=es\">https:\/\/policies.google.com\/technologies\/types?hl=es<\/a><\/td>\n<\/tr>\n<tr>\n<td valign=\"top\" width=\"104\"><span class=\"gmail-apple-converted-space\"><strong>SIDCC<\/strong><\/span><\/td>\n<td valign=\"top\" width=\"70\">An\u00e1lisis<\/td>\n<td valign=\"top\" width=\"66\">Es utilizada por Google para proveer servicios y extraer informaci\u00f3n an\u00f3nima sobre la navegaci\u00f3n<\/td>\n<td valign=\"top\" width=\"57\">Tercero<\/td>\n<td valign=\"top\" width=\"66\">3 meses<\/td>\n<td valign=\"top\" width=\"215\">Google.\u00a0<a href=\"https:\/\/policies.google.com\/technologies\/types?hl=es\">https:\/\/policies.google.com\/technologies\/types?hl=es<\/a><\/td>\n<\/tr>\n<\/tbody>\n<\/table>\n<p>&nbsp;<\/p>\n<p>&nbsp;<\/p>\n<p>&nbsp;<\/p>\n<p>Respecto de las cookies de terceros, es decir aquellas que son ajenas a nuestro sitio web, no podemos hacernos responsables del contenido y veracidad de las pol\u00edticas de privacidad que ellos incluyen por lo que la informaci\u00f3n que le ofrecemos es siempre con referencia a la fuente.<\/p>\n<p>&nbsp;<\/p>\n<p><strong>Tipos de cookies<\/strong><\/p>\n<p>&nbsp;<\/p>\n<p>\u2022\u00a0Cookies propias: aqu\u00e9llas que se env\u00edan al equipo terminal del usuario desde un equipo o dominio gestionado por el propio editor y desde el que se presta el servicio solicitado por el usuario.<\/p>\n<p>&nbsp;<\/p>\n<p>\u2022\u00a0Cookies de terceros: aqu\u00e9llas que se env\u00edan al equipo terminal del usuario desde un equipo o dominio que no es gestionado por el editor, sino por otra entidad que trata los datos obtenidos trav\u00e9s de las cookies.<\/p>\n<p>&nbsp;<\/p>\n<p>Existe tambi\u00e9n una segunda clasificaci\u00f3n seg\u00fan el plazo de tiempo que permanecen almacenadas en el navegador del cliente, pudiendo tratarse de:<\/p>\n<p>&nbsp;<\/p>\n<p>\u2022\u00a0Cookies de sesi\u00f3n: dise\u00f1adas para recabar y almacenar datos mientras el usuario accede a una p\u00e1gina web. Se suelen emplear para almacenar informaci\u00f3n que solo interesa conservar para la prestaci\u00f3n del servicio solicitado por el usuario en una sola ocasi\u00f3n (p.e. una lista de productos adquiridos).<\/p>\n<p>&nbsp;<\/p>\n<p>\u2022\u00a0Cookies persistentes: los datos siguen almacenados en el terminal y pueden ser accedidos y tratados durante un periodo definido por el responsable de la cookie, y que puede ir de unos minutos a varios a\u00f1os.<\/p>\n<p>&nbsp;<\/p>\n<p>Por \u00faltimo, existe otra clasificaci\u00f3n con cinco tipos de cookies seg\u00fan la finalidad para la que se traten los datos obtenidos:<\/p>\n<p>&nbsp;<\/p>\n<p>\u2022\u00a0Cookies t\u00e9cnicas o funcionales: aquellas que permiten al usuario la navegaci\u00f3n a trav\u00e9s de una p\u00e1gina web, plataforma o aplicaci\u00f3n y la utilizaci\u00f3n de las diferentes opciones o servicios que en ella existan como, por ejemplo, controlar el tr\u00e1fico y la comunicaci\u00f3n de datos, identificar la sesi\u00f3n, acceder a partes de acceso restringido, recordar los elementos que integran un pedido, realizar el proceso de compra de un pedido, realizar la solicitud de inscripci\u00f3n o participaci\u00f3n en un evento, utilizar elementos de seguridad durante la navegaci\u00f3n, almacenar contenidos para la difusi\u00f3n de v\u00eddeos o sonido o compartir contenidos a trav\u00e9s de redes sociales.<\/p>\n<p>&nbsp;<\/p>\n<p>\u2022\u00a0Cookies de personalizaci\u00f3n: permiten al usuario acceder al servicio con algunas caracter\u00edsticas de car\u00e1cter general predefinidas en funci\u00f3n de una serie de criterios en el terminal del usuario como por ejemplo serian el idioma, el tipo de navegador a trav\u00e9s del cual accede al servicio, la configuraci\u00f3n regional desde donde accede al servicio, etc.<\/p>\n<p>&nbsp;<\/p>\n<p>\u2022\u00a0Cookies de an\u00e1lisis: permiten al responsable de las mismas, el seguimiento y an\u00e1lisis del comportamiento de los usuarios de los sitios web a los que est\u00e1n vinculadas. La informaci\u00f3n recogida mediante este tipo de cookies se utiliza en la medici\u00f3n de la actividad de los sitios web, aplicaci\u00f3n o plataforma y para la elaboraci\u00f3n de perfiles de navegaci\u00f3n de los usuarios de dichos sitios, aplicaciones y plataformas, con el fin de introducir mejoras en funci\u00f3n del an\u00e1lisis de los datos de uso que hacen los usuarios del servicio.<\/p>\n<p>&nbsp;<\/p>\n<p>\u2022\u00a0Cookies publicitarias: permiten la gesti\u00f3n, de la forma m\u00e1s eficaz posible, de los espacios publicitarios.<\/p>\n<p>&nbsp;<\/p>\n<p>\u2022\u00a0Cookies de publicidad comportamental: almacenan informaci\u00f3n del comportamiento de los usuarios obtenida a trav\u00e9s de la observaci\u00f3n continuada de sus h\u00e1bitos de navegaci\u00f3n, lo que permite desarrollar un perfil espec\u00edfico para mostrar publicidad en funci\u00f3n del mismo.<\/p>\n<p>&nbsp;<\/p>\n<p>\u2022\u00a0Cookies de redes sociales externas: se utilizan para que los visitantes puedan interactuar con el contenido de diferentes plataformas sociales (facebook, youtube, twitter, linkedIn, etc..) y que se generen \u00fanicamente para los usuarios de dichas redes sociales. Las condiciones de utilizaci\u00f3n de estas cookies y la informaci\u00f3n recopilada se regula por la pol\u00edtica de privacidad de la plataforma social correspondiente.<\/p>\n<p>&nbsp;<\/p>\n<p><strong>Desactivaci\u00f3n y eliminaci\u00f3n de cookies<\/strong><\/p>\n<p>&nbsp;<\/p>\n<p>Si no desea que se guarden cookies en su navegador o prefiere recibir una informaci\u00f3n cada vez que una cookie solicite instalarse, puede configurar sus opciones de navegaci\u00f3n para que se haga de esa forma. La mayor parte de los navegadores permiten la gesti\u00f3n de las cookies de 3 formas diferentes:<\/p>\n<p>&nbsp;<\/p>\n<ol>\n<li>Las cookies son siempre rechazadas;<\/li>\n<\/ol>\n<p>&nbsp;<\/p>\n<ul>\n<li>El navegador pregunta si el usuario desea instalar cada cookie;<\/li>\n<\/ul>\n<p>&nbsp;<\/p>\n<ol>\n<li>Las cookies son siempre aceptadas;<\/li>\n<\/ol>\n<p>&nbsp;<\/p>\n<ul>\n<li>Su navegador tambi\u00e9n puede incluir la posibilidad de seleccionar con detalle las cookies que desea que se instalen en su ordenador. En concreto, el usuario puede normalmente aceptar alguna de las siguientes opciones:<\/li>\n<\/ul>\n<p>&nbsp;<\/p>\n<ol>\n<li>Rechazar las cookies de determinados dominios;<\/li>\n<\/ol>\n<p>&nbsp;<\/p>\n<ol>\n<li>Rechazar las cookies de terceros;<\/li>\n<\/ol>\n<p>&nbsp;<\/p>\n<ol>\n<li>aceptar cookies como no persistentes (se eliminan cuando el navegador se cierra);<\/li>\n<\/ol>\n<p>&nbsp;<\/p>\n<ol>\n<li>permitir al servidor crear cookies para un dominio diferente.<\/li>\n<\/ol>\n<p>&nbsp;<\/p>\n<p>El usuario podr\u00e1 en cualquier momento elegir qu\u00e9 cookies quiere que funcionen en este sitio web, no obstante se le informa que con el desactivar cookies algunos de los servicios disponibles podr\u00edan dejar de estar operativos. La forma de deshabilitar las cookies es diferente para cada navegador, pero normalmente puede hacerse desde el men\u00fa Herramientas u Opciones. Puede encontrar informaci\u00f3n sobre c\u00f3mo configurar los navegadores m\u00e1s usados en las siguientes ubicaciones:<\/p>\n<p>&nbsp;<\/p>\n<p>Internet Explorer: Herramientas -&gt; Opciones de Internet -&gt; Privacidad -&gt; Configuraci\u00f3n. Para m\u00e1s informaci\u00f3n, puede consultar el soporte de Microsoft o la Ayuda del navegador.<\/p>\n<p>&nbsp;<\/p>\n<p>Firefox: Herramientas -&gt; Opciones -&gt; Privacidad -&gt; Historial -&gt; Configuraci\u00f3n Personalizada. Para m\u00e1s informaci\u00f3n, puede consultar el soporte de Mozilla o la Ayuda del navegador.<\/p>\n<p>&nbsp;<\/p>\n<p>Chrome: Configuraci\u00f3n -&gt; Mostrar opciones avanzadas -&gt; Privacidad -&gt; Configuraci\u00f3n de contenido. Para m\u00e1s informaci\u00f3n, puede consultar el soporte de Google o la Ayuda del navegador.<\/p>\n<p>&nbsp;<\/p>\n<p>Safari: Preferencias -&gt; Seguridad. Para m\u00e1s informaci\u00f3n, puede consultar el soporte de Apple o la Ayuda del navegador.<\/p>\n<p>&nbsp;<\/p>\n<p>&nbsp;<\/p>\n<p><strong>Aviso<\/strong><\/p>\n<p>&nbsp;<\/p>\n<p>La Pol\u00edtica de Cookies de LA EMPRESA podr\u00e1 ser modificad en consonancia con las posibles variaciones legislativas por las que se vea afectada, con la finalidad de adaptar dicha pol\u00edtica a las instrucciones dictadas por la Agencia Espa\u00f1ola de Protecci\u00f3n de Datos, as\u00ed como por cambios de direcci\u00f3n de LA EMPRESA, por ello se aconseja a los Usuarios que la visiten peri\u00f3dicamente.<\/p>\n<p>&nbsp;<\/p>\n<p>Cuando se produzcan cambios significativos en esta Pol\u00edtica de Cookies LA EMPRESA proceder\u00e1 a informarle por medio de nuevo aviso en esta web para que, si es preceptivo, proceda a otorgar su consentimiento o pueda revocarlo.<\/p>\n","protected":false},"excerpt":{"rendered":"<p>En la web\u00a0http:\/\/www.xlg-heattransfer.com\/es\/, propiedad de XLG Heat Transfer, S.L., C.I.F. B-73386500 y domicilio en Calle Magallanes (pol\u00edgono Industrial la Estrella), &hellip; <a href=\"https:\/\/xlg-heattransfer.com\/es\/politica-de-cookies\/\" class=\"more-link\">Continue reading <span class=\"screen-reader-text\">Pol\u00edtica de cookies<\/span><\/a><\/p>\n","protected":false},"author":2,"featured_media":0,"parent":0,"menu_order":20,"comment_status":"closed","ping_status":"closed","template":"","meta":{"footnotes":""},"class_list":["post-411","page","type-page","status-publish","hentry"],"acf":[],"yoast_head":"<!-- This site is optimized with the Yoast SEO plugin v26.8 - https:\/\/yoast.com\/product\/yoast-seo-wordpress\/ -->\n<title>Pol\u00edtica de cookies | XLG Heat Transfer<\/title>\n<meta name=\"description\" content=\"Inf\u00f3rmate sobre el uso de cookies en la web de XLG Heat Transfer, su finalidad, tipos y c\u00f3mo gestionarlas o desactivarlas.\" \/>\n<meta name=\"robots\" content=\"index, follow, max-snippet:-1, max-image-preview:large, max-video-preview:-1\" \/>\n<link rel=\"canonical\" href=\"https:\/\/xlg-heattransfer.com\/es\/politica-de-cookies\/\" \/>\n<meta property=\"og:locale\" content=\"es_ES\" \/>\n<meta property=\"og:type\" content=\"article\" \/>\n<meta property=\"og:title\" content=\"Pol\u00edtica de cookies | XLG Heat Transfer\" \/>\n<meta property=\"og:description\" content=\"Inf\u00f3rmate sobre el uso de cookies en la web de XLG Heat Transfer, su finalidad, tipos y c\u00f3mo gestionarlas o desactivarlas.\" \/>\n<meta property=\"og:url\" content=\"https:\/\/xlg-heattransfer.com\/es\/politica-de-cookies\/\" \/>\n<meta property=\"og:site_name\" content=\"XLG Heat Transfer\" \/>\n<meta property=\"article:modified_time\" content=\"2026-03-11T07:47:18+00:00\" \/>\n<meta name=\"twitter:card\" content=\"summary_large_image\" \/>\n<meta name=\"twitter:label1\" content=\"Tiempo de lectura\" \/>\n\t<meta name=\"twitter:data1\" content=\"8 minutos\" \/>\n<script type=\"application\/ld+json\" class=\"yoast-schema-graph\">{\"@context\":\"https:\/\/schema.org\",\"@graph\":[{\"@type\":\"WebPage\",\"@id\":\"https:\/\/xlg-heattransfer.com\/es\/politica-de-cookies\/\",\"url\":\"https:\/\/xlg-heattransfer.com\/es\/politica-de-cookies\/\",\"name\":\"Pol\u00edtica de cookies | XLG Heat Transfer\",\"isPartOf\":{\"@id\":\"https:\/\/xlg-heattransfer.com\/es\/#website\"},\"datePublished\":\"2022-10-24T14:00:33+00:00\",\"dateModified\":\"2026-03-11T07:47:18+00:00\",\"description\":\"Inf\u00f3rmate sobre el uso de cookies en la web de XLG Heat Transfer, su finalidad, tipos y c\u00f3mo gestionarlas o desactivarlas.\",\"breadcrumb\":{\"@id\":\"https:\/\/xlg-heattransfer.com\/es\/politica-de-cookies\/#breadcrumb\"},\"inLanguage\":\"es\",\"potentialAction\":[{\"@type\":\"ReadAction\",\"target\":[\"https:\/\/xlg-heattransfer.com\/es\/politica-de-cookies\/\"]}]},{\"@type\":\"BreadcrumbList\",\"@id\":\"https:\/\/xlg-heattransfer.com\/es\/politica-de-cookies\/#breadcrumb\",\"itemListElement\":[{\"@type\":\"ListItem\",\"position\":1,\"name\":\"Home\",\"item\":\"https:\/\/xlg-heattransfer.com\/es\/\"},{\"@type\":\"ListItem\",\"position\":2,\"name\":\"Pol\u00edtica de cookies\"}]},{\"@type\":\"WebSite\",\"@id\":\"https:\/\/xlg-heattransfer.com\/es\/#website\",\"url\":\"https:\/\/xlg-heattransfer.com\/es\/\",\"name\":\"XLG Heat Transfer\",\"description\":\"\",\"publisher\":{\"@id\":\"https:\/\/xlg-heattransfer.com\/es\/#organization\"},\"potentialAction\":[{\"@type\":\"SearchAction\",\"target\":{\"@type\":\"EntryPoint\",\"urlTemplate\":\"https:\/\/xlg-heattransfer.com\/es\/?s={search_term_string}\"},\"query-input\":{\"@type\":\"PropertyValueSpecification\",\"valueRequired\":true,\"valueName\":\"search_term_string\"}}],\"inLanguage\":\"es\"},{\"@type\":\"Organization\",\"@id\":\"https:\/\/xlg-heattransfer.com\/es\/#organization\",\"name\":\"XLG Heat Transfer\",\"url\":\"https:\/\/xlg-heattransfer.com\/es\/\",\"logo\":{\"@type\":\"ImageObject\",\"inLanguage\":\"es\",\"@id\":\"https:\/\/xlg-heattransfer.com\/es\/#\/schema\/logo\/image\/\",\"url\":\"https:\/\/xlg-heattransfer.com\/wp-content\/uploads\/2024\/06\/XLG-logo.png\",\"contentUrl\":\"https:\/\/xlg-heattransfer.com\/wp-content\/uploads\/2024\/06\/XLG-logo.png\",\"width\":945,\"height\":280,\"caption\":\"XLG Heat Transfer\"},\"image\":{\"@id\":\"https:\/\/xlg-heattransfer.com\/es\/#\/schema\/logo\/image\/\"}}]}<\/script>\n<!-- \/ Yoast SEO plugin. -->","yoast_head_json":{"title":"Pol\u00edtica de cookies | XLG Heat Transfer","description":"Inf\u00f3rmate sobre el uso de cookies en la web de XLG Heat Transfer, su finalidad, tipos y c\u00f3mo gestionarlas o desactivarlas.","robots":{"index":"index","follow":"follow","max-snippet":"max-snippet:-1","max-image-preview":"max-image-preview:large","max-video-preview":"max-video-preview:-1"},"canonical":"https:\/\/xlg-heattransfer.com\/es\/politica-de-cookies\/","og_locale":"es_ES","og_type":"article","og_title":"Pol\u00edtica de cookies | XLG Heat Transfer","og_description":"Inf\u00f3rmate sobre el uso de cookies en la web de XLG Heat Transfer, su finalidad, tipos y c\u00f3mo gestionarlas o desactivarlas.","og_url":"https:\/\/xlg-heattransfer.com\/es\/politica-de-cookies\/","og_site_name":"XLG Heat Transfer","article_modified_time":"2026-03-11T07:47:18+00:00","twitter_card":"summary_large_image","twitter_misc":{"Tiempo de lectura":"8 minutos"},"schema":{"@context":"https:\/\/schema.org","@graph":[{"@type":"WebPage","@id":"https:\/\/xlg-heattransfer.com\/es\/politica-de-cookies\/","url":"https:\/\/xlg-heattransfer.com\/es\/politica-de-cookies\/","name":"Pol\u00edtica de cookies | XLG Heat Transfer","isPartOf":{"@id":"https:\/\/xlg-heattransfer.com\/es\/#website"},"datePublished":"2022-10-24T14:00:33+00:00","dateModified":"2026-03-11T07:47:18+00:00","description":"Inf\u00f3rmate sobre el uso de cookies en la web de XLG Heat Transfer, su finalidad, tipos y c\u00f3mo gestionarlas o desactivarlas.","breadcrumb":{"@id":"https:\/\/xlg-heattransfer.com\/es\/politica-de-cookies\/#breadcrumb"},"inLanguage":"es","potentialAction":[{"@type":"ReadAction","target":["https:\/\/xlg-heattransfer.com\/es\/politica-de-cookies\/"]}]},{"@type":"BreadcrumbList","@id":"https:\/\/xlg-heattransfer.com\/es\/politica-de-cookies\/#breadcrumb","itemListElement":[{"@type":"ListItem","position":1,"name":"Home","item":"https:\/\/xlg-heattransfer.com\/es\/"},{"@type":"ListItem","position":2,"name":"Pol\u00edtica de cookies"}]},{"@type":"WebSite","@id":"https:\/\/xlg-heattransfer.com\/es\/#website","url":"https:\/\/xlg-heattransfer.com\/es\/","name":"XLG Heat Transfer","description":"","publisher":{"@id":"https:\/\/xlg-heattransfer.com\/es\/#organization"},"potentialAction":[{"@type":"SearchAction","target":{"@type":"EntryPoint","urlTemplate":"https:\/\/xlg-heattransfer.com\/es\/?s={search_term_string}"},"query-input":{"@type":"PropertyValueSpecification","valueRequired":true,"valueName":"search_term_string"}}],"inLanguage":"es"},{"@type":"Organization","@id":"https:\/\/xlg-heattransfer.com\/es\/#organization","name":"XLG Heat Transfer","url":"https:\/\/xlg-heattransfer.com\/es\/","logo":{"@type":"ImageObject","inLanguage":"es","@id":"https:\/\/xlg-heattransfer.com\/es\/#\/schema\/logo\/image\/","url":"https:\/\/xlg-heattransfer.com\/wp-content\/uploads\/2024\/06\/XLG-logo.png","contentUrl":"https:\/\/xlg-heattransfer.com\/wp-content\/uploads\/2024\/06\/XLG-logo.png","width":945,"height":280,"caption":"XLG Heat Transfer"},"image":{"@id":"https:\/\/xlg-heattransfer.com\/es\/#\/schema\/logo\/image\/"}}]}},"_links":{"self":[{"href":"https:\/\/xlg-heattransfer.com\/es\/wp-json\/wp\/v2\/pages\/411","targetHints":{"allow":["GET"]}}],"collection":[{"href":"https:\/\/xlg-heattransfer.com\/es\/wp-json\/wp\/v2\/pages"}],"about":[{"href":"https:\/\/xlg-heattransfer.com\/es\/wp-json\/wp\/v2\/types\/page"}],"author":[{"embeddable":true,"href":"https:\/\/xlg-heattransfer.com\/es\/wp-json\/wp\/v2\/users\/2"}],"replies":[{"embeddable":true,"href":"https:\/\/xlg-heattransfer.com\/es\/wp-json\/wp\/v2\/comments?post=411"}],"version-history":[{"count":3,"href":"https:\/\/xlg-heattransfer.com\/es\/wp-json\/wp\/v2\/pages\/411\/revisions"}],"predecessor-version":[{"id":414,"href":"https:\/\/xlg-heattransfer.com\/es\/wp-json\/wp\/v2\/pages\/411\/revisions\/414"}],"wp:attachment":[{"href":"https:\/\/xlg-heattransfer.com\/es\/wp-json\/wp\/v2\/media?parent=411"}],"curies":[{"name":"wp","href":"https:\/\/api.w.org\/{rel}","templated":true}]}}