{"id":403,"date":"2022-10-24T16:25:56","date_gmt":"2022-10-24T14:25:56","guid":{"rendered":"https:\/\/xlg-heattransfer.com\/contact\/"},"modified":"2026-03-11T09:46:04","modified_gmt":"2026-03-11T07:46:04","slug":"contacto","status":"publish","type":"page","link":"https:\/\/xlg-heattransfer.com\/es\/contacto\/","title":{"rendered":"Contacto"},"content":{"rendered":"<p><strong>XLG Heat Transfer S.L.<\/strong><br \/>\nC\/ Magallanes, 5 Pol\u00edgono Industrial La Estrella<br \/>\n30500 Molina de Segura (Murcia) \/ Espa\u00f1a \/ Spain<br \/>\nEmail: <span \n                data-original-string='fX0Uo3lefeI6HuHipWfbeQ==d6d3fAjrSx\/A\/rM5G06KlDXIbdYsZ7WvYYz2ZLlmAzHtxE='\n                class='apbct-email-encoder'\n                title='Este contacto ha sido codificado por Anti-Spam by CleanTalk. Haz clic para decodificar. Para finalizar la decodificaci\u00f3n, aseg\u00farate de que JavaScript est\u00e1 activado en tu navegador.'>in<span class=\"apbct-blur\">**<\/span>@<span class=\"apbct-blur\">**************<\/span>er.com<\/span><\/p>\n<p>Si lo prefiere, puede llamarnos a nuestro n\u00famero de tel\u00e9fono <strong><a href=\"tel:868000085\">(34) 868 000 085<\/a><\/strong><\/p>\n<p>O si desea m\u00e1s informaci\u00f3n sobre nuestros productos, por favor rellene el siguiente formulario y nos pondremos en contacto con usted lo antes posible.<\/p>\n<p>_<\/p>\n","protected":false},"excerpt":{"rendered":"<p>XLG Heat Transfer S.L. C\/ Magallanes, 5 Pol\u00edgono Industrial La Estrella 30500 Molina de Segura (Murcia) \/ Espa\u00f1a \/ Spain &hellip; <a href=\"https:\/\/xlg-heattransfer.com\/es\/contacto\/\" class=\"more-link\">Continue reading <span class=\"screen-reader-text\">Contacto<\/span><\/a><\/p>\n","protected":false},"author":2,"featured_media":0,"parent":0,"menu_order":17,"comment_status":"closed","ping_status":"closed","template":"page-contacto.php","meta":{"footnotes":""},"class_list":["post-403","page","type-page","status-publish","hentry"],"acf":[],"yoast_head":"<!-- This site is optimized with the Yoast SEO plugin v26.8 - https:\/\/yoast.com\/product\/yoast-seo-wordpress\/ -->\n<title>Contacto y presupuestos | XLG Heat Transfer<\/title>\n<meta name=\"description\" content=\"Contacta con XLG Heat Transfer para solicitar informaci\u00f3n, presupuesto o soluciones en intercambiadores de calor y procesos t\u00e9rmicos.\" \/>\n<meta name=\"robots\" content=\"index, follow, max-snippet:-1, max-image-preview:large, max-video-preview:-1\" \/>\n<link rel=\"canonical\" href=\"https:\/\/xlg-heattransfer.com\/es\/contacto\/\" \/>\n<meta property=\"og:locale\" content=\"es_ES\" \/>\n<meta property=\"og:type\" content=\"article\" \/>\n<meta property=\"og:title\" content=\"Contacto y presupuestos | XLG Heat Transfer\" \/>\n<meta property=\"og:description\" content=\"Contacta con XLG Heat Transfer para solicitar informaci\u00f3n, presupuesto o soluciones en intercambiadores de calor y procesos t\u00e9rmicos.\" \/>\n<meta property=\"og:url\" content=\"https:\/\/xlg-heattransfer.com\/es\/contacto\/\" \/>\n<meta property=\"og:site_name\" content=\"XLG Heat Transfer\" \/>\n<meta property=\"article:modified_time\" content=\"2026-03-11T07:46:04+00:00\" \/>\n<meta name=\"twitter:card\" content=\"summary_large_image\" \/>\n<meta name=\"twitter:label1\" content=\"Tiempo de lectura\" \/>\n\t<meta name=\"twitter:data1\" content=\"1 minuto\" \/>\n<script type=\"application\/ld+json\" class=\"yoast-schema-graph\">{\"@context\":\"https:\/\/schema.org\",\"@graph\":[{\"@type\":\"WebPage\",\"@id\":\"https:\/\/xlg-heattransfer.com\/es\/contacto\/\",\"url\":\"https:\/\/xlg-heattransfer.com\/es\/contacto\/\",\"name\":\"Contacto y presupuestos | XLG Heat Transfer\",\"isPartOf\":{\"@id\":\"https:\/\/xlg-heattransfer.com\/es\/#website\"},\"datePublished\":\"2022-10-24T14:25:56+00:00\",\"dateModified\":\"2026-03-11T07:46:04+00:00\",\"description\":\"Contacta con XLG Heat Transfer para solicitar informaci\u00f3n, presupuesto o soluciones en intercambiadores de calor y procesos t\u00e9rmicos.\",\"breadcrumb\":{\"@id\":\"https:\/\/xlg-heattransfer.com\/es\/contacto\/#breadcrumb\"},\"inLanguage\":\"es\",\"potentialAction\":[{\"@type\":\"ReadAction\",\"target\":[\"https:\/\/xlg-heattransfer.com\/es\/contacto\/\"]}]},{\"@type\":\"BreadcrumbList\",\"@id\":\"https:\/\/xlg-heattransfer.com\/es\/contacto\/#breadcrumb\",\"itemListElement\":[{\"@type\":\"ListItem\",\"position\":1,\"name\":\"Home\",\"item\":\"https:\/\/xlg-heattransfer.com\/es\/\"},{\"@type\":\"ListItem\",\"position\":2,\"name\":\"Contacto\"}]},{\"@type\":\"WebSite\",\"@id\":\"https:\/\/xlg-heattransfer.com\/es\/#website\",\"url\":\"https:\/\/xlg-heattransfer.com\/es\/\",\"name\":\"XLG Heat Transfer\",\"description\":\"\",\"publisher\":{\"@id\":\"https:\/\/xlg-heattransfer.com\/es\/#organization\"},\"potentialAction\":[{\"@type\":\"SearchAction\",\"target\":{\"@type\":\"EntryPoint\",\"urlTemplate\":\"https:\/\/xlg-heattransfer.com\/es\/?s={search_term_string}\"},\"query-input\":{\"@type\":\"PropertyValueSpecification\",\"valueRequired\":true,\"valueName\":\"search_term_string\"}}],\"inLanguage\":\"es\"},{\"@type\":\"Organization\",\"@id\":\"https:\/\/xlg-heattransfer.com\/es\/#organization\",\"name\":\"XLG Heat Transfer\",\"url\":\"https:\/\/xlg-heattransfer.com\/es\/\",\"logo\":{\"@type\":\"ImageObject\",\"inLanguage\":\"es\",\"@id\":\"https:\/\/xlg-heattransfer.com\/es\/#\/schema\/logo\/image\/\",\"url\":\"https:\/\/xlg-heattransfer.com\/wp-content\/uploads\/2024\/06\/XLG-logo.png\",\"contentUrl\":\"https:\/\/xlg-heattransfer.com\/wp-content\/uploads\/2024\/06\/XLG-logo.png\",\"width\":945,\"height\":280,\"caption\":\"XLG Heat Transfer\"},\"image\":{\"@id\":\"https:\/\/xlg-heattransfer.com\/es\/#\/schema\/logo\/image\/\"}}]}<\/script>\n<!-- \/ Yoast SEO plugin. -->","yoast_head_json":{"title":"Contacto y presupuestos | XLG Heat Transfer","description":"Contacta con XLG Heat Transfer para solicitar informaci\u00f3n, presupuesto o soluciones en intercambiadores de calor y procesos t\u00e9rmicos.","robots":{"index":"index","follow":"follow","max-snippet":"max-snippet:-1","max-image-preview":"max-image-preview:large","max-video-preview":"max-video-preview:-1"},"canonical":"https:\/\/xlg-heattransfer.com\/es\/contacto\/","og_locale":"es_ES","og_type":"article","og_title":"Contacto y presupuestos | XLG Heat Transfer","og_description":"Contacta con XLG Heat Transfer para solicitar informaci\u00f3n, presupuesto o soluciones en intercambiadores de calor y procesos t\u00e9rmicos.","og_url":"https:\/\/xlg-heattransfer.com\/es\/contacto\/","og_site_name":"XLG Heat Transfer","article_modified_time":"2026-03-11T07:46:04+00:00","twitter_card":"summary_large_image","twitter_misc":{"Tiempo de lectura":"1 minuto"},"schema":{"@context":"https:\/\/schema.org","@graph":[{"@type":"WebPage","@id":"https:\/\/xlg-heattransfer.com\/es\/contacto\/","url":"https:\/\/xlg-heattransfer.com\/es\/contacto\/","name":"Contacto y presupuestos | XLG Heat Transfer","isPartOf":{"@id":"https:\/\/xlg-heattransfer.com\/es\/#website"},"datePublished":"2022-10-24T14:25:56+00:00","dateModified":"2026-03-11T07:46:04+00:00","description":"Contacta con XLG Heat Transfer para solicitar informaci\u00f3n, presupuesto o soluciones en intercambiadores de calor y procesos t\u00e9rmicos.","breadcrumb":{"@id":"https:\/\/xlg-heattransfer.com\/es\/contacto\/#breadcrumb"},"inLanguage":"es","potentialAction":[{"@type":"ReadAction","target":["https:\/\/xlg-heattransfer.com\/es\/contacto\/"]}]},{"@type":"BreadcrumbList","@id":"https:\/\/xlg-heattransfer.com\/es\/contacto\/#breadcrumb","itemListElement":[{"@type":"ListItem","position":1,"name":"Home","item":"https:\/\/xlg-heattransfer.com\/es\/"},{"@type":"ListItem","position":2,"name":"Contacto"}]},{"@type":"WebSite","@id":"https:\/\/xlg-heattransfer.com\/es\/#website","url":"https:\/\/xlg-heattransfer.com\/es\/","name":"XLG Heat Transfer","description":"","publisher":{"@id":"https:\/\/xlg-heattransfer.com\/es\/#organization"},"potentialAction":[{"@type":"SearchAction","target":{"@type":"EntryPoint","urlTemplate":"https:\/\/xlg-heattransfer.com\/es\/?s={search_term_string}"},"query-input":{"@type":"PropertyValueSpecification","valueRequired":true,"valueName":"search_term_string"}}],"inLanguage":"es"},{"@type":"Organization","@id":"https:\/\/xlg-heattransfer.com\/es\/#organization","name":"XLG Heat Transfer","url":"https:\/\/xlg-heattransfer.com\/es\/","logo":{"@type":"ImageObject","inLanguage":"es","@id":"https:\/\/xlg-heattransfer.com\/es\/#\/schema\/logo\/image\/","url":"https:\/\/xlg-heattransfer.com\/wp-content\/uploads\/2024\/06\/XLG-logo.png","contentUrl":"https:\/\/xlg-heattransfer.com\/wp-content\/uploads\/2024\/06\/XLG-logo.png","width":945,"height":280,"caption":"XLG Heat Transfer"},"image":{"@id":"https:\/\/xlg-heattransfer.com\/es\/#\/schema\/logo\/image\/"}}]}},"_links":{"self":[{"href":"https:\/\/xlg-heattransfer.com\/es\/wp-json\/wp\/v2\/pages\/403","targetHints":{"allow":["GET"]}}],"collection":[{"href":"https:\/\/xlg-heattransfer.com\/es\/wp-json\/wp\/v2\/pages"}],"about":[{"href":"https:\/\/xlg-heattransfer.com\/es\/wp-json\/wp\/v2\/types\/page"}],"author":[{"embeddable":true,"href":"https:\/\/xlg-heattransfer.com\/es\/wp-json\/wp\/v2\/users\/2"}],"replies":[{"embeddable":true,"href":"https:\/\/xlg-heattransfer.com\/es\/wp-json\/wp\/v2\/comments?post=403"}],"version-history":[{"count":2,"href":"https:\/\/xlg-heattransfer.com\/es\/wp-json\/wp\/v2\/pages\/403\/revisions"}],"predecessor-version":[{"id":1508,"href":"https:\/\/xlg-heattransfer.com\/es\/wp-json\/wp\/v2\/pages\/403\/revisions\/1508"}],"wp:attachment":[{"href":"https:\/\/xlg-heattransfer.com\/es\/wp-json\/wp\/v2\/media?parent=403"}],"curies":[{"name":"wp","href":"https:\/\/api.w.org\/{rel}","templated":true}]}}