{"id":386,"date":"2022-10-24T15:59:03","date_gmt":"2022-10-24T13:59:03","guid":{"rendered":"https:\/\/xlg-heattransfer.com\/legal-notice\/"},"modified":"2026-03-11T09:45:29","modified_gmt":"2026-03-11T07:45:29","slug":"aviso-legal","status":"publish","type":"page","link":"https:\/\/xlg-heattransfer.com\/es\/aviso-legal\/","title":{"rendered":"Aviso legal"},"content":{"rendered":"<p><span style=\"font-family: helvetica, arial, sans-serif; font-size: 10pt;\">XLG Heat Transfer, S.L. en adelante LA EMPRESA, le recomienda la lectura responsable y atenta del Aviso Legal de este Sitio Web, propiedad de la mercantil XLG Heat Transfer, S.L., en adelante Condiciones de uso, para la completa compresi\u00f3n de las condiciones que se aplican en relaci\u00f3n a la navegaci\u00f3n por el citado Sito Web. El sitio web http:\/\/www.xlg-heattransfer.com\/es\/, en adelante el Sitio Web es propiedad de XLG Heat Transfer, S.L. CIF B \u2013 73386500, con domicilio en Calle Magallanes (pol\u00edgono Industrial la Estrella), 6, Molina de Segura, 30500, Murcia. LA EMPRESA mantiene los criterios de claridad y transparencia por lo que se pone a disposici\u00f3n de los usuarios para aclarar cualquier duda y\/ o atender cualquier sugerencia en el tel\u00e9fono +34 868 000 085 o en la direcci\u00f3n de correo electr\u00f3nico <span \n                data-original-string='S28dXw3CvqWUGP1Fn\/ypjQ==d6dFPP8jrNZ7DBS64OL54MiuymGxNiIhk7wjnwbkR1mhd8='\n                class='apbct-email-encoder'\n                title='Este contacto ha sido codificado por Anti-Spam by CleanTalk. Haz clic para decodificar. Para finalizar la decodificaci\u00f3n, aseg\u00farate de que JavaScript est\u00e1 activado en tu navegador.'>in<span class=\"apbct-blur\">**<\/span>@<span class=\"apbct-blur\">**************<\/span>er.com<\/span> Por consiguiente, LA EMPRESA pone a disposici\u00f3n contenido y servicios del Sitio Web, conforme a las Condiciones de uso que aqu\u00ed se establecen y la pol\u00edtica de protecci\u00f3n de datos personales establecida en esta. Se le informa que la condici\u00f3n de Usuario se adquiere por el mero hecho de acceder a este Sitio Web o su utilizaci\u00f3n de cualquier forma, lo que supone la aceptaci\u00f3n, sin reservas, de las Condiciones de uso. LA EMPRESA se reserva el derecho a la modificaci\u00f3n de las citadas condiciones de uso en todo momento. LA EMPRESA puede ofrecer a los Usuarios el acceso a informaci\u00f3n de otras empresas, productos o servicios a trav\u00e9s de la web. Los contenidos e informaci\u00f3n no vinculan a LA EMPRESA ni constituyen opiniones, consejos o asesoramiento legal de ning\u00fan tipo pues se trata meramente de un servicio ofrecido con car\u00e1cter informativo y divulgativo. Los posibles textos, im\u00e1genes, sonidos, animaciones, software y el resto de contenidos incluidos en este website son propiedad exclusiva de LA EMPRESA o sus licenciantes. Cualquier acto de transmisi\u00f3n, distribuci\u00f3n, cesi\u00f3n, reproducci\u00f3n, almacenamiento o comunicaci\u00f3n p\u00fablica total o parcial, debe contar con el consentimiento expreso de LA EMPRESA. La privacidad y tratamiento de datos en caso de que sea necesaria su facilitaci\u00f3n para acceder a determinados contenidos o servicios se considera aut\u00e9ntica, veraz, vigente y exacta, siendo responsabilidad de los Usuarios tales caracter\u00edsticas. Por su parte, LA EMPRESA avala el tratamiento correspondiente y automatizado de dichos datos en funci\u00f3n de su naturaleza o finalidad conforme a la pol\u00edtica de protecci\u00f3n de datos. El Usuario se responsabiliza a no hacer un uso inadecuado o il\u00edcito del Sitio Web y de sus contenidos, as\u00ed como a facilitar la informaci\u00f3n veraz al cumplimentar datos de car\u00e1cter personal en los formularios del Sito Web y a mantenerlos actualizados en todo momento, siendo responsable de su realidad como Usuario, responsabiliz\u00e1ndose de las posibles falsedades o inexactitudes y los perjuicios y consecuencias que \u00e9stas puedan producir a LA EMPRESA. Para acceder a algunos de los servicios que LA EMPRESA ofrece a trav\u00e9s del website deber\u00e1 proporcionar algunos datos de car\u00e1cter personal. En cumplimiento de lo establecido en el Reglamento (UE) 2016\/679 del Parlamento Europeo y del Consejo, de 27 de abril de 2016, relativo a la protecci\u00f3n de las personas f\u00edsicas en lo que respecta al tratamiento de datos personales y a la libre circulaci\u00f3n de estos datos, as\u00ed como en la Ley Org\u00e1nica 3\/2018, de 5 de diciembre, de Protecci\u00f3n de Datos Personales y garant\u00eda de los derechos digitales (LOPD-GDD) le informamos que, mediante la cumplimentaci\u00f3n de los presentes formularios, sus datos personales quedar\u00e1n incorporados y ser\u00e1n tratados en los ficheros de LA EMPRESA con el fin de poderle prestar y ofrecer nuestros servicios as\u00ed como para informarle de las mejoras del sitio Web. De igual modo, le informamos de la posibilidad que ostenta de ejercer los derechos de acceso, rectificaci\u00f3n, cancelaci\u00f3n y oposici\u00f3n de sus datos de car\u00e1cter personal (derechos ARCO), de manera gratuita mediante email a <span \n                data-original-string='eyab2IiIy+Wj4oMsjDRbYQ==d6dTa0olEEfpbI6i8MF3Z1LkjQvPtnBXHp1Yc9hfScBTY8='\n                class='apbct-email-encoder'\n                title='Este contacto ha sido codificado por Anti-Spam by CleanTalk. Haz clic para decodificar. Para finalizar la decodificaci\u00f3n, aseg\u00farate de que JavaScript est\u00e1 activado en tu navegador.'>in<span class=\"apbct-blur\">**<\/span>@<span class=\"apbct-blur\">**********<\/span>ry.com<\/span> o en la direcci\u00f3n postal anteriormente citada, facilitando copia de su Documento Nacional de Identidad para ello e indicando el derecho que desea ejercitar. LA EMPRESA no puede garantizar el acceso continuado, ni la correcta visualizaci\u00f3n, descarga o utilidad de los elementos e informaciones contenidas en el Sitio Web, que pueden verse impedidos, dificultados o interrumpidos por factores o circunstancias que est\u00e1n fuera de su control, de forma que LA EMPRESA no se responsabiliza de los da\u00f1os o perjuicios producidos en el Usuario que se deriven de desconexiones o errores en las redes de telecomunicaciones y que afecten al normal funcionamiento del servicio. Especialmente LA EMPRESA no ser\u00e1 responsable de los perjuicios que se deriven, sin perjuicio de otros motivos, de; Fallos y errores en el funcionamiento del sistema electr\u00f3nico, motivados por deficiencias, sobrecargas y\/ o disfunciones en las l\u00edneas y redes de telecomunicaciones, ajenos al control de LA EMPRESA. La intervenci\u00f3n, ajena a LA EMPRESA, de programas nocivos, tales como virus inform\u00e1ticos. Uso y abuso indebido o inadecuado del Sitio Web. LA EMPRESA queda exonerada de toda responsabilidad por el contenido que pueda ser recibido como consecuencia de los formularios de recogida de datos ofrecidos con la \u00fanica finalidad de prestar los servicios y consultas relacionadas con LA EMPRESA. Los contenidos establecidos en el Sitio Web de LA EMPRESA, con car\u00e1cter general, tienen una funci\u00f3n esencialmente informativa. De esta forma LA EMPRESA no otorga garant\u00eda en relaci\u00f3n con dichos contenidos, salvo en la medida en que por ley no puedan excluirse tales declaraciones y garant\u00edas..<\/span><\/p>\n","protected":false},"excerpt":{"rendered":"<p>XLG Heat Transfer, S.L. en adelante LA EMPRESA, le recomienda la lectura responsable y atenta del Aviso Legal de este &hellip; <a href=\"https:\/\/xlg-heattransfer.com\/es\/aviso-legal\/\" class=\"more-link\">Continue reading <span class=\"screen-reader-text\">Aviso legal<\/span><\/a><\/p>\n","protected":false},"author":2,"featured_media":0,"parent":0,"menu_order":21,"comment_status":"closed","ping_status":"closed","template":"","meta":{"footnotes":""},"class_list":["post-386","page","type-page","status-publish","hentry"],"acf":[],"yoast_head":"<!-- This site is optimized with the Yoast SEO plugin v26.8 - https:\/\/yoast.com\/product\/yoast-seo-wordpress\/ -->\n<title>Aviso legal - XLG Heat Transfer<\/title>\n<meta name=\"description\" content=\"Consulta el aviso legal de XLG Heat Transfer: datos de la empresa, condiciones de uso del sitio web y aspectos jur\u00eddicos aplicables.\" \/>\n<meta name=\"robots\" content=\"index, follow, max-snippet:-1, max-image-preview:large, max-video-preview:-1\" \/>\n<link rel=\"canonical\" href=\"https:\/\/xlg-heattransfer.com\/es\/aviso-legal\/\" \/>\n<meta property=\"og:locale\" content=\"es_ES\" \/>\n<meta property=\"og:type\" content=\"article\" \/>\n<meta property=\"og:title\" content=\"Aviso legal - XLG Heat Transfer\" \/>\n<meta property=\"og:description\" content=\"Consulta el aviso legal de XLG Heat Transfer: datos de la empresa, condiciones de uso del sitio web y aspectos jur\u00eddicos aplicables.\" \/>\n<meta property=\"og:url\" content=\"https:\/\/xlg-heattransfer.com\/es\/aviso-legal\/\" \/>\n<meta property=\"og:site_name\" content=\"XLG Heat Transfer\" \/>\n<meta property=\"article:modified_time\" content=\"2026-03-11T07:45:29+00:00\" \/>\n<meta name=\"twitter:card\" content=\"summary_large_image\" \/>\n<meta name=\"twitter:label1\" content=\"Tiempo de lectura\" \/>\n\t<meta name=\"twitter:data1\" content=\"5 minutos\" \/>\n<script type=\"application\/ld+json\" class=\"yoast-schema-graph\">{\"@context\":\"https:\/\/schema.org\",\"@graph\":[{\"@type\":\"WebPage\",\"@id\":\"https:\/\/xlg-heattransfer.com\/es\/aviso-legal\/\",\"url\":\"https:\/\/xlg-heattransfer.com\/es\/aviso-legal\/\",\"name\":\"Aviso legal - XLG Heat Transfer\",\"isPartOf\":{\"@id\":\"https:\/\/xlg-heattransfer.com\/es\/#website\"},\"datePublished\":\"2022-10-24T13:59:03+00:00\",\"dateModified\":\"2026-03-11T07:45:29+00:00\",\"description\":\"Consulta el aviso legal de XLG Heat Transfer: datos de la empresa, condiciones de uso del sitio web y aspectos jur\u00eddicos aplicables.\",\"breadcrumb\":{\"@id\":\"https:\/\/xlg-heattransfer.com\/es\/aviso-legal\/#breadcrumb\"},\"inLanguage\":\"es\",\"potentialAction\":[{\"@type\":\"ReadAction\",\"target\":[\"https:\/\/xlg-heattransfer.com\/es\/aviso-legal\/\"]}]},{\"@type\":\"BreadcrumbList\",\"@id\":\"https:\/\/xlg-heattransfer.com\/es\/aviso-legal\/#breadcrumb\",\"itemListElement\":[{\"@type\":\"ListItem\",\"position\":1,\"name\":\"Home\",\"item\":\"https:\/\/xlg-heattransfer.com\/es\/\"},{\"@type\":\"ListItem\",\"position\":2,\"name\":\"Aviso legal\"}]},{\"@type\":\"WebSite\",\"@id\":\"https:\/\/xlg-heattransfer.com\/es\/#website\",\"url\":\"https:\/\/xlg-heattransfer.com\/es\/\",\"name\":\"XLG Heat Transfer\",\"description\":\"\",\"publisher\":{\"@id\":\"https:\/\/xlg-heattransfer.com\/es\/#organization\"},\"potentialAction\":[{\"@type\":\"SearchAction\",\"target\":{\"@type\":\"EntryPoint\",\"urlTemplate\":\"https:\/\/xlg-heattransfer.com\/es\/?s={search_term_string}\"},\"query-input\":{\"@type\":\"PropertyValueSpecification\",\"valueRequired\":true,\"valueName\":\"search_term_string\"}}],\"inLanguage\":\"es\"},{\"@type\":\"Organization\",\"@id\":\"https:\/\/xlg-heattransfer.com\/es\/#organization\",\"name\":\"XLG Heat Transfer\",\"url\":\"https:\/\/xlg-heattransfer.com\/es\/\",\"logo\":{\"@type\":\"ImageObject\",\"inLanguage\":\"es\",\"@id\":\"https:\/\/xlg-heattransfer.com\/es\/#\/schema\/logo\/image\/\",\"url\":\"https:\/\/xlg-heattransfer.com\/wp-content\/uploads\/2024\/06\/XLG-logo.png\",\"contentUrl\":\"https:\/\/xlg-heattransfer.com\/wp-content\/uploads\/2024\/06\/XLG-logo.png\",\"width\":945,\"height\":280,\"caption\":\"XLG Heat Transfer\"},\"image\":{\"@id\":\"https:\/\/xlg-heattransfer.com\/es\/#\/schema\/logo\/image\/\"}}]}<\/script>\n<!-- \/ Yoast SEO plugin. -->","yoast_head_json":{"title":"Aviso legal - XLG Heat Transfer","description":"Consulta el aviso legal de XLG Heat Transfer: datos de la empresa, condiciones de uso del sitio web y aspectos jur\u00eddicos aplicables.","robots":{"index":"index","follow":"follow","max-snippet":"max-snippet:-1","max-image-preview":"max-image-preview:large","max-video-preview":"max-video-preview:-1"},"canonical":"https:\/\/xlg-heattransfer.com\/es\/aviso-legal\/","og_locale":"es_ES","og_type":"article","og_title":"Aviso legal - XLG Heat Transfer","og_description":"Consulta el aviso legal de XLG Heat Transfer: datos de la empresa, condiciones de uso del sitio web y aspectos jur\u00eddicos aplicables.","og_url":"https:\/\/xlg-heattransfer.com\/es\/aviso-legal\/","og_site_name":"XLG Heat Transfer","article_modified_time":"2026-03-11T07:45:29+00:00","twitter_card":"summary_large_image","twitter_misc":{"Tiempo de lectura":"5 minutos"},"schema":{"@context":"https:\/\/schema.org","@graph":[{"@type":"WebPage","@id":"https:\/\/xlg-heattransfer.com\/es\/aviso-legal\/","url":"https:\/\/xlg-heattransfer.com\/es\/aviso-legal\/","name":"Aviso legal - XLG Heat Transfer","isPartOf":{"@id":"https:\/\/xlg-heattransfer.com\/es\/#website"},"datePublished":"2022-10-24T13:59:03+00:00","dateModified":"2026-03-11T07:45:29+00:00","description":"Consulta el aviso legal de XLG Heat Transfer: datos de la empresa, condiciones de uso del sitio web y aspectos jur\u00eddicos aplicables.","breadcrumb":{"@id":"https:\/\/xlg-heattransfer.com\/es\/aviso-legal\/#breadcrumb"},"inLanguage":"es","potentialAction":[{"@type":"ReadAction","target":["https:\/\/xlg-heattransfer.com\/es\/aviso-legal\/"]}]},{"@type":"BreadcrumbList","@id":"https:\/\/xlg-heattransfer.com\/es\/aviso-legal\/#breadcrumb","itemListElement":[{"@type":"ListItem","position":1,"name":"Home","item":"https:\/\/xlg-heattransfer.com\/es\/"},{"@type":"ListItem","position":2,"name":"Aviso legal"}]},{"@type":"WebSite","@id":"https:\/\/xlg-heattransfer.com\/es\/#website","url":"https:\/\/xlg-heattransfer.com\/es\/","name":"XLG Heat Transfer","description":"","publisher":{"@id":"https:\/\/xlg-heattransfer.com\/es\/#organization"},"potentialAction":[{"@type":"SearchAction","target":{"@type":"EntryPoint","urlTemplate":"https:\/\/xlg-heattransfer.com\/es\/?s={search_term_string}"},"query-input":{"@type":"PropertyValueSpecification","valueRequired":true,"valueName":"search_term_string"}}],"inLanguage":"es"},{"@type":"Organization","@id":"https:\/\/xlg-heattransfer.com\/es\/#organization","name":"XLG Heat Transfer","url":"https:\/\/xlg-heattransfer.com\/es\/","logo":{"@type":"ImageObject","inLanguage":"es","@id":"https:\/\/xlg-heattransfer.com\/es\/#\/schema\/logo\/image\/","url":"https:\/\/xlg-heattransfer.com\/wp-content\/uploads\/2024\/06\/XLG-logo.png","contentUrl":"https:\/\/xlg-heattransfer.com\/wp-content\/uploads\/2024\/06\/XLG-logo.png","width":945,"height":280,"caption":"XLG Heat Transfer"},"image":{"@id":"https:\/\/xlg-heattransfer.com\/es\/#\/schema\/logo\/image\/"}}]}},"_links":{"self":[{"href":"https:\/\/xlg-heattransfer.com\/es\/wp-json\/wp\/v2\/pages\/386","targetHints":{"allow":["GET"]}}],"collection":[{"href":"https:\/\/xlg-heattransfer.com\/es\/wp-json\/wp\/v2\/pages"}],"about":[{"href":"https:\/\/xlg-heattransfer.com\/es\/wp-json\/wp\/v2\/types\/page"}],"author":[{"embeddable":true,"href":"https:\/\/xlg-heattransfer.com\/es\/wp-json\/wp\/v2\/users\/2"}],"replies":[{"embeddable":true,"href":"https:\/\/xlg-heattransfer.com\/es\/wp-json\/wp\/v2\/comments?post=386"}],"version-history":[{"count":7,"href":"https:\/\/xlg-heattransfer.com\/es\/wp-json\/wp\/v2\/pages\/386\/revisions"}],"predecessor-version":[{"id":1032,"href":"https:\/\/xlg-heattransfer.com\/es\/wp-json\/wp\/v2\/pages\/386\/revisions\/1032"}],"wp:attachment":[{"href":"https:\/\/xlg-heattransfer.com\/es\/wp-json\/wp\/v2\/media?parent=386"}],"curies":[{"name":"wp","href":"https:\/\/api.w.org\/{rel}","templated":true}]}}