{"id":376,"date":"2022-10-24T11:14:26","date_gmt":"2022-10-24T09:14:26","guid":{"rendered":"https:\/\/xlg-heattransfer.com\/monotubo-sf\/"},"modified":"2024-10-18T11:31:40","modified_gmt":"2024-10-18T09:31:40","slug":"monotubo-sf","status":"publish","type":"page","link":"https:\/\/xlg-heattransfer.com\/es\/monotubo-sf\/","title":{"rendered":"Intercambiador de calor monotubo S"},"content":{"rendered":"<p>Intercambiador de calor de geometr\u00eda tubo-en-tubo, soldado o desmontable, con tubo corrugado o liso, recomendado para procesar lodos, fangos, \u201cslurries\u201d y fluidos en general con s\u00f3lidos en suspensi\u00f3n de cualquier tama\u00f1o. Condiciones de dise\u00f1o 180oC y 25 bar (otras bajo demanda). Fabricado en acero inoxidable, D\u00faplex y Titanio.<\/p>\n","protected":false},"excerpt":{"rendered":"<p>Intercambiador de calor de geometr\u00eda tubo-en-tubo, soldado o desmontable, con tubo corrugado o liso, recomendado para procesar lodos, fangos, \u201cslurries\u201d &hellip; <a href=\"https:\/\/xlg-heattransfer.com\/es\/monotubo-sf\/\" class=\"more-link\">Continue reading <span class=\"screen-reader-text\">Intercambiador de calor monotubo S<\/span><\/a><\/p>\n","protected":false},"author":2,"featured_media":249,"parent":0,"menu_order":6,"comment_status":"closed","ping_status":"closed","template":"page-product.php","meta":{"footnotes":""},"class_list":["post-376","page","type-page","status-publish","has-post-thumbnail","hentry"],"acf":[],"yoast_head":"<!-- This site is optimized with the Yoast SEO plugin v26.8 - https:\/\/yoast.com\/product\/yoast-seo-wordpress\/ -->\n<title>Intercambiador de calor monotubo S - XLG Heat Transfer<\/title>\n<meta name=\"description\" content=\"Intercambiador de calor de geometr\u00eda tubo-en-tubo, soldado o desmontable. Recomendado para procesar fluidos con s\u00f3lidos en suspensi\u00f3n.\" \/>\n<meta name=\"robots\" content=\"index, follow, max-snippet:-1, max-image-preview:large, max-video-preview:-1\" \/>\n<link rel=\"canonical\" href=\"https:\/\/xlg-heattransfer.com\/es\/monotubo-sf\/\" \/>\n<meta property=\"og:locale\" content=\"es_ES\" \/>\n<meta property=\"og:type\" content=\"article\" \/>\n<meta property=\"og:title\" content=\"Intercambiador de calor monotubo S - XLG Heat Transfer\" \/>\n<meta property=\"og:description\" content=\"Intercambiador de calor de geometr\u00eda tubo-en-tubo, soldado o desmontable. Recomendado para procesar fluidos con s\u00f3lidos en suspensi\u00f3n.\" \/>\n<meta property=\"og:url\" content=\"https:\/\/xlg-heattransfer.com\/es\/monotubo-sf\/\" \/>\n<meta property=\"og:site_name\" content=\"XLG Heat Transfer\" \/>\n<meta property=\"article:modified_time\" content=\"2024-10-18T09:31:40+00:00\" \/>\n<meta property=\"og:image\" content=\"https:\/\/xlg-heattransfer.com\/wp-content\/uploads\/2022\/10\/SF_Exterior.png\" \/>\n\t<meta property=\"og:image:width\" content=\"893\" \/>\n\t<meta property=\"og:image:height\" content=\"900\" \/>\n\t<meta property=\"og:image:type\" content=\"image\/png\" \/>\n<meta name=\"twitter:card\" content=\"summary_large_image\" \/>\n<meta name=\"twitter:label1\" content=\"Tiempo de lectura\" \/>\n\t<meta name=\"twitter:data1\" content=\"1 minuto\" \/>\n<script type=\"application\/ld+json\" class=\"yoast-schema-graph\">{\"@context\":\"https:\/\/schema.org\",\"@graph\":[{\"@type\":\"WebPage\",\"@id\":\"https:\/\/xlg-heattransfer.com\/es\/monotubo-sf\/\",\"url\":\"https:\/\/xlg-heattransfer.com\/es\/monotubo-sf\/\",\"name\":\"Intercambiador de calor monotubo S - XLG Heat Transfer\",\"isPartOf\":{\"@id\":\"https:\/\/xlg-heattransfer.com\/es\/#website\"},\"primaryImageOfPage\":{\"@id\":\"https:\/\/xlg-heattransfer.com\/es\/monotubo-sf\/#primaryimage\"},\"image\":{\"@id\":\"https:\/\/xlg-heattransfer.com\/es\/monotubo-sf\/#primaryimage\"},\"thumbnailUrl\":\"https:\/\/xlg-heattransfer.com\/wp-content\/uploads\/2022\/10\/SF_Exterior.png\",\"datePublished\":\"2022-10-24T09:14:26+00:00\",\"dateModified\":\"2024-10-18T09:31:40+00:00\",\"description\":\"Intercambiador de calor de geometr\u00eda tubo-en-tubo, soldado o desmontable. Recomendado para procesar fluidos con s\u00f3lidos en suspensi\u00f3n.\",\"breadcrumb\":{\"@id\":\"https:\/\/xlg-heattransfer.com\/es\/monotubo-sf\/#breadcrumb\"},\"inLanguage\":\"es\",\"potentialAction\":[{\"@type\":\"ReadAction\",\"target\":[\"https:\/\/xlg-heattransfer.com\/es\/monotubo-sf\/\"]}]},{\"@type\":\"ImageObject\",\"inLanguage\":\"es\",\"@id\":\"https:\/\/xlg-heattransfer.com\/es\/monotubo-sf\/#primaryimage\",\"url\":\"https:\/\/xlg-heattransfer.com\/wp-content\/uploads\/2022\/10\/SF_Exterior.png\",\"contentUrl\":\"https:\/\/xlg-heattransfer.com\/wp-content\/uploads\/2022\/10\/SF_Exterior.png\",\"width\":893,\"height\":900,\"caption\":\"S Monotube Heat Exchanger\"},{\"@type\":\"BreadcrumbList\",\"@id\":\"https:\/\/xlg-heattransfer.com\/es\/monotubo-sf\/#breadcrumb\",\"itemListElement\":[{\"@type\":\"ListItem\",\"position\":1,\"name\":\"Home\",\"item\":\"https:\/\/xlg-heattransfer.com\/es\/\"},{\"@type\":\"ListItem\",\"position\":2,\"name\":\"Intercambiador de calor monotubo S\"}]},{\"@type\":\"WebSite\",\"@id\":\"https:\/\/xlg-heattransfer.com\/es\/#website\",\"url\":\"https:\/\/xlg-heattransfer.com\/es\/\",\"name\":\"XLG Heat Transfer\",\"description\":\"\",\"publisher\":{\"@id\":\"https:\/\/xlg-heattransfer.com\/es\/#organization\"},\"potentialAction\":[{\"@type\":\"SearchAction\",\"target\":{\"@type\":\"EntryPoint\",\"urlTemplate\":\"https:\/\/xlg-heattransfer.com\/es\/?s={search_term_string}\"},\"query-input\":{\"@type\":\"PropertyValueSpecification\",\"valueRequired\":true,\"valueName\":\"search_term_string\"}}],\"inLanguage\":\"es\"},{\"@type\":\"Organization\",\"@id\":\"https:\/\/xlg-heattransfer.com\/es\/#organization\",\"name\":\"XLG Heat Transfer\",\"url\":\"https:\/\/xlg-heattransfer.com\/es\/\",\"logo\":{\"@type\":\"ImageObject\",\"inLanguage\":\"es\",\"@id\":\"https:\/\/xlg-heattransfer.com\/es\/#\/schema\/logo\/image\/\",\"url\":\"https:\/\/xlg-heattransfer.com\/wp-content\/uploads\/2024\/06\/XLG-logo.png\",\"contentUrl\":\"https:\/\/xlg-heattransfer.com\/wp-content\/uploads\/2024\/06\/XLG-logo.png\",\"width\":945,\"height\":280,\"caption\":\"XLG Heat Transfer\"},\"image\":{\"@id\":\"https:\/\/xlg-heattransfer.com\/es\/#\/schema\/logo\/image\/\"}}]}<\/script>\n<!-- \/ Yoast SEO plugin. -->","yoast_head_json":{"title":"Intercambiador de calor monotubo S - XLG Heat Transfer","description":"Intercambiador de calor de geometr\u00eda tubo-en-tubo, soldado o desmontable. Recomendado para procesar fluidos con s\u00f3lidos en suspensi\u00f3n.","robots":{"index":"index","follow":"follow","max-snippet":"max-snippet:-1","max-image-preview":"max-image-preview:large","max-video-preview":"max-video-preview:-1"},"canonical":"https:\/\/xlg-heattransfer.com\/es\/monotubo-sf\/","og_locale":"es_ES","og_type":"article","og_title":"Intercambiador de calor monotubo S - XLG Heat Transfer","og_description":"Intercambiador de calor de geometr\u00eda tubo-en-tubo, soldado o desmontable. Recomendado para procesar fluidos con s\u00f3lidos en suspensi\u00f3n.","og_url":"https:\/\/xlg-heattransfer.com\/es\/monotubo-sf\/","og_site_name":"XLG Heat Transfer","article_modified_time":"2024-10-18T09:31:40+00:00","og_image":[{"width":893,"height":900,"url":"https:\/\/xlg-heattransfer.com\/wp-content\/uploads\/2022\/10\/SF_Exterior.png","type":"image\/png"}],"twitter_card":"summary_large_image","twitter_misc":{"Tiempo de lectura":"1 minuto"},"schema":{"@context":"https:\/\/schema.org","@graph":[{"@type":"WebPage","@id":"https:\/\/xlg-heattransfer.com\/es\/monotubo-sf\/","url":"https:\/\/xlg-heattransfer.com\/es\/monotubo-sf\/","name":"Intercambiador de calor monotubo S - XLG Heat Transfer","isPartOf":{"@id":"https:\/\/xlg-heattransfer.com\/es\/#website"},"primaryImageOfPage":{"@id":"https:\/\/xlg-heattransfer.com\/es\/monotubo-sf\/#primaryimage"},"image":{"@id":"https:\/\/xlg-heattransfer.com\/es\/monotubo-sf\/#primaryimage"},"thumbnailUrl":"https:\/\/xlg-heattransfer.com\/wp-content\/uploads\/2022\/10\/SF_Exterior.png","datePublished":"2022-10-24T09:14:26+00:00","dateModified":"2024-10-18T09:31:40+00:00","description":"Intercambiador de calor de geometr\u00eda tubo-en-tubo, soldado o desmontable. Recomendado para procesar fluidos con s\u00f3lidos en suspensi\u00f3n.","breadcrumb":{"@id":"https:\/\/xlg-heattransfer.com\/es\/monotubo-sf\/#breadcrumb"},"inLanguage":"es","potentialAction":[{"@type":"ReadAction","target":["https:\/\/xlg-heattransfer.com\/es\/monotubo-sf\/"]}]},{"@type":"ImageObject","inLanguage":"es","@id":"https:\/\/xlg-heattransfer.com\/es\/monotubo-sf\/#primaryimage","url":"https:\/\/xlg-heattransfer.com\/wp-content\/uploads\/2022\/10\/SF_Exterior.png","contentUrl":"https:\/\/xlg-heattransfer.com\/wp-content\/uploads\/2022\/10\/SF_Exterior.png","width":893,"height":900,"caption":"S Monotube Heat Exchanger"},{"@type":"BreadcrumbList","@id":"https:\/\/xlg-heattransfer.com\/es\/monotubo-sf\/#breadcrumb","itemListElement":[{"@type":"ListItem","position":1,"name":"Home","item":"https:\/\/xlg-heattransfer.com\/es\/"},{"@type":"ListItem","position":2,"name":"Intercambiador de calor monotubo S"}]},{"@type":"WebSite","@id":"https:\/\/xlg-heattransfer.com\/es\/#website","url":"https:\/\/xlg-heattransfer.com\/es\/","name":"XLG Heat Transfer","description":"","publisher":{"@id":"https:\/\/xlg-heattransfer.com\/es\/#organization"},"potentialAction":[{"@type":"SearchAction","target":{"@type":"EntryPoint","urlTemplate":"https:\/\/xlg-heattransfer.com\/es\/?s={search_term_string}"},"query-input":{"@type":"PropertyValueSpecification","valueRequired":true,"valueName":"search_term_string"}}],"inLanguage":"es"},{"@type":"Organization","@id":"https:\/\/xlg-heattransfer.com\/es\/#organization","name":"XLG Heat Transfer","url":"https:\/\/xlg-heattransfer.com\/es\/","logo":{"@type":"ImageObject","inLanguage":"es","@id":"https:\/\/xlg-heattransfer.com\/es\/#\/schema\/logo\/image\/","url":"https:\/\/xlg-heattransfer.com\/wp-content\/uploads\/2024\/06\/XLG-logo.png","contentUrl":"https:\/\/xlg-heattransfer.com\/wp-content\/uploads\/2024\/06\/XLG-logo.png","width":945,"height":280,"caption":"XLG Heat Transfer"},"image":{"@id":"https:\/\/xlg-heattransfer.com\/es\/#\/schema\/logo\/image\/"}}]}},"_links":{"self":[{"href":"https:\/\/xlg-heattransfer.com\/es\/wp-json\/wp\/v2\/pages\/376","targetHints":{"allow":["GET"]}}],"collection":[{"href":"https:\/\/xlg-heattransfer.com\/es\/wp-json\/wp\/v2\/pages"}],"about":[{"href":"https:\/\/xlg-heattransfer.com\/es\/wp-json\/wp\/v2\/types\/page"}],"author":[{"embeddable":true,"href":"https:\/\/xlg-heattransfer.com\/es\/wp-json\/wp\/v2\/users\/2"}],"replies":[{"embeddable":true,"href":"https:\/\/xlg-heattransfer.com\/es\/wp-json\/wp\/v2\/comments?post=376"}],"version-history":[{"count":8,"href":"https:\/\/xlg-heattransfer.com\/es\/wp-json\/wp\/v2\/pages\/376\/revisions"}],"predecessor-version":[{"id":1467,"href":"https:\/\/xlg-heattransfer.com\/es\/wp-json\/wp\/v2\/pages\/376\/revisions\/1467"}],"wp:featuredmedia":[{"embeddable":true,"href":"https:\/\/xlg-heattransfer.com\/es\/wp-json\/wp\/v2\/media\/249"}],"wp:attachment":[{"href":"https:\/\/xlg-heattransfer.com\/es\/wp-json\/wp\/v2\/media?parent=376"}],"curies":[{"name":"wp","href":"https:\/\/api.w.org\/{rel}","templated":true}]}}