{"id":355,"date":"2022-10-24T10:33:13","date_gmt":"2022-10-24T08:33:13","guid":{"rendered":"https:\/\/xlg-heattransfer.com\/carcasa-y-tubos-bew\/"},"modified":"2024-10-17T12:08:01","modified_gmt":"2024-10-17T10:08:01","slug":"carcasa-y-tubos-bew","status":"publish","type":"page","link":"https:\/\/xlg-heattransfer.com\/es\/carcasa-y-tubos-bew\/","title":{"rendered":"Intercambiador de calor de carcasa y tubos BEW"},"content":{"rendered":"<p class=\"p1\">Intercambiador de calor de geometr\u00eda multitubular seg\u00fan el est\u00e1ndar TEMA BEW, de cabezal flotante, haz tubular desmontable, con tubos corrugados, lisos u otros perfiles. Condiciones de dise\u00f1o 200oC y 100 bar (otras bajo demanda).<\/p>\n<p class=\"p1\">Fabricado en acero inoxidable, D\u00faplex, Titanio, aleaciones especiales (Hastelloy, Incolloy, Inconel, etc), acero al carbono y cualquier otro metal (excepto T\u00e1ntalo).<\/p>\n","protected":false},"excerpt":{"rendered":"<p>Intercambiador de calor de geometr\u00eda multitubular seg\u00fan el est\u00e1ndar TEMA BEW, de cabezal flotante, haz tubular desmontable, con tubos corrugados, &hellip; <a href=\"https:\/\/xlg-heattransfer.com\/es\/carcasa-y-tubos-bew\/\" class=\"more-link\">Continue reading <span class=\"screen-reader-text\">Intercambiador de calor de carcasa y tubos BEW<\/span><\/a><\/p>\n","protected":false},"author":2,"featured_media":229,"parent":0,"menu_order":9,"comment_status":"closed","ping_status":"closed","template":"page-product.php","meta":{"footnotes":""},"class_list":["post-355","page","type-page","status-publish","has-post-thumbnail","hentry"],"acf":[],"yoast_head":"<!-- This site is optimized with the Yoast SEO plugin v26.8 - https:\/\/yoast.com\/product\/yoast-seo-wordpress\/ -->\n<title>Intercambiador de calor de carcasa y tubos BEW - XLG Heat Transfer<\/title>\n<meta name=\"description\" content=\"Intercambiador de calor de geometr\u00eda multitubular seg\u00fan el est\u00e1ndar TEMA BEW, de cabezal flotante, haz tubular desmontable.\" \/>\n<meta name=\"robots\" content=\"index, follow, max-snippet:-1, max-image-preview:large, max-video-preview:-1\" \/>\n<link rel=\"canonical\" href=\"https:\/\/xlg-heattransfer.com\/es\/carcasa-y-tubos-bew\/\" \/>\n<meta property=\"og:locale\" content=\"es_ES\" \/>\n<meta property=\"og:type\" content=\"article\" \/>\n<meta property=\"og:title\" content=\"Intercambiador de calor de carcasa y tubos BEW - XLG Heat Transfer\" \/>\n<meta property=\"og:description\" content=\"Intercambiador de calor de geometr\u00eda multitubular seg\u00fan el est\u00e1ndar TEMA BEW, de cabezal flotante, haz tubular desmontable.\" \/>\n<meta property=\"og:url\" content=\"https:\/\/xlg-heattransfer.com\/es\/carcasa-y-tubos-bew\/\" \/>\n<meta property=\"og:site_name\" content=\"XLG Heat Transfer\" \/>\n<meta property=\"article:modified_time\" content=\"2024-10-17T10:08:01+00:00\" \/>\n<meta property=\"og:image\" content=\"https:\/\/xlg-heattransfer.com\/wp-content\/uploads\/2022\/10\/BEW_Exterior.png\" \/>\n\t<meta property=\"og:image:width\" content=\"893\" \/>\n\t<meta property=\"og:image:height\" content=\"900\" \/>\n\t<meta property=\"og:image:type\" content=\"image\/png\" \/>\n<meta name=\"twitter:card\" content=\"summary_large_image\" \/>\n<meta name=\"twitter:label1\" content=\"Tiempo de lectura\" \/>\n\t<meta name=\"twitter:data1\" content=\"1 minuto\" \/>\n<script type=\"application\/ld+json\" class=\"yoast-schema-graph\">{\"@context\":\"https:\/\/schema.org\",\"@graph\":[{\"@type\":\"WebPage\",\"@id\":\"https:\/\/xlg-heattransfer.com\/es\/carcasa-y-tubos-bew\/\",\"url\":\"https:\/\/xlg-heattransfer.com\/es\/carcasa-y-tubos-bew\/\",\"name\":\"Intercambiador de calor de carcasa y tubos BEW - XLG Heat Transfer\",\"isPartOf\":{\"@id\":\"https:\/\/xlg-heattransfer.com\/es\/#website\"},\"primaryImageOfPage\":{\"@id\":\"https:\/\/xlg-heattransfer.com\/es\/carcasa-y-tubos-bew\/#primaryimage\"},\"image\":{\"@id\":\"https:\/\/xlg-heattransfer.com\/es\/carcasa-y-tubos-bew\/#primaryimage\"},\"thumbnailUrl\":\"https:\/\/xlg-heattransfer.com\/wp-content\/uploads\/2022\/10\/BEW_Exterior.png\",\"datePublished\":\"2022-10-24T08:33:13+00:00\",\"dateModified\":\"2024-10-17T10:08:01+00:00\",\"description\":\"Intercambiador de calor de geometr\u00eda multitubular seg\u00fan el est\u00e1ndar TEMA BEW, de cabezal flotante, haz tubular desmontable.\",\"breadcrumb\":{\"@id\":\"https:\/\/xlg-heattransfer.com\/es\/carcasa-y-tubos-bew\/#breadcrumb\"},\"inLanguage\":\"es\",\"potentialAction\":[{\"@type\":\"ReadAction\",\"target\":[\"https:\/\/xlg-heattransfer.com\/es\/carcasa-y-tubos-bew\/\"]}]},{\"@type\":\"ImageObject\",\"inLanguage\":\"es\",\"@id\":\"https:\/\/xlg-heattransfer.com\/es\/carcasa-y-tubos-bew\/#primaryimage\",\"url\":\"https:\/\/xlg-heattransfer.com\/wp-content\/uploads\/2022\/10\/BEW_Exterior.png\",\"contentUrl\":\"https:\/\/xlg-heattransfer.com\/wp-content\/uploads\/2022\/10\/BEW_Exterior.png\",\"width\":893,\"height\":900,\"caption\":\"BEW Shell and Tubes Heat Exchanger\"},{\"@type\":\"BreadcrumbList\",\"@id\":\"https:\/\/xlg-heattransfer.com\/es\/carcasa-y-tubos-bew\/#breadcrumb\",\"itemListElement\":[{\"@type\":\"ListItem\",\"position\":1,\"name\":\"Home\",\"item\":\"https:\/\/xlg-heattransfer.com\/es\/\"},{\"@type\":\"ListItem\",\"position\":2,\"name\":\"Intercambiador de calor de carcasa y tubos BEW\"}]},{\"@type\":\"WebSite\",\"@id\":\"https:\/\/xlg-heattransfer.com\/es\/#website\",\"url\":\"https:\/\/xlg-heattransfer.com\/es\/\",\"name\":\"XLG Heat Transfer\",\"description\":\"\",\"publisher\":{\"@id\":\"https:\/\/xlg-heattransfer.com\/es\/#organization\"},\"potentialAction\":[{\"@type\":\"SearchAction\",\"target\":{\"@type\":\"EntryPoint\",\"urlTemplate\":\"https:\/\/xlg-heattransfer.com\/es\/?s={search_term_string}\"},\"query-input\":{\"@type\":\"PropertyValueSpecification\",\"valueRequired\":true,\"valueName\":\"search_term_string\"}}],\"inLanguage\":\"es\"},{\"@type\":\"Organization\",\"@id\":\"https:\/\/xlg-heattransfer.com\/es\/#organization\",\"name\":\"XLG Heat Transfer\",\"url\":\"https:\/\/xlg-heattransfer.com\/es\/\",\"logo\":{\"@type\":\"ImageObject\",\"inLanguage\":\"es\",\"@id\":\"https:\/\/xlg-heattransfer.com\/es\/#\/schema\/logo\/image\/\",\"url\":\"https:\/\/xlg-heattransfer.com\/wp-content\/uploads\/2024\/06\/XLG-logo.png\",\"contentUrl\":\"https:\/\/xlg-heattransfer.com\/wp-content\/uploads\/2024\/06\/XLG-logo.png\",\"width\":945,\"height\":280,\"caption\":\"XLG Heat Transfer\"},\"image\":{\"@id\":\"https:\/\/xlg-heattransfer.com\/es\/#\/schema\/logo\/image\/\"}}]}<\/script>\n<!-- \/ Yoast SEO plugin. -->","yoast_head_json":{"title":"Intercambiador de calor de carcasa y tubos BEW - XLG Heat Transfer","description":"Intercambiador de calor de geometr\u00eda multitubular seg\u00fan el est\u00e1ndar TEMA BEW, de cabezal flotante, haz tubular desmontable.","robots":{"index":"index","follow":"follow","max-snippet":"max-snippet:-1","max-image-preview":"max-image-preview:large","max-video-preview":"max-video-preview:-1"},"canonical":"https:\/\/xlg-heattransfer.com\/es\/carcasa-y-tubos-bew\/","og_locale":"es_ES","og_type":"article","og_title":"Intercambiador de calor de carcasa y tubos BEW - XLG Heat Transfer","og_description":"Intercambiador de calor de geometr\u00eda multitubular seg\u00fan el est\u00e1ndar TEMA BEW, de cabezal flotante, haz tubular desmontable.","og_url":"https:\/\/xlg-heattransfer.com\/es\/carcasa-y-tubos-bew\/","og_site_name":"XLG Heat Transfer","article_modified_time":"2024-10-17T10:08:01+00:00","og_image":[{"width":893,"height":900,"url":"https:\/\/xlg-heattransfer.com\/wp-content\/uploads\/2022\/10\/BEW_Exterior.png","type":"image\/png"}],"twitter_card":"summary_large_image","twitter_misc":{"Tiempo de lectura":"1 minuto"},"schema":{"@context":"https:\/\/schema.org","@graph":[{"@type":"WebPage","@id":"https:\/\/xlg-heattransfer.com\/es\/carcasa-y-tubos-bew\/","url":"https:\/\/xlg-heattransfer.com\/es\/carcasa-y-tubos-bew\/","name":"Intercambiador de calor de carcasa y tubos BEW - XLG Heat Transfer","isPartOf":{"@id":"https:\/\/xlg-heattransfer.com\/es\/#website"},"primaryImageOfPage":{"@id":"https:\/\/xlg-heattransfer.com\/es\/carcasa-y-tubos-bew\/#primaryimage"},"image":{"@id":"https:\/\/xlg-heattransfer.com\/es\/carcasa-y-tubos-bew\/#primaryimage"},"thumbnailUrl":"https:\/\/xlg-heattransfer.com\/wp-content\/uploads\/2022\/10\/BEW_Exterior.png","datePublished":"2022-10-24T08:33:13+00:00","dateModified":"2024-10-17T10:08:01+00:00","description":"Intercambiador de calor de geometr\u00eda multitubular seg\u00fan el est\u00e1ndar TEMA BEW, de cabezal flotante, haz tubular desmontable.","breadcrumb":{"@id":"https:\/\/xlg-heattransfer.com\/es\/carcasa-y-tubos-bew\/#breadcrumb"},"inLanguage":"es","potentialAction":[{"@type":"ReadAction","target":["https:\/\/xlg-heattransfer.com\/es\/carcasa-y-tubos-bew\/"]}]},{"@type":"ImageObject","inLanguage":"es","@id":"https:\/\/xlg-heattransfer.com\/es\/carcasa-y-tubos-bew\/#primaryimage","url":"https:\/\/xlg-heattransfer.com\/wp-content\/uploads\/2022\/10\/BEW_Exterior.png","contentUrl":"https:\/\/xlg-heattransfer.com\/wp-content\/uploads\/2022\/10\/BEW_Exterior.png","width":893,"height":900,"caption":"BEW Shell and Tubes Heat Exchanger"},{"@type":"BreadcrumbList","@id":"https:\/\/xlg-heattransfer.com\/es\/carcasa-y-tubos-bew\/#breadcrumb","itemListElement":[{"@type":"ListItem","position":1,"name":"Home","item":"https:\/\/xlg-heattransfer.com\/es\/"},{"@type":"ListItem","position":2,"name":"Intercambiador de calor de carcasa y tubos BEW"}]},{"@type":"WebSite","@id":"https:\/\/xlg-heattransfer.com\/es\/#website","url":"https:\/\/xlg-heattransfer.com\/es\/","name":"XLG Heat Transfer","description":"","publisher":{"@id":"https:\/\/xlg-heattransfer.com\/es\/#organization"},"potentialAction":[{"@type":"SearchAction","target":{"@type":"EntryPoint","urlTemplate":"https:\/\/xlg-heattransfer.com\/es\/?s={search_term_string}"},"query-input":{"@type":"PropertyValueSpecification","valueRequired":true,"valueName":"search_term_string"}}],"inLanguage":"es"},{"@type":"Organization","@id":"https:\/\/xlg-heattransfer.com\/es\/#organization","name":"XLG Heat Transfer","url":"https:\/\/xlg-heattransfer.com\/es\/","logo":{"@type":"ImageObject","inLanguage":"es","@id":"https:\/\/xlg-heattransfer.com\/es\/#\/schema\/logo\/image\/","url":"https:\/\/xlg-heattransfer.com\/wp-content\/uploads\/2024\/06\/XLG-logo.png","contentUrl":"https:\/\/xlg-heattransfer.com\/wp-content\/uploads\/2024\/06\/XLG-logo.png","width":945,"height":280,"caption":"XLG Heat Transfer"},"image":{"@id":"https:\/\/xlg-heattransfer.com\/es\/#\/schema\/logo\/image\/"}}]}},"_links":{"self":[{"href":"https:\/\/xlg-heattransfer.com\/es\/wp-json\/wp\/v2\/pages\/355","targetHints":{"allow":["GET"]}}],"collection":[{"href":"https:\/\/xlg-heattransfer.com\/es\/wp-json\/wp\/v2\/pages"}],"about":[{"href":"https:\/\/xlg-heattransfer.com\/es\/wp-json\/wp\/v2\/types\/page"}],"author":[{"embeddable":true,"href":"https:\/\/xlg-heattransfer.com\/es\/wp-json\/wp\/v2\/users\/2"}],"replies":[{"embeddable":true,"href":"https:\/\/xlg-heattransfer.com\/es\/wp-json\/wp\/v2\/comments?post=355"}],"version-history":[{"count":11,"href":"https:\/\/xlg-heattransfer.com\/es\/wp-json\/wp\/v2\/pages\/355\/revisions"}],"predecessor-version":[{"id":1441,"href":"https:\/\/xlg-heattransfer.com\/es\/wp-json\/wp\/v2\/pages\/355\/revisions\/1441"}],"wp:featuredmedia":[{"embeddable":true,"href":"https:\/\/xlg-heattransfer.com\/es\/wp-json\/wp\/v2\/media\/229"}],"wp:attachment":[{"href":"https:\/\/xlg-heattransfer.com\/es\/wp-json\/wp\/v2\/media?parent=355"}],"curies":[{"name":"wp","href":"https:\/\/api.w.org\/{rel}","templated":true}]}}