{"id":346,"date":"2022-10-24T16:17:14","date_gmt":"2022-10-24T14:17:14","guid":{"rendered":"https:\/\/xlg-heattransfer.com\/about\/"},"modified":"2024-10-18T10:27:30","modified_gmt":"2024-10-18T08:27:30","slug":"compania","status":"publish","type":"page","link":"https:\/\/xlg-heattransfer.com\/es\/compania\/","title":{"rendered":"Compa\u00f1\u00eda"},"content":{"rendered":"<p><strong>XLG Heat Transfer<\/strong> fue creada en <strong>2005<\/strong> y desde entonces se ha caracterizado por dise\u00f1ar y fabricar intercambiadores de calor tubulares de <strong>alta eficiencia<\/strong>.<\/p>\n<p><strong>Experiencia, innovaci\u00f3n, solvencia, rapidez, capacidad t\u00e9cnica y seguridad<\/strong> son algunas de las caracter\u00edsticas que han hecho a <strong>XLG<\/strong> una <strong>referencia internacionalmente<\/strong> reconocida.<\/p>\n","protected":false},"excerpt":{"rendered":"<p>XLG Heat Transfer fue creada en 2005 y desde entonces se ha caracterizado por dise\u00f1ar y fabricar intercambiadores de calor &hellip; <a href=\"https:\/\/xlg-heattransfer.com\/es\/compania\/\" class=\"more-link\">Continue reading <span class=\"screen-reader-text\">Compa\u00f1\u00eda<\/span><\/a><\/p>\n","protected":false},"author":2,"featured_media":0,"parent":0,"menu_order":19,"comment_status":"closed","ping_status":"closed","template":"page-carousel.php","meta":{"footnotes":""},"class_list":["post-346","page","type-page","status-publish","hentry"],"acf":[],"yoast_head":"<!-- This site is optimized with the Yoast SEO plugin v26.8 - https:\/\/yoast.com\/product\/yoast-seo-wordpress\/ -->\n<title>Compa\u00f1\u00eda - XLG Heat Transfer<\/title>\n<meta name=\"description\" content=\"XLG Heat Transfer fue creada en 2005 y desde entonces se ha caracterizado por dise\u00f1ar y fabricar intercambiadores de alta eficiencia.\" \/>\n<meta name=\"robots\" content=\"index, follow, max-snippet:-1, max-image-preview:large, max-video-preview:-1\" \/>\n<link rel=\"canonical\" href=\"https:\/\/xlg-heattransfer.com\/es\/compania\/\" \/>\n<meta property=\"og:locale\" content=\"es_ES\" \/>\n<meta property=\"og:type\" content=\"article\" \/>\n<meta property=\"og:title\" content=\"Compa\u00f1\u00eda - XLG Heat Transfer\" \/>\n<meta property=\"og:description\" content=\"XLG Heat Transfer fue creada en 2005 y desde entonces se ha caracterizado por dise\u00f1ar y fabricar intercambiadores de alta eficiencia.\" \/>\n<meta property=\"og:url\" content=\"https:\/\/xlg-heattransfer.com\/es\/compania\/\" \/>\n<meta property=\"og:site_name\" content=\"XLG Heat Transfer\" \/>\n<meta property=\"article:modified_time\" content=\"2024-10-18T08:27:30+00:00\" \/>\n<meta name=\"twitter:card\" content=\"summary_large_image\" \/>\n<meta name=\"twitter:label1\" content=\"Tiempo de lectura\" \/>\n\t<meta name=\"twitter:data1\" content=\"1 minuto\" \/>\n<script type=\"application\/ld+json\" class=\"yoast-schema-graph\">{\"@context\":\"https:\/\/schema.org\",\"@graph\":[{\"@type\":\"WebPage\",\"@id\":\"https:\/\/xlg-heattransfer.com\/es\/compania\/\",\"url\":\"https:\/\/xlg-heattransfer.com\/es\/compania\/\",\"name\":\"Compa\u00f1\u00eda - XLG Heat Transfer\",\"isPartOf\":{\"@id\":\"https:\/\/xlg-heattransfer.com\/es\/#website\"},\"datePublished\":\"2022-10-24T14:17:14+00:00\",\"dateModified\":\"2024-10-18T08:27:30+00:00\",\"description\":\"XLG Heat Transfer fue creada en 2005 y desde entonces se ha caracterizado por dise\u00f1ar y fabricar intercambiadores de alta eficiencia.\",\"breadcrumb\":{\"@id\":\"https:\/\/xlg-heattransfer.com\/es\/compania\/#breadcrumb\"},\"inLanguage\":\"es\",\"potentialAction\":[{\"@type\":\"ReadAction\",\"target\":[\"https:\/\/xlg-heattransfer.com\/es\/compania\/\"]}]},{\"@type\":\"BreadcrumbList\",\"@id\":\"https:\/\/xlg-heattransfer.com\/es\/compania\/#breadcrumb\",\"itemListElement\":[{\"@type\":\"ListItem\",\"position\":1,\"name\":\"Home\",\"item\":\"https:\/\/xlg-heattransfer.com\/es\/\"},{\"@type\":\"ListItem\",\"position\":2,\"name\":\"Compa\u00f1\u00eda\"}]},{\"@type\":\"WebSite\",\"@id\":\"https:\/\/xlg-heattransfer.com\/es\/#website\",\"url\":\"https:\/\/xlg-heattransfer.com\/es\/\",\"name\":\"XLG Heat Transfer\",\"description\":\"\",\"publisher\":{\"@id\":\"https:\/\/xlg-heattransfer.com\/es\/#organization\"},\"potentialAction\":[{\"@type\":\"SearchAction\",\"target\":{\"@type\":\"EntryPoint\",\"urlTemplate\":\"https:\/\/xlg-heattransfer.com\/es\/?s={search_term_string}\"},\"query-input\":{\"@type\":\"PropertyValueSpecification\",\"valueRequired\":true,\"valueName\":\"search_term_string\"}}],\"inLanguage\":\"es\"},{\"@type\":\"Organization\",\"@id\":\"https:\/\/xlg-heattransfer.com\/es\/#organization\",\"name\":\"XLG Heat Transfer\",\"url\":\"https:\/\/xlg-heattransfer.com\/es\/\",\"logo\":{\"@type\":\"ImageObject\",\"inLanguage\":\"es\",\"@id\":\"https:\/\/xlg-heattransfer.com\/es\/#\/schema\/logo\/image\/\",\"url\":\"https:\/\/xlg-heattransfer.com\/wp-content\/uploads\/2024\/06\/XLG-logo.png\",\"contentUrl\":\"https:\/\/xlg-heattransfer.com\/wp-content\/uploads\/2024\/06\/XLG-logo.png\",\"width\":945,\"height\":280,\"caption\":\"XLG Heat Transfer\"},\"image\":{\"@id\":\"https:\/\/xlg-heattransfer.com\/es\/#\/schema\/logo\/image\/\"}}]}<\/script>\n<!-- \/ Yoast SEO plugin. -->","yoast_head_json":{"title":"Compa\u00f1\u00eda - XLG Heat Transfer","description":"XLG Heat Transfer fue creada en 2005 y desde entonces se ha caracterizado por dise\u00f1ar y fabricar intercambiadores de alta eficiencia.","robots":{"index":"index","follow":"follow","max-snippet":"max-snippet:-1","max-image-preview":"max-image-preview:large","max-video-preview":"max-video-preview:-1"},"canonical":"https:\/\/xlg-heattransfer.com\/es\/compania\/","og_locale":"es_ES","og_type":"article","og_title":"Compa\u00f1\u00eda - XLG Heat Transfer","og_description":"XLG Heat Transfer fue creada en 2005 y desde entonces se ha caracterizado por dise\u00f1ar y fabricar intercambiadores de alta eficiencia.","og_url":"https:\/\/xlg-heattransfer.com\/es\/compania\/","og_site_name":"XLG Heat Transfer","article_modified_time":"2024-10-18T08:27:30+00:00","twitter_card":"summary_large_image","twitter_misc":{"Tiempo de lectura":"1 minuto"},"schema":{"@context":"https:\/\/schema.org","@graph":[{"@type":"WebPage","@id":"https:\/\/xlg-heattransfer.com\/es\/compania\/","url":"https:\/\/xlg-heattransfer.com\/es\/compania\/","name":"Compa\u00f1\u00eda - XLG Heat Transfer","isPartOf":{"@id":"https:\/\/xlg-heattransfer.com\/es\/#website"},"datePublished":"2022-10-24T14:17:14+00:00","dateModified":"2024-10-18T08:27:30+00:00","description":"XLG Heat Transfer fue creada en 2005 y desde entonces se ha caracterizado por dise\u00f1ar y fabricar intercambiadores de alta eficiencia.","breadcrumb":{"@id":"https:\/\/xlg-heattransfer.com\/es\/compania\/#breadcrumb"},"inLanguage":"es","potentialAction":[{"@type":"ReadAction","target":["https:\/\/xlg-heattransfer.com\/es\/compania\/"]}]},{"@type":"BreadcrumbList","@id":"https:\/\/xlg-heattransfer.com\/es\/compania\/#breadcrumb","itemListElement":[{"@type":"ListItem","position":1,"name":"Home","item":"https:\/\/xlg-heattransfer.com\/es\/"},{"@type":"ListItem","position":2,"name":"Compa\u00f1\u00eda"}]},{"@type":"WebSite","@id":"https:\/\/xlg-heattransfer.com\/es\/#website","url":"https:\/\/xlg-heattransfer.com\/es\/","name":"XLG Heat Transfer","description":"","publisher":{"@id":"https:\/\/xlg-heattransfer.com\/es\/#organization"},"potentialAction":[{"@type":"SearchAction","target":{"@type":"EntryPoint","urlTemplate":"https:\/\/xlg-heattransfer.com\/es\/?s={search_term_string}"},"query-input":{"@type":"PropertyValueSpecification","valueRequired":true,"valueName":"search_term_string"}}],"inLanguage":"es"},{"@type":"Organization","@id":"https:\/\/xlg-heattransfer.com\/es\/#organization","name":"XLG Heat Transfer","url":"https:\/\/xlg-heattransfer.com\/es\/","logo":{"@type":"ImageObject","inLanguage":"es","@id":"https:\/\/xlg-heattransfer.com\/es\/#\/schema\/logo\/image\/","url":"https:\/\/xlg-heattransfer.com\/wp-content\/uploads\/2024\/06\/XLG-logo.png","contentUrl":"https:\/\/xlg-heattransfer.com\/wp-content\/uploads\/2024\/06\/XLG-logo.png","width":945,"height":280,"caption":"XLG Heat Transfer"},"image":{"@id":"https:\/\/xlg-heattransfer.com\/es\/#\/schema\/logo\/image\/"}}]}},"_links":{"self":[{"href":"https:\/\/xlg-heattransfer.com\/es\/wp-json\/wp\/v2\/pages\/346","targetHints":{"allow":["GET"]}}],"collection":[{"href":"https:\/\/xlg-heattransfer.com\/es\/wp-json\/wp\/v2\/pages"}],"about":[{"href":"https:\/\/xlg-heattransfer.com\/es\/wp-json\/wp\/v2\/types\/page"}],"author":[{"embeddable":true,"href":"https:\/\/xlg-heattransfer.com\/es\/wp-json\/wp\/v2\/users\/2"}],"replies":[{"embeddable":true,"href":"https:\/\/xlg-heattransfer.com\/es\/wp-json\/wp\/v2\/comments?post=346"}],"version-history":[{"count":2,"href":"https:\/\/xlg-heattransfer.com\/es\/wp-json\/wp\/v2\/pages\/346\/revisions"}],"predecessor-version":[{"id":348,"href":"https:\/\/xlg-heattransfer.com\/es\/wp-json\/wp\/v2\/pages\/346\/revisions\/348"}],"wp:attachment":[{"href":"https:\/\/xlg-heattransfer.com\/es\/wp-json\/wp\/v2\/media?parent=346"}],"curies":[{"name":"wp","href":"https:\/\/api.w.org\/{rel}","templated":true}]}}