{"id":1390,"date":"2024-04-05T11:23:43","date_gmt":"2024-04-05T09:23:43","guid":{"rendered":"https:\/\/xlg-heattransfer.com\/coil-multitube\/"},"modified":"2024-11-27T16:10:08","modified_gmt":"2024-11-27T14:10:08","slug":"coil-multitube","status":"publish","type":"page","link":"https:\/\/xlg-heattransfer.com\/es\/coil-multitube\/","title":{"rendered":"Intercambiador de calor bobina calandria CC"},"content":{"rendered":"<p>Formado por una bobina de tubo dentro de una calandria. El producto fluye dentro del tubo mientras que el medio de servicio fluye por el exterior.<\/p>\n<p>No tiene interconexiones ni juntas, por lo que es ideal para aplicaciones de alta presi\u00f3n. El tubo interior puede ser corrugado, con hoyuelos o liso.<\/p>\n<p>Condiciones de dise\u00f1o: Temperatura m\u00e1xima 180\u00baC, presi\u00f3n m\u00e1xima 25 bar(g) (condiciones superiores bajo pedido).<\/p>\n<p>Materiales de construcci\u00f3n: aceros inoxidables austen\u00edticos, d\u00faplex, aceros resistentes a altas temperaturas, superausten\u00edticos, aleaciones ex\u00f3ticas (Inconel, Incolloy, Monel, Hastelloy) y aleaciones de titanio (grados 1, 2, 3, 4, 7 y 11).<\/p>\n","protected":false},"excerpt":{"rendered":"<p>Formado por una bobina de tubo dentro de una calandria. El producto fluye dentro del tubo mientras que el medio &hellip; <a href=\"https:\/\/xlg-heattransfer.com\/es\/coil-multitube\/\" class=\"more-link\">Continue reading <span class=\"screen-reader-text\">Intercambiador de calor bobina calandria CC<\/span><\/a><\/p>\n","protected":false},"author":2,"featured_media":815,"parent":0,"menu_order":20,"comment_status":"closed","ping_status":"closed","template":"page-product.php","meta":{"footnotes":""},"class_list":["post-1390","page","type-page","status-publish","has-post-thumbnail","hentry"],"acf":[],"yoast_head":"<!-- This site is optimized with the Yoast SEO plugin v26.8 - https:\/\/yoast.com\/product\/yoast-seo-wordpress\/ -->\n<title>Intercambiador de calor bobina calandria CC - XLG Heat Transfer<\/title>\n<meta name=\"description\" content=\"Formado por una bobina de tubo dentro de una calandria. Carece de interconexiones ni juntas, siendo ideal para aplicaciones de alta presi\u00f3n.\" \/>\n<meta name=\"robots\" content=\"index, follow, max-snippet:-1, max-image-preview:large, max-video-preview:-1\" \/>\n<link rel=\"canonical\" href=\"https:\/\/xlg-heattransfer.com\/es\/coil-multitube\/\" \/>\n<meta property=\"og:locale\" content=\"es_ES\" \/>\n<meta property=\"og:type\" content=\"article\" \/>\n<meta property=\"og:title\" content=\"Intercambiador de calor bobina calandria CC - XLG Heat Transfer\" \/>\n<meta property=\"og:description\" content=\"Formado por una bobina de tubo dentro de una calandria. Carece de interconexiones ni juntas, siendo ideal para aplicaciones de alta presi\u00f3n.\" \/>\n<meta property=\"og:url\" content=\"https:\/\/xlg-heattransfer.com\/es\/coil-multitube\/\" \/>\n<meta property=\"og:site_name\" content=\"XLG Heat Transfer\" \/>\n<meta property=\"article:modified_time\" content=\"2024-11-27T14:10:08+00:00\" \/>\n<meta property=\"og:image\" content=\"https:\/\/xlg-heattransfer.com\/wp-content\/uploads\/2024\/04\/Coil_Calandria_1.png\" \/>\n\t<meta property=\"og:image:width\" content=\"2000\" \/>\n\t<meta property=\"og:image:height\" content=\"2000\" \/>\n\t<meta property=\"og:image:type\" content=\"image\/png\" \/>\n<meta name=\"twitter:card\" content=\"summary_large_image\" \/>\n<meta name=\"twitter:label1\" content=\"Tiempo de lectura\" \/>\n\t<meta name=\"twitter:data1\" content=\"1 minuto\" \/>\n<script type=\"application\/ld+json\" class=\"yoast-schema-graph\">{\"@context\":\"https:\/\/schema.org\",\"@graph\":[{\"@type\":\"WebPage\",\"@id\":\"https:\/\/xlg-heattransfer.com\/es\/coil-multitube\/\",\"url\":\"https:\/\/xlg-heattransfer.com\/es\/coil-multitube\/\",\"name\":\"Intercambiador de calor bobina calandria CC - XLG Heat Transfer\",\"isPartOf\":{\"@id\":\"https:\/\/xlg-heattransfer.com\/es\/#website\"},\"primaryImageOfPage\":{\"@id\":\"https:\/\/xlg-heattransfer.com\/es\/coil-multitube\/#primaryimage\"},\"image\":{\"@id\":\"https:\/\/xlg-heattransfer.com\/es\/coil-multitube\/#primaryimage\"},\"thumbnailUrl\":\"https:\/\/xlg-heattransfer.com\/wp-content\/uploads\/2024\/04\/Coil_Calandria_1.png\",\"datePublished\":\"2024-04-05T09:23:43+00:00\",\"dateModified\":\"2024-11-27T14:10:08+00:00\",\"description\":\"Formado por una bobina de tubo dentro de una calandria. Carece de interconexiones ni juntas, siendo ideal para aplicaciones de alta presi\u00f3n.\",\"breadcrumb\":{\"@id\":\"https:\/\/xlg-heattransfer.com\/es\/coil-multitube\/#breadcrumb\"},\"inLanguage\":\"es\",\"potentialAction\":[{\"@type\":\"ReadAction\",\"target\":[\"https:\/\/xlg-heattransfer.com\/es\/coil-multitube\/\"]}]},{\"@type\":\"ImageObject\",\"inLanguage\":\"es\",\"@id\":\"https:\/\/xlg-heattransfer.com\/es\/coil-multitube\/#primaryimage\",\"url\":\"https:\/\/xlg-heattransfer.com\/wp-content\/uploads\/2024\/04\/Coil_Calandria_1.png\",\"contentUrl\":\"https:\/\/xlg-heattransfer.com\/wp-content\/uploads\/2024\/04\/Coil_Calandria_1.png\",\"width\":2000,\"height\":2000,\"caption\":\"Exterior view of the COIL CALANDRIA heat exchanger by XLG Heat Transfer.\"},{\"@type\":\"BreadcrumbList\",\"@id\":\"https:\/\/xlg-heattransfer.com\/es\/coil-multitube\/#breadcrumb\",\"itemListElement\":[{\"@type\":\"ListItem\",\"position\":1,\"name\":\"Home\",\"item\":\"https:\/\/xlg-heattransfer.com\/es\/\"},{\"@type\":\"ListItem\",\"position\":2,\"name\":\"Intercambiador de calor bobina calandria CC\"}]},{\"@type\":\"WebSite\",\"@id\":\"https:\/\/xlg-heattransfer.com\/es\/#website\",\"url\":\"https:\/\/xlg-heattransfer.com\/es\/\",\"name\":\"XLG Heat Transfer\",\"description\":\"\",\"publisher\":{\"@id\":\"https:\/\/xlg-heattransfer.com\/es\/#organization\"},\"potentialAction\":[{\"@type\":\"SearchAction\",\"target\":{\"@type\":\"EntryPoint\",\"urlTemplate\":\"https:\/\/xlg-heattransfer.com\/es\/?s={search_term_string}\"},\"query-input\":{\"@type\":\"PropertyValueSpecification\",\"valueRequired\":true,\"valueName\":\"search_term_string\"}}],\"inLanguage\":\"es\"},{\"@type\":\"Organization\",\"@id\":\"https:\/\/xlg-heattransfer.com\/es\/#organization\",\"name\":\"XLG Heat Transfer\",\"url\":\"https:\/\/xlg-heattransfer.com\/es\/\",\"logo\":{\"@type\":\"ImageObject\",\"inLanguage\":\"es\",\"@id\":\"https:\/\/xlg-heattransfer.com\/es\/#\/schema\/logo\/image\/\",\"url\":\"https:\/\/xlg-heattransfer.com\/wp-content\/uploads\/2024\/06\/XLG-logo.png\",\"contentUrl\":\"https:\/\/xlg-heattransfer.com\/wp-content\/uploads\/2024\/06\/XLG-logo.png\",\"width\":945,\"height\":280,\"caption\":\"XLG Heat Transfer\"},\"image\":{\"@id\":\"https:\/\/xlg-heattransfer.com\/es\/#\/schema\/logo\/image\/\"}}]}<\/script>\n<!-- \/ Yoast SEO plugin. -->","yoast_head_json":{"title":"Intercambiador de calor bobina calandria CC - XLG Heat Transfer","description":"Formado por una bobina de tubo dentro de una calandria. Carece de interconexiones ni juntas, siendo ideal para aplicaciones de alta presi\u00f3n.","robots":{"index":"index","follow":"follow","max-snippet":"max-snippet:-1","max-image-preview":"max-image-preview:large","max-video-preview":"max-video-preview:-1"},"canonical":"https:\/\/xlg-heattransfer.com\/es\/coil-multitube\/","og_locale":"es_ES","og_type":"article","og_title":"Intercambiador de calor bobina calandria CC - XLG Heat Transfer","og_description":"Formado por una bobina de tubo dentro de una calandria. Carece de interconexiones ni juntas, siendo ideal para aplicaciones de alta presi\u00f3n.","og_url":"https:\/\/xlg-heattransfer.com\/es\/coil-multitube\/","og_site_name":"XLG Heat Transfer","article_modified_time":"2024-11-27T14:10:08+00:00","og_image":[{"width":2000,"height":2000,"url":"https:\/\/xlg-heattransfer.com\/wp-content\/uploads\/2024\/04\/Coil_Calandria_1.png","type":"image\/png"}],"twitter_card":"summary_large_image","twitter_misc":{"Tiempo de lectura":"1 minuto"},"schema":{"@context":"https:\/\/schema.org","@graph":[{"@type":"WebPage","@id":"https:\/\/xlg-heattransfer.com\/es\/coil-multitube\/","url":"https:\/\/xlg-heattransfer.com\/es\/coil-multitube\/","name":"Intercambiador de calor bobina calandria CC - XLG Heat Transfer","isPartOf":{"@id":"https:\/\/xlg-heattransfer.com\/es\/#website"},"primaryImageOfPage":{"@id":"https:\/\/xlg-heattransfer.com\/es\/coil-multitube\/#primaryimage"},"image":{"@id":"https:\/\/xlg-heattransfer.com\/es\/coil-multitube\/#primaryimage"},"thumbnailUrl":"https:\/\/xlg-heattransfer.com\/wp-content\/uploads\/2024\/04\/Coil_Calandria_1.png","datePublished":"2024-04-05T09:23:43+00:00","dateModified":"2024-11-27T14:10:08+00:00","description":"Formado por una bobina de tubo dentro de una calandria. Carece de interconexiones ni juntas, siendo ideal para aplicaciones de alta presi\u00f3n.","breadcrumb":{"@id":"https:\/\/xlg-heattransfer.com\/es\/coil-multitube\/#breadcrumb"},"inLanguage":"es","potentialAction":[{"@type":"ReadAction","target":["https:\/\/xlg-heattransfer.com\/es\/coil-multitube\/"]}]},{"@type":"ImageObject","inLanguage":"es","@id":"https:\/\/xlg-heattransfer.com\/es\/coil-multitube\/#primaryimage","url":"https:\/\/xlg-heattransfer.com\/wp-content\/uploads\/2024\/04\/Coil_Calandria_1.png","contentUrl":"https:\/\/xlg-heattransfer.com\/wp-content\/uploads\/2024\/04\/Coil_Calandria_1.png","width":2000,"height":2000,"caption":"Exterior view of the COIL CALANDRIA heat exchanger by XLG Heat Transfer."},{"@type":"BreadcrumbList","@id":"https:\/\/xlg-heattransfer.com\/es\/coil-multitube\/#breadcrumb","itemListElement":[{"@type":"ListItem","position":1,"name":"Home","item":"https:\/\/xlg-heattransfer.com\/es\/"},{"@type":"ListItem","position":2,"name":"Intercambiador de calor bobina calandria CC"}]},{"@type":"WebSite","@id":"https:\/\/xlg-heattransfer.com\/es\/#website","url":"https:\/\/xlg-heattransfer.com\/es\/","name":"XLG Heat Transfer","description":"","publisher":{"@id":"https:\/\/xlg-heattransfer.com\/es\/#organization"},"potentialAction":[{"@type":"SearchAction","target":{"@type":"EntryPoint","urlTemplate":"https:\/\/xlg-heattransfer.com\/es\/?s={search_term_string}"},"query-input":{"@type":"PropertyValueSpecification","valueRequired":true,"valueName":"search_term_string"}}],"inLanguage":"es"},{"@type":"Organization","@id":"https:\/\/xlg-heattransfer.com\/es\/#organization","name":"XLG Heat Transfer","url":"https:\/\/xlg-heattransfer.com\/es\/","logo":{"@type":"ImageObject","inLanguage":"es","@id":"https:\/\/xlg-heattransfer.com\/es\/#\/schema\/logo\/image\/","url":"https:\/\/xlg-heattransfer.com\/wp-content\/uploads\/2024\/06\/XLG-logo.png","contentUrl":"https:\/\/xlg-heattransfer.com\/wp-content\/uploads\/2024\/06\/XLG-logo.png","width":945,"height":280,"caption":"XLG Heat Transfer"},"image":{"@id":"https:\/\/xlg-heattransfer.com\/es\/#\/schema\/logo\/image\/"}}]}},"_links":{"self":[{"href":"https:\/\/xlg-heattransfer.com\/es\/wp-json\/wp\/v2\/pages\/1390","targetHints":{"allow":["GET"]}}],"collection":[{"href":"https:\/\/xlg-heattransfer.com\/es\/wp-json\/wp\/v2\/pages"}],"about":[{"href":"https:\/\/xlg-heattransfer.com\/es\/wp-json\/wp\/v2\/types\/page"}],"author":[{"embeddable":true,"href":"https:\/\/xlg-heattransfer.com\/es\/wp-json\/wp\/v2\/users\/2"}],"replies":[{"embeddable":true,"href":"https:\/\/xlg-heattransfer.com\/es\/wp-json\/wp\/v2\/comments?post=1390"}],"version-history":[{"count":3,"href":"https:\/\/xlg-heattransfer.com\/es\/wp-json\/wp\/v2\/pages\/1390\/revisions"}],"predecessor-version":[{"id":1484,"href":"https:\/\/xlg-heattransfer.com\/es\/wp-json\/wp\/v2\/pages\/1390\/revisions\/1484"}],"wp:featuredmedia":[{"embeddable":true,"href":"https:\/\/xlg-heattransfer.com\/es\/wp-json\/wp\/v2\/media\/815"}],"wp:attachment":[{"href":"https:\/\/xlg-heattransfer.com\/es\/wp-json\/wp\/v2\/media?parent=1390"}],"curies":[{"name":"wp","href":"https:\/\/api.w.org\/{rel}","templated":true}]}}