{"id":1295,"date":"2024-04-05T11:43:29","date_gmt":"2024-04-05T09:43:29","guid":{"rendered":"https:\/\/xlg-heattransfer.com\/hairpin-multitube\/"},"modified":"2024-10-14T12:28:16","modified_gmt":"2024-10-14T10:28:16","slug":"hairpin-multitube","status":"publish","type":"page","link":"https:\/\/xlg-heattransfer.com\/es\/hairpin-multitube\/","title":{"rendered":"Intercambiador de calor horquilla multitubo HS"},"content":{"rendered":"<p>Este intercambiador de calor incluye un haz de tubos con tubos en U dentro de una carcasa en forma de U. Tubos corrugados o lisos. El flujo es puramente a contracorriente y permite el cruce a temperaturas muy altas entre los fluidos del lado de los tubos y del lado de la carcasa.<\/p>\n<p>De acuerdo con las condiciones de temperatura y presi\u00f3n de dise\u00f1o y el proceso de fluidos, se seleccionan los materiales de entre todos los metales disponibles como: aceros inoxidables austen\u00edticos, d\u00faplex, aceros resistentes a altas temperaturas, superausten\u00edticos, aleaciones ex\u00f3ticas (Inconel, Incolloy, Monel, Hastelloy), aleaciones de titanio (grado 1, 2, 3, 4, 7 y 11), cupron\u00edquel Cu\/Ni 90\/10 y 70\/30, lat\u00f3n Admiralty, cobre y acero al carbono.<\/p>\n","protected":false},"excerpt":{"rendered":"<p>Este intercambiador de calor incluye un haz de tubos con tubos en U dentro de una carcasa en forma de &hellip; <a href=\"https:\/\/xlg-heattransfer.com\/es\/hairpin-multitube\/\" class=\"more-link\">Continue reading <span class=\"screen-reader-text\">Intercambiador de calor horquilla multitubo HS<\/span><\/a><\/p>\n","protected":false},"author":2,"featured_media":845,"parent":0,"menu_order":17,"comment_status":"closed","ping_status":"closed","template":"page-product.php","meta":{"footnotes":""},"class_list":["post-1295","page","type-page","status-publish","has-post-thumbnail","hentry"],"acf":[],"yoast_head":"<!-- This site is optimized with the Yoast SEO plugin v26.8 - https:\/\/yoast.com\/product\/yoast-seo-wordpress\/ -->\n<title>Intercambiador de calor horquilla multitubo HS - XLG Heat Transfer<\/title>\n<meta name=\"description\" content=\"Incluye un haz de tubos con tubos en U dentro de una carcasa en forma de U. Flujo en contracorriente que permite altas temperaturas de cruce.\" \/>\n<meta name=\"robots\" content=\"index, follow, max-snippet:-1, max-image-preview:large, max-video-preview:-1\" \/>\n<link rel=\"canonical\" href=\"https:\/\/xlg-heattransfer.com\/es\/hairpin-multitube\/\" \/>\n<meta property=\"og:locale\" content=\"es_ES\" \/>\n<meta property=\"og:type\" content=\"article\" \/>\n<meta property=\"og:title\" content=\"Intercambiador de calor horquilla multitubo HS - XLG Heat Transfer\" \/>\n<meta property=\"og:description\" content=\"Incluye un haz de tubos con tubos en U dentro de una carcasa en forma de U. Flujo en contracorriente que permite altas temperaturas de cruce.\" \/>\n<meta property=\"og:url\" content=\"https:\/\/xlg-heattransfer.com\/es\/hairpin-multitube\/\" \/>\n<meta property=\"og:site_name\" content=\"XLG Heat Transfer\" \/>\n<meta property=\"article:modified_time\" content=\"2024-10-14T10:28:16+00:00\" \/>\n<meta property=\"og:image\" content=\"https:\/\/xlg-heattransfer.com\/wp-content\/uploads\/2024\/04\/Hairpin_Multitubo_1.png\" \/>\n\t<meta property=\"og:image:width\" content=\"2000\" \/>\n\t<meta property=\"og:image:height\" content=\"2000\" \/>\n\t<meta property=\"og:image:type\" content=\"image\/png\" \/>\n<meta name=\"twitter:card\" content=\"summary_large_image\" \/>\n<meta name=\"twitter:label1\" content=\"Tiempo de lectura\" \/>\n\t<meta name=\"twitter:data1\" content=\"1 minuto\" \/>\n<script type=\"application\/ld+json\" class=\"yoast-schema-graph\">{\"@context\":\"https:\/\/schema.org\",\"@graph\":[{\"@type\":\"WebPage\",\"@id\":\"https:\/\/xlg-heattransfer.com\/es\/hairpin-multitube\/\",\"url\":\"https:\/\/xlg-heattransfer.com\/es\/hairpin-multitube\/\",\"name\":\"Intercambiador de calor horquilla multitubo HS - XLG Heat Transfer\",\"isPartOf\":{\"@id\":\"https:\/\/xlg-heattransfer.com\/es\/#website\"},\"primaryImageOfPage\":{\"@id\":\"https:\/\/xlg-heattransfer.com\/es\/hairpin-multitube\/#primaryimage\"},\"image\":{\"@id\":\"https:\/\/xlg-heattransfer.com\/es\/hairpin-multitube\/#primaryimage\"},\"thumbnailUrl\":\"https:\/\/xlg-heattransfer.com\/wp-content\/uploads\/2024\/04\/Hairpin_Multitubo_1.png\",\"datePublished\":\"2024-04-05T09:43:29+00:00\",\"dateModified\":\"2024-10-14T10:28:16+00:00\",\"description\":\"Incluye un haz de tubos con tubos en U dentro de una carcasa en forma de U. Flujo en contracorriente que permite altas temperaturas de cruce.\",\"breadcrumb\":{\"@id\":\"https:\/\/xlg-heattransfer.com\/es\/hairpin-multitube\/#breadcrumb\"},\"inLanguage\":\"es\",\"potentialAction\":[{\"@type\":\"ReadAction\",\"target\":[\"https:\/\/xlg-heattransfer.com\/es\/hairpin-multitube\/\"]}]},{\"@type\":\"ImageObject\",\"inLanguage\":\"es\",\"@id\":\"https:\/\/xlg-heattransfer.com\/es\/hairpin-multitube\/#primaryimage\",\"url\":\"https:\/\/xlg-heattransfer.com\/wp-content\/uploads\/2024\/04\/Hairpin_Multitubo_1.png\",\"contentUrl\":\"https:\/\/xlg-heattransfer.com\/wp-content\/uploads\/2024\/04\/Hairpin_Multitubo_1.png\",\"width\":2000,\"height\":2000,\"caption\":\"Side view of the HAIRPIN multitube heat exchanger by XLG Heat Transfer for industrial applications.\"},{\"@type\":\"BreadcrumbList\",\"@id\":\"https:\/\/xlg-heattransfer.com\/es\/hairpin-multitube\/#breadcrumb\",\"itemListElement\":[{\"@type\":\"ListItem\",\"position\":1,\"name\":\"Home\",\"item\":\"https:\/\/xlg-heattransfer.com\/es\/\"},{\"@type\":\"ListItem\",\"position\":2,\"name\":\"Intercambiador de calor horquilla multitubo HS\"}]},{\"@type\":\"WebSite\",\"@id\":\"https:\/\/xlg-heattransfer.com\/es\/#website\",\"url\":\"https:\/\/xlg-heattransfer.com\/es\/\",\"name\":\"XLG Heat Transfer\",\"description\":\"\",\"publisher\":{\"@id\":\"https:\/\/xlg-heattransfer.com\/es\/#organization\"},\"potentialAction\":[{\"@type\":\"SearchAction\",\"target\":{\"@type\":\"EntryPoint\",\"urlTemplate\":\"https:\/\/xlg-heattransfer.com\/es\/?s={search_term_string}\"},\"query-input\":{\"@type\":\"PropertyValueSpecification\",\"valueRequired\":true,\"valueName\":\"search_term_string\"}}],\"inLanguage\":\"es\"},{\"@type\":\"Organization\",\"@id\":\"https:\/\/xlg-heattransfer.com\/es\/#organization\",\"name\":\"XLG Heat Transfer\",\"url\":\"https:\/\/xlg-heattransfer.com\/es\/\",\"logo\":{\"@type\":\"ImageObject\",\"inLanguage\":\"es\",\"@id\":\"https:\/\/xlg-heattransfer.com\/es\/#\/schema\/logo\/image\/\",\"url\":\"https:\/\/xlg-heattransfer.com\/wp-content\/uploads\/2024\/06\/XLG-logo.png\",\"contentUrl\":\"https:\/\/xlg-heattransfer.com\/wp-content\/uploads\/2024\/06\/XLG-logo.png\",\"width\":945,\"height\":280,\"caption\":\"XLG Heat Transfer\"},\"image\":{\"@id\":\"https:\/\/xlg-heattransfer.com\/es\/#\/schema\/logo\/image\/\"}}]}<\/script>\n<!-- \/ Yoast SEO plugin. -->","yoast_head_json":{"title":"Intercambiador de calor horquilla multitubo HS - XLG Heat Transfer","description":"Incluye un haz de tubos con tubos en U dentro de una carcasa en forma de U. Flujo en contracorriente que permite altas temperaturas de cruce.","robots":{"index":"index","follow":"follow","max-snippet":"max-snippet:-1","max-image-preview":"max-image-preview:large","max-video-preview":"max-video-preview:-1"},"canonical":"https:\/\/xlg-heattransfer.com\/es\/hairpin-multitube\/","og_locale":"es_ES","og_type":"article","og_title":"Intercambiador de calor horquilla multitubo HS - XLG Heat Transfer","og_description":"Incluye un haz de tubos con tubos en U dentro de una carcasa en forma de U. Flujo en contracorriente que permite altas temperaturas de cruce.","og_url":"https:\/\/xlg-heattransfer.com\/es\/hairpin-multitube\/","og_site_name":"XLG Heat Transfer","article_modified_time":"2024-10-14T10:28:16+00:00","og_image":[{"width":2000,"height":2000,"url":"https:\/\/xlg-heattransfer.com\/wp-content\/uploads\/2024\/04\/Hairpin_Multitubo_1.png","type":"image\/png"}],"twitter_card":"summary_large_image","twitter_misc":{"Tiempo de lectura":"1 minuto"},"schema":{"@context":"https:\/\/schema.org","@graph":[{"@type":"WebPage","@id":"https:\/\/xlg-heattransfer.com\/es\/hairpin-multitube\/","url":"https:\/\/xlg-heattransfer.com\/es\/hairpin-multitube\/","name":"Intercambiador de calor horquilla multitubo HS - XLG Heat Transfer","isPartOf":{"@id":"https:\/\/xlg-heattransfer.com\/es\/#website"},"primaryImageOfPage":{"@id":"https:\/\/xlg-heattransfer.com\/es\/hairpin-multitube\/#primaryimage"},"image":{"@id":"https:\/\/xlg-heattransfer.com\/es\/hairpin-multitube\/#primaryimage"},"thumbnailUrl":"https:\/\/xlg-heattransfer.com\/wp-content\/uploads\/2024\/04\/Hairpin_Multitubo_1.png","datePublished":"2024-04-05T09:43:29+00:00","dateModified":"2024-10-14T10:28:16+00:00","description":"Incluye un haz de tubos con tubos en U dentro de una carcasa en forma de U. Flujo en contracorriente que permite altas temperaturas de cruce.","breadcrumb":{"@id":"https:\/\/xlg-heattransfer.com\/es\/hairpin-multitube\/#breadcrumb"},"inLanguage":"es","potentialAction":[{"@type":"ReadAction","target":["https:\/\/xlg-heattransfer.com\/es\/hairpin-multitube\/"]}]},{"@type":"ImageObject","inLanguage":"es","@id":"https:\/\/xlg-heattransfer.com\/es\/hairpin-multitube\/#primaryimage","url":"https:\/\/xlg-heattransfer.com\/wp-content\/uploads\/2024\/04\/Hairpin_Multitubo_1.png","contentUrl":"https:\/\/xlg-heattransfer.com\/wp-content\/uploads\/2024\/04\/Hairpin_Multitubo_1.png","width":2000,"height":2000,"caption":"Side view of the HAIRPIN multitube heat exchanger by XLG Heat Transfer for industrial applications."},{"@type":"BreadcrumbList","@id":"https:\/\/xlg-heattransfer.com\/es\/hairpin-multitube\/#breadcrumb","itemListElement":[{"@type":"ListItem","position":1,"name":"Home","item":"https:\/\/xlg-heattransfer.com\/es\/"},{"@type":"ListItem","position":2,"name":"Intercambiador de calor horquilla multitubo HS"}]},{"@type":"WebSite","@id":"https:\/\/xlg-heattransfer.com\/es\/#website","url":"https:\/\/xlg-heattransfer.com\/es\/","name":"XLG Heat Transfer","description":"","publisher":{"@id":"https:\/\/xlg-heattransfer.com\/es\/#organization"},"potentialAction":[{"@type":"SearchAction","target":{"@type":"EntryPoint","urlTemplate":"https:\/\/xlg-heattransfer.com\/es\/?s={search_term_string}"},"query-input":{"@type":"PropertyValueSpecification","valueRequired":true,"valueName":"search_term_string"}}],"inLanguage":"es"},{"@type":"Organization","@id":"https:\/\/xlg-heattransfer.com\/es\/#organization","name":"XLG Heat Transfer","url":"https:\/\/xlg-heattransfer.com\/es\/","logo":{"@type":"ImageObject","inLanguage":"es","@id":"https:\/\/xlg-heattransfer.com\/es\/#\/schema\/logo\/image\/","url":"https:\/\/xlg-heattransfer.com\/wp-content\/uploads\/2024\/06\/XLG-logo.png","contentUrl":"https:\/\/xlg-heattransfer.com\/wp-content\/uploads\/2024\/06\/XLG-logo.png","width":945,"height":280,"caption":"XLG Heat Transfer"},"image":{"@id":"https:\/\/xlg-heattransfer.com\/es\/#\/schema\/logo\/image\/"}}]}},"_links":{"self":[{"href":"https:\/\/xlg-heattransfer.com\/es\/wp-json\/wp\/v2\/pages\/1295","targetHints":{"allow":["GET"]}}],"collection":[{"href":"https:\/\/xlg-heattransfer.com\/es\/wp-json\/wp\/v2\/pages"}],"about":[{"href":"https:\/\/xlg-heattransfer.com\/es\/wp-json\/wp\/v2\/types\/page"}],"author":[{"embeddable":true,"href":"https:\/\/xlg-heattransfer.com\/es\/wp-json\/wp\/v2\/users\/2"}],"replies":[{"embeddable":true,"href":"https:\/\/xlg-heattransfer.com\/es\/wp-json\/wp\/v2\/comments?post=1295"}],"version-history":[{"count":3,"href":"https:\/\/xlg-heattransfer.com\/es\/wp-json\/wp\/v2\/pages\/1295\/revisions"}],"predecessor-version":[{"id":1373,"href":"https:\/\/xlg-heattransfer.com\/es\/wp-json\/wp\/v2\/pages\/1295\/revisions\/1373"}],"wp:featuredmedia":[{"embeddable":true,"href":"https:\/\/xlg-heattransfer.com\/es\/wp-json\/wp\/v2\/media\/845"}],"wp:attachment":[{"href":"https:\/\/xlg-heattransfer.com\/es\/wp-json\/wp\/v2\/media?parent=1295"}],"curies":[{"name":"wp","href":"https:\/\/api.w.org\/{rel}","templated":true}]}}