{"id":1283,"date":"2024-04-05T11:56:32","date_gmt":"2024-04-05T09:56:32","guid":{"rendered":"https:\/\/xlg-heattransfer.com\/sx-v2\/"},"modified":"2024-10-14T12:19:57","modified_gmt":"2024-10-14T10:19:57","slug":"sx-v2","status":"publish","type":"page","link":"https:\/\/xlg-heattransfer.com\/es\/sx-v2\/","title":{"rendered":"Intercambiador de calor monotubo SX"},"content":{"rendered":"<p>Intercambiador de calor monotubo que incorpora carcasas cuadradas y tubos interiores redondos. Este dise\u00f1o permite una soluci\u00f3n muy compacta con un m\u00ednimo espacio ocupado. El tubo interior puede ser fijo o desmontable, normalmente corrugado o liso.<\/p>\n<p>Recomendado para el tratamiento de lodos, purines y fluidos en general con s\u00f3lidos en suspensi\u00f3n de cualquier tama\u00f1o.<\/p>\n<p>Condiciones de dise\u00f1o de gama est\u00e1ndar: temperatura 100\u00baC y presi\u00f3n 5 bar(g) (otras bajo demanda). Fabricado en acero inoxidable.<\/p>\n","protected":false},"excerpt":{"rendered":"<p>Intercambiador de calor monotubo que incorpora carcasas cuadradas y tubos interiores redondos. Este dise\u00f1o permite una soluci\u00f3n muy compacta con &hellip; <a href=\"https:\/\/xlg-heattransfer.com\/es\/sx-v2\/\" class=\"more-link\">Continue reading <span class=\"screen-reader-text\">Intercambiador de calor monotubo SX<\/span><\/a><\/p>\n","protected":false},"author":2,"featured_media":863,"parent":0,"menu_order":16,"comment_status":"closed","ping_status":"closed","template":"page-product.php","meta":{"footnotes":""},"class_list":["post-1283","page","type-page","status-publish","has-post-thumbnail","hentry"],"acf":[],"yoast_head":"<!-- This site is optimized with the Yoast SEO plugin v26.8 - https:\/\/yoast.com\/product\/yoast-seo-wordpress\/ -->\n<title>Intercambiador de calor monotubo SX - XLG Heat Transfer<\/title>\n<meta name=\"description\" content=\"Incorpora carcasas cuadradas y c\u00e1maras de aire redondas, lo que permite una soluci\u00f3n muy compacta que ocupa poco espacio.\" \/>\n<meta name=\"robots\" content=\"index, follow, max-snippet:-1, max-image-preview:large, max-video-preview:-1\" \/>\n<link rel=\"canonical\" href=\"https:\/\/xlg-heattransfer.com\/es\/sx-v2\/\" \/>\n<meta property=\"og:locale\" content=\"es_ES\" \/>\n<meta property=\"og:type\" content=\"article\" \/>\n<meta property=\"og:title\" content=\"Intercambiador de calor monotubo SX - XLG Heat Transfer\" \/>\n<meta property=\"og:description\" content=\"Incorpora carcasas cuadradas y c\u00e1maras de aire redondas, lo que permite una soluci\u00f3n muy compacta que ocupa poco espacio.\" \/>\n<meta property=\"og:url\" content=\"https:\/\/xlg-heattransfer.com\/es\/sx-v2\/\" \/>\n<meta property=\"og:site_name\" content=\"XLG Heat Transfer\" \/>\n<meta property=\"article:modified_time\" content=\"2024-10-14T10:19:57+00:00\" \/>\n<meta property=\"og:image\" content=\"https:\/\/xlg-heattransfer.com\/wp-content\/uploads\/2024\/04\/SX_V2_1.png\" \/>\n\t<meta property=\"og:image:width\" content=\"2000\" \/>\n\t<meta property=\"og:image:height\" content=\"2000\" \/>\n\t<meta property=\"og:image:type\" content=\"image\/png\" \/>\n<meta name=\"twitter:card\" content=\"summary_large_image\" \/>\n<meta name=\"twitter:label1\" content=\"Tiempo de lectura\" \/>\n\t<meta name=\"twitter:data1\" content=\"1 minuto\" \/>\n<script type=\"application\/ld+json\" class=\"yoast-schema-graph\">{\"@context\":\"https:\/\/schema.org\",\"@graph\":[{\"@type\":\"WebPage\",\"@id\":\"https:\/\/xlg-heattransfer.com\/es\/sx-v2\/\",\"url\":\"https:\/\/xlg-heattransfer.com\/es\/sx-v2\/\",\"name\":\"Intercambiador de calor monotubo SX - XLG Heat Transfer\",\"isPartOf\":{\"@id\":\"https:\/\/xlg-heattransfer.com\/es\/#website\"},\"primaryImageOfPage\":{\"@id\":\"https:\/\/xlg-heattransfer.com\/es\/sx-v2\/#primaryimage\"},\"image\":{\"@id\":\"https:\/\/xlg-heattransfer.com\/es\/sx-v2\/#primaryimage\"},\"thumbnailUrl\":\"https:\/\/xlg-heattransfer.com\/wp-content\/uploads\/2024\/04\/SX_V2_1.png\",\"datePublished\":\"2024-04-05T09:56:32+00:00\",\"dateModified\":\"2024-10-14T10:19:57+00:00\",\"description\":\"Incorpora carcasas cuadradas y c\u00e1maras de aire redondas, lo que permite una soluci\u00f3n muy compacta que ocupa poco espacio.\",\"breadcrumb\":{\"@id\":\"https:\/\/xlg-heattransfer.com\/es\/sx-v2\/#breadcrumb\"},\"inLanguage\":\"es\",\"potentialAction\":[{\"@type\":\"ReadAction\",\"target\":[\"https:\/\/xlg-heattransfer.com\/es\/sx-v2\/\"]}]},{\"@type\":\"ImageObject\",\"inLanguage\":\"es\",\"@id\":\"https:\/\/xlg-heattransfer.com\/es\/sx-v2\/#primaryimage\",\"url\":\"https:\/\/xlg-heattransfer.com\/wp-content\/uploads\/2024\/04\/SX_V2_1.png\",\"contentUrl\":\"https:\/\/xlg-heattransfer.com\/wp-content\/uploads\/2024\/04\/SX_V2_1.png\",\"width\":2000,\"height\":2000,\"caption\":\"Exterior view of the SX monotube heat exchanger by XLG Heat Transfer.\"},{\"@type\":\"BreadcrumbList\",\"@id\":\"https:\/\/xlg-heattransfer.com\/es\/sx-v2\/#breadcrumb\",\"itemListElement\":[{\"@type\":\"ListItem\",\"position\":1,\"name\":\"Home\",\"item\":\"https:\/\/xlg-heattransfer.com\/es\/\"},{\"@type\":\"ListItem\",\"position\":2,\"name\":\"Intercambiador de calor monotubo SX\"}]},{\"@type\":\"WebSite\",\"@id\":\"https:\/\/xlg-heattransfer.com\/es\/#website\",\"url\":\"https:\/\/xlg-heattransfer.com\/es\/\",\"name\":\"XLG Heat Transfer\",\"description\":\"\",\"publisher\":{\"@id\":\"https:\/\/xlg-heattransfer.com\/es\/#organization\"},\"potentialAction\":[{\"@type\":\"SearchAction\",\"target\":{\"@type\":\"EntryPoint\",\"urlTemplate\":\"https:\/\/xlg-heattransfer.com\/es\/?s={search_term_string}\"},\"query-input\":{\"@type\":\"PropertyValueSpecification\",\"valueRequired\":true,\"valueName\":\"search_term_string\"}}],\"inLanguage\":\"es\"},{\"@type\":\"Organization\",\"@id\":\"https:\/\/xlg-heattransfer.com\/es\/#organization\",\"name\":\"XLG Heat Transfer\",\"url\":\"https:\/\/xlg-heattransfer.com\/es\/\",\"logo\":{\"@type\":\"ImageObject\",\"inLanguage\":\"es\",\"@id\":\"https:\/\/xlg-heattransfer.com\/es\/#\/schema\/logo\/image\/\",\"url\":\"https:\/\/xlg-heattransfer.com\/wp-content\/uploads\/2024\/06\/XLG-logo.png\",\"contentUrl\":\"https:\/\/xlg-heattransfer.com\/wp-content\/uploads\/2024\/06\/XLG-logo.png\",\"width\":945,\"height\":280,\"caption\":\"XLG Heat Transfer\"},\"image\":{\"@id\":\"https:\/\/xlg-heattransfer.com\/es\/#\/schema\/logo\/image\/\"}}]}<\/script>\n<!-- \/ Yoast SEO plugin. -->","yoast_head_json":{"title":"Intercambiador de calor monotubo SX - XLG Heat Transfer","description":"Incorpora carcasas cuadradas y c\u00e1maras de aire redondas, lo que permite una soluci\u00f3n muy compacta que ocupa poco espacio.","robots":{"index":"index","follow":"follow","max-snippet":"max-snippet:-1","max-image-preview":"max-image-preview:large","max-video-preview":"max-video-preview:-1"},"canonical":"https:\/\/xlg-heattransfer.com\/es\/sx-v2\/","og_locale":"es_ES","og_type":"article","og_title":"Intercambiador de calor monotubo SX - XLG Heat Transfer","og_description":"Incorpora carcasas cuadradas y c\u00e1maras de aire redondas, lo que permite una soluci\u00f3n muy compacta que ocupa poco espacio.","og_url":"https:\/\/xlg-heattransfer.com\/es\/sx-v2\/","og_site_name":"XLG Heat Transfer","article_modified_time":"2024-10-14T10:19:57+00:00","og_image":[{"width":2000,"height":2000,"url":"https:\/\/xlg-heattransfer.com\/wp-content\/uploads\/2024\/04\/SX_V2_1.png","type":"image\/png"}],"twitter_card":"summary_large_image","twitter_misc":{"Tiempo de lectura":"1 minuto"},"schema":{"@context":"https:\/\/schema.org","@graph":[{"@type":"WebPage","@id":"https:\/\/xlg-heattransfer.com\/es\/sx-v2\/","url":"https:\/\/xlg-heattransfer.com\/es\/sx-v2\/","name":"Intercambiador de calor monotubo SX - XLG Heat Transfer","isPartOf":{"@id":"https:\/\/xlg-heattransfer.com\/es\/#website"},"primaryImageOfPage":{"@id":"https:\/\/xlg-heattransfer.com\/es\/sx-v2\/#primaryimage"},"image":{"@id":"https:\/\/xlg-heattransfer.com\/es\/sx-v2\/#primaryimage"},"thumbnailUrl":"https:\/\/xlg-heattransfer.com\/wp-content\/uploads\/2024\/04\/SX_V2_1.png","datePublished":"2024-04-05T09:56:32+00:00","dateModified":"2024-10-14T10:19:57+00:00","description":"Incorpora carcasas cuadradas y c\u00e1maras de aire redondas, lo que permite una soluci\u00f3n muy compacta que ocupa poco espacio.","breadcrumb":{"@id":"https:\/\/xlg-heattransfer.com\/es\/sx-v2\/#breadcrumb"},"inLanguage":"es","potentialAction":[{"@type":"ReadAction","target":["https:\/\/xlg-heattransfer.com\/es\/sx-v2\/"]}]},{"@type":"ImageObject","inLanguage":"es","@id":"https:\/\/xlg-heattransfer.com\/es\/sx-v2\/#primaryimage","url":"https:\/\/xlg-heattransfer.com\/wp-content\/uploads\/2024\/04\/SX_V2_1.png","contentUrl":"https:\/\/xlg-heattransfer.com\/wp-content\/uploads\/2024\/04\/SX_V2_1.png","width":2000,"height":2000,"caption":"Exterior view of the SX monotube heat exchanger by XLG Heat Transfer."},{"@type":"BreadcrumbList","@id":"https:\/\/xlg-heattransfer.com\/es\/sx-v2\/#breadcrumb","itemListElement":[{"@type":"ListItem","position":1,"name":"Home","item":"https:\/\/xlg-heattransfer.com\/es\/"},{"@type":"ListItem","position":2,"name":"Intercambiador de calor monotubo SX"}]},{"@type":"WebSite","@id":"https:\/\/xlg-heattransfer.com\/es\/#website","url":"https:\/\/xlg-heattransfer.com\/es\/","name":"XLG Heat Transfer","description":"","publisher":{"@id":"https:\/\/xlg-heattransfer.com\/es\/#organization"},"potentialAction":[{"@type":"SearchAction","target":{"@type":"EntryPoint","urlTemplate":"https:\/\/xlg-heattransfer.com\/es\/?s={search_term_string}"},"query-input":{"@type":"PropertyValueSpecification","valueRequired":true,"valueName":"search_term_string"}}],"inLanguage":"es"},{"@type":"Organization","@id":"https:\/\/xlg-heattransfer.com\/es\/#organization","name":"XLG Heat Transfer","url":"https:\/\/xlg-heattransfer.com\/es\/","logo":{"@type":"ImageObject","inLanguage":"es","@id":"https:\/\/xlg-heattransfer.com\/es\/#\/schema\/logo\/image\/","url":"https:\/\/xlg-heattransfer.com\/wp-content\/uploads\/2024\/06\/XLG-logo.png","contentUrl":"https:\/\/xlg-heattransfer.com\/wp-content\/uploads\/2024\/06\/XLG-logo.png","width":945,"height":280,"caption":"XLG Heat Transfer"},"image":{"@id":"https:\/\/xlg-heattransfer.com\/es\/#\/schema\/logo\/image\/"}}]}},"_links":{"self":[{"href":"https:\/\/xlg-heattransfer.com\/es\/wp-json\/wp\/v2\/pages\/1283","targetHints":{"allow":["GET"]}}],"collection":[{"href":"https:\/\/xlg-heattransfer.com\/es\/wp-json\/wp\/v2\/pages"}],"about":[{"href":"https:\/\/xlg-heattransfer.com\/es\/wp-json\/wp\/v2\/types\/page"}],"author":[{"embeddable":true,"href":"https:\/\/xlg-heattransfer.com\/es\/wp-json\/wp\/v2\/users\/2"}],"replies":[{"embeddable":true,"href":"https:\/\/xlg-heattransfer.com\/es\/wp-json\/wp\/v2\/comments?post=1283"}],"version-history":[{"count":2,"href":"https:\/\/xlg-heattransfer.com\/es\/wp-json\/wp\/v2\/pages\/1283\/revisions"}],"predecessor-version":[{"id":1369,"href":"https:\/\/xlg-heattransfer.com\/es\/wp-json\/wp\/v2\/pages\/1283\/revisions\/1369"}],"wp:featuredmedia":[{"embeddable":true,"href":"https:\/\/xlg-heattransfer.com\/es\/wp-json\/wp\/v2\/media\/863"}],"wp:attachment":[{"href":"https:\/\/xlg-heattransfer.com\/es\/wp-json\/wp\/v2\/media?parent=1283"}],"curies":[{"name":"wp","href":"https:\/\/api.w.org\/{rel}","templated":true}]}}