{"id":1273,"date":"2024-04-05T11:34:08","date_gmt":"2024-04-05T09:34:08","guid":{"rendered":"https:\/\/xlg-heattransfer.com\/double-wall\/"},"modified":"2024-11-27T16:08:54","modified_gmt":"2024-11-27T14:08:54","slug":"double-wall","status":"publish","type":"page","link":"https:\/\/xlg-heattransfer.com\/es\/double-wall\/","title":{"rendered":"Intercambiador de calor de carcasa y tubos Double Wall"},"content":{"rendered":"<p>Este intercambiador de calor incluye tubos dobles conc\u00e9ntricos en lugar de uno solo (como los de carcasa y tubos est\u00e1ndar) por lo que hay dos paredes que separan el medio de producto y servicio. De esta manera se crea un sistema s\u00faper seguro para evitar la contaminaci\u00f3n cruzada entre ambos fluidos. Un sistema de detecci\u00f3n de fugas monitorea cualquier cambio de presi\u00f3n en la c\u00e1mara de separaci\u00f3n advirtiendo cualquier grieta en el tubo o costura. De acuerdo con las condiciones de temperatura y presi\u00f3n de dise\u00f1o y el proceso de fluidos, los materiales pueden ser: aceros inoxidables austen\u00edticos, d\u00faplex, aceros resistentes a altas temperaturas, superausten\u00edticos, aleaciones ex\u00f3ticas (Inconel, Incolloy, Monel, Hastelloy), titanio, cupron\u00edquel y acero al carbono.<\/p>\n","protected":false},"excerpt":{"rendered":"<p>Este intercambiador de calor incluye tubos dobles conc\u00e9ntricos en lugar de uno solo (como los de carcasa y tubos est\u00e1ndar) &hellip; <a href=\"https:\/\/xlg-heattransfer.com\/es\/double-wall\/\" class=\"more-link\">Continue reading <span class=\"screen-reader-text\">Intercambiador de calor de carcasa y tubos Double Wall<\/span><\/a><\/p>\n","protected":false},"author":2,"featured_media":833,"parent":0,"menu_order":14,"comment_status":"closed","ping_status":"closed","template":"page-product.php","meta":{"footnotes":""},"class_list":["post-1273","page","type-page","status-publish","has-post-thumbnail","hentry"],"acf":[],"yoast_head":"<!-- This site is optimized with the Yoast SEO plugin v26.8 - https:\/\/yoast.com\/product\/yoast-seo-wordpress\/ -->\n<title>Intercambiador de calor de carcasa y tubos Double Wall - XLG Heat Transfer<\/title>\n<meta name=\"description\" content=\"Este intercambiador incluye tubos dobles conc\u00e9ntricos, por lo que hay dos paredes que separan el medio de producto y servicio.\" \/>\n<meta name=\"robots\" content=\"index, follow, max-snippet:-1, max-image-preview:large, max-video-preview:-1\" \/>\n<link rel=\"canonical\" href=\"https:\/\/xlg-heattransfer.com\/es\/double-wall\/\" \/>\n<meta property=\"og:locale\" content=\"es_ES\" \/>\n<meta property=\"og:type\" content=\"article\" \/>\n<meta property=\"og:title\" content=\"Intercambiador de calor de carcasa y tubos Double Wall - XLG Heat Transfer\" \/>\n<meta property=\"og:description\" content=\"Este intercambiador incluye tubos dobles conc\u00e9ntricos, por lo que hay dos paredes que separan el medio de producto y servicio.\" \/>\n<meta property=\"og:url\" content=\"https:\/\/xlg-heattransfer.com\/es\/double-wall\/\" \/>\n<meta property=\"og:site_name\" content=\"XLG Heat Transfer\" \/>\n<meta property=\"article:modified_time\" content=\"2024-11-27T14:08:54+00:00\" \/>\n<meta property=\"og:image\" content=\"https:\/\/xlg-heattransfer.com\/wp-content\/uploads\/2024\/04\/Doublewall_1.png\" \/>\n\t<meta property=\"og:image:width\" content=\"2000\" \/>\n\t<meta property=\"og:image:height\" content=\"2000\" \/>\n\t<meta property=\"og:image:type\" content=\"image\/png\" \/>\n<meta name=\"twitter:card\" content=\"summary_large_image\" \/>\n<meta name=\"twitter:label1\" content=\"Tiempo de lectura\" \/>\n\t<meta name=\"twitter:data1\" content=\"1 minuto\" \/>\n<script type=\"application\/ld+json\" class=\"yoast-schema-graph\">{\"@context\":\"https:\/\/schema.org\",\"@graph\":[{\"@type\":\"WebPage\",\"@id\":\"https:\/\/xlg-heattransfer.com\/es\/double-wall\/\",\"url\":\"https:\/\/xlg-heattransfer.com\/es\/double-wall\/\",\"name\":\"Intercambiador de calor de carcasa y tubos Double Wall - XLG Heat Transfer\",\"isPartOf\":{\"@id\":\"https:\/\/xlg-heattransfer.com\/es\/#website\"},\"primaryImageOfPage\":{\"@id\":\"https:\/\/xlg-heattransfer.com\/es\/double-wall\/#primaryimage\"},\"image\":{\"@id\":\"https:\/\/xlg-heattransfer.com\/es\/double-wall\/#primaryimage\"},\"thumbnailUrl\":\"https:\/\/xlg-heattransfer.com\/wp-content\/uploads\/2024\/04\/Doublewall_1.png\",\"datePublished\":\"2024-04-05T09:34:08+00:00\",\"dateModified\":\"2024-11-27T14:08:54+00:00\",\"description\":\"Este intercambiador incluye tubos dobles conc\u00e9ntricos, por lo que hay dos paredes que separan el medio de producto y servicio.\",\"breadcrumb\":{\"@id\":\"https:\/\/xlg-heattransfer.com\/es\/double-wall\/#breadcrumb\"},\"inLanguage\":\"es\",\"potentialAction\":[{\"@type\":\"ReadAction\",\"target\":[\"https:\/\/xlg-heattransfer.com\/es\/double-wall\/\"]}]},{\"@type\":\"ImageObject\",\"inLanguage\":\"es\",\"@id\":\"https:\/\/xlg-heattransfer.com\/es\/double-wall\/#primaryimage\",\"url\":\"https:\/\/xlg-heattransfer.com\/wp-content\/uploads\/2024\/04\/Doublewall_1.png\",\"contentUrl\":\"https:\/\/xlg-heattransfer.com\/wp-content\/uploads\/2024\/04\/Doublewall_1.png\",\"width\":2000,\"height\":2000,\"caption\":\"Exterior view of the DOUBLE WALL shell and tube heat exchanger by XLG Heat Transfer.\"},{\"@type\":\"BreadcrumbList\",\"@id\":\"https:\/\/xlg-heattransfer.com\/es\/double-wall\/#breadcrumb\",\"itemListElement\":[{\"@type\":\"ListItem\",\"position\":1,\"name\":\"Home\",\"item\":\"https:\/\/xlg-heattransfer.com\/es\/\"},{\"@type\":\"ListItem\",\"position\":2,\"name\":\"Intercambiador de calor de carcasa y tubos Double Wall\"}]},{\"@type\":\"WebSite\",\"@id\":\"https:\/\/xlg-heattransfer.com\/es\/#website\",\"url\":\"https:\/\/xlg-heattransfer.com\/es\/\",\"name\":\"XLG Heat Transfer\",\"description\":\"\",\"publisher\":{\"@id\":\"https:\/\/xlg-heattransfer.com\/es\/#organization\"},\"potentialAction\":[{\"@type\":\"SearchAction\",\"target\":{\"@type\":\"EntryPoint\",\"urlTemplate\":\"https:\/\/xlg-heattransfer.com\/es\/?s={search_term_string}\"},\"query-input\":{\"@type\":\"PropertyValueSpecification\",\"valueRequired\":true,\"valueName\":\"search_term_string\"}}],\"inLanguage\":\"es\"},{\"@type\":\"Organization\",\"@id\":\"https:\/\/xlg-heattransfer.com\/es\/#organization\",\"name\":\"XLG Heat Transfer\",\"url\":\"https:\/\/xlg-heattransfer.com\/es\/\",\"logo\":{\"@type\":\"ImageObject\",\"inLanguage\":\"es\",\"@id\":\"https:\/\/xlg-heattransfer.com\/es\/#\/schema\/logo\/image\/\",\"url\":\"https:\/\/xlg-heattransfer.com\/wp-content\/uploads\/2024\/06\/XLG-logo.png\",\"contentUrl\":\"https:\/\/xlg-heattransfer.com\/wp-content\/uploads\/2024\/06\/XLG-logo.png\",\"width\":945,\"height\":280,\"caption\":\"XLG Heat Transfer\"},\"image\":{\"@id\":\"https:\/\/xlg-heattransfer.com\/es\/#\/schema\/logo\/image\/\"}}]}<\/script>\n<!-- \/ Yoast SEO plugin. -->","yoast_head_json":{"title":"Intercambiador de calor de carcasa y tubos Double Wall - XLG Heat Transfer","description":"Este intercambiador incluye tubos dobles conc\u00e9ntricos, por lo que hay dos paredes que separan el medio de producto y servicio.","robots":{"index":"index","follow":"follow","max-snippet":"max-snippet:-1","max-image-preview":"max-image-preview:large","max-video-preview":"max-video-preview:-1"},"canonical":"https:\/\/xlg-heattransfer.com\/es\/double-wall\/","og_locale":"es_ES","og_type":"article","og_title":"Intercambiador de calor de carcasa y tubos Double Wall - XLG Heat Transfer","og_description":"Este intercambiador incluye tubos dobles conc\u00e9ntricos, por lo que hay dos paredes que separan el medio de producto y servicio.","og_url":"https:\/\/xlg-heattransfer.com\/es\/double-wall\/","og_site_name":"XLG Heat Transfer","article_modified_time":"2024-11-27T14:08:54+00:00","og_image":[{"width":2000,"height":2000,"url":"https:\/\/xlg-heattransfer.com\/wp-content\/uploads\/2024\/04\/Doublewall_1.png","type":"image\/png"}],"twitter_card":"summary_large_image","twitter_misc":{"Tiempo de lectura":"1 minuto"},"schema":{"@context":"https:\/\/schema.org","@graph":[{"@type":"WebPage","@id":"https:\/\/xlg-heattransfer.com\/es\/double-wall\/","url":"https:\/\/xlg-heattransfer.com\/es\/double-wall\/","name":"Intercambiador de calor de carcasa y tubos Double Wall - XLG Heat Transfer","isPartOf":{"@id":"https:\/\/xlg-heattransfer.com\/es\/#website"},"primaryImageOfPage":{"@id":"https:\/\/xlg-heattransfer.com\/es\/double-wall\/#primaryimage"},"image":{"@id":"https:\/\/xlg-heattransfer.com\/es\/double-wall\/#primaryimage"},"thumbnailUrl":"https:\/\/xlg-heattransfer.com\/wp-content\/uploads\/2024\/04\/Doublewall_1.png","datePublished":"2024-04-05T09:34:08+00:00","dateModified":"2024-11-27T14:08:54+00:00","description":"Este intercambiador incluye tubos dobles conc\u00e9ntricos, por lo que hay dos paredes que separan el medio de producto y servicio.","breadcrumb":{"@id":"https:\/\/xlg-heattransfer.com\/es\/double-wall\/#breadcrumb"},"inLanguage":"es","potentialAction":[{"@type":"ReadAction","target":["https:\/\/xlg-heattransfer.com\/es\/double-wall\/"]}]},{"@type":"ImageObject","inLanguage":"es","@id":"https:\/\/xlg-heattransfer.com\/es\/double-wall\/#primaryimage","url":"https:\/\/xlg-heattransfer.com\/wp-content\/uploads\/2024\/04\/Doublewall_1.png","contentUrl":"https:\/\/xlg-heattransfer.com\/wp-content\/uploads\/2024\/04\/Doublewall_1.png","width":2000,"height":2000,"caption":"Exterior view of the DOUBLE WALL shell and tube heat exchanger by XLG Heat Transfer."},{"@type":"BreadcrumbList","@id":"https:\/\/xlg-heattransfer.com\/es\/double-wall\/#breadcrumb","itemListElement":[{"@type":"ListItem","position":1,"name":"Home","item":"https:\/\/xlg-heattransfer.com\/es\/"},{"@type":"ListItem","position":2,"name":"Intercambiador de calor de carcasa y tubos Double Wall"}]},{"@type":"WebSite","@id":"https:\/\/xlg-heattransfer.com\/es\/#website","url":"https:\/\/xlg-heattransfer.com\/es\/","name":"XLG Heat Transfer","description":"","publisher":{"@id":"https:\/\/xlg-heattransfer.com\/es\/#organization"},"potentialAction":[{"@type":"SearchAction","target":{"@type":"EntryPoint","urlTemplate":"https:\/\/xlg-heattransfer.com\/es\/?s={search_term_string}"},"query-input":{"@type":"PropertyValueSpecification","valueRequired":true,"valueName":"search_term_string"}}],"inLanguage":"es"},{"@type":"Organization","@id":"https:\/\/xlg-heattransfer.com\/es\/#organization","name":"XLG Heat Transfer","url":"https:\/\/xlg-heattransfer.com\/es\/","logo":{"@type":"ImageObject","inLanguage":"es","@id":"https:\/\/xlg-heattransfer.com\/es\/#\/schema\/logo\/image\/","url":"https:\/\/xlg-heattransfer.com\/wp-content\/uploads\/2024\/06\/XLG-logo.png","contentUrl":"https:\/\/xlg-heattransfer.com\/wp-content\/uploads\/2024\/06\/XLG-logo.png","width":945,"height":280,"caption":"XLG Heat Transfer"},"image":{"@id":"https:\/\/xlg-heattransfer.com\/es\/#\/schema\/logo\/image\/"}}]}},"_links":{"self":[{"href":"https:\/\/xlg-heattransfer.com\/es\/wp-json\/wp\/v2\/pages\/1273","targetHints":{"allow":["GET"]}}],"collection":[{"href":"https:\/\/xlg-heattransfer.com\/es\/wp-json\/wp\/v2\/pages"}],"about":[{"href":"https:\/\/xlg-heattransfer.com\/es\/wp-json\/wp\/v2\/types\/page"}],"author":[{"embeddable":true,"href":"https:\/\/xlg-heattransfer.com\/es\/wp-json\/wp\/v2\/users\/2"}],"replies":[{"embeddable":true,"href":"https:\/\/xlg-heattransfer.com\/es\/wp-json\/wp\/v2\/comments?post=1273"}],"version-history":[{"count":4,"href":"https:\/\/xlg-heattransfer.com\/es\/wp-json\/wp\/v2\/pages\/1273\/revisions"}],"predecessor-version":[{"id":1483,"href":"https:\/\/xlg-heattransfer.com\/es\/wp-json\/wp\/v2\/pages\/1273\/revisions\/1483"}],"wp:featuredmedia":[{"embeddable":true,"href":"https:\/\/xlg-heattransfer.com\/es\/wp-json\/wp\/v2\/media\/833"}],"wp:attachment":[{"href":"https:\/\/xlg-heattransfer.com\/es\/wp-json\/wp\/v2\/media?parent=1273"}],"curies":[{"name":"wp","href":"https:\/\/api.w.org\/{rel}","templated":true}]}}