{"id":1239,"date":"2024-04-05T11:13:49","date_gmt":"2024-04-05T09:13:49","guid":{"rendered":"https:\/\/xlg-heattransfer.com\/deu\/"},"modified":"2024-10-16T11:28:19","modified_gmt":"2024-10-16T09:28:19","slug":"deu","status":"publish","type":"page","link":"https:\/\/xlg-heattransfer.com\/es\/deu\/","title":{"rendered":"Intecambiador de calor de carcasa y tubos DEU"},"content":{"rendered":"<p>Intercambiador de calor tubular seg\u00fan normas TEMA DEU. Especialmente recomendado para condiciones de muy alta presi\u00f3n (hasta 1000 bar(g)); el haz tubular incorpora tubos corrugados o lisos.<\/p>\n<p>De acuerdo a las condiciones de temperatura y presi\u00f3n de dise\u00f1o y fluidos de proceso, los materiales se seleccionan entre todos los metales disponibles como: aceros inoxidables austen\u00edticos, d\u00faplex, aceros resistentes a altas temperaturas, superausten\u00edticos, aleaciones ex\u00f3ticas (Inconel, Incolloy, Monel, Hastelloy), aleaciones de titanio (grado 1, 2, 3, 4, 7 y 11), cupron\u00edquel Cu\/Ni 90\/10 y 70\/30, lat\u00f3n Admiralty, cobre y acero al carbono.<\/p>\n","protected":false},"excerpt":{"rendered":"<p>Intercambiador de calor tubular seg\u00fan normas TEMA DEU. Especialmente recomendado para condiciones de muy alta presi\u00f3n (hasta 1000 bar(g)); el &hellip; <a href=\"https:\/\/xlg-heattransfer.com\/es\/deu\/\" class=\"more-link\">Continue reading <span class=\"screen-reader-text\">Intecambiador de calor de carcasa y tubos DEU<\/span><\/a><\/p>\n","protected":false},"author":2,"featured_media":827,"parent":0,"menu_order":2,"comment_status":"closed","ping_status":"closed","template":"page-product.php","meta":{"footnotes":""},"class_list":["post-1239","page","type-page","status-publish","has-post-thumbnail","hentry"],"acf":[],"yoast_head":"<!-- This site is optimized with the Yoast SEO plugin v26.8 - https:\/\/yoast.com\/product\/yoast-seo-wordpress\/ -->\n<title>Intecambiador de calor de carcasa y tubos DEU - XLG Heat Transfer<\/title>\n<meta name=\"description\" content=\"Intercambiador de calor tubular seg\u00fan normas TEMA DEU. Especialmente recomendado para condiciones de muy alta presi\u00f3n.\" \/>\n<meta name=\"robots\" content=\"index, follow, max-snippet:-1, max-image-preview:large, max-video-preview:-1\" \/>\n<link rel=\"canonical\" href=\"https:\/\/xlg-heattransfer.com\/es\/deu\/\" \/>\n<meta property=\"og:locale\" content=\"es_ES\" \/>\n<meta property=\"og:type\" content=\"article\" \/>\n<meta property=\"og:title\" content=\"Intecambiador de calor de carcasa y tubos DEU - XLG Heat Transfer\" \/>\n<meta property=\"og:description\" content=\"Intercambiador de calor tubular seg\u00fan normas TEMA DEU. Especialmente recomendado para condiciones de muy alta presi\u00f3n.\" \/>\n<meta property=\"og:url\" content=\"https:\/\/xlg-heattransfer.com\/es\/deu\/\" \/>\n<meta property=\"og:site_name\" content=\"XLG Heat Transfer\" \/>\n<meta property=\"article:modified_time\" content=\"2024-10-16T09:28:19+00:00\" \/>\n<meta property=\"og:image\" content=\"https:\/\/xlg-heattransfer.com\/wp-content\/uploads\/2024\/04\/DEU_1.png\" \/>\n\t<meta property=\"og:image:width\" content=\"2000\" \/>\n\t<meta property=\"og:image:height\" content=\"2000\" \/>\n\t<meta property=\"og:image:type\" content=\"image\/png\" \/>\n<meta name=\"twitter:card\" content=\"summary_large_image\" \/>\n<meta name=\"twitter:label1\" content=\"Tiempo de lectura\" \/>\n\t<meta name=\"twitter:data1\" content=\"1 minuto\" \/>\n<script type=\"application\/ld+json\" class=\"yoast-schema-graph\">{\"@context\":\"https:\/\/schema.org\",\"@graph\":[{\"@type\":\"WebPage\",\"@id\":\"https:\/\/xlg-heattransfer.com\/es\/deu\/\",\"url\":\"https:\/\/xlg-heattransfer.com\/es\/deu\/\",\"name\":\"Intecambiador de calor de carcasa y tubos DEU - XLG Heat Transfer\",\"isPartOf\":{\"@id\":\"https:\/\/xlg-heattransfer.com\/es\/#website\"},\"primaryImageOfPage\":{\"@id\":\"https:\/\/xlg-heattransfer.com\/es\/deu\/#primaryimage\"},\"image\":{\"@id\":\"https:\/\/xlg-heattransfer.com\/es\/deu\/#primaryimage\"},\"thumbnailUrl\":\"https:\/\/xlg-heattransfer.com\/wp-content\/uploads\/2024\/04\/DEU_1.png\",\"datePublished\":\"2024-04-05T09:13:49+00:00\",\"dateModified\":\"2024-10-16T09:28:19+00:00\",\"description\":\"Intercambiador de calor tubular seg\u00fan normas TEMA DEU. Especialmente recomendado para condiciones de muy alta presi\u00f3n.\",\"breadcrumb\":{\"@id\":\"https:\/\/xlg-heattransfer.com\/es\/deu\/#breadcrumb\"},\"inLanguage\":\"es\",\"potentialAction\":[{\"@type\":\"ReadAction\",\"target\":[\"https:\/\/xlg-heattransfer.com\/es\/deu\/\"]}]},{\"@type\":\"ImageObject\",\"inLanguage\":\"es\",\"@id\":\"https:\/\/xlg-heattransfer.com\/es\/deu\/#primaryimage\",\"url\":\"https:\/\/xlg-heattransfer.com\/wp-content\/uploads\/2024\/04\/DEU_1.png\",\"contentUrl\":\"https:\/\/xlg-heattransfer.com\/wp-content\/uploads\/2024\/04\/DEU_1.png\",\"width\":2000,\"height\":2000,\"caption\":\"Exterior view of the shell and tube heat exchanger by XLG Heat Transfer.\"},{\"@type\":\"BreadcrumbList\",\"@id\":\"https:\/\/xlg-heattransfer.com\/es\/deu\/#breadcrumb\",\"itemListElement\":[{\"@type\":\"ListItem\",\"position\":1,\"name\":\"Home\",\"item\":\"https:\/\/xlg-heattransfer.com\/es\/\"},{\"@type\":\"ListItem\",\"position\":2,\"name\":\"Intecambiador de calor de carcasa y tubos DEU\"}]},{\"@type\":\"WebSite\",\"@id\":\"https:\/\/xlg-heattransfer.com\/es\/#website\",\"url\":\"https:\/\/xlg-heattransfer.com\/es\/\",\"name\":\"XLG Heat Transfer\",\"description\":\"\",\"publisher\":{\"@id\":\"https:\/\/xlg-heattransfer.com\/es\/#organization\"},\"potentialAction\":[{\"@type\":\"SearchAction\",\"target\":{\"@type\":\"EntryPoint\",\"urlTemplate\":\"https:\/\/xlg-heattransfer.com\/es\/?s={search_term_string}\"},\"query-input\":{\"@type\":\"PropertyValueSpecification\",\"valueRequired\":true,\"valueName\":\"search_term_string\"}}],\"inLanguage\":\"es\"},{\"@type\":\"Organization\",\"@id\":\"https:\/\/xlg-heattransfer.com\/es\/#organization\",\"name\":\"XLG Heat Transfer\",\"url\":\"https:\/\/xlg-heattransfer.com\/es\/\",\"logo\":{\"@type\":\"ImageObject\",\"inLanguage\":\"es\",\"@id\":\"https:\/\/xlg-heattransfer.com\/es\/#\/schema\/logo\/image\/\",\"url\":\"https:\/\/xlg-heattransfer.com\/wp-content\/uploads\/2024\/06\/XLG-logo.png\",\"contentUrl\":\"https:\/\/xlg-heattransfer.com\/wp-content\/uploads\/2024\/06\/XLG-logo.png\",\"width\":945,\"height\":280,\"caption\":\"XLG Heat Transfer\"},\"image\":{\"@id\":\"https:\/\/xlg-heattransfer.com\/es\/#\/schema\/logo\/image\/\"}}]}<\/script>\n<!-- \/ Yoast SEO plugin. -->","yoast_head_json":{"title":"Intecambiador de calor de carcasa y tubos DEU - XLG Heat Transfer","description":"Intercambiador de calor tubular seg\u00fan normas TEMA DEU. Especialmente recomendado para condiciones de muy alta presi\u00f3n.","robots":{"index":"index","follow":"follow","max-snippet":"max-snippet:-1","max-image-preview":"max-image-preview:large","max-video-preview":"max-video-preview:-1"},"canonical":"https:\/\/xlg-heattransfer.com\/es\/deu\/","og_locale":"es_ES","og_type":"article","og_title":"Intecambiador de calor de carcasa y tubos DEU - XLG Heat Transfer","og_description":"Intercambiador de calor tubular seg\u00fan normas TEMA DEU. Especialmente recomendado para condiciones de muy alta presi\u00f3n.","og_url":"https:\/\/xlg-heattransfer.com\/es\/deu\/","og_site_name":"XLG Heat Transfer","article_modified_time":"2024-10-16T09:28:19+00:00","og_image":[{"width":2000,"height":2000,"url":"https:\/\/xlg-heattransfer.com\/wp-content\/uploads\/2024\/04\/DEU_1.png","type":"image\/png"}],"twitter_card":"summary_large_image","twitter_misc":{"Tiempo de lectura":"1 minuto"},"schema":{"@context":"https:\/\/schema.org","@graph":[{"@type":"WebPage","@id":"https:\/\/xlg-heattransfer.com\/es\/deu\/","url":"https:\/\/xlg-heattransfer.com\/es\/deu\/","name":"Intecambiador de calor de carcasa y tubos DEU - XLG Heat Transfer","isPartOf":{"@id":"https:\/\/xlg-heattransfer.com\/es\/#website"},"primaryImageOfPage":{"@id":"https:\/\/xlg-heattransfer.com\/es\/deu\/#primaryimage"},"image":{"@id":"https:\/\/xlg-heattransfer.com\/es\/deu\/#primaryimage"},"thumbnailUrl":"https:\/\/xlg-heattransfer.com\/wp-content\/uploads\/2024\/04\/DEU_1.png","datePublished":"2024-04-05T09:13:49+00:00","dateModified":"2024-10-16T09:28:19+00:00","description":"Intercambiador de calor tubular seg\u00fan normas TEMA DEU. Especialmente recomendado para condiciones de muy alta presi\u00f3n.","breadcrumb":{"@id":"https:\/\/xlg-heattransfer.com\/es\/deu\/#breadcrumb"},"inLanguage":"es","potentialAction":[{"@type":"ReadAction","target":["https:\/\/xlg-heattransfer.com\/es\/deu\/"]}]},{"@type":"ImageObject","inLanguage":"es","@id":"https:\/\/xlg-heattransfer.com\/es\/deu\/#primaryimage","url":"https:\/\/xlg-heattransfer.com\/wp-content\/uploads\/2024\/04\/DEU_1.png","contentUrl":"https:\/\/xlg-heattransfer.com\/wp-content\/uploads\/2024\/04\/DEU_1.png","width":2000,"height":2000,"caption":"Exterior view of the shell and tube heat exchanger by XLG Heat Transfer."},{"@type":"BreadcrumbList","@id":"https:\/\/xlg-heattransfer.com\/es\/deu\/#breadcrumb","itemListElement":[{"@type":"ListItem","position":1,"name":"Home","item":"https:\/\/xlg-heattransfer.com\/es\/"},{"@type":"ListItem","position":2,"name":"Intecambiador de calor de carcasa y tubos DEU"}]},{"@type":"WebSite","@id":"https:\/\/xlg-heattransfer.com\/es\/#website","url":"https:\/\/xlg-heattransfer.com\/es\/","name":"XLG Heat Transfer","description":"","publisher":{"@id":"https:\/\/xlg-heattransfer.com\/es\/#organization"},"potentialAction":[{"@type":"SearchAction","target":{"@type":"EntryPoint","urlTemplate":"https:\/\/xlg-heattransfer.com\/es\/?s={search_term_string}"},"query-input":{"@type":"PropertyValueSpecification","valueRequired":true,"valueName":"search_term_string"}}],"inLanguage":"es"},{"@type":"Organization","@id":"https:\/\/xlg-heattransfer.com\/es\/#organization","name":"XLG Heat Transfer","url":"https:\/\/xlg-heattransfer.com\/es\/","logo":{"@type":"ImageObject","inLanguage":"es","@id":"https:\/\/xlg-heattransfer.com\/es\/#\/schema\/logo\/image\/","url":"https:\/\/xlg-heattransfer.com\/wp-content\/uploads\/2024\/06\/XLG-logo.png","contentUrl":"https:\/\/xlg-heattransfer.com\/wp-content\/uploads\/2024\/06\/XLG-logo.png","width":945,"height":280,"caption":"XLG Heat Transfer"},"image":{"@id":"https:\/\/xlg-heattransfer.com\/es\/#\/schema\/logo\/image\/"}}]}},"_links":{"self":[{"href":"https:\/\/xlg-heattransfer.com\/es\/wp-json\/wp\/v2\/pages\/1239","targetHints":{"allow":["GET"]}}],"collection":[{"href":"https:\/\/xlg-heattransfer.com\/es\/wp-json\/wp\/v2\/pages"}],"about":[{"href":"https:\/\/xlg-heattransfer.com\/es\/wp-json\/wp\/v2\/types\/page"}],"author":[{"embeddable":true,"href":"https:\/\/xlg-heattransfer.com\/es\/wp-json\/wp\/v2\/users\/2"}],"replies":[{"embeddable":true,"href":"https:\/\/xlg-heattransfer.com\/es\/wp-json\/wp\/v2\/comments?post=1239"}],"version-history":[{"count":7,"href":"https:\/\/xlg-heattransfer.com\/es\/wp-json\/wp\/v2\/pages\/1239\/revisions"}],"predecessor-version":[{"id":1411,"href":"https:\/\/xlg-heattransfer.com\/es\/wp-json\/wp\/v2\/pages\/1239\/revisions\/1411"}],"wp:featuredmedia":[{"embeddable":true,"href":"https:\/\/xlg-heattransfer.com\/es\/wp-json\/wp\/v2\/media\/827"}],"wp:attachment":[{"href":"https:\/\/xlg-heattransfer.com\/es\/wp-json\/wp\/v2\/media?parent=1239"}],"curies":[{"name":"wp","href":"https:\/\/api.w.org\/{rel}","templated":true}]}}