{"id":1017,"date":"2022-09-07T07:09:30","date_gmt":"2022-09-07T05:09:30","guid":{"rendered":"https:\/\/xlg-heattransfer.com\/?page_id=1017"},"modified":"2026-03-11T09:46:32","modified_gmt":"2026-03-11T07:46:32","slug":"politica-de-privacidad","status":"publish","type":"page","link":"https:\/\/xlg-heattransfer.com\/es\/politica-de-privacidad\/","title":{"rendered":"Pol\u00edtica de privacidad"},"content":{"rendered":"\r\n<p><span style=\"font-family: helvetica, arial, sans-serif; font-size: 10pt;\">En cumplimiento del Reglamento (UE) 2016\/679 del Parlamento Europeo y del Consejo, de 27 de abril de 2016, relativo a la protecci\u00f3n de las personas f\u00edsicas en lo que respecta al tratamiento de datos personales y a la libre circulaci\u00f3n de estos datos (RGPD), as\u00ed como lo previsto en la Ley Org\u00e1nica 3\/2018, de 5 de diciembre, de Protecci\u00f3n de Datos Personales y garant\u00eda de los derechos digitales (LOPD-GDD), se le hace saber que el Responsable del tratamiento de sus datos personales es: \u00a0 Raz\u00f3n Social de la Empresa: XLG Heat Transfer, S.L. Domicilio social: Calle Magallanes (poligono Industrial la Estrella), 6, Molina de Segura, 30500, Murcia Poblaci\u00f3n: Murcia C.I.F.: B-73386500 Tel\u00e9fono de contacto: +34 868 000 085 Correo electr\u00f3nico:\u00a0<span id=\"cloakcbecc0ee78fcfc19673ec16043ab5227\"><a href=\"mailto:in**@**************er.com\" data-original-string=\"GGwgnYXXzkEM4eucCr7e4g==d6dOxE81WXaHC1AxPB3+V5bTq1hsV4Pb55JfKAjRgwuEwM=\" title=\"Este contacto ha sido codificado por Anti-Spam by CleanTalk. Haz clic para decodificar. Para finalizar la decodificaci\u00f3n, aseg\u00farate de que JavaScript est\u00e1 activado en tu navegador.\"><span \n                data-original-string='zT1rJzUYo2ZsyHbZ+Lu1cg==d6dW04f+U38LToPH6vt+VSMUdN\/AOYrK5lABRt5L6\/CqcM='\n                class='apbct-email-encoder'\n                title='Este contacto ha sido codificado por Anti-Spam by CleanTalk. Haz clic para decodificar. Para finalizar la decodificaci\u00f3n, aseg\u00farate de que JavaScript est\u00e1 activado en tu navegador.'>in<span class=\"apbct-blur\">**<\/span>@<span class=\"apbct-blur\">**************<\/span>er.com<\/span><\/a><\/span> \u00a0 Como Responsable del tratamiento, XLG Heat Transfer, S.L., en adelante LA EMPRESA, informa a sus usuarios y clientes de la siguiente POLITICA DE PRIVACIDAD; \u00a0<\/span><\/p>\r\n<ul>\r\n<li><span style=\"font-family: helvetica, arial, sans-serif; font-size: 10pt;\">LA EMPRESA, como responsable del tratamiento, solicitar\u00e1 con car\u00e1cter previo a la aportaci\u00f3n de sus datos de car\u00e1cter personal, su consentimiento en relaci\u00f3n a la Pol\u00edtica de Privacidad aqu\u00ed expuesta, en los supuestos que sea necesario, igualmente LA EMPRESA se obliga a solicitar su consentimiento en relaci\u00f3n a cualquier aspecto que requiera previa autorizaci\u00f3n en virtud de la ley y reglamentos vigentes.<\/span><\/li>\r\n<li><span style=\"font-family: helvetica, arial, sans-serif; font-size: 10pt;\">Todos los Datos de car\u00e1cter personal proporcionados por el interesado y recogidos por LA EMPRESA, sea cual fuere el medio (contratos, solicitud de informaci\u00f3n, correos electr\u00f3nicos o cualquier otra fuente) son objeto de tratamiento automatizado pasando a incorporarse a los ficheros que LA EMPRESA mantiene conforme a lo previsto en la legislaci\u00f3n vigente.<\/span><\/li>\r\n<li><span style=\"font-family: helvetica, arial, sans-serif; font-size: 10pt;\">Los servicios y la web de LA EMPRESA no est\u00e1 dirigida directamente a menores de edad conforme a la legislaci\u00f3n espa\u00f1ola. Con la aceptaci\u00f3n de la Pol\u00edtica de Privacidad de LA EMPRESA, el cliente o usuario manifiesta y garantiza su mayor\u00eda de edad conforme a la citada legislaci\u00f3n.<\/span><\/li>\r\n<\/ul>\r\n<p><span style=\"font-family: helvetica, arial, sans-serif; font-size: 10pt;\">\u00a0 \u00a0 <strong>LEGITIMACI\u00d3N<\/strong> \u00a0 La base legal para el tratamiento y recogida de los Datos de Car\u00e1cter Personal es el consentimiento expreso otorgado por el usuario de forma libre, espec\u00edfica, informada e inequ\u00edvoca mediante una clara acci\u00f3n afirmativa como es el marcado de una casilla dispuesta a tal efecto, o el solicitado por LA EMPRESA y concedido por el mismo, y\/o; el establecimiento de una relaci\u00f3n precontractual o contractual entre LA EMPRESA y el cliente [art. 6.1 a) y b) del RGPD], sin que la retirada de tal consentimiento condicione la ejecuci\u00f3n de la relaci\u00f3n contractual en su caso. \u00a0 \u00a0 <strong>FINALIDAD Y OBJETO<\/strong> \u00a0 Como finalidad la informaci\u00f3n y comercializaci\u00f3n, debidamente diferenciada, as\u00ed como otras propias de la actividad de LA EMPRESA. El tratamiento de Datos Personales de clientes, clientes potenciales y \/ o solicitantes de informaci\u00f3n, recabados a trav\u00e9s del Sitio Web:\u00a0<a href=\"https:\/\/xlg-heattransfer.com\/es\/\">http:\/\/www.xlg-heattransfer.com\/es\/<\/a>\u00a0se realizar\u00e1 en atenci\u00f3n a las siguientes finalidades con objeto de: \u00a0 \u00a0 <strong>DERECHOS DEL INTERESADO (EL CONSUMIDOR O USUARIO QUE DA SUS DATOS)<\/strong> \u00a0 Le recordamos que usted puede oponerse al env\u00edo de comunicaciones comerciales por cualquier v\u00eda y en cualquier momento, as\u00ed como a\u00a0rechazar el tratamiento automatizado\u00a0de los datos personales recogidos y\/o ejercitar el resto de sus derechos ARCO remitiendo un correo electr\u00f3nico a la direcci\u00f3n de correo electr\u00f3nico\u00a0<span id=\"cloak23eda655ce5316bc70679ea6fc3f591b\"><a href=\"mailto:in**@**********ry.com\" data-original-string=\"6l+1p9NvHo4ti4vBEXY1zw==d6d1NnflI5VyPOqOfr2hjrFBVeDJf5x7uOC6XBfZjOHG4I=\" title=\"Este contacto ha sido codificado por Anti-Spam by CleanTalk. Haz clic para decodificar. Para finalizar la decodificaci\u00f3n, aseg\u00farate de que JavaScript est\u00e1 activado en tu navegador.\"><span \n                data-original-string='rMPSd0ir8g1kODv98pqayw==d6d56MXewfnONh9mFmMXPjraxlmd9CBmxoOUJDgcYrPM2Q='\n                class='apbct-email-encoder'\n                title='Este contacto ha sido codificado por Anti-Spam by CleanTalk. Haz clic para decodificar. Para finalizar la decodificaci\u00f3n, aseg\u00farate de que JavaScript est\u00e1 activado en tu navegador.'>in<span class=\"apbct-blur\">**<\/span>@<span class=\"apbct-blur\">**********<\/span>ry.com<\/span><\/a><\/span>\u00a0o la direcci\u00f3n postal de LA EMPRESA anteriormente citada. \u00a0<\/span><\/p>\r\n<ul>\r\n<li><span style=\"font-family: helvetica, arial, sans-serif; font-size: 10pt;\">DERECHOS ARCO. Los interesados tienen derecho a solicitar el acceso a sus datos personales, su rectificaci\u00f3n supresi\u00f3n o portabilidad, la limitaci\u00f3n de su tratamiento, a oponerse al tratamiento, remitiendo una solicitud, acompa\u00f1ada de copia de documento oficial de identidad, a la direcci\u00f3n de LA EMPRESA. De igual forma podr\u00e1n presentar una reclamaci\u00f3n ante la autoridad de control.<\/span><\/li>\r\n<\/ul>\r\n<p><span style=\"font-family: helvetica, arial, sans-serif; font-size: 10pt;\">\u00a0 \u00a0 <strong>CONSERVACI\u00d3N Y CESI\u00d3N<\/strong> \u00a0 La conservaci\u00f3n de los datos de los usuarios y clientes durar\u00e1 en tanto siga vigente su relaci\u00f3n contractual, una vez finalizada la relaci\u00f3n contractual que vincula a las partes solamente se conservar\u00e1 la informaci\u00f3n hasta el trascurso del plazo de prescripci\u00f3n de las responsabilidades en las que LA EMPRESA haya podido incurrir por su tratamiento y\/o la pol\u00edtica interna de la empresa de conservaci\u00f3n de datos de contacto de clientes, 5 a\u00f1os desde la finalizaci\u00f3n del encargo. Si por el contrario el tratamiento en cuesti\u00f3n est\u00e1 basado en el consentimiento del cliente o usuario y este lo revoca, en cuyo caso ser\u00e1n conservados hasta la revocaci\u00f3n firme de dicho consentimiento. \u00a0<\/span><\/p>\r\n<ul>\r\n<li><span style=\"font-family: helvetica, arial, sans-serif; font-size: 10pt;\">Como excepci\u00f3n a todo ello encontraremos los casos en los que la conservaci\u00f3n se vea fijada por imperativo legal o porque aquella resulte necesaria para la defensa de posibles reclamaciones, dentro de lo permitido por la legislaci\u00f3n vigente, as\u00ed como por el plazodurante el cual pudieran derivarse responsabilidades legales por los servicios prestados.<\/span><\/li>\r\n<\/ul>\r\n<p><span style=\"font-family: helvetica, arial, sans-serif; font-size: 10pt;\">\u00a0 Durante el periodo de conservaci\u00f3n de los Datos Personales, estos \u00fanicamente ser\u00e1n cedidos bien en el momento en que usted expresamente se lo solicite al responsable de LA EMPRESA por los medios de comunicaci\u00f3n anteriormente citados (correo electr\u00f3nico o correo postal); as\u00ed como por respuesta al ejercicio por su parte de derechos ante la Agencia Espa\u00f1ola de Protecci\u00f3n de Datos y siempre para acreditar ante dicho ente nuestras obligaciones; o ante cualquier otro ente p\u00fablico o privado por imperativo legal en cumplimiento de las obligaciones que se puedan contraer con las diferentes Administraciones P\u00fablicas, Fuerzas y Cuerpos de Seguridad del Estado y \u00f3rganos Judiciales. \u00a0 \u00a0 <strong>OBLIGACIONES DE LA EMPRESA<\/strong> \u00a0 LA EMPRESA se obliga, conforme a la ley y reglamentos espec\u00edficos, a no hacer p\u00fablicos los Datos de Car\u00e1cter Personal as\u00ed como a su debida custodia y aplicaci\u00f3n de todas las medidas y sistemas de protecci\u00f3n de car\u00e1cter t\u00e9cnico y organizativo con la finalidad de garantizar la seguridad de los mismos, la no alteraci\u00f3n, no acceso o tratamiento no autorizado, la perdida y la debida destrucci\u00f3n en el momento pertinente por ejercicio de sus derechos por parte del interesado o por el trascurso del plazo de conservaci\u00f3n previsto. As\u00ed mismo con el objetivo de asegurar la confidencialidad de la informaci\u00f3n facilitada, se le informa que LA EMPRESA mantiene una continua supervisi\u00f3n, control y revisi\u00f3n de sus procesos para garantizar la seguridad de dicha informaci\u00f3n conforme a los est\u00e1ndares de seguridad internacional. \u00a0<\/span><\/p>\r\n<ul>\r\n<li><span style=\"font-family: helvetica, arial, sans-serif; font-size: 10pt;\">De igual modo, se le hace saber que cuando LA EMPRESA se encuentre actuando como encargada del Tratamiento de Datos quedar\u00e1 sujeta de igual modo a las obligaciones previstas legal y reglamentariamente, debiendo tratar los datos conforme a las instrucciones establecidas por el o los responsables de los tratamientos. En todo caso LA EMPRESA queda obligada a no utilizar con fines diferentes a los acordados contractualmente con el responsable del tratamiento los datos personales que por el ejercicio habitual de su actividad profesional puede tener acceso.<\/span><\/li>\r\n<li><span style=\"font-family: helvetica, arial, sans-serif; font-size: 10pt;\">Por su parte, a su vez, el cliente o usuario responde de la veracidad, autenticidad y exactitud de los datos facilitados, de tal forma que se establece la presunci\u00f3n de buena fe de LA EMPRESA como titular de la web y prestadora de servicios. Si los datos resultasen ser falsos o fuesen de terceros que no hayan consentido en su entrega LA EMPRESA se reserva el derecho a la destrucci\u00f3n de los mismos como medida de protecci\u00f3n de los derechos del titular o titulares de los mismos, eximi\u00e9ndose a su vez de la responsabilidad de la obtenci\u00f3n de forma irregular de los datos personales en cuesti\u00f3n.<\/span><\/li>\r\n<\/ul>\r\n<p><span style=\"font-family: helvetica, arial, sans-serif; font-size: 10pt;\">\u00a0 \u00a0 <strong>ENCARGADOS DEL TRATAMIENTO WEB<\/strong> \u00a0 Como encargados de tratamiento, tenemos contratados a los siguientes proveedores de servicios, habi\u00e9ndose comprometido al cumplimiento de las disposiciones normativas, de aplicaci\u00f3n en materia de protecci\u00f3n de datos, en el momento de su contrataci\u00f3n: \u00a0<\/span><\/p>\r\n<ul>\r\n<li><span style=\"font-family: helvetica, arial, sans-serif; font-size: 10pt;\">digitalDot Servicios Inform\u00e1ticos S.L., con domicilio en<\/span><\/li>\r\n<\/ul>\r\n<ol>\r\n<li><span style=\"font-family: helvetica, arial, sans-serif; font-size: 10pt;\">73821019, presta servicios de SOPORTE DE LA P\u00c1GINA WEB Y CORREOS ELECTR\u00d3NICOS.<\/span><\/li>\r\n<\/ol>\r\n<p><span style=\"font-family: helvetica, arial, sans-serif; font-size: 10pt;\">Puede consultar la pol\u00edtica de privacidad y dem\u00e1s aspectos legales de la compa\u00f1\u00eda en el siguiente enlace:\u00a0http:\/\/www.xlg-heattransfer.com<\/span><\/p>\r\n<ul>\r\n<li><span style=\"font-family: helvetica, arial, sans-serif; font-size: 10pt;\">Google, Inc., compa\u00f1\u00eda de Delaware cuya oficina principal est\u00e1 en el 1600 Amphitheatre Parkway, Mountain View (California), CA 94043, Estados Unidos (\u201cGoogle\u201d), presta servicios de ANALISIS WEB.<\/span><\/li>\r\n<\/ul>\r\n<p><span style=\"font-family: helvetica, arial, sans-serif; font-size: 10pt;\">\u00a0 Puede consultar la pol\u00edtica de privacidad y dem\u00e1s aspectos legales de la compa\u00f1\u00eda en el siguiente enlace\u00a0<a href=\"https:\/\/policies.google.com\/privacy\">https:\/\/policies.google.com\/privacy<\/a> \u00a0 \u00a0<\/span><\/p>\r\n<ul>\r\n<li><span style=\"font-family: helvetica, arial, sans-serif; font-size: 10pt;\">En relaci\u00f3n a la retenci\u00f3n de datos en conformidad a la LSSI, LA EMPRESA informa que nuestro Encargado de Datos anteriormente citado, como prestador de servicio de alojamiento de datos y en virtud de lo establecido en la Ley 34\/2002 de 11 de julio de Servicios de la Sociedad de la Informaci\u00f3n y de Comercio Electr\u00f3nico (LSSI), retiene por un periodo m\u00e1ximo de 12 meses la informaci\u00f3n imprescindible para identificar el origen de los datos alojados y el momento en que se inici\u00f3 la prestaci\u00f3n del servicio. La retenci\u00f3n de estos datos no afecta al secreto de las comunicaciones y s\u00f3lo podr\u00e1n ser utilizados en el marco de una investigaci\u00f3n criminal o para la salvaguardia de la seguridad p\u00fablica, poni\u00e9ndose a disposici\u00f3n de los jueces y\/o tribunales o del Ministerio que as\u00ed los requiera.<\/span><\/li>\r\n<\/ul>\r\n<p><span style=\"font-family: helvetica, arial, sans-serif; font-size: 10pt;\">\u00a0 \u00a0 <strong>CONDICIONES DE USO<\/strong> \u00a0<\/span><\/p>\r\n<ul>\r\n<li><span style=\"font-family: helvetica, arial, sans-serif; font-size: 10pt;\">En relaci\u00f3n a la Propiedad intelectual del software al que se da acceso a los colaboradores, el usuario debe respetar los programas de terceros puestos a su disposici\u00f3n por LA EMPRESA, aun siendo gratuitos y\/o de disposici\u00f3n p\u00fablica.<\/span><\/li>\r\n<li><span style=\"font-family: helvetica, arial, sans-serif; font-size: 10pt;\">En relaci\u00f3n a la propiedad intelectual de los contenidos alojados se proh\u00edbe el uso contrario a la legislaci\u00f3n sobre propiedad intelectual de los servicios prestados por LA EMPRESA y, en particular de:<\/span><\/li>\r\n<li><span style=\"font-family: helvetica, arial, sans-serif; font-size: 10pt;\">La utilizaci\u00f3n que resulte contraria a las leyes espa\u00f1olas o que infrinja los derechos de terceros.<\/span><\/li>\r\n<li><span style=\"font-family: helvetica, arial, sans-serif; font-size: 10pt;\">La publicaci\u00f3n o la transmisi\u00f3n de cualquier contenido que, a juicio de LA EMPRESA, resulte violento, obsceno, abusivo, ilegal, racial, xen\u00f3fobo o difamatorio.<\/span><\/li>\r\n<li><span style=\"font-family: helvetica, arial, sans-serif; font-size: 10pt;\">Los cracks, n\u00fameros de serie de programas o cualquier otro contenido que vulnere derechos de la propiedad intelectual de terceros.<\/span><\/li>\r\n<li><span style=\"font-family: helvetica, arial, sans-serif; font-size: 10pt;\">La recogida y\/o utilizaci\u00f3n de datos personales de otros usuarios sin su consentimiento expreso o contraviniendo lo dispuesto en Reglamento (UE) 2016\/679 del Parlamento Europeo y del Consejo, de 27 de abril de 2016, relativo a la protecci\u00f3n de las personas f\u00edsicas en lo que respecta al tratamiento de datos personales y a la libre circulaci\u00f3n de los mismos.<\/span><\/li>\r\n<li><span style=\"font-family: helvetica, arial, sans-serif; font-size: 10pt;\">La utilizaci\u00f3n del servidor de correo del dominio y de las direcciones de correo electr\u00f3nico para el env\u00edo de correo masivo no deseado.<\/span><\/li>\r\n<li><span style=\"font-family: helvetica, arial, sans-serif; font-size: 10pt;\">El usuario es responsable respecto a las leyes y reglamentos en vigor y las reglas que tienen que ver con el funcionamiento del servicio online, comercio electr\u00f3nico, derechos de autor, mantenimiento del orden p\u00fablico, as\u00ed como principios universales de uso de Internet.<\/span><\/li>\r\n<li><span style=\"font-family: helvetica, arial, sans-serif; font-size: 10pt;\">El usuario o consumidor indemnizar\u00e1 a LA EMPRESA por los gastos que generara la imputaci\u00f3n de \u00e9sta en alguna causa cuya responsabilidad fuera atribuible al usuario o consumidor, incluidos honorarios y gastos de defensa jur\u00eddica, incluso en el caso de una decisi\u00f3n judicial no definitiva.<\/span><\/li>\r\n<\/ul>\r\n<p><span style=\"font-family: helvetica, arial, sans-serif; font-size: 10pt;\">\u00a0 \u00a0 <strong>AVISO<\/strong> \u00a0 La Pol\u00edtica de Privacidad de LA EMPRESA, podr\u00e1 ser modificad en consonancia con las posibles variaciones legislativas por las que se vea afectada as\u00ed como por cambios de direcci\u00f3n de LA EMPRESA. En este sentido LA EMPRESA proceder\u00e1 a informarle de cualquier modificaci\u00f3n que se produzca en nuestra Pol\u00edtica de Privacidad, de los posibles cambios en el tratamiento de sus datos personales y de cualquier modificaci\u00f3n de pol\u00edticas internas que guarden relaci\u00f3n con sus datos personales para que, si es preceptivo, proceda a otorgar su consentimiento o pueda revocarlo.<\/span><\/p>\r\n","protected":false},"excerpt":{"rendered":"<p>En cumplimiento del Reglamento (UE) 2016\/679 del Parlamento Europeo y del Consejo, de 27 de abril de 2016, relativo a &hellip; <a href=\"https:\/\/xlg-heattransfer.com\/es\/politica-de-privacidad\/\" class=\"more-link\">Continue reading <span class=\"screen-reader-text\">Pol\u00edtica de privacidad<\/span><\/a><\/p>\n","protected":false},"author":2,"featured_media":0,"parent":0,"menu_order":26,"comment_status":"closed","ping_status":"closed","template":"","meta":{"footnotes":""},"class_list":["post-1017","page","type-page","status-publish","hentry"],"acf":[],"yoast_head":"<!-- This site is optimized with the Yoast SEO plugin v26.8 - https:\/\/yoast.com\/product\/yoast-seo-wordpress\/ -->\n<title>Pol\u00edtica de privacidad | XLG Heat Transfer<\/title>\n<meta name=\"description\" content=\"Conoce c\u00f3mo XLG Heat Transfer trata y protege tus datos personales y qu\u00e9 derechos puedes ejercer seg\u00fan la normativa vigente.\" \/>\n<meta name=\"robots\" content=\"index, follow, max-snippet:-1, max-image-preview:large, max-video-preview:-1\" \/>\n<link rel=\"canonical\" href=\"https:\/\/xlg-heattransfer.com\/es\/politica-de-privacidad\/\" \/>\n<meta property=\"og:locale\" content=\"es_ES\" \/>\n<meta property=\"og:type\" content=\"article\" \/>\n<meta property=\"og:title\" content=\"Pol\u00edtica de privacidad | XLG Heat Transfer\" \/>\n<meta property=\"og:description\" content=\"Conoce c\u00f3mo XLG Heat Transfer trata y protege tus datos personales y qu\u00e9 derechos puedes ejercer seg\u00fan la normativa vigente.\" \/>\n<meta property=\"og:url\" content=\"https:\/\/xlg-heattransfer.com\/es\/politica-de-privacidad\/\" \/>\n<meta property=\"og:site_name\" content=\"XLG Heat Transfer\" \/>\n<meta property=\"article:modified_time\" content=\"2026-03-11T07:46:32+00:00\" \/>\n<meta name=\"twitter:card\" content=\"summary_large_image\" \/>\n<meta name=\"twitter:label1\" content=\"Tiempo de lectura\" \/>\n\t<meta name=\"twitter:data1\" content=\"9 minutos\" \/>\n<script type=\"application\/ld+json\" class=\"yoast-schema-graph\">{\"@context\":\"https:\/\/schema.org\",\"@graph\":[{\"@type\":\"WebPage\",\"@id\":\"https:\/\/xlg-heattransfer.com\/es\/politica-de-privacidad\/\",\"url\":\"https:\/\/xlg-heattransfer.com\/es\/politica-de-privacidad\/\",\"name\":\"Pol\u00edtica de privacidad | XLG Heat Transfer\",\"isPartOf\":{\"@id\":\"https:\/\/xlg-heattransfer.com\/es\/#website\"},\"datePublished\":\"2022-09-07T05:09:30+00:00\",\"dateModified\":\"2026-03-11T07:46:32+00:00\",\"description\":\"Conoce c\u00f3mo XLG Heat Transfer trata y protege tus datos personales y qu\u00e9 derechos puedes ejercer seg\u00fan la normativa vigente.\",\"breadcrumb\":{\"@id\":\"https:\/\/xlg-heattransfer.com\/es\/politica-de-privacidad\/#breadcrumb\"},\"inLanguage\":\"es\",\"potentialAction\":[{\"@type\":\"ReadAction\",\"target\":[\"https:\/\/xlg-heattransfer.com\/es\/politica-de-privacidad\/\"]}]},{\"@type\":\"BreadcrumbList\",\"@id\":\"https:\/\/xlg-heattransfer.com\/es\/politica-de-privacidad\/#breadcrumb\",\"itemListElement\":[{\"@type\":\"ListItem\",\"position\":1,\"name\":\"Home\",\"item\":\"https:\/\/xlg-heattransfer.com\/es\/\"},{\"@type\":\"ListItem\",\"position\":2,\"name\":\"Pol\u00edtica de privacidad\"}]},{\"@type\":\"WebSite\",\"@id\":\"https:\/\/xlg-heattransfer.com\/es\/#website\",\"url\":\"https:\/\/xlg-heattransfer.com\/es\/\",\"name\":\"XLG Heat Transfer\",\"description\":\"\",\"publisher\":{\"@id\":\"https:\/\/xlg-heattransfer.com\/es\/#organization\"},\"potentialAction\":[{\"@type\":\"SearchAction\",\"target\":{\"@type\":\"EntryPoint\",\"urlTemplate\":\"https:\/\/xlg-heattransfer.com\/es\/?s={search_term_string}\"},\"query-input\":{\"@type\":\"PropertyValueSpecification\",\"valueRequired\":true,\"valueName\":\"search_term_string\"}}],\"inLanguage\":\"es\"},{\"@type\":\"Organization\",\"@id\":\"https:\/\/xlg-heattransfer.com\/es\/#organization\",\"name\":\"XLG Heat Transfer\",\"url\":\"https:\/\/xlg-heattransfer.com\/es\/\",\"logo\":{\"@type\":\"ImageObject\",\"inLanguage\":\"es\",\"@id\":\"https:\/\/xlg-heattransfer.com\/es\/#\/schema\/logo\/image\/\",\"url\":\"https:\/\/xlg-heattransfer.com\/wp-content\/uploads\/2024\/06\/XLG-logo.png\",\"contentUrl\":\"https:\/\/xlg-heattransfer.com\/wp-content\/uploads\/2024\/06\/XLG-logo.png\",\"width\":945,\"height\":280,\"caption\":\"XLG Heat Transfer\"},\"image\":{\"@id\":\"https:\/\/xlg-heattransfer.com\/es\/#\/schema\/logo\/image\/\"}}]}<\/script>\n<!-- \/ Yoast SEO plugin. -->","yoast_head_json":{"title":"Pol\u00edtica de privacidad | XLG Heat Transfer","description":"Conoce c\u00f3mo XLG Heat Transfer trata y protege tus datos personales y qu\u00e9 derechos puedes ejercer seg\u00fan la normativa vigente.","robots":{"index":"index","follow":"follow","max-snippet":"max-snippet:-1","max-image-preview":"max-image-preview:large","max-video-preview":"max-video-preview:-1"},"canonical":"https:\/\/xlg-heattransfer.com\/es\/politica-de-privacidad\/","og_locale":"es_ES","og_type":"article","og_title":"Pol\u00edtica de privacidad | XLG Heat Transfer","og_description":"Conoce c\u00f3mo XLG Heat Transfer trata y protege tus datos personales y qu\u00e9 derechos puedes ejercer seg\u00fan la normativa vigente.","og_url":"https:\/\/xlg-heattransfer.com\/es\/politica-de-privacidad\/","og_site_name":"XLG Heat Transfer","article_modified_time":"2026-03-11T07:46:32+00:00","twitter_card":"summary_large_image","twitter_misc":{"Tiempo de lectura":"9 minutos"},"schema":{"@context":"https:\/\/schema.org","@graph":[{"@type":"WebPage","@id":"https:\/\/xlg-heattransfer.com\/es\/politica-de-privacidad\/","url":"https:\/\/xlg-heattransfer.com\/es\/politica-de-privacidad\/","name":"Pol\u00edtica de privacidad | XLG Heat Transfer","isPartOf":{"@id":"https:\/\/xlg-heattransfer.com\/es\/#website"},"datePublished":"2022-09-07T05:09:30+00:00","dateModified":"2026-03-11T07:46:32+00:00","description":"Conoce c\u00f3mo XLG Heat Transfer trata y protege tus datos personales y qu\u00e9 derechos puedes ejercer seg\u00fan la normativa vigente.","breadcrumb":{"@id":"https:\/\/xlg-heattransfer.com\/es\/politica-de-privacidad\/#breadcrumb"},"inLanguage":"es","potentialAction":[{"@type":"ReadAction","target":["https:\/\/xlg-heattransfer.com\/es\/politica-de-privacidad\/"]}]},{"@type":"BreadcrumbList","@id":"https:\/\/xlg-heattransfer.com\/es\/politica-de-privacidad\/#breadcrumb","itemListElement":[{"@type":"ListItem","position":1,"name":"Home","item":"https:\/\/xlg-heattransfer.com\/es\/"},{"@type":"ListItem","position":2,"name":"Pol\u00edtica de privacidad"}]},{"@type":"WebSite","@id":"https:\/\/xlg-heattransfer.com\/es\/#website","url":"https:\/\/xlg-heattransfer.com\/es\/","name":"XLG Heat Transfer","description":"","publisher":{"@id":"https:\/\/xlg-heattransfer.com\/es\/#organization"},"potentialAction":[{"@type":"SearchAction","target":{"@type":"EntryPoint","urlTemplate":"https:\/\/xlg-heattransfer.com\/es\/?s={search_term_string}"},"query-input":{"@type":"PropertyValueSpecification","valueRequired":true,"valueName":"search_term_string"}}],"inLanguage":"es"},{"@type":"Organization","@id":"https:\/\/xlg-heattransfer.com\/es\/#organization","name":"XLG Heat Transfer","url":"https:\/\/xlg-heattransfer.com\/es\/","logo":{"@type":"ImageObject","inLanguage":"es","@id":"https:\/\/xlg-heattransfer.com\/es\/#\/schema\/logo\/image\/","url":"https:\/\/xlg-heattransfer.com\/wp-content\/uploads\/2024\/06\/XLG-logo.png","contentUrl":"https:\/\/xlg-heattransfer.com\/wp-content\/uploads\/2024\/06\/XLG-logo.png","width":945,"height":280,"caption":"XLG Heat Transfer"},"image":{"@id":"https:\/\/xlg-heattransfer.com\/es\/#\/schema\/logo\/image\/"}}]}},"_links":{"self":[{"href":"https:\/\/xlg-heattransfer.com\/es\/wp-json\/wp\/v2\/pages\/1017","targetHints":{"allow":["GET"]}}],"collection":[{"href":"https:\/\/xlg-heattransfer.com\/es\/wp-json\/wp\/v2\/pages"}],"about":[{"href":"https:\/\/xlg-heattransfer.com\/es\/wp-json\/wp\/v2\/types\/page"}],"author":[{"embeddable":true,"href":"https:\/\/xlg-heattransfer.com\/es\/wp-json\/wp\/v2\/users\/2"}],"replies":[{"embeddable":true,"href":"https:\/\/xlg-heattransfer.com\/es\/wp-json\/wp\/v2\/comments?post=1017"}],"version-history":[{"count":3,"href":"https:\/\/xlg-heattransfer.com\/es\/wp-json\/wp\/v2\/pages\/1017\/revisions"}],"predecessor-version":[{"id":1025,"href":"https:\/\/xlg-heattransfer.com\/es\/wp-json\/wp\/v2\/pages\/1017\/revisions\/1025"}],"wp:attachment":[{"href":"https:\/\/xlg-heattransfer.com\/es\/wp-json\/wp\/v2\/media?parent=1017"}],"curies":[{"name":"wp","href":"https:\/\/api.w.org\/{rel}","templated":true}]}}